{"id":13262,"date":"2020-03-19T19:40:59","date_gmt":"2020-03-20T00:40:59","guid":{"rendered":"https:\/\/efficiencymb.ca\/business\/energy-efficiency-assessments\/"},"modified":"2025-01-17T15:05:14","modified_gmt":"2025-01-17T21:05:14","slug":"evaluations-de-l-efficacite-energetique","status":"publish","type":"page","link":"https:\/\/efficiencymb.ca\/fr\/business\/evaluations-de-l-efficacite-energetique\/","title":{"rendered":"\u00c9valuations de l\u2019efficacit\u00e9 \u00e9nerg\u00e9tique"},"content":{"rendered":"\n<div class=\"wp-block-group is-style-content\"><div class=\"wp-block-group__inner-container is-layout-flow wp-block-group-is-layout-flow\">\n<p class=\"has-text-align-center has-medium-font-size\">Des \u00e9valuations des installations industrielles, commerciales et agricoles qui vous montrent comment \u00e9conomiser de l\u2019\u00e9nergie (et de l\u2019argent!)<\/p>\n\n\n\n<div style=\"height:30px\" aria-hidden=\"true\" class=\"wp-block-spacer\"><\/div>\n\n\n\n<p>Une \u00e9valuation de l\u2019efficacit\u00e9 \u00e9nerg\u00e9tique est la d\u00e9cision d\u2019affaires la plus facile \u00e0 prendre. Si votre installation est fortement impliqu\u00e9e dans la transformation et utilise plus de 500 000 kWh d\u2019\u00e9nergie \u00e9lectrique par an, vous pourriez b\u00e9n\u00e9ficier de ce service qui ne co\u00fbte rien et qui peut vous faire \u00e9conomiser beaucoup!<\/p>\n\n\n\n<div style=\"height:50px\" aria-hidden=\"true\" class=\"wp-block-spacer\"><\/div>\n\n\n\n<h2 class=\"wp-block-heading has-text-align-center is-style-hero-heading\"><strong><strong>COMPRENDRE ET AM\u00c9LIORER VOTRE CONSOMMATION D\u2019\u00c9NERGIE<\/strong><\/strong><\/h2>\n\n\n\n<p>En effectuant une \u00e9valuation, nous d\u00e9finirons ensemble clairement comment am\u00e9liorer l\u2019efficacit\u00e9 \u00e9nerg\u00e9tique de votre entreprise tout en r\u00e9duisant vos factures mensuelles. Nous d\u00e9terminerons les programmes et les mesures incitatives qui sont \u00e0 votre disposition et qui offrent le plus de valeur \u00e0 votre entreprise.<\/p>\n\n\n\n<ul class=\"wp-block-list is-style-normal\">\n<li>Analyse de vos habitudes actuelles de consommation d\u2019\u00e9nergie<\/li>\n\n\n\n<li>Visite de vos installations et identification des principales sources d\u2019inefficacit\u00e9 \u00e9nerg\u00e9tique<\/li>\n\n\n\n<li>Ventilation de votre consommation d\u2019\u00e9nergie actuelle<\/li>\n\n\n\n<li>Identification des \u00e9conomies d\u2019\u00e9nergie et des mesures incitatives pertinentes qui sont \u00e0 votre disposition<\/li>\n<\/ul>\n<\/div><\/div>\n\n\n<div class=\"theme-button wp-block-button aligncenter\">\r\n\t<a  class=\"wp-block-button__link has-background no-border-radius button cta button-large\" href=\"https:\/\/eea.visiondsm.com\/\"><strong>COMMENCEZ<\/strong><br>VOTRE \u00c9VALUATION MAINTENANT<\/a>\r\n<\/div>\n\n\n<p class=\"has-text-align-center\"><em>(en anglais)<\/em><\/p>\n\n\n\n<div style=\"height:100px\" aria-hidden=\"true\" class=\"wp-block-spacer\"><\/div>\n\n\n\n<figure class=\"wp-block-image size-full slant\"><img loading=\"lazy\" decoding=\"async\" width=\"2000\" height=\"400\" src=\"https:\/\/efficiencymb.ca\/wp-content\/uploads\/bg-two-tone-green@2x.png\" alt=\"\" class=\"wp-image-592\" srcset=\"https:\/\/efficiencymb.ca\/wp-content\/uploads\/bg-two-tone-green@2x.png 2000w, https:\/\/efficiencymb.ca\/wp-content\/uploads\/bg-two-tone-green@2x-479x96.png 479w, https:\/\/efficiencymb.ca\/wp-content\/uploads\/bg-two-tone-green@2x-1024x205.png 1024w, https:\/\/efficiencymb.ca\/wp-content\/uploads\/bg-two-tone-green@2x-768x154.png 768w, https:\/\/efficiencymb.ca\/wp-content\/uploads\/bg-two-tone-green@2x-1536x307.png 1536w\" sizes=\"auto, (max-width: 2000px) 100vw, 2000px\" \/><\/figure>\n\n\n\n<div class=\"wp-block-group has-background\" style=\"background-color:#f4f3f3\"><div class=\"wp-block-group__inner-container is-layout-flow wp-block-group-is-layout-flow\">\n<h2 class=\"wp-block-heading has-text-align-center is-style-hero-heading\"><strong><strong>PARTICIPER EST SIMPLE!<\/strong><\/strong><\/h2>\n\n\n\n<ol class=\"iconic-list large\">\n<li>\n<h3><strong>R\u00c9PONDEZ<\/strong> \u00c0 QUELQUES QUESTIONS<\/h3>\n<p>Remplissez <a href=\"https:\/\/efficiencymb.ca\/fr\/?page_id=13264\" data-wplink-edit=\"true\">votre questionnaire d\u2019\u00e9valuation de l\u2019efficacit\u00e9 \u00e9nerg\u00e9tique en ligne<\/a> (en anglais) afin que nous puissions en apprendre davantage sur vos installations.<\/p>\n<\/li>\n<li>\n<h3><strong>PLANIFIEZ<\/strong> LA VISITE SUR PLACE<\/h3>\n<p>Nous allons passer en revue votre questionnaire et vous contacterons pour vous poser nos questions. Si vos installations remplissent les conditions requises, nous planifierons une visite et une \u00e9valuation en personne.<\/p>\n<\/li>\n<li>\n<h3><strong>TIREZ PROFIT<\/strong> DES AVANTAGES<\/h3>\n<p>Apr\u00e8s la visite sur place, nous vous orienterons vers les programmes et les mesures incitatives qui nous semblent les mieux adapt\u00e9s \u00e0 vos installations. Nous vous donnerons tous les renseignements dont vous avez besoin pour commencer \u00e0 remplir votre demande et \u00e0 \u00e9conomiser!<\/p>\n<\/li>\n<\/ol>\n\n\n<div class=\"theme-button wp-block-button aligncenter\">\r\n\t<a  class=\"wp-block-button__link has-background no-border-radius button cta button-large\" href=\"https:\/\/eea.visiondsm.com\/programapplication\/?ft=FED74F3D65604B9799AE00192231EEA2\"><strong>REMPLISSEZ<\/strong><br>L\u2019\u00c9VALUATION EN LIGNE<\/a>\r\n<\/div>\n\n\n<p class=\"has-text-align-center\"><em>(en anglais)<\/em><\/p>\n\n\n\n<div style=\"height:100px\" aria-hidden=\"true\" class=\"wp-block-spacer\"><\/div>\n<\/div><\/div>\n","protected":false},"excerpt":{"rendered":"<p>Des \u00e9valuations des installations industrielles, commerciales et agricoles qui vous montrent comment \u00e9conomiser de l\u2019\u00e9nergie (et de l\u2019argent!) Une \u00e9valuation de l\u2019efficacit\u00e9 \u00e9nerg\u00e9tique est la d\u00e9cision d\u2019affaires la plus facile \u00e0 prendre. Si votre installation est fortement impliqu\u00e9e dans la transformation et utilise plus de 500 000 kWh d\u2019\u00e9nergie \u00e9lectrique par an, vous pourriez b\u00e9n\u00e9ficiercontinue-reading<\/p>\n","protected":false},"author":10,"featured_media":2273,"parent":13103,"menu_order":0,"comment_status":"closed","ping_status":"closed","template":"","meta":{"_acf_changed":false,"footnotes":""},"class_list":["post-13262","page","type-page","status-publish","has-post-thumbnail","hentry","page_cat-programs"],"acf":[],"yoast_head":"<!-- This site is optimized with the Yoast SEO plugin v27.3 - https:\/\/yoast.com\/product\/yoast-seo-wordpress\/ -->\n<title>\u00c9valuations de l\u2019efficacit\u00e9 \u00e9nerg\u00e9tique &#8212; Efficiency Manitoba<\/title>\n<meta name=\"robots\" content=\"index, follow, max-snippet:-1, max-image-preview:large, max-video-preview:-1\" \/>\n<link rel=\"canonical\" href=\"https:\/\/efficiencymb.ca\/fr\/business\/evaluations-de-l-efficacite-energetique\/\" \/>\n<meta property=\"og:locale\" content=\"fr_FR\" \/>\n<meta property=\"og:type\" content=\"article\" \/>\n<meta property=\"og:title\" content=\"\u00c9valuations de l\u2019efficacit\u00e9 \u00e9nerg\u00e9tique &#8212; Efficiency Manitoba\" \/>\n<meta property=\"og:description\" content=\"Des \u00e9valuations des installations industrielles, commerciales et agricoles qui vous montrent comment \u00e9conomiser de l\u2019\u00e9nergie (et de l\u2019argent!) Une \u00e9valuation de l\u2019efficacit\u00e9 \u00e9nerg\u00e9tique est la d\u00e9cision d\u2019affaires la plus facile \u00e0 prendre. Si votre installation est fortement impliqu\u00e9e dans la transformation et utilise plus de 500 000 kWh d\u2019\u00e9nergie \u00e9lectrique par an, vous pourriez b\u00e9n\u00e9ficiercontinue-reading\" \/>\n<meta property=\"og:url\" content=\"https:\/\/efficiencymb.ca\/fr\/business\/evaluations-de-l-efficacite-energetique\/\" \/>\n<meta property=\"og:site_name\" content=\"Efficiency Manitoba\" \/>\n<meta property=\"article:modified_time\" content=\"2025-01-17T21:05:14+00:00\" \/>\n<meta property=\"og:image\" content=\"https:\/\/efficiencymb.ca\/wp-content\/uploads\/energy-efficiency-assessments-banner_v2.jpg\" \/>\n\t<meta property=\"og:image:width\" content=\"2400\" \/>\n\t<meta property=\"og:image:height\" content=\"1350\" \/>\n\t<meta property=\"og:image:type\" content=\"image\/jpeg\" \/>\n<meta name=\"twitter:card\" content=\"summary_large_image\" \/>\n<meta name=\"twitter:label1\" content=\"Dur\u00e9e de lecture estim\u00e9e\" \/>\n\t<meta name=\"twitter:data1\" content=\"2 minutes\" \/>\n<script type=\"application\/ld+json\" class=\"yoast-schema-graph\">{\"@context\":\"https:\\\/\\\/schema.org\",\"@graph\":[{\"@type\":\"WebPage\",\"@id\":\"https:\\\/\\\/efficiencymb.ca\\\/fr\\\/business\\\/evaluations-de-l-efficacite-energetique\\\/\",\"url\":\"https:\\\/\\\/efficiencymb.ca\\\/fr\\\/business\\\/evaluations-de-l-efficacite-energetique\\\/\",\"name\":\"\u00c9valuations de l\u2019efficacit\u00e9 \u00e9nerg\u00e9tique &#8212; Efficiency Manitoba\",\"isPartOf\":{\"@id\":\"https:\\\/\\\/efficiencymb.ca\\\/#website\"},\"primaryImageOfPage\":{\"@id\":\"https:\\\/\\\/efficiencymb.ca\\\/fr\\\/business\\\/evaluations-de-l-efficacite-energetique\\\/#primaryimage\"},\"image\":{\"@id\":\"https:\\\/\\\/efficiencymb.ca\\\/fr\\\/business\\\/evaluations-de-l-efficacite-energetique\\\/#primaryimage\"},\"thumbnailUrl\":\"https:\\\/\\\/efficiencymb.ca\\\/wp-content\\\/uploads\\\/energy-efficiency-assessments-banner_v2.jpg\",\"datePublished\":\"2020-03-20T00:40:59+00:00\",\"dateModified\":\"2025-01-17T21:05:14+00:00\",\"breadcrumb\":{\"@id\":\"https:\\\/\\\/efficiencymb.ca\\\/fr\\\/business\\\/evaluations-de-l-efficacite-energetique\\\/#breadcrumb\"},\"inLanguage\":\"fr-FR\",\"potentialAction\":[{\"@type\":\"ReadAction\",\"target\":[\"https:\\\/\\\/efficiencymb.ca\\\/fr\\\/business\\\/evaluations-de-l-efficacite-energetique\\\/\"]}]},{\"@type\":\"ImageObject\",\"inLanguage\":\"fr-FR\",\"@id\":\"https:\\\/\\\/efficiencymb.ca\\\/fr\\\/business\\\/evaluations-de-l-efficacite-energetique\\\/#primaryimage\",\"url\":\"https:\\\/\\\/efficiencymb.ca\\\/wp-content\\\/uploads\\\/energy-efficiency-assessments-banner_v2.jpg\",\"contentUrl\":\"https:\\\/\\\/efficiencymb.ca\\\/wp-content\\\/uploads\\\/energy-efficiency-assessments-banner_v2.jpg\",\"width\":2400,\"height\":1350,\"caption\":\"Deux personnes consultant une tablette\"},{\"@type\":\"BreadcrumbList\",\"@id\":\"https:\\\/\\\/efficiencymb.ca\\\/fr\\\/business\\\/evaluations-de-l-efficacite-energetique\\\/#breadcrumb\",\"itemListElement\":[{\"@type\":\"ListItem\",\"position\":1,\"name\":\"Home\",\"item\":\"https:\\\/\\\/efficiencymb.ca\\\/fr\\\/\"},{\"@type\":\"ListItem\",\"position\":2,\"name\":\"MON ENTREPRISE\",\"item\":\"https:\\\/\\\/efficiencymb.ca\\\/fr\\\/business\\\/\"},{\"@type\":\"ListItem\",\"position\":3,\"name\":\"\u00c9valuations de l\u2019efficacit\u00e9 \u00e9nerg\u00e9tique\"}]},{\"@type\":\"WebSite\",\"@id\":\"https:\\\/\\\/efficiencymb.ca\\\/#website\",\"url\":\"https:\\\/\\\/efficiencymb.ca\\\/\",\"name\":\"Efficiency Manitoba\",\"description\":\"\",\"publisher\":{\"@id\":\"https:\\\/\\\/efficiencymb.ca\\\/#organization\"},\"potentialAction\":[{\"@type\":\"SearchAction\",\"target\":{\"@type\":\"EntryPoint\",\"urlTemplate\":\"https:\\\/\\\/efficiencymb.ca\\\/?s={search_term_string}\"},\"query-input\":{\"@type\":\"PropertyValueSpecification\",\"valueRequired\":true,\"valueName\":\"search_term_string\"}}],\"inLanguage\":\"fr-FR\"},{\"@type\":\"Organization\",\"@id\":\"https:\\\/\\\/efficiencymb.ca\\\/#organization\",\"name\":\"Efficiency Manitoba\",\"url\":\"https:\\\/\\\/efficiencymb.ca\\\/\",\"logo\":{\"@type\":\"ImageObject\",\"inLanguage\":\"fr-FR\",\"@id\":\"https:\\\/\\\/efficiencymb.ca\\\/#\\\/schema\\\/logo\\\/image\\\/\",\"url\":\"https:\\\/\\\/efficiencymb.ca\\\/wp-content\\\/uploads\\\/em-logo-white-en.png\",\"contentUrl\":\"https:\\\/\\\/efficiencymb.ca\\\/wp-content\\\/uploads\\\/em-logo-white-en.png\",\"width\":388,\"height\":91,\"caption\":\"Efficiency Manitoba\"},\"image\":{\"@id\":\"https:\\\/\\\/efficiencymb.ca\\\/#\\\/schema\\\/logo\\\/image\\\/\"}}]}<\/script>\n<!-- \/ Yoast SEO plugin. -->","yoast_head_json":{"title":"\u00c9valuations de l\u2019efficacit\u00e9 \u00e9nerg\u00e9tique &#8212; Efficiency Manitoba","robots":{"index":"index","follow":"follow","max-snippet":"max-snippet:-1","max-image-preview":"max-image-preview:large","max-video-preview":"max-video-preview:-1"},"canonical":"https:\/\/efficiencymb.ca\/fr\/business\/evaluations-de-l-efficacite-energetique\/","og_locale":"fr_FR","og_type":"article","og_title":"\u00c9valuations de l\u2019efficacit\u00e9 \u00e9nerg\u00e9tique &#8212; Efficiency Manitoba","og_description":"Des \u00e9valuations des installations industrielles, commerciales et agricoles qui vous montrent comment \u00e9conomiser de l\u2019\u00e9nergie (et de l\u2019argent!) Une \u00e9valuation de l\u2019efficacit\u00e9 \u00e9nerg\u00e9tique est la d\u00e9cision d\u2019affaires la plus facile \u00e0 prendre. Si votre installation est fortement impliqu\u00e9e dans la transformation et utilise plus de 500 000 kWh d\u2019\u00e9nergie \u00e9lectrique par an, vous pourriez b\u00e9n\u00e9ficiercontinue-reading","og_url":"https:\/\/efficiencymb.ca\/fr\/business\/evaluations-de-l-efficacite-energetique\/","og_site_name":"Efficiency Manitoba","article_modified_time":"2025-01-17T21:05:14+00:00","og_image":[{"width":2400,"height":1350,"url":"https:\/\/efficiencymb.ca\/wp-content\/uploads\/energy-efficiency-assessments-banner_v2.jpg","type":"image\/jpeg"}],"twitter_card":"summary_large_image","twitter_misc":{"Dur\u00e9e de lecture estim\u00e9e":"2 minutes"},"schema":{"@context":"https:\/\/schema.org","@graph":[{"@type":"WebPage","@id":"https:\/\/efficiencymb.ca\/fr\/business\/evaluations-de-l-efficacite-energetique\/","url":"https:\/\/efficiencymb.ca\/fr\/business\/evaluations-de-l-efficacite-energetique\/","name":"\u00c9valuations de l\u2019efficacit\u00e9 \u00e9nerg\u00e9tique &#8212; Efficiency Manitoba","isPartOf":{"@id":"https:\/\/efficiencymb.ca\/#website"},"primaryImageOfPage":{"@id":"https:\/\/efficiencymb.ca\/fr\/business\/evaluations-de-l-efficacite-energetique\/#primaryimage"},"image":{"@id":"https:\/\/efficiencymb.ca\/fr\/business\/evaluations-de-l-efficacite-energetique\/#primaryimage"},"thumbnailUrl":"https:\/\/efficiencymb.ca\/wp-content\/uploads\/energy-efficiency-assessments-banner_v2.jpg","datePublished":"2020-03-20T00:40:59+00:00","dateModified":"2025-01-17T21:05:14+00:00","breadcrumb":{"@id":"https:\/\/efficiencymb.ca\/fr\/business\/evaluations-de-l-efficacite-energetique\/#breadcrumb"},"inLanguage":"fr-FR","potentialAction":[{"@type":"ReadAction","target":["https:\/\/efficiencymb.ca\/fr\/business\/evaluations-de-l-efficacite-energetique\/"]}]},{"@type":"ImageObject","inLanguage":"fr-FR","@id":"https:\/\/efficiencymb.ca\/fr\/business\/evaluations-de-l-efficacite-energetique\/#primaryimage","url":"https:\/\/efficiencymb.ca\/wp-content\/uploads\/energy-efficiency-assessments-banner_v2.jpg","contentUrl":"https:\/\/efficiencymb.ca\/wp-content\/uploads\/energy-efficiency-assessments-banner_v2.jpg","width":2400,"height":1350,"caption":"Deux personnes consultant une tablette"},{"@type":"BreadcrumbList","@id":"https:\/\/efficiencymb.ca\/fr\/business\/evaluations-de-l-efficacite-energetique\/#breadcrumb","itemListElement":[{"@type":"ListItem","position":1,"name":"Home","item":"https:\/\/efficiencymb.ca\/fr\/"},{"@type":"ListItem","position":2,"name":"MON ENTREPRISE","item":"https:\/\/efficiencymb.ca\/fr\/business\/"},{"@type":"ListItem","position":3,"name":"\u00c9valuations de l\u2019efficacit\u00e9 \u00e9nerg\u00e9tique"}]},{"@type":"WebSite","@id":"https:\/\/efficiencymb.ca\/#website","url":"https:\/\/efficiencymb.ca\/","name":"Efficiency Manitoba","description":"","publisher":{"@id":"https:\/\/efficiencymb.ca\/#organization"},"potentialAction":[{"@type":"SearchAction","target":{"@type":"EntryPoint","urlTemplate":"https:\/\/efficiencymb.ca\/?s={search_term_string}"},"query-input":{"@type":"PropertyValueSpecification","valueRequired":true,"valueName":"search_term_string"}}],"inLanguage":"fr-FR"},{"@type":"Organization","@id":"https:\/\/efficiencymb.ca\/#organization","name":"Efficiency Manitoba","url":"https:\/\/efficiencymb.ca\/","logo":{"@type":"ImageObject","inLanguage":"fr-FR","@id":"https:\/\/efficiencymb.ca\/#\/schema\/logo\/image\/","url":"https:\/\/efficiencymb.ca\/wp-content\/uploads\/em-logo-white-en.png","contentUrl":"https:\/\/efficiencymb.ca\/wp-content\/uploads\/em-logo-white-en.png","width":388,"height":91,"caption":"Efficiency Manitoba"},"image":{"@id":"https:\/\/efficiencymb.ca\/#\/schema\/logo\/image\/"}}]}},"_links":{"self":[{"href":"https:\/\/efficiencymb.ca\/fr\/wp-json\/wp\/v2\/pages\/13262","targetHints":{"allow":["GET"]}}],"collection":[{"href":"https:\/\/efficiencymb.ca\/fr\/wp-json\/wp\/v2\/pages"}],"about":[{"href":"https:\/\/efficiencymb.ca\/fr\/wp-json\/wp\/v2\/types\/page"}],"author":[{"embeddable":true,"href":"https:\/\/efficiencymb.ca\/fr\/wp-json\/wp\/v2\/users\/10"}],"replies":[{"embeddable":true,"href":"https:\/\/efficiencymb.ca\/fr\/wp-json\/wp\/v2\/comments?post=13262"}],"version-history":[{"count":30,"href":"https:\/\/efficiencymb.ca\/fr\/wp-json\/wp\/v2\/pages\/13262\/revisions"}],"predecessor-version":[{"id":72355,"href":"https:\/\/efficiencymb.ca\/fr\/wp-json\/wp\/v2\/pages\/13262\/revisions\/72355"}],"up":[{"embeddable":true,"href":"https:\/\/efficiencymb.ca\/fr\/wp-json\/wp\/v2\/pages\/13103"}],"wp:featuredmedia":[{"embeddable":true,"href":"https:\/\/efficiencymb.ca\/fr\/wp-json\/wp\/v2\/media\/2273"}],"wp:attachment":[{"href":"https:\/\/efficiencymb.ca\/fr\/wp-json\/wp\/v2\/media?parent=13262"}],"curies":[{"name":"wp","href":"https:\/\/api.w.org\/{rel}","templated":true}]}}