{"id":13258,"date":"2020-04-21T19:33:25","date_gmt":"2020-04-22T00:33:25","guid":{"rendered":"https:\/\/efficiencymb.ca\/business\/custom-solutions\/"},"modified":"2026-03-23T16:29:07","modified_gmt":"2026-03-23T21:29:07","slug":"custom-solutions","status":"publish","type":"page","link":"https:\/\/efficiencymb.ca\/fr\/business\/custom-solutions\/","title":{"rendered":"Solutions \u00e9nerg\u00e9tiques sur mesure"},"content":{"rendered":"\n<div class=\"wp-block-group is-style-content-wide\"><div class=\"wp-block-group__inner-container is-layout-flow wp-block-group-is-layout-flow\">\n<h2 class=\"wp-block-heading has-text-align-center is-style-hero-heading-grey\">DES \u00c9CONOMIES D\u2019\u00c9NERGIE CON\u00c7UES POUR VOTRE INSTALLATION<\/h2>\n\n\n\n<p class=\"has-text-align-center has-medium-font-size\">Si vous souhaitez am\u00e9liorer l\u2019efficacit\u00e9 \u00e9nerg\u00e9tique de votre installation industrielle, commerciale ou agricole, nous sommes l\u00e0 pour vous aider. Notre Programme de solutions \u00e9nerg\u00e9tiques sur mesure offre des mesures incitatives ax\u00e9es sur le rendement lorsque vous apportez des am\u00e9liorations \u00e0 votre installation qui permettent d\u2019\u00e9conomiser de l\u2019\u00e9lectricit\u00e9 et\/ou du gaz naturel. Nous pouvons vous aider \u00e0 optimiser vos besoins \u00e9nerg\u00e9tiques, \u00e0 r\u00e9duire vos co\u00fbts d\u2019exploitation, \u00e0 am\u00e9liorer votre productivit\u00e9 et \u00e0 r\u00e9duire votre impact environnemental.<\/p>\n\n\n\n<h3 class=\"wp-block-heading has-text-align-center\">Nouvelles mesures incitatives bonifi\u00e9es pour les projets \u00e9lectriques!<\/h3>\n\n\n\n<p class=\"has-text-align-center has-medium-font-size\">\u00c0 compter du 1<sup>er<\/sup> avril 2025, la mesure incitative pour les nouveaux projets \u00e9co\u00e9nerg\u00e9tiques passera de 0,15 $\/kWh \u00e0 0,25 $\/kWh*.<\/p>\n\n\n\n<figure class=\"wp-block-flexible-table-block-table\"><table class=\"has-fixed-layout\"><tbody><tr><td colspan=\"2\" style=\"color:#ffffff;background-color:#81c241;text-align:center;font-size:25px;line-height:2\"><strong>MESURES INCITATIVES*<\/strong><\/td><\/tr><tr><td style=\"text-align:center;line-height:1.5\"><strong>\u00c9lectricit\u00e9<br>0,25 $\/kWh<\/strong><\/td><td style=\"text-align:center;line-height:1.5\"><strong>Gaz naturel<br>0,30 $\/m<sup>3<\/sup><\/strong><\/td><\/tr><tr><td style=\"border-color:#ffffff;line-height:1.5;font-size:12px\">*Les mesures incitatives financi\u00e8res ax\u00e9es sur le rendement sont calcul\u00e9es \u00e0 partir de l\u2019\u00e9nergie \u00e9conomis\u00e9e annuellement.<\/td><td style=\"border-color:#ffffff\"><\/td><\/tr><\/tbody><\/table><\/figure>\n\n\n\n<div style=\"height:15px\" aria-hidden=\"true\" class=\"wp-block-spacer\"><\/div>\n<\/div><\/div>\n\n\n\n<div class=\"wp-block-group is-style-content-wide\"><div class=\"wp-block-group__inner-container is-layout-flow wp-block-group-is-layout-flow\">\n<p class=\"has-text-align-center has-medium-font-size\">Nous disposons de l\u2019expertise n\u00e9cessaire pour vous aider \u00e0 \u00e9tudier et \u00e0 d\u00e9terminer les possibilit\u00e9s d\u2019\u00e9conomie d\u2019\u00e9nergie, ainsi que des mesures incitatives financi\u00e8res pour vous aider \u00e0 mettre en \u0153uvre votre projet. Ce programme est id\u00e9al pour les installations de traitement qui d\u00e9pendent de technologies d\u2019utilisation finale&nbsp;:<\/p>\n\n\n\n<div class=\"wp-block-columns is-layout-flex wp-container-core-columns-is-layout-9d6595d7 wp-block-columns-is-layout-flex\">\n<div class=\"wp-block-column is-layout-flow wp-block-column-is-layout-flow\">\n<ul class=\"wp-block-list is-style-small\">\n<li class=\"has-medium-font-size\">Air comprim\u00e9<\/li>\n\n\n\n<li class=\"has-medium-font-size\">Pompes, ventilateurs et soufflantes<\/li>\n\n\n\n<li class=\"has-medium-font-size\">R\u00e9frig\u00e9ration<\/li>\n\n\n\n<li class=\"has-medium-font-size\">Variateurs de vitesse<\/li>\n<\/ul>\n<\/div>\n\n\n\n<div class=\"wp-block-column is-layout-flow wp-block-column-is-layout-flow\">\n<ul class=\"wp-block-list is-style-small\">\n<li class=\"has-medium-font-size\">Syst\u00e8mes de chaudi\u00e8res \u00e0 vapeur et \u00e0 eau<\/li>\n\n\n\n<li class=\"has-medium-font-size\">Ventilation<\/li>\n\n\n\n<li class=\"has-medium-font-size\">R\u00e9cup\u00e9ration de la chaleur r\u00e9siduelle<\/li>\n\n\n\n<li class=\"has-medium-font-size\">Autres \u00e9quipements de traitement<\/li>\n<\/ul>\n<\/div>\n<\/div>\n<\/div><\/div>\n\n\n\n<div class=\"wp-block-group is-style-content-wide\"><div class=\"wp-block-group__inner-container is-layout-constrained wp-block-group-is-layout-constrained\">\n<h2 class=\"wp-block-heading has-text-align-center\"><strong>MESURES INCITATIVES AX\u00c9ES SUR LE RENDEMENT<\/strong><\/h2>\n\n\n\n<p class=\"has-text-align-center has-medium-font-size\">Nous offrons des mesures incitatives financi\u00e8res et un soutien technique dans le cadre de notre Programme de solutions \u00e9nerg\u00e9tiques sur mesure. Nous adoptons une approche syst\u00e9mique pour optimiser vos besoins en \u00e9nergie.<\/p>\n\n\n\n<ul class=\"wp-block-list is-style-medium\">\n<li class=\"has-medium-font-size\">Des mesures incitatives financi\u00e8res ax\u00e9es sur le rendement de 0,25* $\/kWh et 0,30\u00a0$\/m<sup>3<\/sup> d\u2019\u00e9nergie \u00e9conomis\u00e9e annuellement sont disponibles. Plus vous \u00e9conomisez d\u2019\u00e9nergie, plus la mesure incitative sera \u00e9lev\u00e9e.<\/li>\n\n\n\n<li class=\"has-medium-font-size\">Les mesures incitatives financi\u00e8res peuvent repr\u00e9senter jusqu\u2019\u00e0 50&nbsp;% du co\u00fbt diff\u00e9rentiel ou du montant n\u00e9cessaire pour obtenir un retour sur investissement sur un an.<\/li>\n\n\n\n<li class=\"has-medium-font-size\">Tous les projets qui permettent d\u2019\u00e9conomiser de l\u2019\u00e9nergie ou du gaz naturel seront pris en consid\u00e9ration. Les projets doivent porter sur les syst\u00e8mes d\u2019utilisation finale comme l\u2019air comprim\u00e9, les pompes et les ventilateurs, la r\u00e9frig\u00e9ration industrielle, le chauffage des proc\u00e9d\u00e9s et la gestion de l\u2019\u00e9nergie \u00e0 l\u2019\u00e9chelle de l\u2019usine.<\/li>\n\n\n\n<li class=\"has-medium-font-size\">Les projets d\u2019efficacit\u00e9 \u00e9nerg\u00e9tique doivent permettre de r\u00e9duire la consommation d\u2019\u00e9nergie et d\u2019am\u00e9liorer le rendement du syst\u00e8me.<\/li>\n\n\n\n<li class=\"has-medium-font-size\">Les projets d\u2019efficacit\u00e9 \u00e9nerg\u00e9tique pour les r\u00e9novations, les nouvelles installations et les agrandissements sont admissibles.<\/li>\n<\/ul>\n\n\n\n<p class=\"has-text-align-center has-small-font-size\">*La mesure incitative bonifi\u00e9e de 0,25&nbsp;$\/kWh s\u2019applique aux demandes pour un nouveau projet qui nous sont soumises pour pr\u00e9approbation \u00e0 compter du 1<sup>er<\/sup>&nbsp;avril 2025.<\/p>\n<\/div><\/div>\n\n\n<div class=\"theme-button wp-block-button aligncenter\">\r\n\t<a  class=\"wp-block-button__link has-background no-border-radius button cta button-large\" href=\"https:\/\/efficiencymb.ca\/fr\/business\/custom-solutions\/apply\/\"><strong>CONTACTEZ-NOUS<\/strong><br>POUR COMMENCER \u00c0 \u00c9CONOMISER<\/a>\r\n<\/div>\n\n\n<figure class=\"wp-block-image size-full slant\"><img loading=\"lazy\" decoding=\"async\" width=\"2000\" height=\"400\" src=\"https:\/\/efficiencymb.ca\/wp-content\/uploads\/bg-two-tone-green@2x.png\" alt=\"\" class=\"wp-image-592\" srcset=\"https:\/\/efficiencymb.ca\/wp-content\/uploads\/bg-two-tone-green@2x.png 2000w, https:\/\/efficiencymb.ca\/wp-content\/uploads\/bg-two-tone-green@2x-479x96.png 479w, https:\/\/efficiencymb.ca\/wp-content\/uploads\/bg-two-tone-green@2x-1024x205.png 1024w, https:\/\/efficiencymb.ca\/wp-content\/uploads\/bg-two-tone-green@2x-768x154.png 768w, https:\/\/efficiencymb.ca\/wp-content\/uploads\/bg-two-tone-green@2x-1536x307.png 1536w\" sizes=\"auto, (max-width: 2000px) 100vw, 2000px\" \/><\/figure>\n\n\n\n<div class=\"wp-block-group has-background\" style=\"background-color:#f4f3f3\"><div class=\"wp-block-group__inner-container is-layout-flow wp-block-group-is-layout-flow\">\n<div class=\"wp-block-group is-style-content-columns\"><div class=\"wp-block-group__inner-container is-layout-flow wp-block-group-is-layout-flow\">\n<h2 class=\"wp-block-heading has-text-align-center is-style-hero-heading-grey\">TRAVAILLONS ENSEMBLE!<\/h2>\n\n\n\n<h3 class=\"wp-block-heading has-text-align-center is-style-hero-heading-grey nobar\">VOTRE INSTALLATION, NOS RESSOURCES<\/h3>\n<\/div><\/div>\n\n\n\n<ol class=\"iconic-list large\">\n<li>\n<h3><strong>PLANIFIEZ <\/strong>VOTRE PROJET<\/h3>\n<p>Contactez-nous et d\u00e9crivez-nous le projet d\u2019\u00e9conomie d\u2019\u00e9nergie que vous avez en t\u00eate. Nous l\u2019examinerons et notre personnel technique vous donnera son avis sur son admissibilit\u00e9. Si vous ne savez pas par o\u00f9 commencer, nous avons des services qui peuvent vous aider \u00e0 trouver des options de projets d\u2019\u00e9conomie d\u2019\u00e9nergie.<\/p>\n<\/li>\n<li>\n<h3><strong>REMPLISSEZ <\/strong>VOTRE DEMANDE<\/h3>\n<p>Nous travaillerons avec vous pour remplir une demande de mesure incitative dans le cadre de notre Programme de solutions \u00e9nerg\u00e9tiques sur mesure, qui comprendra une estimation des \u00e9conomies d\u2019\u00e9nergie et des montants de la mesure incitative.<\/p>\n<\/li>\n<li>\n<h3><strong>COMMENCEZE<\/strong><\/h3>\n<p>Une fois que vous savez ce que vous voulez faire, contactez-nous. Nous vous aiderons \u00e0 remplir une demande d\u2019aide financi\u00e8re fond\u00e9e sur le rendement dans le cadre de notre Programme de solutions \u00e9nerg\u00e9tiques sur mesure ou \u00e0 demander une aide financi\u00e8re pour une \u00e9tude de faisabilit\u00e9.<\/p>\n<\/li>\n<li>\n<h3><strong>SOUMETTEZ <\/strong>VOS DOCUMENTS POUR PAIEMENT<\/h3>\n<p><span style=\"font-size: revert; color: initial;\">Lorsque votre projet est achev\u00e9, faites-le-nous savoir et nous vous aiderons \u00e0 mesurer et \u00e0 v\u00e9rifier les \u00e9conomies d\u2019\u00e9nergie que vous avez r\u00e9alis\u00e9es. Une fois cette v\u00e9rification effectu\u00e9e, nous vous enverrons le montant auquel vous avez droit et le rapport de v\u00e9rification de projet.<\/span><\/p>\n<\/li>\n<\/ol>\n\n\n<div class=\"theme-button wp-block-button aligncenter\">\r\n\t<a  class=\"wp-block-button__link has-background no-border-radius button cta button-large\" href=\"https:\/\/efficiencymb.ca\/fr\/business\/custom-solutions\/apply\/\"><strong>CONTACTEZ-NOUS<\/strong><br>POUR COMMENCER \u00c0 \u00c9CONOMISER<\/a>\r\n<\/div><\/div><\/div>\n","protected":false},"excerpt":{"rendered":"<p>DES \u00c9CONOMIES D\u2019\u00c9NERGIE CON\u00c7UES POUR VOTRE INSTALLATION Si vous souhaitez am\u00e9liorer l\u2019efficacit\u00e9 \u00e9nerg\u00e9tique de votre installation industrielle, commerciale ou agricole, nous sommes l\u00e0 pour vous aider. Notre Programme de solutions \u00e9nerg\u00e9tiques sur mesure offre des mesures incitatives ax\u00e9es sur le rendement lorsque vous apportez des am\u00e9liorations \u00e0 votre installation qui permettent d\u2019\u00e9conomiser de l\u2019\u00e9lectricit\u00e9 et\/oucontinue-reading<\/p>\n","protected":false},"author":10,"featured_media":2000,"parent":13103,"menu_order":0,"comment_status":"closed","ping_status":"closed","template":"","meta":{"_acf_changed":false,"footnotes":""},"class_list":["post-13258","page","type-page","status-publish","has-post-thumbnail","hentry","page_cat-programs"],"acf":[],"yoast_head":"<!-- This site is optimized with the Yoast SEO plugin v27.3 - https:\/\/yoast.com\/product\/yoast-seo-wordpress\/ -->\n<title>Solutions \u00e9nerg\u00e9tiques sur mesure &#8212; Efficiency Manitoba<\/title>\n<meta name=\"description\" content=\"Si vous souhaitez rendre votre installation industrielle, commerciale ou agricole plus \u00e9co\u00e9nerg\u00e9tique, nous sommes l\u00e0 pour vous aider. Nous disposons de l\u2019exp\u00e9rience n\u00e9cessaire pour vous aider \u00e0 cerner les inefficacit\u00e9s et \u00e0 d\u00e9terminer les incitatifs financiers dont vous avez besoin pour l\u2019\u00e9tude et la mise en \u0153uvre de votre projet. Nous offrons des incitatifs personnalis\u00e9s propres \u00e0 votre projet.\" \/>\n<meta name=\"robots\" content=\"index, follow, max-snippet:-1, max-image-preview:large, max-video-preview:-1\" \/>\n<link rel=\"canonical\" href=\"https:\/\/efficiencymb.ca\/fr\/business\/custom-solutions\/\" \/>\n<meta property=\"og:locale\" content=\"fr_FR\" \/>\n<meta property=\"og:type\" content=\"article\" \/>\n<meta property=\"og:title\" content=\"Solutions \u00e9nerg\u00e9tiques sur mesure &#8212; Efficiency Manitoba\" \/>\n<meta property=\"og:description\" content=\"Si vous souhaitez rendre votre installation industrielle, commerciale ou agricole plus \u00e9co\u00e9nerg\u00e9tique, nous sommes l\u00e0 pour vous aider. Nous disposons de l\u2019exp\u00e9rience n\u00e9cessaire pour vous aider \u00e0 cerner les inefficacit\u00e9s et \u00e0 d\u00e9terminer les incitatifs financiers dont vous avez besoin pour l\u2019\u00e9tude et la mise en \u0153uvre de votre projet. Nous offrons des incitatifs personnalis\u00e9s propres \u00e0 votre projet.\" \/>\n<meta property=\"og:url\" content=\"https:\/\/efficiencymb.ca\/fr\/business\/custom-solutions\/\" \/>\n<meta property=\"og:site_name\" content=\"Efficiency Manitoba\" \/>\n<meta property=\"article:modified_time\" content=\"2026-03-23T21:29:07+00:00\" \/>\n<meta property=\"og:image\" content=\"https:\/\/efficiencymb.ca\/wp-content\/uploads\/custom-energy-solutions-banner_v3.jpg\" \/>\n\t<meta property=\"og:image:width\" content=\"2400\" \/>\n\t<meta property=\"og:image:height\" content=\"1350\" \/>\n\t<meta property=\"og:image:type\" content=\"image\/jpeg\" \/>\n<meta name=\"twitter:card\" content=\"summary_large_image\" \/>\n<meta name=\"twitter:label1\" content=\"Dur\u00e9e de lecture estim\u00e9e\" \/>\n\t<meta name=\"twitter:data1\" content=\"4 minutes\" \/>\n<script type=\"application\/ld+json\" class=\"yoast-schema-graph\">{\"@context\":\"https:\\\/\\\/schema.org\",\"@graph\":[{\"@type\":\"WebPage\",\"@id\":\"https:\\\/\\\/efficiencymb.ca\\\/fr\\\/business\\\/custom-solutions\\\/\",\"url\":\"https:\\\/\\\/efficiencymb.ca\\\/fr\\\/business\\\/custom-solutions\\\/\",\"name\":\"Solutions \u00e9nerg\u00e9tiques sur mesure &#8212; Efficiency Manitoba\",\"isPartOf\":{\"@id\":\"https:\\\/\\\/efficiencymb.ca\\\/#website\"},\"primaryImageOfPage\":{\"@id\":\"https:\\\/\\\/efficiencymb.ca\\\/fr\\\/business\\\/custom-solutions\\\/#primaryimage\"},\"image\":{\"@id\":\"https:\\\/\\\/efficiencymb.ca\\\/fr\\\/business\\\/custom-solutions\\\/#primaryimage\"},\"thumbnailUrl\":\"https:\\\/\\\/efficiencymb.ca\\\/wp-content\\\/uploads\\\/custom-energy-solutions-banner_v3.jpg\",\"datePublished\":\"2020-04-22T00:33:25+00:00\",\"dateModified\":\"2026-03-23T21:29:07+00:00\",\"description\":\"Si vous souhaitez rendre votre installation industrielle, commerciale ou agricole plus \u00e9co\u00e9nerg\u00e9tique, nous sommes l\u00e0 pour vous aider. Nous disposons de l\u2019exp\u00e9rience n\u00e9cessaire pour vous aider \u00e0 cerner les inefficacit\u00e9s et \u00e0 d\u00e9terminer les incitatifs financiers dont vous avez besoin pour l\u2019\u00e9tude et la mise en \u0153uvre de votre projet. Nous offrons des incitatifs personnalis\u00e9s propres \u00e0 votre projet.\",\"breadcrumb\":{\"@id\":\"https:\\\/\\\/efficiencymb.ca\\\/fr\\\/business\\\/custom-solutions\\\/#breadcrumb\"},\"inLanguage\":\"fr-FR\",\"potentialAction\":[{\"@type\":\"ReadAction\",\"target\":[\"https:\\\/\\\/efficiencymb.ca\\\/fr\\\/business\\\/custom-solutions\\\/\"]}]},{\"@type\":\"ImageObject\",\"inLanguage\":\"fr-FR\",\"@id\":\"https:\\\/\\\/efficiencymb.ca\\\/fr\\\/business\\\/custom-solutions\\\/#primaryimage\",\"url\":\"https:\\\/\\\/efficiencymb.ca\\\/wp-content\\\/uploads\\\/custom-energy-solutions-banner_v3.jpg\",\"contentUrl\":\"https:\\\/\\\/efficiencymb.ca\\\/wp-content\\\/uploads\\\/custom-energy-solutions-banner_v3.jpg\",\"width\":2400,\"height\":1350,\"caption\":\"Homme r\u00e9glant un \u00e9cran num\u00e9rique\"},{\"@type\":\"BreadcrumbList\",\"@id\":\"https:\\\/\\\/efficiencymb.ca\\\/fr\\\/business\\\/custom-solutions\\\/#breadcrumb\",\"itemListElement\":[{\"@type\":\"ListItem\",\"position\":1,\"name\":\"Home\",\"item\":\"https:\\\/\\\/efficiencymb.ca\\\/fr\\\/\"},{\"@type\":\"ListItem\",\"position\":2,\"name\":\"MON ENTREPRISE\",\"item\":\"https:\\\/\\\/efficiencymb.ca\\\/fr\\\/business\\\/\"},{\"@type\":\"ListItem\",\"position\":3,\"name\":\"Solutions \u00e9nerg\u00e9tiques sur mesure\"}]},{\"@type\":\"WebSite\",\"@id\":\"https:\\\/\\\/efficiencymb.ca\\\/#website\",\"url\":\"https:\\\/\\\/efficiencymb.ca\\\/\",\"name\":\"Efficiency Manitoba\",\"description\":\"\",\"publisher\":{\"@id\":\"https:\\\/\\\/efficiencymb.ca\\\/#organization\"},\"potentialAction\":[{\"@type\":\"SearchAction\",\"target\":{\"@type\":\"EntryPoint\",\"urlTemplate\":\"https:\\\/\\\/efficiencymb.ca\\\/?s={search_term_string}\"},\"query-input\":{\"@type\":\"PropertyValueSpecification\",\"valueRequired\":true,\"valueName\":\"search_term_string\"}}],\"inLanguage\":\"fr-FR\"},{\"@type\":\"Organization\",\"@id\":\"https:\\\/\\\/efficiencymb.ca\\\/#organization\",\"name\":\"Efficiency Manitoba\",\"url\":\"https:\\\/\\\/efficiencymb.ca\\\/\",\"logo\":{\"@type\":\"ImageObject\",\"inLanguage\":\"fr-FR\",\"@id\":\"https:\\\/\\\/efficiencymb.ca\\\/#\\\/schema\\\/logo\\\/image\\\/\",\"url\":\"https:\\\/\\\/efficiencymb.ca\\\/wp-content\\\/uploads\\\/em-logo-white-en.png\",\"contentUrl\":\"https:\\\/\\\/efficiencymb.ca\\\/wp-content\\\/uploads\\\/em-logo-white-en.png\",\"width\":388,\"height\":91,\"caption\":\"Efficiency Manitoba\"},\"image\":{\"@id\":\"https:\\\/\\\/efficiencymb.ca\\\/#\\\/schema\\\/logo\\\/image\\\/\"}}]}<\/script>\n<!-- \/ Yoast SEO plugin. -->","yoast_head_json":{"title":"Solutions \u00e9nerg\u00e9tiques sur mesure &#8212; Efficiency Manitoba","description":"Si vous souhaitez rendre votre installation industrielle, commerciale ou agricole plus \u00e9co\u00e9nerg\u00e9tique, nous sommes l\u00e0 pour vous aider. Nous disposons de l\u2019exp\u00e9rience n\u00e9cessaire pour vous aider \u00e0 cerner les inefficacit\u00e9s et \u00e0 d\u00e9terminer les incitatifs financiers dont vous avez besoin pour l\u2019\u00e9tude et la mise en \u0153uvre de votre projet. Nous offrons des incitatifs personnalis\u00e9s propres \u00e0 votre projet.","robots":{"index":"index","follow":"follow","max-snippet":"max-snippet:-1","max-image-preview":"max-image-preview:large","max-video-preview":"max-video-preview:-1"},"canonical":"https:\/\/efficiencymb.ca\/fr\/business\/custom-solutions\/","og_locale":"fr_FR","og_type":"article","og_title":"Solutions \u00e9nerg\u00e9tiques sur mesure &#8212; Efficiency Manitoba","og_description":"Si vous souhaitez rendre votre installation industrielle, commerciale ou agricole plus \u00e9co\u00e9nerg\u00e9tique, nous sommes l\u00e0 pour vous aider. Nous disposons de l\u2019exp\u00e9rience n\u00e9cessaire pour vous aider \u00e0 cerner les inefficacit\u00e9s et \u00e0 d\u00e9terminer les incitatifs financiers dont vous avez besoin pour l\u2019\u00e9tude et la mise en \u0153uvre de votre projet. Nous offrons des incitatifs personnalis\u00e9s propres \u00e0 votre projet.","og_url":"https:\/\/efficiencymb.ca\/fr\/business\/custom-solutions\/","og_site_name":"Efficiency Manitoba","article_modified_time":"2026-03-23T21:29:07+00:00","og_image":[{"width":2400,"height":1350,"url":"https:\/\/efficiencymb.ca\/wp-content\/uploads\/custom-energy-solutions-banner_v3.jpg","type":"image\/jpeg"}],"twitter_card":"summary_large_image","twitter_misc":{"Dur\u00e9e de lecture estim\u00e9e":"4 minutes"},"schema":{"@context":"https:\/\/schema.org","@graph":[{"@type":"WebPage","@id":"https:\/\/efficiencymb.ca\/fr\/business\/custom-solutions\/","url":"https:\/\/efficiencymb.ca\/fr\/business\/custom-solutions\/","name":"Solutions \u00e9nerg\u00e9tiques sur mesure &#8212; Efficiency Manitoba","isPartOf":{"@id":"https:\/\/efficiencymb.ca\/#website"},"primaryImageOfPage":{"@id":"https:\/\/efficiencymb.ca\/fr\/business\/custom-solutions\/#primaryimage"},"image":{"@id":"https:\/\/efficiencymb.ca\/fr\/business\/custom-solutions\/#primaryimage"},"thumbnailUrl":"https:\/\/efficiencymb.ca\/wp-content\/uploads\/custom-energy-solutions-banner_v3.jpg","datePublished":"2020-04-22T00:33:25+00:00","dateModified":"2026-03-23T21:29:07+00:00","description":"Si vous souhaitez rendre votre installation industrielle, commerciale ou agricole plus \u00e9co\u00e9nerg\u00e9tique, nous sommes l\u00e0 pour vous aider. Nous disposons de l\u2019exp\u00e9rience n\u00e9cessaire pour vous aider \u00e0 cerner les inefficacit\u00e9s et \u00e0 d\u00e9terminer les incitatifs financiers dont vous avez besoin pour l\u2019\u00e9tude et la mise en \u0153uvre de votre projet. Nous offrons des incitatifs personnalis\u00e9s propres \u00e0 votre projet.","breadcrumb":{"@id":"https:\/\/efficiencymb.ca\/fr\/business\/custom-solutions\/#breadcrumb"},"inLanguage":"fr-FR","potentialAction":[{"@type":"ReadAction","target":["https:\/\/efficiencymb.ca\/fr\/business\/custom-solutions\/"]}]},{"@type":"ImageObject","inLanguage":"fr-FR","@id":"https:\/\/efficiencymb.ca\/fr\/business\/custom-solutions\/#primaryimage","url":"https:\/\/efficiencymb.ca\/wp-content\/uploads\/custom-energy-solutions-banner_v3.jpg","contentUrl":"https:\/\/efficiencymb.ca\/wp-content\/uploads\/custom-energy-solutions-banner_v3.jpg","width":2400,"height":1350,"caption":"Homme r\u00e9glant un \u00e9cran num\u00e9rique"},{"@type":"BreadcrumbList","@id":"https:\/\/efficiencymb.ca\/fr\/business\/custom-solutions\/#breadcrumb","itemListElement":[{"@type":"ListItem","position":1,"name":"Home","item":"https:\/\/efficiencymb.ca\/fr\/"},{"@type":"ListItem","position":2,"name":"MON ENTREPRISE","item":"https:\/\/efficiencymb.ca\/fr\/business\/"},{"@type":"ListItem","position":3,"name":"Solutions \u00e9nerg\u00e9tiques sur mesure"}]},{"@type":"WebSite","@id":"https:\/\/efficiencymb.ca\/#website","url":"https:\/\/efficiencymb.ca\/","name":"Efficiency Manitoba","description":"","publisher":{"@id":"https:\/\/efficiencymb.ca\/#organization"},"potentialAction":[{"@type":"SearchAction","target":{"@type":"EntryPoint","urlTemplate":"https:\/\/efficiencymb.ca\/?s={search_term_string}"},"query-input":{"@type":"PropertyValueSpecification","valueRequired":true,"valueName":"search_term_string"}}],"inLanguage":"fr-FR"},{"@type":"Organization","@id":"https:\/\/efficiencymb.ca\/#organization","name":"Efficiency Manitoba","url":"https:\/\/efficiencymb.ca\/","logo":{"@type":"ImageObject","inLanguage":"fr-FR","@id":"https:\/\/efficiencymb.ca\/#\/schema\/logo\/image\/","url":"https:\/\/efficiencymb.ca\/wp-content\/uploads\/em-logo-white-en.png","contentUrl":"https:\/\/efficiencymb.ca\/wp-content\/uploads\/em-logo-white-en.png","width":388,"height":91,"caption":"Efficiency Manitoba"},"image":{"@id":"https:\/\/efficiencymb.ca\/#\/schema\/logo\/image\/"}}]}},"_links":{"self":[{"href":"https:\/\/efficiencymb.ca\/fr\/wp-json\/wp\/v2\/pages\/13258","targetHints":{"allow":["GET"]}}],"collection":[{"href":"https:\/\/efficiencymb.ca\/fr\/wp-json\/wp\/v2\/pages"}],"about":[{"href":"https:\/\/efficiencymb.ca\/fr\/wp-json\/wp\/v2\/types\/page"}],"author":[{"embeddable":true,"href":"https:\/\/efficiencymb.ca\/fr\/wp-json\/wp\/v2\/users\/10"}],"replies":[{"embeddable":true,"href":"https:\/\/efficiencymb.ca\/fr\/wp-json\/wp\/v2\/comments?post=13258"}],"version-history":[{"count":38,"href":"https:\/\/efficiencymb.ca\/fr\/wp-json\/wp\/v2\/pages\/13258\/revisions"}],"predecessor-version":[{"id":86903,"href":"https:\/\/efficiencymb.ca\/fr\/wp-json\/wp\/v2\/pages\/13258\/revisions\/86903"}],"up":[{"embeddable":true,"href":"https:\/\/efficiencymb.ca\/fr\/wp-json\/wp\/v2\/pages\/13103"}],"wp:featuredmedia":[{"embeddable":true,"href":"https:\/\/efficiencymb.ca\/fr\/wp-json\/wp\/v2\/media\/2000"}],"wp:attachment":[{"href":"https:\/\/efficiencymb.ca\/fr\/wp-json\/wp\/v2\/media?parent=13258"}],"curies":[{"name":"wp","href":"https:\/\/api.w.org\/{rel}","templated":true}]}}