{"id":13255,"date":"2020-03-04T22:21:17","date_gmt":"2020-03-05T04:21:17","guid":{"rendered":"https:\/\/efficiencymb.ca\/business\/industrial\/"},"modified":"2025-09-02T09:51:57","modified_gmt":"2025-09-02T14:51:57","slug":"industrial","status":"publish","type":"page","link":"https:\/\/efficiencymb.ca\/fr\/business\/industrial\/","title":{"rendered":"Industriel"},"content":{"rendered":"\r\n\t<div class=\"category-block wp-block-columns wp-block-columns-3 container\">\r\n\t\t\t\t\t<div class=\"wp-block-column\">\r\n\t\t\t<div>\r\n\t\t\t\t<h2 class=\"has-text-align-left\"><a href=\"https:\/\/efficiencymb.ca\/fr\/business\/custom-solutions\/\">Programme de solutions \u00e9nerg\u00e9tiques sur mesure<\/a><\/h2>\r\n\t\t\t\t<p>Si vous souhaitez rendre votre installation industrielle, commerciale ou agricole plus \u00e9co\u00e9nerg\u00e9tique, nous sommes l\u00e0 pour vous aider. Nous disposons&#8230;<\/p>\r\n\t\t\t<\/div>\r\n\t\t\t                <figure class=\"\">\r\n                    <img decoding=\"async\" class=\"acf-figure-image\" \r\n            src=\"https:\/\/efficiencymb.ca\/wp-content\/uploads\/custom-energy-solutions-banner_v3.jpg\"\r\n            srcset=\"https:\/\/efficiencymb.ca\/wp-content\/uploads\/custom-energy-solutions-banner_v3.jpg 2400w, https:\/\/efficiencymb.ca\/wp-content\/uploads\/custom-energy-solutions-banner_v3-479x269.jpg 479w, https:\/\/efficiencymb.ca\/wp-content\/uploads\/custom-energy-solutions-banner_v3-1024x576.jpg 1024w, https:\/\/efficiencymb.ca\/wp-content\/uploads\/custom-energy-solutions-banner_v3-768x432.jpg 768w, https:\/\/efficiencymb.ca\/wp-content\/uploads\/custom-energy-solutions-banner_v3-1536x864.jpg 1536w, https:\/\/efficiencymb.ca\/wp-content\/uploads\/custom-energy-solutions-banner_v3-2048x1152.jpg 2048w, https:\/\/efficiencymb.ca\/wp-content\/uploads\/custom-energy-solutions-banner_v3-1920x1080.jpg 1920w\"\r\n            sizes=\"(max-width: 2400px) 100vw, 2400px\" \r\n            alt=\"Homme r\u00e9glant un \u00e9cran num\u00e9rique\"\r\n        \/>\r\n                        <\/figure>\r\n            \t\t<\/div>\r\n\t\t\t\t\t<div class=\"wp-block-column\">\r\n\t\t\t<div>\r\n\t\t\t\t<h2 class=\"has-text-align-left\"><a href=\"https:\/\/efficiencymb.ca\/fr\/business\/evaluations-de-l-efficacite-energetique\/\">\u00c9valuations de l\u2019Efficacit\u00e9 \u00c9nerg\u00e9tique<\/a><\/h2>\r\n\t\t\t\t<p>Des \u00e9valuations des installations industrielles, commerciales et agricoles qui vous montrent comment \u00e9conomiser de l\u2019\u00e9nergie (et de l\u2019argent!) Une \u00e9valuation&#8230;<\/p>\r\n\t\t\t<\/div>\r\n\t\t\t                <figure class=\"\">\r\n                    <img decoding=\"async\" class=\"acf-figure-image\" \r\n            src=\"https:\/\/efficiencymb.ca\/wp-content\/uploads\/energy-efficiency-assessments-banner_v2.jpg\"\r\n            srcset=\"https:\/\/efficiencymb.ca\/wp-content\/uploads\/energy-efficiency-assessments-banner_v2.jpg 2400w, https:\/\/efficiencymb.ca\/wp-content\/uploads\/energy-efficiency-assessments-banner_v2-479x269.jpg 479w, https:\/\/efficiencymb.ca\/wp-content\/uploads\/energy-efficiency-assessments-banner_v2-1024x576.jpg 1024w, https:\/\/efficiencymb.ca\/wp-content\/uploads\/energy-efficiency-assessments-banner_v2-768x432.jpg 768w, https:\/\/efficiencymb.ca\/wp-content\/uploads\/energy-efficiency-assessments-banner_v2-1536x864.jpg 1536w, https:\/\/efficiencymb.ca\/wp-content\/uploads\/energy-efficiency-assessments-banner_v2-2048x1152.jpg 2048w, https:\/\/efficiencymb.ca\/wp-content\/uploads\/energy-efficiency-assessments-banner_v2-1920x1080.jpg 1920w\"\r\n            sizes=\"(max-width: 2400px) 100vw, 2400px\" \r\n            alt=\"Deux personnes consultant une tablette\"\r\n        \/>\r\n                        <\/figure>\r\n            \t\t<\/div>\r\n\t\t\t\t\t<div class=\"wp-block-column\">\r\n\t\t\t<div>\r\n\t\t\t\t<h2 class=\"has-text-align-left\"><a href=\"https:\/\/efficiencymb.ca\/fr\/business\/feasibility-studies\/\">\u00c9TUDES DE FAISABILITE<\/a><\/h2>\r\n\t\t\t\t<p>Vous avez en t\u00eate un projet ou une am\u00e9lioration de syst\u00e8me pour votre installation qui devrait vous permettre d\u2019\u00e9conomiser de&#8230;<\/p>\r\n\t\t\t<\/div>\r\n\t\t\t                <figure class=\"\">\r\n                    <img decoding=\"async\" class=\"acf-figure-image\" \r\n            src=\"https:\/\/efficiencymb.ca\/wp-content\/uploads\/Feasibility-Studies-scaled-e1689364972462.jpg\"\r\n            srcset=\"\"\r\n            sizes=\"(max-width: 2560px) 100vw, 2560px\" \r\n            alt=\"\"\r\n        \/>\r\n                        <\/figure>\r\n            \t\t<\/div>\r\n\t\t\t\t\t<div class=\"wp-block-column\">\r\n\t\t\t<div>\r\n\t\t\t\t<h2 class=\"has-text-align-left\"><a href=\"https:\/\/efficiencymb.ca\/fr\/business\/strategic-energy-manager-initiative\/\">INITIATIVE DES GESTIONNAIRES STRAT\u00c9GIQUES DE L\u2019\u00c9NERGIE<\/a><\/h2>\r\n\t\t\t\t<p>CONTR\u00d4LEZ VOTRE CONSOMMATION D\u2019\u00c9NERGIE Votre organisation sait qu\u2019il existe des possibilit\u00e9s d\u2019\u00e9conomiser de l\u2019\u00e9nergie, mais d\u2019autres priorit\u00e9s l\u2019emp\u00eachent d\u2019y donner&#8230;<\/p>\r\n\t\t\t<\/div>\r\n\t\t\t                <figure class=\"\">\r\n                    <img decoding=\"async\" class=\"acf-figure-image\" \r\n            src=\"https:\/\/efficiencymb.ca\/wp-content\/uploads\/Strategic-Energy-Manager-Initiative-copy-scaled-e1690910350415.jpg\"\r\n            srcset=\"\"\r\n            sizes=\"(max-width: 2560px) 100vw, 2560px\" \r\n            alt=\"\"\r\n        \/>\r\n                        <\/figure>\r\n            \t\t<\/div>\r\n\t\t\t\t\t<div class=\"wp-block-column\">\r\n\t\t\t<div>\r\n\t\t\t\t<h2 class=\"has-text-align-left\"><a href=\"https:\/\/efficiencymb.ca\/fr\/business\/programme-evaluation-reparation-fuites\/\">PROGRAMME D\u2019\u00c9VALUATION ET DE R\u00c9PARATION DES FUITES<\/a><\/h2>\r\n\t\t\t\t<p>\u00c9valuez et r\u00e9parez les fuites dans vos installations industrielles, commerciales ou agricoles afin de recevoir des incitatifs financiers et d\u2019\u00e9conomiser&#8230;<\/p>\r\n\t\t\t<\/div>\r\n\t\t\t                <figure class=\"\">\r\n                    <img decoding=\"async\" class=\"acf-figure-image\" \r\n            src=\"https:\/\/efficiencymb.ca\/wp-content\/uploads\/GettyImages-936167698-scaled-e1752786288257.jpg\"\r\n            srcset=\"\"\r\n            sizes=\"(max-width: 2560px) 100vw, 2560px\" \r\n            alt=\"\"\r\n        \/>\r\n                        <\/figure>\r\n            \t\t<\/div>\r\n\t\t\t\t\t<div class=\"wp-block-column\">\r\n\t\t\t<div>\r\n\t\t\t\t<h2 class=\"has-text-align-left\"><a href=\"https:\/\/efficiencymb.ca\/fr\/business\/benchmark-studies-for-compressed-air-systems\/\">\u00c9TUDES DE R\u00c9F\u00c9RENCE POUR LES CIRCUITS D\u2019AIR COMPRIM\u00c9<\/a><\/h2>\r\n\t\t\t\t<p>\u00c9TUDES DE R\u00c9F\u00c9RENCE POUR LES CIRCUITS D&rsquo;AIR COMPRIM\u00c9 Les circuits d\u2019air comprim\u00e9 consomment souvent d\u2019importantes quantit\u00e9s d\u2019\u00e9nergie. L\u2019am\u00e9lioration de votre&#8230;<\/p>\r\n\t\t\t<\/div>\r\n\t\t\t                <figure class=\"\">\r\n                    <img decoding=\"async\" class=\"acf-figure-image\" \r\n            src=\"https:\/\/efficiencymb.ca\/wp-content\/uploads\/Benchmark-Studies-scaled-e1689363632351.jpg\"\r\n            srcset=\"\"\r\n            sizes=\"(max-width: 2560px) 100vw, 2560px\" \r\n            alt=\"\"\r\n        \/>\r\n                        <\/figure>\r\n            \t\t<\/div>\r\n\t\t\t\t\t<div class=\"wp-block-column\">\r\n\t\t\t<div>\r\n\t\t\t\t<h2 class=\"has-text-align-left\"><a href=\"https:\/\/efficiencymb.ca\/fr\/business\/programme-d-eclairage-commercial\/\">Programme d\u2019\u00e9clairage commercial<\/a><\/h2>\r\n\t\t\t\t<p>Nous offrons des incitatifs financiers pour la modernisation de l\u2019\u00e9clairage \u00e0 haut rendement \u00e9nerg\u00e9tique dans votre entreprise.<\/p>\r\n\t\t\t<\/div>\r\n\t\t\t                <figure class=\"\">\r\n                    <img decoding=\"async\" class=\"acf-figure-image\" \r\n            src=\"https:\/\/efficiencymb.ca\/wp-content\/uploads\/business-lightin-banner_v3.jpg\"\r\n            srcset=\"https:\/\/efficiencymb.ca\/wp-content\/uploads\/business-lightin-banner_v3.jpg 2400w, https:\/\/efficiencymb.ca\/wp-content\/uploads\/business-lightin-banner_v3-479x269.jpg 479w, https:\/\/efficiencymb.ca\/wp-content\/uploads\/business-lightin-banner_v3-1024x576.jpg 1024w, https:\/\/efficiencymb.ca\/wp-content\/uploads\/business-lightin-banner_v3-768x432.jpg 768w, https:\/\/efficiencymb.ca\/wp-content\/uploads\/business-lightin-banner_v3-1536x864.jpg 1536w, https:\/\/efficiencymb.ca\/wp-content\/uploads\/business-lightin-banner_v3-2048x1152.jpg 2048w, https:\/\/efficiencymb.ca\/wp-content\/uploads\/business-lightin-banner_v3-1920x1080.jpg 1920w\"\r\n            sizes=\"(max-width: 2400px) 100vw, 2400px\" \r\n            alt=\"Personne r\u00e9pertoriant le stock de l'entrep\u00f4t\"\r\n        \/>\r\n                        <\/figure>\r\n            \t\t<\/div>\r\n\t\t\t\t\t<div class=\"wp-block-column\">\r\n\t\t\t<div>\r\n\t\t\t\t<h2 class=\"has-text-align-left\"><a href=\"https:\/\/efficiencymb.ca\/fr\/business\/programme-denveloppe-du-batiment\/\">Programme d&rsquo;enveloppe du b\u00e2timent<\/a><\/h2>\r\n\t\t\t\t<p>Nous offrons des incitatifs financiers pour la r\u00e9alisation d\u2019am\u00e9liorations \u00e9co\u00e9nerg\u00e9tiques \u00e0 l\u2019isolation des toits et des murs, des portes, des&#8230;<\/p>\r\n\t\t\t<\/div>\r\n\t\t\t                <figure class=\"\">\r\n                    <img decoding=\"async\" class=\"acf-figure-image\" \r\n            src=\"https:\/\/efficiencymb.ca\/wp-content\/uploads\/GettyImages-1471584368-scaled-e1699456368367.jpg\"\r\n            srcset=\"\"\r\n            sizes=\"(max-width: 2560px) 100vw, 2560px\" \r\n            alt=\"\"\r\n        \/>\r\n                        <\/figure>\r\n            \t\t<\/div>\r\n\t\t\t\t\t<div class=\"wp-block-column\">\r\n\t\t\t<div>\r\n\t\t\t\t<h2 class=\"has-text-align-left\"><a href=\"https:\/\/efficiencymb.ca\/fr\/business\/fonds-dinnovation\/\">Fonds l&rsquo;innovation<\/a><\/h2>\r\n\t\t\t\t<p>SOUTENIR LES APPROCHES NOUVELLES ET NOVATRICES EN MATI\u00c8RE D\u2019EFFICACIT\u00c9 \u00c9NERG\u00c9TIQUE AU MANITOBA Le Fonds d\u2019innovation soutient les organismes qui cherchent&#8230;<\/p>\r\n\t\t\t<\/div>\r\n\t\t\t                <figure class=\"\">\r\n                    <img decoding=\"async\" class=\"acf-figure-image\" \r\n            src=\"https:\/\/efficiencymb.ca\/wp-content\/uploads\/Innovation-fund-banner-scaled-e1632276424465.jpg\"\r\n            srcset=\"\"\r\n            sizes=\"(max-width: 2560px) 100vw, 2560px\" \r\n            alt=\"Main tenant une ampoule devant le soleil\"\r\n        \/>\r\n                        <\/figure>\r\n            \t\t<\/div>\r\n\t\t\t\t\t<div class=\"wp-block-column\">\r\n\t\t\t<div>\r\n\t\t\t\t<h2 class=\"has-text-align-left\"><a href=\"https:\/\/efficiencymb.ca\/business\/bioenergy\/\">Bio\u00e9nergie<\/a><\/h2>\r\n\t\t\t\t<p>If you are looking to make your industrial, commercial, or agricultural facility more energy efficient, we are here to help&#8230;.<\/p>\r\n\t\t\t<\/div>\r\n\t\t\t                <figure class=\"\">\r\n                    <img decoding=\"async\" class=\"acf-figure-image\" \r\n            src=\"https:\/\/efficiencymb.ca\/wp-content\/uploads\/Bioenergy-banner-1.jpg\"\r\n            srcset=\"https:\/\/efficiencymb.ca\/wp-content\/uploads\/Bioenergy-banner-1.jpg 2400w, https:\/\/efficiencymb.ca\/wp-content\/uploads\/Bioenergy-banner-1-479x269.jpg 479w, https:\/\/efficiencymb.ca\/wp-content\/uploads\/Bioenergy-banner-1-1024x576.jpg 1024w, https:\/\/efficiencymb.ca\/wp-content\/uploads\/Bioenergy-banner-1-768x432.jpg 768w, https:\/\/efficiencymb.ca\/wp-content\/uploads\/Bioenergy-banner-1-1536x864.jpg 1536w, https:\/\/efficiencymb.ca\/wp-content\/uploads\/Bioenergy-banner-1-2048x1152.jpg 2048w, https:\/\/efficiencymb.ca\/wp-content\/uploads\/Bioenergy-banner-1-1920x1080.jpg 1920w\"\r\n            sizes=\"(max-width: 2400px) 100vw, 2400px\" \r\n            alt=\"Granules de bois en mains \"\r\n        \/>\r\n                        <\/figure>\r\n            \t\t<\/div>\r\n\t\t<\/div>\r\n\n\n\n<div style=\"height:100px\" aria-hidden=\"true\" class=\"wp-block-spacer\"><\/div>\n","protected":false},"excerpt":{"rendered":"","protected":false},"author":10,"featured_media":55549,"parent":13103,"menu_order":0,"comment_status":"closed","ping_status":"closed","template":"","meta":{"_acf_changed":false,"footnotes":""},"class_list":["post-13255","page","type-page","status-publish","has-post-thumbnail","hentry","page_cat-programs"],"acf":[],"yoast_head":"<!-- This site is optimized with the Yoast SEO plugin v27.3 - https:\/\/yoast.com\/product\/yoast-seo-wordpress\/ -->\n<title>Industriel &#8212; Efficiency Manitoba<\/title>\n<meta name=\"robots\" content=\"index, follow, max-snippet:-1, max-image-preview:large, max-video-preview:-1\" \/>\n<link rel=\"canonical\" href=\"https:\/\/efficiencymb.ca\/fr\/business\/industrial\/\" \/>\n<meta property=\"og:locale\" content=\"fr_FR\" \/>\n<meta property=\"og:type\" content=\"article\" \/>\n<meta property=\"og:title\" content=\"Industriel &#8212; Efficiency Manitoba\" \/>\n<meta property=\"og:url\" content=\"https:\/\/efficiencymb.ca\/fr\/business\/industrial\/\" \/>\n<meta property=\"og:site_name\" content=\"Efficiency Manitoba\" \/>\n<meta property=\"article:modified_time\" content=\"2025-09-02T14:51:57+00:00\" \/>\n<meta property=\"og:image\" content=\"https:\/\/efficiencymb.ca\/wp-content\/uploads\/industrial-man-and-woman-enigneers-standing-in-a-factory-using-tablet-GettyImages-1049259612-scaled-e1692026431445.jpg\" \/>\n\t<meta property=\"og:image:width\" content=\"2560\" \/>\n\t<meta property=\"og:image:height\" content=\"1704\" \/>\n\t<meta property=\"og:image:type\" content=\"image\/jpeg\" \/>\n<meta name=\"twitter:card\" content=\"summary_large_image\" \/>\n<meta name=\"twitter:label1\" content=\"Dur\u00e9e de lecture estim\u00e9e\" \/>\n\t<meta name=\"twitter:data1\" content=\"1 minute\" \/>\n<script type=\"application\/ld+json\" class=\"yoast-schema-graph\">{\"@context\":\"https:\\\/\\\/schema.org\",\"@graph\":[{\"@type\":\"WebPage\",\"@id\":\"https:\\\/\\\/efficiencymb.ca\\\/fr\\\/business\\\/industrial\\\/\",\"url\":\"https:\\\/\\\/efficiencymb.ca\\\/fr\\\/business\\\/industrial\\\/\",\"name\":\"Industriel &#8212; Efficiency Manitoba\",\"isPartOf\":{\"@id\":\"https:\\\/\\\/efficiencymb.ca\\\/#website\"},\"primaryImageOfPage\":{\"@id\":\"https:\\\/\\\/efficiencymb.ca\\\/fr\\\/business\\\/industrial\\\/#primaryimage\"},\"image\":{\"@id\":\"https:\\\/\\\/efficiencymb.ca\\\/fr\\\/business\\\/industrial\\\/#primaryimage\"},\"thumbnailUrl\":\"https:\\\/\\\/efficiencymb.ca\\\/wp-content\\\/uploads\\\/industrial-man-and-woman-enigneers-standing-in-a-factory-using-tablet-GettyImages-1049259612-scaled-e1692026431445.jpg\",\"datePublished\":\"2020-03-05T04:21:17+00:00\",\"dateModified\":\"2025-09-02T14:51:57+00:00\",\"breadcrumb\":{\"@id\":\"https:\\\/\\\/efficiencymb.ca\\\/fr\\\/business\\\/industrial\\\/#breadcrumb\"},\"inLanguage\":\"fr-FR\",\"potentialAction\":[{\"@type\":\"ReadAction\",\"target\":[\"https:\\\/\\\/efficiencymb.ca\\\/fr\\\/business\\\/industrial\\\/\"]}]},{\"@type\":\"ImageObject\",\"inLanguage\":\"fr-FR\",\"@id\":\"https:\\\/\\\/efficiencymb.ca\\\/fr\\\/business\\\/industrial\\\/#primaryimage\",\"url\":\"https:\\\/\\\/efficiencymb.ca\\\/wp-content\\\/uploads\\\/industrial-man-and-woman-enigneers-standing-in-a-factory-using-tablet-GettyImages-1049259612-scaled-e1692026431445.jpg\",\"contentUrl\":\"https:\\\/\\\/efficiencymb.ca\\\/wp-content\\\/uploads\\\/industrial-man-and-woman-enigneers-standing-in-a-factory-using-tablet-GettyImages-1049259612-scaled-e1692026431445.jpg\",\"width\":2560,\"height\":1704,\"caption\":\"A portrait of an industrial man and woman engineers standing in a factory, talking.\"},{\"@type\":\"BreadcrumbList\",\"@id\":\"https:\\\/\\\/efficiencymb.ca\\\/fr\\\/business\\\/industrial\\\/#breadcrumb\",\"itemListElement\":[{\"@type\":\"ListItem\",\"position\":1,\"name\":\"Home\",\"item\":\"https:\\\/\\\/efficiencymb.ca\\\/fr\\\/\"},{\"@type\":\"ListItem\",\"position\":2,\"name\":\"MON ENTREPRISE\",\"item\":\"https:\\\/\\\/efficiencymb.ca\\\/fr\\\/business\\\/\"},{\"@type\":\"ListItem\",\"position\":3,\"name\":\"Industriel\"}]},{\"@type\":\"WebSite\",\"@id\":\"https:\\\/\\\/efficiencymb.ca\\\/#website\",\"url\":\"https:\\\/\\\/efficiencymb.ca\\\/\",\"name\":\"Efficiency Manitoba\",\"description\":\"\",\"publisher\":{\"@id\":\"https:\\\/\\\/efficiencymb.ca\\\/#organization\"},\"potentialAction\":[{\"@type\":\"SearchAction\",\"target\":{\"@type\":\"EntryPoint\",\"urlTemplate\":\"https:\\\/\\\/efficiencymb.ca\\\/?s={search_term_string}\"},\"query-input\":{\"@type\":\"PropertyValueSpecification\",\"valueRequired\":true,\"valueName\":\"search_term_string\"}}],\"inLanguage\":\"fr-FR\"},{\"@type\":\"Organization\",\"@id\":\"https:\\\/\\\/efficiencymb.ca\\\/#organization\",\"name\":\"Efficiency Manitoba\",\"url\":\"https:\\\/\\\/efficiencymb.ca\\\/\",\"logo\":{\"@type\":\"ImageObject\",\"inLanguage\":\"fr-FR\",\"@id\":\"https:\\\/\\\/efficiencymb.ca\\\/#\\\/schema\\\/logo\\\/image\\\/\",\"url\":\"https:\\\/\\\/efficiencymb.ca\\\/wp-content\\\/uploads\\\/em-logo-white-en.png\",\"contentUrl\":\"https:\\\/\\\/efficiencymb.ca\\\/wp-content\\\/uploads\\\/em-logo-white-en.png\",\"width\":388,\"height\":91,\"caption\":\"Efficiency Manitoba\"},\"image\":{\"@id\":\"https:\\\/\\\/efficiencymb.ca\\\/#\\\/schema\\\/logo\\\/image\\\/\"}}]}<\/script>\n<!-- \/ Yoast SEO plugin. -->","yoast_head_json":{"title":"Industriel &#8212; Efficiency Manitoba","robots":{"index":"index","follow":"follow","max-snippet":"max-snippet:-1","max-image-preview":"max-image-preview:large","max-video-preview":"max-video-preview:-1"},"canonical":"https:\/\/efficiencymb.ca\/fr\/business\/industrial\/","og_locale":"fr_FR","og_type":"article","og_title":"Industriel &#8212; Efficiency Manitoba","og_url":"https:\/\/efficiencymb.ca\/fr\/business\/industrial\/","og_site_name":"Efficiency Manitoba","article_modified_time":"2025-09-02T14:51:57+00:00","og_image":[{"width":2560,"height":1704,"url":"https:\/\/efficiencymb.ca\/wp-content\/uploads\/industrial-man-and-woman-enigneers-standing-in-a-factory-using-tablet-GettyImages-1049259612-scaled-e1692026431445.jpg","type":"image\/jpeg"}],"twitter_card":"summary_large_image","twitter_misc":{"Dur\u00e9e de lecture estim\u00e9e":"1 minute"},"schema":{"@context":"https:\/\/schema.org","@graph":[{"@type":"WebPage","@id":"https:\/\/efficiencymb.ca\/fr\/business\/industrial\/","url":"https:\/\/efficiencymb.ca\/fr\/business\/industrial\/","name":"Industriel &#8212; Efficiency Manitoba","isPartOf":{"@id":"https:\/\/efficiencymb.ca\/#website"},"primaryImageOfPage":{"@id":"https:\/\/efficiencymb.ca\/fr\/business\/industrial\/#primaryimage"},"image":{"@id":"https:\/\/efficiencymb.ca\/fr\/business\/industrial\/#primaryimage"},"thumbnailUrl":"https:\/\/efficiencymb.ca\/wp-content\/uploads\/industrial-man-and-woman-enigneers-standing-in-a-factory-using-tablet-GettyImages-1049259612-scaled-e1692026431445.jpg","datePublished":"2020-03-05T04:21:17+00:00","dateModified":"2025-09-02T14:51:57+00:00","breadcrumb":{"@id":"https:\/\/efficiencymb.ca\/fr\/business\/industrial\/#breadcrumb"},"inLanguage":"fr-FR","potentialAction":[{"@type":"ReadAction","target":["https:\/\/efficiencymb.ca\/fr\/business\/industrial\/"]}]},{"@type":"ImageObject","inLanguage":"fr-FR","@id":"https:\/\/efficiencymb.ca\/fr\/business\/industrial\/#primaryimage","url":"https:\/\/efficiencymb.ca\/wp-content\/uploads\/industrial-man-and-woman-enigneers-standing-in-a-factory-using-tablet-GettyImages-1049259612-scaled-e1692026431445.jpg","contentUrl":"https:\/\/efficiencymb.ca\/wp-content\/uploads\/industrial-man-and-woman-enigneers-standing-in-a-factory-using-tablet-GettyImages-1049259612-scaled-e1692026431445.jpg","width":2560,"height":1704,"caption":"A portrait of an industrial man and woman engineers standing in a factory, talking."},{"@type":"BreadcrumbList","@id":"https:\/\/efficiencymb.ca\/fr\/business\/industrial\/#breadcrumb","itemListElement":[{"@type":"ListItem","position":1,"name":"Home","item":"https:\/\/efficiencymb.ca\/fr\/"},{"@type":"ListItem","position":2,"name":"MON ENTREPRISE","item":"https:\/\/efficiencymb.ca\/fr\/business\/"},{"@type":"ListItem","position":3,"name":"Industriel"}]},{"@type":"WebSite","@id":"https:\/\/efficiencymb.ca\/#website","url":"https:\/\/efficiencymb.ca\/","name":"Efficiency Manitoba","description":"","publisher":{"@id":"https:\/\/efficiencymb.ca\/#organization"},"potentialAction":[{"@type":"SearchAction","target":{"@type":"EntryPoint","urlTemplate":"https:\/\/efficiencymb.ca\/?s={search_term_string}"},"query-input":{"@type":"PropertyValueSpecification","valueRequired":true,"valueName":"search_term_string"}}],"inLanguage":"fr-FR"},{"@type":"Organization","@id":"https:\/\/efficiencymb.ca\/#organization","name":"Efficiency Manitoba","url":"https:\/\/efficiencymb.ca\/","logo":{"@type":"ImageObject","inLanguage":"fr-FR","@id":"https:\/\/efficiencymb.ca\/#\/schema\/logo\/image\/","url":"https:\/\/efficiencymb.ca\/wp-content\/uploads\/em-logo-white-en.png","contentUrl":"https:\/\/efficiencymb.ca\/wp-content\/uploads\/em-logo-white-en.png","width":388,"height":91,"caption":"Efficiency Manitoba"},"image":{"@id":"https:\/\/efficiencymb.ca\/#\/schema\/logo\/image\/"}}]}},"_links":{"self":[{"href":"https:\/\/efficiencymb.ca\/fr\/wp-json\/wp\/v2\/pages\/13255","targetHints":{"allow":["GET"]}}],"collection":[{"href":"https:\/\/efficiencymb.ca\/fr\/wp-json\/wp\/v2\/pages"}],"about":[{"href":"https:\/\/efficiencymb.ca\/fr\/wp-json\/wp\/v2\/types\/page"}],"author":[{"embeddable":true,"href":"https:\/\/efficiencymb.ca\/fr\/wp-json\/wp\/v2\/users\/10"}],"replies":[{"embeddable":true,"href":"https:\/\/efficiencymb.ca\/fr\/wp-json\/wp\/v2\/comments?post=13255"}],"version-history":[{"count":22,"href":"https:\/\/efficiencymb.ca\/fr\/wp-json\/wp\/v2\/pages\/13255\/revisions"}],"predecessor-version":[{"id":80199,"href":"https:\/\/efficiencymb.ca\/fr\/wp-json\/wp\/v2\/pages\/13255\/revisions\/80199"}],"up":[{"embeddable":true,"href":"https:\/\/efficiencymb.ca\/fr\/wp-json\/wp\/v2\/pages\/13103"}],"wp:featuredmedia":[{"embeddable":true,"href":"https:\/\/efficiencymb.ca\/fr\/wp-json\/wp\/v2\/media\/55549"}],"wp:attachment":[{"href":"https:\/\/efficiencymb.ca\/fr\/wp-json\/wp\/v2\/media?parent=13255"}],"curies":[{"name":"wp","href":"https:\/\/api.w.org\/{rel}","templated":true}]}}