{"id":13251,"date":"2020-03-18T21:35:02","date_gmt":"2020-03-18T21:35:02","guid":{"rendered":"https:\/\/efficiencymb.ca\/business\/commercial-refrigeration\/"},"modified":"2023-06-28T15:43:48","modified_gmt":"2023-06-28T20:43:48","slug":"refrigeration-commerciale","status":"publish","type":"page","link":"https:\/\/efficiencymb.ca\/fr\/business\/refrigeration-commerciale\/","title":{"rendered":"Programme de r\u00e9frig\u00e9ration commerciale"},"content":{"rendered":"\n<div class=\"wp-block-group is-style-content-columns\"><div class=\"wp-block-group__inner-container is-layout-flow wp-block-group-is-layout-flow\">\n<p class=\"has-text-align-center has-medium-font-size\">Si votre entreprise d\u00e9pend de la r\u00e9frig\u00e9ration, vous \u00eates d\u00e9j\u00e0 confront\u00e9 \u00e0 des factures mensuelles \u00e9lev\u00e9es. Nous pouvons vous aider \u00e0 changer cela. Nos incitatifs financiers \u00e0 la mise \u00e0 niveau des appareils vous aident \u00e0 r\u00e9duire la consommation d\u2019\u00e9nergie et la d\u00e9t\u00e9rioration des produits, ce qui vous permet d\u2019\u00e9conomiser de l\u2019argent chaque mois.<\/p>\n\n\n\n<p class=\"has-text-align-center\"><a aria-label=\" (opens in a new tab)\" href=\"https:\/\/efficiencymb.ca\/wp-content\/uploads\/CR_measure-descriptions_incentives-1.pdf\" target=\"_blank\" rel=\"noreferrer noopener\"><\/a><a href=\"https:\/\/efficiencymb.ca\/wp-content\/uploads\/CR_measure-descriptions_incentives-1.pdf\">Consultez nos incitatifs financiers pour une mise \u00e0 niveau<\/a> <em>(en anglais)<\/em>.<\/p>\n<\/div><\/div>\n\n\n<div class=\"theme-button wp-block-button aligncenter\">\r\n\t<a  class=\"wp-block-button__link has-background no-border-radius button cta button-large\" href=\"https:\/\/efficiencymb.ca\/fr\/business\/refrigeration-commerciale\/remplissez-votre-demande\/\"><strong>FAITES VOTRE DEMANDE D\u00c8S AUJOURD\u2019HUI<\/strong><br>\u00c9CONOMISEZ DE L\u2019\u00c9NERGIE ET DE L\u2019ARGENT<\/a>\r\n<\/div>\n\n\n<figure class=\"wp-block-image size-full slant\"><img loading=\"lazy\" decoding=\"async\" width=\"2000\" height=\"400\" src=\"https:\/\/efficiencymb.ca\/wp-content\/uploads\/bg-two-tone-green@2x.png\" alt=\"\" class=\"wp-image-592\" srcset=\"https:\/\/efficiencymb.ca\/wp-content\/uploads\/bg-two-tone-green@2x.png 2000w, https:\/\/efficiencymb.ca\/wp-content\/uploads\/bg-two-tone-green@2x-479x96.png 479w, https:\/\/efficiencymb.ca\/wp-content\/uploads\/bg-two-tone-green@2x-1024x205.png 1024w, https:\/\/efficiencymb.ca\/wp-content\/uploads\/bg-two-tone-green@2x-768x154.png 768w, https:\/\/efficiencymb.ca\/wp-content\/uploads\/bg-two-tone-green@2x-1536x307.png 1536w\" sizes=\"auto, (max-width: 2000px) 100vw, 2000px\" \/><\/figure>\n\n\n\n<div class=\"wp-block-group has-background\" style=\"background-color:#f4f3f3\"><div class=\"wp-block-group__inner-container is-layout-flow wp-block-group-is-layout-flow\">\n<h2 class=\"wp-block-heading has-text-align-center is-style-hero-heading-grey\" id=\"trois-etapes-simples-pour-participer\">3 \u00c9tapes simples pour participer <\/h2>\n\n\n\n<ol class=\"iconic-list large\">\n<li>\n<h3><strong>PR\u00c9SENTEZ<\/strong> VOTRE DEMANDE<\/h3>\n<p>Assurez-vous d\u2019\u00eatre admissible et <a href=\"\/wp-content\/uploads\/CR_application.pdf\">remplissez votre demande<\/a> <em>(en anglais)<\/em>. Une fois que vous avez re\u00e7u l\u2019approbation pr\u00e9alable, vous pouvez acheter et installer de l\u2019\u00e9quipement \u00e9co\u00e9nerg\u00e9tique.<\/p>\n<\/li>\n<li>\n<h3><strong>ENVOYEZ<\/strong>-NOUS LA FACTURE<\/h3>\n<p>Envoyez-nous vos documents remplis, y compris une <a href=\"\/wp-content\/uploads\/CR_completion_declaration.pdf\">d\u00e9claration d\u2019ach\u00e8vement<\/a> <em>(en anglais)<\/em> ainsi que toutes les factures d\u00e9taill\u00e9es.<\/p>\n<\/li>\n<li>\n<h3><strong>RECEVEZ<\/strong> VOTRE PAIEMENT<\/h3>\n<p>Nous vous enverrons un ch\u00e8que pour couvrir vos d\u00e9penses approuv\u00e9es!<\/p>\n<\/li>\n<\/ol>\n\n\n<div class=\"theme-button wp-block-button aligncenter\">\r\n\t<a  class=\"wp-block-button__link has-background no-border-radius button cta button-large\" href=\"https:\/\/efficiencymb.ca\/fr\/business\/apply-now-bioenergy\/\"><strong>PR\u00c9SENTEZ UNE DEMANDE D\u00c8S AUJOURD\u2019HUI<\/strong><br>\u00c9CONOMISEZ DE L\u2019\u00c9NERGIE ET DE L\u2019ARGENT<\/a>\r\n<\/div>\n\n\n<div style=\"height:30px\" aria-hidden=\"true\" class=\"wp-block-spacer\"><\/div>\n<\/div><\/div>\n\n\n\n<figure class=\"wp-block-image size-full slant\"><img loading=\"lazy\" decoding=\"async\" width=\"2000\" height=\"400\" src=\"https:\/\/efficiencymb.ca\/wp-content\/uploads\/bg-two-tone-green-bottom@2x.png\" alt=\"\" class=\"wp-image-609\" srcset=\"https:\/\/efficiencymb.ca\/wp-content\/uploads\/bg-two-tone-green-bottom@2x.png 2000w, https:\/\/efficiencymb.ca\/wp-content\/uploads\/bg-two-tone-green-bottom@2x-479x96.png 479w, https:\/\/efficiencymb.ca\/wp-content\/uploads\/bg-two-tone-green-bottom@2x-1024x205.png 1024w, https:\/\/efficiencymb.ca\/wp-content\/uploads\/bg-two-tone-green-bottom@2x-768x154.png 768w, https:\/\/efficiencymb.ca\/wp-content\/uploads\/bg-two-tone-green-bottom@2x-1536x307.png 1536w\" sizes=\"auto, (max-width: 2000px) 100vw, 2000px\" \/><\/figure>\n\n\n\n<h2 class=\"wp-block-heading has-text-align-center is-style-hero-heading-grey\" id=\"votre-entreprise-est-admissible-si\">Votre entreprise est admissible si :<\/h2>\n\n\n\n<ul class=\"is-style-large wp-block-list\">\n<li>Vous payez la facture d\u2019\u00e9nergie.<\/li>\n\n\n\n<li>C\u2019est vous qui utilisez l\u2019\u00e9quipement (et non un fournisseur, un fabricant ou un installateur).<\/li>\n\n\n\n<li>Vous utilisez l\u2019\u00e9quipement \u00e0 des fins commerciales.<\/li>\n<\/ul>\n\n\n<div class=\"theme-button wp-block-button aligncenter\">\r\n\t<a  class=\"wp-block-button__link has-background no-border-radius button cta button-large\" href=\"https:\/\/efficiencymb.ca\/fr\/business\/refrigeration-commerciale\/remplissez-votre-demande\/\"><strong>Faites votre demande d\u00e8s aujourd\u2019hui. <\/strong><br>\u00c9conomisez de l\u2019\u00e9nergie et de l\u2019argent.<\/a>\r\n<\/div>\n\n\n<figure class=\"wp-block-image size-full\"><img loading=\"lazy\" decoding=\"async\" width=\"2000\" height=\"400\" src=\"https:\/\/efficiencymb.ca\/wp-content\/uploads\/bg-bottom-only-blue-green@2x.png\" alt=\"\" class=\"wp-image-612\" srcset=\"https:\/\/efficiencymb.ca\/wp-content\/uploads\/bg-bottom-only-blue-green@2x.png 2000w, https:\/\/efficiencymb.ca\/wp-content\/uploads\/bg-bottom-only-blue-green@2x-479x96.png 479w, https:\/\/efficiencymb.ca\/wp-content\/uploads\/bg-bottom-only-blue-green@2x-1024x205.png 1024w, https:\/\/efficiencymb.ca\/wp-content\/uploads\/bg-bottom-only-blue-green@2x-768x154.png 768w, https:\/\/efficiencymb.ca\/wp-content\/uploads\/bg-bottom-only-blue-green@2x-1536x307.png 1536w\" sizes=\"auto, (max-width: 2000px) 100vw, 2000px\" \/><\/figure>\n","protected":false},"excerpt":{"rendered":"<p>Si votre entreprise d\u00e9pend de la r\u00e9frig\u00e9ration, vous \u00eates d\u00e9j\u00e0 confront\u00e9 \u00e0 des factures mensuelles \u00e9lev\u00e9es. Nous pouvons vous aider \u00e0 changer cela. Nos incitatifs financiers \u00e0 la mise \u00e0 niveau des appareils vous aident \u00e0 r\u00e9duire la consommation d\u2019\u00e9nergie et la d\u00e9t\u00e9rioration des produits, ce qui vous permet d\u2019\u00e9conomiser de l\u2019argent chaque mois. Consultezcontinue-reading<\/p>\n","protected":false},"author":10,"featured_media":28112,"parent":13103,"menu_order":0,"comment_status":"closed","ping_status":"closed","template":"","meta":{"_acf_changed":false,"footnotes":""},"class_list":["post-13251","page","type-page","status-publish","has-post-thumbnail","hentry","page_cat-programs"],"acf":[],"yoast_head":"<!-- This site is optimized with the Yoast SEO plugin v27.3 - https:\/\/yoast.com\/product\/yoast-seo-wordpress\/ -->\n<title>Programme de r\u00e9frig\u00e9ration commerciale &#8212; Efficiency Manitoba<\/title>\n<meta name=\"robots\" content=\"index, follow, max-snippet:-1, max-image-preview:large, max-video-preview:-1\" \/>\n<link rel=\"canonical\" href=\"https:\/\/efficiencymb.ca\/fr\/business\/refrigeration-commerciale\/\" \/>\n<meta property=\"og:locale\" content=\"fr_FR\" \/>\n<meta property=\"og:type\" content=\"article\" \/>\n<meta property=\"og:title\" content=\"Programme de r\u00e9frig\u00e9ration commerciale &#8212; Efficiency Manitoba\" \/>\n<meta property=\"og:description\" content=\"Si votre entreprise d\u00e9pend de la r\u00e9frig\u00e9ration, vous \u00eates d\u00e9j\u00e0 confront\u00e9 \u00e0 des factures mensuelles \u00e9lev\u00e9es. Nous pouvons vous aider \u00e0 changer cela. Nos incitatifs financiers \u00e0 la mise \u00e0 niveau des appareils vous aident \u00e0 r\u00e9duire la consommation d\u2019\u00e9nergie et la d\u00e9t\u00e9rioration des produits, ce qui vous permet d\u2019\u00e9conomiser de l\u2019argent chaque mois. Consultezcontinue-reading\" \/>\n<meta property=\"og:url\" content=\"https:\/\/efficiencymb.ca\/fr\/business\/refrigeration-commerciale\/\" \/>\n<meta property=\"og:site_name\" content=\"Efficiency Manitoba\" \/>\n<meta property=\"article:modified_time\" content=\"2023-06-28T20:43:48+00:00\" \/>\n<meta property=\"og:image\" content=\"https:\/\/efficiencymb.ca\/wp-content\/uploads\/GettyImages-1174657664-scaled-e1685109789605.jpg\" \/>\n\t<meta property=\"og:image:width\" content=\"2400\" \/>\n\t<meta property=\"og:image:height\" content=\"1350\" \/>\n\t<meta property=\"og:image:type\" content=\"image\/jpeg\" \/>\n<meta name=\"twitter:card\" content=\"summary_large_image\" \/>\n<meta name=\"twitter:label1\" content=\"Dur\u00e9e de lecture estim\u00e9e\" \/>\n\t<meta name=\"twitter:data1\" content=\"2 minutes\" \/>\n<script type=\"application\/ld+json\" class=\"yoast-schema-graph\">{\"@context\":\"https:\\\/\\\/schema.org\",\"@graph\":[{\"@type\":\"WebPage\",\"@id\":\"https:\\\/\\\/efficiencymb.ca\\\/fr\\\/business\\\/refrigeration-commerciale\\\/\",\"url\":\"https:\\\/\\\/efficiencymb.ca\\\/fr\\\/business\\\/refrigeration-commerciale\\\/\",\"name\":\"Programme de r\u00e9frig\u00e9ration commerciale &#8212; Efficiency Manitoba\",\"isPartOf\":{\"@id\":\"https:\\\/\\\/efficiencymb.ca\\\/#website\"},\"primaryImageOfPage\":{\"@id\":\"https:\\\/\\\/efficiencymb.ca\\\/fr\\\/business\\\/refrigeration-commerciale\\\/#primaryimage\"},\"image\":{\"@id\":\"https:\\\/\\\/efficiencymb.ca\\\/fr\\\/business\\\/refrigeration-commerciale\\\/#primaryimage\"},\"thumbnailUrl\":\"https:\\\/\\\/efficiencymb.ca\\\/wp-content\\\/uploads\\\/GettyImages-1174657664-scaled-e1685109789605.jpg\",\"datePublished\":\"2020-03-18T21:35:02+00:00\",\"dateModified\":\"2023-06-28T20:43:48+00:00\",\"breadcrumb\":{\"@id\":\"https:\\\/\\\/efficiencymb.ca\\\/fr\\\/business\\\/refrigeration-commerciale\\\/#breadcrumb\"},\"inLanguage\":\"fr-FR\",\"potentialAction\":[{\"@type\":\"ReadAction\",\"target\":[\"https:\\\/\\\/efficiencymb.ca\\\/fr\\\/business\\\/refrigeration-commerciale\\\/\"]}]},{\"@type\":\"ImageObject\",\"inLanguage\":\"fr-FR\",\"@id\":\"https:\\\/\\\/efficiencymb.ca\\\/fr\\\/business\\\/refrigeration-commerciale\\\/#primaryimage\",\"url\":\"https:\\\/\\\/efficiencymb.ca\\\/wp-content\\\/uploads\\\/GettyImages-1174657664-scaled-e1685109789605.jpg\",\"contentUrl\":\"https:\\\/\\\/efficiencymb.ca\\\/wp-content\\\/uploads\\\/GettyImages-1174657664-scaled-e1685109789605.jpg\",\"width\":2400,\"height\":1350,\"caption\":\"A mature mixed race Asian and Caucasian woman working in a supermarket. She is standing with arms folded, in the frozen food or refrigerated aisle of the store, smiling at the camera.\"},{\"@type\":\"BreadcrumbList\",\"@id\":\"https:\\\/\\\/efficiencymb.ca\\\/fr\\\/business\\\/refrigeration-commerciale\\\/#breadcrumb\",\"itemListElement\":[{\"@type\":\"ListItem\",\"position\":1,\"name\":\"Home\",\"item\":\"https:\\\/\\\/efficiencymb.ca\\\/fr\\\/\"},{\"@type\":\"ListItem\",\"position\":2,\"name\":\"MON ENTREPRISE\",\"item\":\"https:\\\/\\\/efficiencymb.ca\\\/fr\\\/business\\\/\"},{\"@type\":\"ListItem\",\"position\":3,\"name\":\"Programme de r\u00e9frig\u00e9ration commerciale\"}]},{\"@type\":\"WebSite\",\"@id\":\"https:\\\/\\\/efficiencymb.ca\\\/#website\",\"url\":\"https:\\\/\\\/efficiencymb.ca\\\/\",\"name\":\"Efficiency Manitoba\",\"description\":\"\",\"publisher\":{\"@id\":\"https:\\\/\\\/efficiencymb.ca\\\/#organization\"},\"potentialAction\":[{\"@type\":\"SearchAction\",\"target\":{\"@type\":\"EntryPoint\",\"urlTemplate\":\"https:\\\/\\\/efficiencymb.ca\\\/?s={search_term_string}\"},\"query-input\":{\"@type\":\"PropertyValueSpecification\",\"valueRequired\":true,\"valueName\":\"search_term_string\"}}],\"inLanguage\":\"fr-FR\"},{\"@type\":\"Organization\",\"@id\":\"https:\\\/\\\/efficiencymb.ca\\\/#organization\",\"name\":\"Efficiency Manitoba\",\"url\":\"https:\\\/\\\/efficiencymb.ca\\\/\",\"logo\":{\"@type\":\"ImageObject\",\"inLanguage\":\"fr-FR\",\"@id\":\"https:\\\/\\\/efficiencymb.ca\\\/#\\\/schema\\\/logo\\\/image\\\/\",\"url\":\"https:\\\/\\\/efficiencymb.ca\\\/wp-content\\\/uploads\\\/em-logo-white-en.png\",\"contentUrl\":\"https:\\\/\\\/efficiencymb.ca\\\/wp-content\\\/uploads\\\/em-logo-white-en.png\",\"width\":388,\"height\":91,\"caption\":\"Efficiency Manitoba\"},\"image\":{\"@id\":\"https:\\\/\\\/efficiencymb.ca\\\/#\\\/schema\\\/logo\\\/image\\\/\"}}]}<\/script>\n<!-- \/ Yoast SEO plugin. -->","yoast_head_json":{"title":"Programme de r\u00e9frig\u00e9ration commerciale &#8212; Efficiency Manitoba","robots":{"index":"index","follow":"follow","max-snippet":"max-snippet:-1","max-image-preview":"max-image-preview:large","max-video-preview":"max-video-preview:-1"},"canonical":"https:\/\/efficiencymb.ca\/fr\/business\/refrigeration-commerciale\/","og_locale":"fr_FR","og_type":"article","og_title":"Programme de r\u00e9frig\u00e9ration commerciale &#8212; Efficiency Manitoba","og_description":"Si votre entreprise d\u00e9pend de la r\u00e9frig\u00e9ration, vous \u00eates d\u00e9j\u00e0 confront\u00e9 \u00e0 des factures mensuelles \u00e9lev\u00e9es. Nous pouvons vous aider \u00e0 changer cela. Nos incitatifs financiers \u00e0 la mise \u00e0 niveau des appareils vous aident \u00e0 r\u00e9duire la consommation d\u2019\u00e9nergie et la d\u00e9t\u00e9rioration des produits, ce qui vous permet d\u2019\u00e9conomiser de l\u2019argent chaque mois. Consultezcontinue-reading","og_url":"https:\/\/efficiencymb.ca\/fr\/business\/refrigeration-commerciale\/","og_site_name":"Efficiency Manitoba","article_modified_time":"2023-06-28T20:43:48+00:00","og_image":[{"width":2400,"height":1350,"url":"https:\/\/efficiencymb.ca\/wp-content\/uploads\/GettyImages-1174657664-scaled-e1685109789605.jpg","type":"image\/jpeg"}],"twitter_card":"summary_large_image","twitter_misc":{"Dur\u00e9e de lecture estim\u00e9e":"2 minutes"},"schema":{"@context":"https:\/\/schema.org","@graph":[{"@type":"WebPage","@id":"https:\/\/efficiencymb.ca\/fr\/business\/refrigeration-commerciale\/","url":"https:\/\/efficiencymb.ca\/fr\/business\/refrigeration-commerciale\/","name":"Programme de r\u00e9frig\u00e9ration commerciale &#8212; Efficiency Manitoba","isPartOf":{"@id":"https:\/\/efficiencymb.ca\/#website"},"primaryImageOfPage":{"@id":"https:\/\/efficiencymb.ca\/fr\/business\/refrigeration-commerciale\/#primaryimage"},"image":{"@id":"https:\/\/efficiencymb.ca\/fr\/business\/refrigeration-commerciale\/#primaryimage"},"thumbnailUrl":"https:\/\/efficiencymb.ca\/wp-content\/uploads\/GettyImages-1174657664-scaled-e1685109789605.jpg","datePublished":"2020-03-18T21:35:02+00:00","dateModified":"2023-06-28T20:43:48+00:00","breadcrumb":{"@id":"https:\/\/efficiencymb.ca\/fr\/business\/refrigeration-commerciale\/#breadcrumb"},"inLanguage":"fr-FR","potentialAction":[{"@type":"ReadAction","target":["https:\/\/efficiencymb.ca\/fr\/business\/refrigeration-commerciale\/"]}]},{"@type":"ImageObject","inLanguage":"fr-FR","@id":"https:\/\/efficiencymb.ca\/fr\/business\/refrigeration-commerciale\/#primaryimage","url":"https:\/\/efficiencymb.ca\/wp-content\/uploads\/GettyImages-1174657664-scaled-e1685109789605.jpg","contentUrl":"https:\/\/efficiencymb.ca\/wp-content\/uploads\/GettyImages-1174657664-scaled-e1685109789605.jpg","width":2400,"height":1350,"caption":"A mature mixed race Asian and Caucasian woman working in a supermarket. She is standing with arms folded, in the frozen food or refrigerated aisle of the store, smiling at the camera."},{"@type":"BreadcrumbList","@id":"https:\/\/efficiencymb.ca\/fr\/business\/refrigeration-commerciale\/#breadcrumb","itemListElement":[{"@type":"ListItem","position":1,"name":"Home","item":"https:\/\/efficiencymb.ca\/fr\/"},{"@type":"ListItem","position":2,"name":"MON ENTREPRISE","item":"https:\/\/efficiencymb.ca\/fr\/business\/"},{"@type":"ListItem","position":3,"name":"Programme de r\u00e9frig\u00e9ration commerciale"}]},{"@type":"WebSite","@id":"https:\/\/efficiencymb.ca\/#website","url":"https:\/\/efficiencymb.ca\/","name":"Efficiency Manitoba","description":"","publisher":{"@id":"https:\/\/efficiencymb.ca\/#organization"},"potentialAction":[{"@type":"SearchAction","target":{"@type":"EntryPoint","urlTemplate":"https:\/\/efficiencymb.ca\/?s={search_term_string}"},"query-input":{"@type":"PropertyValueSpecification","valueRequired":true,"valueName":"search_term_string"}}],"inLanguage":"fr-FR"},{"@type":"Organization","@id":"https:\/\/efficiencymb.ca\/#organization","name":"Efficiency Manitoba","url":"https:\/\/efficiencymb.ca\/","logo":{"@type":"ImageObject","inLanguage":"fr-FR","@id":"https:\/\/efficiencymb.ca\/#\/schema\/logo\/image\/","url":"https:\/\/efficiencymb.ca\/wp-content\/uploads\/em-logo-white-en.png","contentUrl":"https:\/\/efficiencymb.ca\/wp-content\/uploads\/em-logo-white-en.png","width":388,"height":91,"caption":"Efficiency Manitoba"},"image":{"@id":"https:\/\/efficiencymb.ca\/#\/schema\/logo\/image\/"}}]}},"_links":{"self":[{"href":"https:\/\/efficiencymb.ca\/fr\/wp-json\/wp\/v2\/pages\/13251","targetHints":{"allow":["GET"]}}],"collection":[{"href":"https:\/\/efficiencymb.ca\/fr\/wp-json\/wp\/v2\/pages"}],"about":[{"href":"https:\/\/efficiencymb.ca\/fr\/wp-json\/wp\/v2\/types\/page"}],"author":[{"embeddable":true,"href":"https:\/\/efficiencymb.ca\/fr\/wp-json\/wp\/v2\/users\/10"}],"replies":[{"embeddable":true,"href":"https:\/\/efficiencymb.ca\/fr\/wp-json\/wp\/v2\/comments?post=13251"}],"version-history":[{"count":23,"href":"https:\/\/efficiencymb.ca\/fr\/wp-json\/wp\/v2\/pages\/13251\/revisions"}],"predecessor-version":[{"id":54691,"href":"https:\/\/efficiencymb.ca\/fr\/wp-json\/wp\/v2\/pages\/13251\/revisions\/54691"}],"up":[{"embeddable":true,"href":"https:\/\/efficiencymb.ca\/fr\/wp-json\/wp\/v2\/pages\/13103"}],"wp:featuredmedia":[{"embeddable":true,"href":"https:\/\/efficiencymb.ca\/fr\/wp-json\/wp\/v2\/media\/28112"}],"wp:attachment":[{"href":"https:\/\/efficiencymb.ca\/fr\/wp-json\/wp\/v2\/media?parent=13251"}],"curies":[{"name":"wp","href":"https:\/\/api.w.org\/{rel}","templated":true}]}}