{"id":13249,"date":"2021-05-18T22:36:06","date_gmt":"2021-05-19T03:36:06","guid":{"rendered":"https:\/\/efficiencymb.ca\/find-a-supplier\/"},"modified":"2025-04-24T08:57:30","modified_gmt":"2025-04-24T13:57:30","slug":"trouver-un-fournisseur","status":"publish","type":"page","link":"https:\/\/efficiencymb.ca\/fr\/trouver-un-fournisseur\/","title":{"rendered":"Trouver un fournisseur"},"content":{"rendered":"\n<div class=\"wp-block-group is-style-content-wide\"><div class=\"wp-block-group__inner-container is-layout-flow wp-block-group-is-layout-flow\">\n<h2 class=\"wp-block-heading has-text-align-center\"><strong><strong>Efficacit\u00e9 Manitoba travaille avec des entrepreneurs, des d\u00e9taillants et des conseillers partout au Manitoba, cr\u00e9ant ainsi des possibilit\u00e9s de croissance \u00e9conomique.<\/strong><\/strong><\/h2>\n\n\n\n<p class=\"has-text-align-center\">Parcourez notre liste de fournisseurs agr\u00e9\u00e9s au Manitoba pour en trouver un dans votre collectivit\u00e9.<\/p>\n\n\n\n<p class=\"has-text-align-center\">Les listes de fournisseurs sont al\u00e9atoires. Vous pouvez effectuer une recherche par technologies et services, ou cliquer sur \u00ab Filtres \u00bb pour effectuer une recherche par nom d&rsquo;entreprise ou code postal afin de trouver un fournisseur pr\u00e8s de chez vous. Si vous souhaitez travailler avec un fournisseur qui ne figure pas sur notre liste, nous pouvons l&rsquo;aider \u00e0 <a href=\"https:\/\/efficiencymb.ca\/fr\/reseau-de-fournisseurs\/\" target=\"_blank\" rel=\"noreferrer noopener\">s\u2019inscrire<\/a>!<\/p>\n\n\n\n<p class=\"has-text-align-center\">Les fournisseurs figurant sur cette liste sont agr\u00e9\u00e9s pour offrir nos programmes \u00e0 leurs clients. Leur inclusion dans cette liste ne constitue pas un endossement de la qualit\u00e9 de leur travail ou de leurs activit\u00e9s par Efficacit\u00e9 Manitoba. Nous recommandons de faire des recherches sur plusieurs fournisseurs et d\u2019obtenir au moins trois estimations. Pour plus de conseils sur la fa\u00e7on d\u2019embaucher un fournisseur, <a href=\"https:\/\/efficiencymb.ca\/fr\/articles\/vous-envisagez-efectuer-des-renovations-dans-votre-maison\/\">consultez cet article utile<\/a>.<\/p>\n\n\n<div class=\"theme-button wp-block-button aligncenter\">\r\n\t<a target=\"_blank\" class=\"wp-block-button__link has-background no-border-radius button cta button-large\" href=\"https:\/\/emsupplier.visiondsm.com\/contractor-search\"><strong>TROUVEZ UN FOURNISSEUR <\/strong><br>PR\u00c8S DE CHEZ VOUS<\/a>\r\n<\/div>\n\n\n<p class=\"has-text-align-center\"><em>(en anglais)<\/em><\/p>\n\n\n\n<p class=\"has-text-align-center\">Si vous participez au <a href=\"https:\/\/efficiencymb.ca\/fr\/ma-maison\/programme-d-aide-a-lefficacite-energetique\/\" target=\"_blank\" rel=\"noreferrer noopener\">Programme d\u2019aide \u00e0 l\u2019efficacit\u00e9 \u00e9nerg\u00e9tique<\/a>, <a href=\"https:\/\/efficiencymb.ca\/fr\/revenu-bases-entrepreneurs\/\">consultez notre liste d\u2019entrepreneurs inscrits au programme<\/a>.<\/p>\n\n\n\n<p class=\"has-text-align-center\">Si vous \u00eates un fournisseur agr\u00e9\u00e9 et que votre entreprise ne figure pas dans la liste, envoyez-nous un <a href=\"mailto:suppliers@efficiencyMB.ca\" target=\"_blank\" rel=\"noreferrer noopener\">courriel<\/a>.<\/p>\n\n\n\n<hr class=\"wp-block-separator has-css-opacity\"\/>\n\n\n<div class=\"theme-button wp-block-button aligncenter\">\r\n\t<a  class=\"wp-block-button__link has-background no-border-radius button cta button-large\" href=\"https:\/\/efficiencymb.ca\/fr\/reseau-de-fournisseurs\/\"><strong>JE SUIS UN FOURNISSEUR<\/strong><\/a>\r\n<\/div>\n\n\n<div style=\"height:100px\" aria-hidden=\"true\" class=\"wp-block-spacer\"><\/div>\n<\/div><\/div>\n\n\n\n<p><\/p>\n","protected":false},"excerpt":{"rendered":"<p>Efficacit\u00e9 Manitoba travaille avec des entrepreneurs, des d\u00e9taillants et des conseillers partout au Manitoba, cr\u00e9ant ainsi des possibilit\u00e9s de croissance \u00e9conomique. Parcourez notre liste de fournisseurs agr\u00e9\u00e9s au Manitoba pour en trouver un dans votre collectivit\u00e9. Les listes de fournisseurs sont al\u00e9atoires. Vous pouvez effectuer une recherche par technologies et services, ou cliquer sur \u00abcontinue-reading<\/p>\n","protected":false},"author":6,"featured_media":3385,"parent":0,"menu_order":0,"comment_status":"closed","ping_status":"closed","template":"","meta":{"_acf_changed":false,"footnotes":""},"class_list":["post-13249","page","type-page","status-publish","has-post-thumbnail","hentry"],"acf":[],"yoast_head":"<!-- This site is optimized with the Yoast SEO plugin v27.3 - https:\/\/yoast.com\/product\/yoast-seo-wordpress\/ -->\n<title>Trouver un fournisseur &#8212; Efficiency Manitoba<\/title>\n<meta name=\"description\" content=\"Consultez notre liste de fournisseurs inscrits au Manitoba pour en trouver un dans votre collectivit\u00e9.\" \/>\n<meta name=\"robots\" content=\"index, follow, max-snippet:-1, max-image-preview:large, max-video-preview:-1\" \/>\n<link rel=\"canonical\" href=\"https:\/\/efficiencymb.ca\/fr\/trouver-un-fournisseur\/\" \/>\n<meta property=\"og:locale\" content=\"fr_FR\" \/>\n<meta property=\"og:type\" content=\"article\" \/>\n<meta property=\"og:title\" content=\"Trouver un fournisseur &#8212; Efficiency Manitoba\" \/>\n<meta property=\"og:description\" content=\"Consultez notre liste de fournisseurs inscrits au Manitoba pour en trouver un dans votre collectivit\u00e9.\" \/>\n<meta property=\"og:url\" content=\"https:\/\/efficiencymb.ca\/fr\/trouver-un-fournisseur\/\" \/>\n<meta property=\"og:site_name\" content=\"Efficiency Manitoba\" \/>\n<meta property=\"article:modified_time\" content=\"2025-04-24T13:57:30+00:00\" \/>\n<meta property=\"og:image\" content=\"https:\/\/efficiencymb.ca\/wp-content\/uploads\/suppliers-banner.jpg\" \/>\n\t<meta property=\"og:image:width\" content=\"2400\" \/>\n\t<meta property=\"og:image:height\" content=\"1350\" \/>\n\t<meta property=\"og:image:type\" content=\"image\/jpeg\" \/>\n<meta name=\"twitter:card\" content=\"summary_large_image\" \/>\n<meta name=\"twitter:label1\" content=\"Dur\u00e9e de lecture estim\u00e9e\" \/>\n\t<meta name=\"twitter:data1\" content=\"2 minutes\" \/>\n<script type=\"application\/ld+json\" class=\"yoast-schema-graph\">{\"@context\":\"https:\\\/\\\/schema.org\",\"@graph\":[{\"@type\":\"WebPage\",\"@id\":\"https:\\\/\\\/efficiencymb.ca\\\/fr\\\/trouver-un-fournisseur\\\/\",\"url\":\"https:\\\/\\\/efficiencymb.ca\\\/fr\\\/trouver-un-fournisseur\\\/\",\"name\":\"Trouver un fournisseur &#8212; Efficiency Manitoba\",\"isPartOf\":{\"@id\":\"https:\\\/\\\/efficiencymb.ca\\\/#website\"},\"primaryImageOfPage\":{\"@id\":\"https:\\\/\\\/efficiencymb.ca\\\/fr\\\/trouver-un-fournisseur\\\/#primaryimage\"},\"image\":{\"@id\":\"https:\\\/\\\/efficiencymb.ca\\\/fr\\\/trouver-un-fournisseur\\\/#primaryimage\"},\"thumbnailUrl\":\"https:\\\/\\\/efficiencymb.ca\\\/wp-content\\\/uploads\\\/suppliers-banner.jpg\",\"datePublished\":\"2021-05-19T03:36:06+00:00\",\"dateModified\":\"2025-04-24T13:57:30+00:00\",\"description\":\"Consultez notre liste de fournisseurs inscrits au Manitoba pour en trouver un dans votre collectivit\u00e9.\",\"breadcrumb\":{\"@id\":\"https:\\\/\\\/efficiencymb.ca\\\/fr\\\/trouver-un-fournisseur\\\/#breadcrumb\"},\"inLanguage\":\"fr-FR\",\"potentialAction\":[{\"@type\":\"ReadAction\",\"target\":[\"https:\\\/\\\/efficiencymb.ca\\\/fr\\\/trouver-un-fournisseur\\\/\"]}]},{\"@type\":\"ImageObject\",\"inLanguage\":\"fr-FR\",\"@id\":\"https:\\\/\\\/efficiencymb.ca\\\/fr\\\/trouver-un-fournisseur\\\/#primaryimage\",\"url\":\"https:\\\/\\\/efficiencymb.ca\\\/wp-content\\\/uploads\\\/suppliers-banner.jpg\",\"contentUrl\":\"https:\\\/\\\/efficiencymb.ca\\\/wp-content\\\/uploads\\\/suppliers-banner.jpg\",\"width\":2400,\"height\":1350,\"caption\":\"Ouvrier devant une bo\u00eete de raccordement\"},{\"@type\":\"BreadcrumbList\",\"@id\":\"https:\\\/\\\/efficiencymb.ca\\\/fr\\\/trouver-un-fournisseur\\\/#breadcrumb\",\"itemListElement\":[{\"@type\":\"ListItem\",\"position\":1,\"name\":\"Home\",\"item\":\"https:\\\/\\\/efficiencymb.ca\\\/fr\\\/\"},{\"@type\":\"ListItem\",\"position\":2,\"name\":\"Trouver un fournisseur\"}]},{\"@type\":\"WebSite\",\"@id\":\"https:\\\/\\\/efficiencymb.ca\\\/#website\",\"url\":\"https:\\\/\\\/efficiencymb.ca\\\/\",\"name\":\"Efficiency Manitoba\",\"description\":\"\",\"publisher\":{\"@id\":\"https:\\\/\\\/efficiencymb.ca\\\/#organization\"},\"potentialAction\":[{\"@type\":\"SearchAction\",\"target\":{\"@type\":\"EntryPoint\",\"urlTemplate\":\"https:\\\/\\\/efficiencymb.ca\\\/?s={search_term_string}\"},\"query-input\":{\"@type\":\"PropertyValueSpecification\",\"valueRequired\":true,\"valueName\":\"search_term_string\"}}],\"inLanguage\":\"fr-FR\"},{\"@type\":\"Organization\",\"@id\":\"https:\\\/\\\/efficiencymb.ca\\\/#organization\",\"name\":\"Efficiency Manitoba\",\"url\":\"https:\\\/\\\/efficiencymb.ca\\\/\",\"logo\":{\"@type\":\"ImageObject\",\"inLanguage\":\"fr-FR\",\"@id\":\"https:\\\/\\\/efficiencymb.ca\\\/#\\\/schema\\\/logo\\\/image\\\/\",\"url\":\"https:\\\/\\\/efficiencymb.ca\\\/wp-content\\\/uploads\\\/em-logo-white-en.png\",\"contentUrl\":\"https:\\\/\\\/efficiencymb.ca\\\/wp-content\\\/uploads\\\/em-logo-white-en.png\",\"width\":388,\"height\":91,\"caption\":\"Efficiency Manitoba\"},\"image\":{\"@id\":\"https:\\\/\\\/efficiencymb.ca\\\/#\\\/schema\\\/logo\\\/image\\\/\"}}]}<\/script>\n<!-- \/ Yoast SEO plugin. -->","yoast_head_json":{"title":"Trouver un fournisseur &#8212; Efficiency Manitoba","description":"Consultez notre liste de fournisseurs inscrits au Manitoba pour en trouver un dans votre collectivit\u00e9.","robots":{"index":"index","follow":"follow","max-snippet":"max-snippet:-1","max-image-preview":"max-image-preview:large","max-video-preview":"max-video-preview:-1"},"canonical":"https:\/\/efficiencymb.ca\/fr\/trouver-un-fournisseur\/","og_locale":"fr_FR","og_type":"article","og_title":"Trouver un fournisseur &#8212; Efficiency Manitoba","og_description":"Consultez notre liste de fournisseurs inscrits au Manitoba pour en trouver un dans votre collectivit\u00e9.","og_url":"https:\/\/efficiencymb.ca\/fr\/trouver-un-fournisseur\/","og_site_name":"Efficiency Manitoba","article_modified_time":"2025-04-24T13:57:30+00:00","og_image":[{"width":2400,"height":1350,"url":"https:\/\/efficiencymb.ca\/wp-content\/uploads\/suppliers-banner.jpg","type":"image\/jpeg"}],"twitter_card":"summary_large_image","twitter_misc":{"Dur\u00e9e de lecture estim\u00e9e":"2 minutes"},"schema":{"@context":"https:\/\/schema.org","@graph":[{"@type":"WebPage","@id":"https:\/\/efficiencymb.ca\/fr\/trouver-un-fournisseur\/","url":"https:\/\/efficiencymb.ca\/fr\/trouver-un-fournisseur\/","name":"Trouver un fournisseur &#8212; Efficiency Manitoba","isPartOf":{"@id":"https:\/\/efficiencymb.ca\/#website"},"primaryImageOfPage":{"@id":"https:\/\/efficiencymb.ca\/fr\/trouver-un-fournisseur\/#primaryimage"},"image":{"@id":"https:\/\/efficiencymb.ca\/fr\/trouver-un-fournisseur\/#primaryimage"},"thumbnailUrl":"https:\/\/efficiencymb.ca\/wp-content\/uploads\/suppliers-banner.jpg","datePublished":"2021-05-19T03:36:06+00:00","dateModified":"2025-04-24T13:57:30+00:00","description":"Consultez notre liste de fournisseurs inscrits au Manitoba pour en trouver un dans votre collectivit\u00e9.","breadcrumb":{"@id":"https:\/\/efficiencymb.ca\/fr\/trouver-un-fournisseur\/#breadcrumb"},"inLanguage":"fr-FR","potentialAction":[{"@type":"ReadAction","target":["https:\/\/efficiencymb.ca\/fr\/trouver-un-fournisseur\/"]}]},{"@type":"ImageObject","inLanguage":"fr-FR","@id":"https:\/\/efficiencymb.ca\/fr\/trouver-un-fournisseur\/#primaryimage","url":"https:\/\/efficiencymb.ca\/wp-content\/uploads\/suppliers-banner.jpg","contentUrl":"https:\/\/efficiencymb.ca\/wp-content\/uploads\/suppliers-banner.jpg","width":2400,"height":1350,"caption":"Ouvrier devant une bo\u00eete de raccordement"},{"@type":"BreadcrumbList","@id":"https:\/\/efficiencymb.ca\/fr\/trouver-un-fournisseur\/#breadcrumb","itemListElement":[{"@type":"ListItem","position":1,"name":"Home","item":"https:\/\/efficiencymb.ca\/fr\/"},{"@type":"ListItem","position":2,"name":"Trouver un fournisseur"}]},{"@type":"WebSite","@id":"https:\/\/efficiencymb.ca\/#website","url":"https:\/\/efficiencymb.ca\/","name":"Efficiency Manitoba","description":"","publisher":{"@id":"https:\/\/efficiencymb.ca\/#organization"},"potentialAction":[{"@type":"SearchAction","target":{"@type":"EntryPoint","urlTemplate":"https:\/\/efficiencymb.ca\/?s={search_term_string}"},"query-input":{"@type":"PropertyValueSpecification","valueRequired":true,"valueName":"search_term_string"}}],"inLanguage":"fr-FR"},{"@type":"Organization","@id":"https:\/\/efficiencymb.ca\/#organization","name":"Efficiency Manitoba","url":"https:\/\/efficiencymb.ca\/","logo":{"@type":"ImageObject","inLanguage":"fr-FR","@id":"https:\/\/efficiencymb.ca\/#\/schema\/logo\/image\/","url":"https:\/\/efficiencymb.ca\/wp-content\/uploads\/em-logo-white-en.png","contentUrl":"https:\/\/efficiencymb.ca\/wp-content\/uploads\/em-logo-white-en.png","width":388,"height":91,"caption":"Efficiency Manitoba"},"image":{"@id":"https:\/\/efficiencymb.ca\/#\/schema\/logo\/image\/"}}]}},"_links":{"self":[{"href":"https:\/\/efficiencymb.ca\/fr\/wp-json\/wp\/v2\/pages\/13249","targetHints":{"allow":["GET"]}}],"collection":[{"href":"https:\/\/efficiencymb.ca\/fr\/wp-json\/wp\/v2\/pages"}],"about":[{"href":"https:\/\/efficiencymb.ca\/fr\/wp-json\/wp\/v2\/types\/page"}],"author":[{"embeddable":true,"href":"https:\/\/efficiencymb.ca\/fr\/wp-json\/wp\/v2\/users\/6"}],"replies":[{"embeddable":true,"href":"https:\/\/efficiencymb.ca\/fr\/wp-json\/wp\/v2\/comments?post=13249"}],"version-history":[{"count":24,"href":"https:\/\/efficiencymb.ca\/fr\/wp-json\/wp\/v2\/pages\/13249\/revisions"}],"predecessor-version":[{"id":75816,"href":"https:\/\/efficiencymb.ca\/fr\/wp-json\/wp\/v2\/pages\/13249\/revisions\/75816"}],"wp:featuredmedia":[{"embeddable":true,"href":"https:\/\/efficiencymb.ca\/fr\/wp-json\/wp\/v2\/media\/3385"}],"wp:attachment":[{"href":"https:\/\/efficiencymb.ca\/fr\/wp-json\/wp\/v2\/media?parent=13249"}],"curies":[{"name":"wp","href":"https:\/\/api.w.org\/{rel}","templated":true}]}}