{"id":13246,"date":"2020-03-20T13:31:39","date_gmt":"2020-03-20T13:31:39","guid":{"rendered":"https:\/\/efficiencymb.ca\/business\/variable-flow-systems\/"},"modified":"2024-10-07T16:22:56","modified_gmt":"2024-10-07T21:22:56","slug":"variable-flow-systems","status":"publish","type":"page","link":"https:\/\/efficiencymb.ca\/fr\/business\/variable-flow-systems\/","title":{"rendered":"Syst\u00e8mes de pompe et de ventilateur \u00e0 d\u00e9bit variable"},"content":{"rendered":"\n<div class=\"wp-block-group is-style-content-wide\"><div class=\"wp-block-group__inner-container is-layout-flow wp-block-group-is-layout-flow\">\n<h2 class=\"wp-block-heading has-text-align-center is-style-hero-heading-grey\" id=\"accroitre-l-efficacite-et-reduire-les-couts-energetiques\">ACCRO\u00ceTRE L\u2019EFFICACIT\u00c9 ET R\u00c9DUIRE LES CO\u00dbTS \u00c9NERG\u00c9TIQUES<\/h2>\n\n\n\n<p class=\"has-text-align-center has-medium-font-size\">Les syst\u00e8mes de pompes et de ventilateurs \u00e0 d\u00e9bit variable peuvent am\u00e9liorer l\u2019efficacit\u00e9 de votre syst\u00e8me de chauffage, de ventilation et de climatisation en r\u00e9glant la vitesse du moteur en fonction de la demande de proc\u00e9d\u00e9 requise.<\/p>\n\n\n\n<h3 class=\"wp-block-heading has-text-align-center is-style-hero-heading-grey\" id=\"avantages-des-systemes-de-pompes-et-de-ventilateurs-a-debit-variable\">AVANTAGES DES SYST\u00c8MES DE POMPES ET DE VENTILATEURS \u00c0 D\u00c9BIT VARIABLE<\/h3>\n\n\n\n<div class=\"wp-block-group is-style-content\"><div class=\"wp-block-group__inner-container is-layout-flow wp-block-group-is-layout-flow\">\n<ul class=\"is-style-small wp-block-list\">\n<li>Ils r\u00e9duisent la consommation d\u2019\u00e9nergie et les co\u00fbts d\u2019exploitation lorsque la r\u00e9duction de la vitesse des moteurs \u00e9lectriques est possible.<\/li>\n\n\n\n<li>Ils font correspondre le rendement du syst\u00e8me et aux exigences de chargement.<\/li>\n\n\n\n<li>Ils prolongent la dur\u00e9e de vie de votre \u00e9quipement.<\/li>\n\n\n\n<li>Ils peuvent r\u00e9duire vos co\u00fbts d\u2019entretien.<\/li>\n<\/ul>\n<\/div><\/div>\n\n\n<div class=\"theme-button wp-block-button aligncenter\">\r\n\t<a  class=\"wp-block-button__link has-background no-border-radius button cta button-large\" href=\"https:\/\/efficiencymb.ca\/fr\/trouver-un-fournisseur\/\"><strong>COMMUNIQUEZ D\u00c8S AUJOURD\u2019HUI AVEC VOTRE<\/strong><br>ENTREPRENEUR EN CHAUFFAGE, VENTILATION ET CLIMATISATION<\/a>\r\n<\/div>\n\n\n<div style=\"height:50px\" aria-hidden=\"true\" class=\"wp-block-spacer\"><\/div>\n\n\n\n<h2 class=\"wp-block-heading has-text-align-center is-style-hero-heading\" id=\"remises-offertes\">REMISES OFFERTES<\/h2>\n\n\n\n<h4 class=\"wp-block-heading has-text-align-center is-style-hero-heading-grey\" id=\"frequency-drives\">M\u00c9CANISMES D\u2019ENTRA\u00ceNEMENT \u00c0 FR\u00c9QUENCE VARIABLE UTILIS\u00c9S AVEC LES MOTEURS D\u2019INVERSION \u00c0 INDUCTION \u00c0 ALIMENTATION PAR ONDULEUR<\/h4>\n\n\n\n<ul class=\"is-style-small wp-block-list\">\n<li><strong><strong>50&nbsp;$ par HP&nbsp;<\/strong><\/strong><br>pour les ventilateurs jusqu\u2019\u00e0 100&nbsp;HP<\/li>\n\n\n\n<li><strong><strong>70&nbsp;$ par HP&nbsp;<\/strong><\/strong><br>pour des pompes allant jusqu\u2019\u00e0 100&nbsp;HP<\/li>\n<\/ul>\n\n\n\n<h4 class=\"wp-block-heading has-text-align-center is-style-hero-heading-grey\" id=\"moteurs-a-aimant-permanent-a-vitesse-variable\">MOTEURS \u00c0 AIMANT PERMANENT \u00c0 VITESSE VARIABLE<\/h4>\n\n\n\n<ul class=\"is-style-small wp-block-list\">\n<li><strong><strong>70&nbsp;$ par HP&nbsp;<\/strong><\/strong><br>pour les ventilateurs jusqu\u2019\u00e0 100&nbsp;HP<\/li>\n\n\n\n<li><strong><strong>100&nbsp;$ par HP<\/strong><\/strong><br>pour des pompes allant jusqu\u2019\u00e0 100&nbsp;HP<\/li>\n<\/ul>\n\n\n\n<div style=\"height:100px\" aria-hidden=\"true\" class=\"wp-block-spacer\"><\/div>\n\n\n\n<h2 class=\"wp-block-heading has-text-align-center is-style-hero-heading\" id=\"etes-vous-admissible\">\u00caTES-VOUS ADMISSIBLE?<\/h2>\n\n\n\n<ul class=\"wp-block-list\">\n<li>Vous devez pr\u00e9senter une demande et obtenir l\u2019approbation avant de commander l\u2019\u00e9quipement et de commencer les travaux.<\/li>\n\n\n\n<li>L\u2019installation est un projet de r\u00e9novation.<\/li>\n\n\n\n<li>L\u2019\u00e9quipement est destin\u00e9 \u00e0 un syst\u00e8me de&nbsp;chauffage, de ventilation et de climatisation commercial ou agricole.<\/li>\n\n\n\n<li>Les syst\u00e8mes de pompes et de ventilateurs \u00e0 d\u00e9bit variable sont&nbsp;:\n<ul class=\"wp-block-list\">\n<li>de 100&nbsp;HP ou moins;<\/li>\n\n\n\n<li>install\u00e9s de fa\u00e7on permanente;<\/li>\n\n\n\n<li>utilis\u00e9s pour des projets de ventilation ou de pompage;<\/li>\n\n\n\n<li>appliqu\u00e9s \u00e0 des projets \u00e0 flux variable.<\/li>\n<\/ul>\n<\/li>\n<\/ul>\n\n\n\n<p class=\"has-text-align-center\"> <\/p>\n\n\n\n<div style=\"height:100px\" aria-hidden=\"true\" class=\"wp-block-spacer\"><\/div>\n<\/div><\/div>\n\n\n\n<figure class=\"wp-block-image size-full slant\"><img loading=\"lazy\" decoding=\"async\" width=\"2000\" height=\"400\" src=\"https:\/\/efficiencymb.ca\/wp-content\/uploads\/bg-two-tone-green@2x.png\" alt=\"\" class=\"wp-image-592\" srcset=\"https:\/\/efficiencymb.ca\/wp-content\/uploads\/bg-two-tone-green@2x.png 2000w, https:\/\/efficiencymb.ca\/wp-content\/uploads\/bg-two-tone-green@2x-479x96.png 479w, https:\/\/efficiencymb.ca\/wp-content\/uploads\/bg-two-tone-green@2x-1024x205.png 1024w, https:\/\/efficiencymb.ca\/wp-content\/uploads\/bg-two-tone-green@2x-768x154.png 768w, https:\/\/efficiencymb.ca\/wp-content\/uploads\/bg-two-tone-green@2x-1536x307.png 1536w\" sizes=\"auto, (max-width: 2000px) 100vw, 2000px\" \/><\/figure>\n\n\n\n<div class=\"wp-block-group is-style-default has-background\" style=\"background-color:#f4f3f3\"><div class=\"wp-block-group__inner-container is-layout-flow wp-block-group-is-layout-flow\">\n<div style=\"height:50px\" aria-hidden=\"true\" class=\"wp-block-spacer\"><\/div>\n\n\n\n<h2 class=\"wp-block-heading has-text-align-center is-style-hero-heading\" id=\"comment-participer\">Comment participer<\/h2>\n\n\n\n<ol class=\"iconic-list large\">\n<li>\n<h3><strong>PR\u00c9SENTEZ <\/strong>UNE DEMANDE PAR L\u2019ENTREMISE D\u2019UN ENTREPRENEUR AGR\u00c9\u00c9<\/h3>\n<p>Votre entrepreneur \u00e9valuera votre installation et vous aidera \u00e0 choisir le syst\u00e8me de pompes et de ventilateurs \u00e0 d\u00e9bit variable qui convient le mieux \u00e0 vos besoins. Pr\u00e9sentez une demande par l\u2019entremise de votre entrepreneur avant l\u2019achat ou l\u2019installation de l\u2019\u00e9quipement \u00e0 l\u2019aide du <a href=\"https:\/\/efficiencymb.ca\/business\/variable-flow-systems\/apply-now\/\">formulaire de demande de l\u2019entrepreneur en chauffage, ventilation et climatisation <\/a>(en anglais).<\/p>\n<\/li>\n<li>\n<h3><strong>FAITES <\/strong>INSTALLER VOTRE SYST\u00c8ME<\/h3>\n<p>Une fois que vous avez re\u00e7u l\u2019approbation par l\u2019entremise de votre entrepreneur, vous pouvez lancer le projet!<\/p>\n<\/li>\n<li>\n<h3><strong>COMMENCEZ<\/strong> \u00c0 \u00c9CONOMISER<\/h3>\n<p>Une fois que votre \u00e9quipement est install\u00e9 conform\u00e9ment aux exigences du Code canadien de l\u2019\u00e9lectricit\u00e9 et que les inspections finales sont satisfaisantes, envoyez-nous votre formulaire de d\u00e9claration d\u2019ach\u00e8vement et la documentation relative aux permis obtenus pour les travaux. Nous vous enverrons ensuite votre remise.<br><a href=\"https:\/\/efficiencymb.ca\/fr\/efficiency_manitoba_hvac_controls_completion_declaration-2\/\">Formulaire de d\u00e9claration d\u2019ach\u00e8vement des travaux (PDF)<\/a> (en anglais)<\/p>\n<\/li>\n<\/ol>\n\n\n<div class=\"theme-button wp-block-button aligncenter\">\r\n\t<a  class=\"wp-block-button__link has-background no-border-radius button cta button-large\" href=\"https:\/\/efficiencymb.ca\/fr\/trouver-un-fournisseur\/\"><strong>COMMUNIQUEZ D\u00c8S AUJOURD\u2019HUI AVEC VOTRE <\/strong><br>ENTREPRENEUR EN CHAUFFAGE, VENTILATION ET CLIMATISATION<\/a>\r\n<\/div>\n\n\n<div style=\"height:50px\" aria-hidden=\"true\" class=\"wp-block-spacer\"><\/div>\n<\/div><\/div>\n","protected":false},"excerpt":{"rendered":"<p>ACCRO\u00ceTRE L\u2019EFFICACIT\u00c9 ET R\u00c9DUIRE LES CO\u00dbTS \u00c9NERG\u00c9TIQUES Les syst\u00e8mes de pompes et de ventilateurs \u00e0 d\u00e9bit variable peuvent am\u00e9liorer l\u2019efficacit\u00e9 de votre syst\u00e8me de chauffage, de ventilation et de climatisation en r\u00e9glant la vitesse du moteur en fonction de la demande de proc\u00e9d\u00e9 requise. AVANTAGES DES SYST\u00c8MES DE POMPES ET DE VENTILATEURS \u00c0 D\u00c9BIT VARIABLEcontinue-reading<\/p>\n","protected":false},"author":10,"featured_media":3769,"parent":13103,"menu_order":0,"comment_status":"closed","ping_status":"closed","template":"","meta":{"_acf_changed":false,"footnotes":""},"class_list":["post-13246","page","type-page","status-publish","has-post-thumbnail","hentry","page_cat-programs"],"acf":[],"yoast_head":"<!-- This site is optimized with the Yoast SEO plugin v27.3 - https:\/\/yoast.com\/product\/yoast-seo-wordpress\/ -->\n<title>Syst\u00e8mes de pompe et de ventilateur \u00e0 d\u00e9bit variable &#8212; Efficiency Manitoba<\/title>\n<meta name=\"description\" content=\"Remises pour l&#039;installation de syst\u00e8mes de pompes et de ventilateurs \u00e0 d\u00e9bit variable admissibles et efficaces sur le plan \u00e9nerg\u00e9tique.\" \/>\n<meta name=\"robots\" content=\"index, follow, max-snippet:-1, max-image-preview:large, max-video-preview:-1\" \/>\n<link rel=\"canonical\" href=\"https:\/\/efficiencymb.ca\/fr\/business\/variable-flow-systems\/\" \/>\n<meta property=\"og:locale\" content=\"fr_FR\" \/>\n<meta property=\"og:type\" content=\"article\" \/>\n<meta property=\"og:title\" content=\"Syst\u00e8mes de pompe et de ventilateur \u00e0 d\u00e9bit variable &#8212; Efficiency Manitoba\" \/>\n<meta property=\"og:description\" content=\"Remises pour l&#039;installation de syst\u00e8mes de pompes et de ventilateurs \u00e0 d\u00e9bit variable admissibles et efficaces sur le plan \u00e9nerg\u00e9tique.\" \/>\n<meta property=\"og:url\" content=\"https:\/\/efficiencymb.ca\/fr\/business\/variable-flow-systems\/\" \/>\n<meta property=\"og:site_name\" content=\"Efficiency Manitoba\" \/>\n<meta property=\"article:modified_time\" content=\"2024-10-07T21:22:56+00:00\" \/>\n<meta property=\"og:image\" content=\"https:\/\/efficiencymb.ca\/wp-content\/uploads\/HVAC-VFD-banner-2.jpg\" \/>\n\t<meta property=\"og:image:width\" content=\"1200\" \/>\n\t<meta property=\"og:image:height\" content=\"675\" \/>\n\t<meta property=\"og:image:type\" content=\"image\/jpeg\" \/>\n<meta name=\"twitter:card\" content=\"summary_large_image\" \/>\n<meta name=\"twitter:label1\" content=\"Dur\u00e9e de lecture estim\u00e9e\" \/>\n\t<meta name=\"twitter:data1\" content=\"3 minutes\" \/>\n<script type=\"application\/ld+json\" class=\"yoast-schema-graph\">{\"@context\":\"https:\\\/\\\/schema.org\",\"@graph\":[{\"@type\":\"WebPage\",\"@id\":\"https:\\\/\\\/efficiencymb.ca\\\/fr\\\/business\\\/variable-flow-systems\\\/\",\"url\":\"https:\\\/\\\/efficiencymb.ca\\\/fr\\\/business\\\/variable-flow-systems\\\/\",\"name\":\"Syst\u00e8mes de pompe et de ventilateur \u00e0 d\u00e9bit variable &#8212; Efficiency Manitoba\",\"isPartOf\":{\"@id\":\"https:\\\/\\\/efficiencymb.ca\\\/#website\"},\"primaryImageOfPage\":{\"@id\":\"https:\\\/\\\/efficiencymb.ca\\\/fr\\\/business\\\/variable-flow-systems\\\/#primaryimage\"},\"image\":{\"@id\":\"https:\\\/\\\/efficiencymb.ca\\\/fr\\\/business\\\/variable-flow-systems\\\/#primaryimage\"},\"thumbnailUrl\":\"https:\\\/\\\/efficiencymb.ca\\\/wp-content\\\/uploads\\\/HVAC-VFD-banner-2.jpg\",\"datePublished\":\"2020-03-20T13:31:39+00:00\",\"dateModified\":\"2024-10-07T21:22:56+00:00\",\"description\":\"Remises pour l'installation de syst\u00e8mes de pompes et de ventilateurs \u00e0 d\u00e9bit variable admissibles et efficaces sur le plan \u00e9nerg\u00e9tique.\",\"breadcrumb\":{\"@id\":\"https:\\\/\\\/efficiencymb.ca\\\/fr\\\/business\\\/variable-flow-systems\\\/#breadcrumb\"},\"inLanguage\":\"fr-FR\",\"potentialAction\":[{\"@type\":\"ReadAction\",\"target\":[\"https:\\\/\\\/efficiencymb.ca\\\/fr\\\/business\\\/variable-flow-systems\\\/\"]}]},{\"@type\":\"ImageObject\",\"inLanguage\":\"fr-FR\",\"@id\":\"https:\\\/\\\/efficiencymb.ca\\\/fr\\\/business\\\/variable-flow-systems\\\/#primaryimage\",\"url\":\"https:\\\/\\\/efficiencymb.ca\\\/wp-content\\\/uploads\\\/HVAC-VFD-banner-2.jpg\",\"contentUrl\":\"https:\\\/\\\/efficiencymb.ca\\\/wp-content\\\/uploads\\\/HVAC-VFD-banner-2.jpg\",\"width\":1200,\"height\":675,\"caption\":\"CVC et dispositifs de commande\"},{\"@type\":\"BreadcrumbList\",\"@id\":\"https:\\\/\\\/efficiencymb.ca\\\/fr\\\/business\\\/variable-flow-systems\\\/#breadcrumb\",\"itemListElement\":[{\"@type\":\"ListItem\",\"position\":1,\"name\":\"Home\",\"item\":\"https:\\\/\\\/efficiencymb.ca\\\/fr\\\/\"},{\"@type\":\"ListItem\",\"position\":2,\"name\":\"MON ENTREPRISE\",\"item\":\"https:\\\/\\\/efficiencymb.ca\\\/fr\\\/business\\\/\"},{\"@type\":\"ListItem\",\"position\":3,\"name\":\"Syst\u00e8mes de pompe et de ventilateur \u00e0 d\u00e9bit variable\"}]},{\"@type\":\"WebSite\",\"@id\":\"https:\\\/\\\/efficiencymb.ca\\\/#website\",\"url\":\"https:\\\/\\\/efficiencymb.ca\\\/\",\"name\":\"Efficiency Manitoba\",\"description\":\"\",\"publisher\":{\"@id\":\"https:\\\/\\\/efficiencymb.ca\\\/#organization\"},\"potentialAction\":[{\"@type\":\"SearchAction\",\"target\":{\"@type\":\"EntryPoint\",\"urlTemplate\":\"https:\\\/\\\/efficiencymb.ca\\\/?s={search_term_string}\"},\"query-input\":{\"@type\":\"PropertyValueSpecification\",\"valueRequired\":true,\"valueName\":\"search_term_string\"}}],\"inLanguage\":\"fr-FR\"},{\"@type\":\"Organization\",\"@id\":\"https:\\\/\\\/efficiencymb.ca\\\/#organization\",\"name\":\"Efficiency Manitoba\",\"url\":\"https:\\\/\\\/efficiencymb.ca\\\/\",\"logo\":{\"@type\":\"ImageObject\",\"inLanguage\":\"fr-FR\",\"@id\":\"https:\\\/\\\/efficiencymb.ca\\\/#\\\/schema\\\/logo\\\/image\\\/\",\"url\":\"https:\\\/\\\/efficiencymb.ca\\\/wp-content\\\/uploads\\\/em-logo-white-en.png\",\"contentUrl\":\"https:\\\/\\\/efficiencymb.ca\\\/wp-content\\\/uploads\\\/em-logo-white-en.png\",\"width\":388,\"height\":91,\"caption\":\"Efficiency Manitoba\"},\"image\":{\"@id\":\"https:\\\/\\\/efficiencymb.ca\\\/#\\\/schema\\\/logo\\\/image\\\/\"}}]}<\/script>\n<!-- \/ Yoast SEO plugin. -->","yoast_head_json":{"title":"Syst\u00e8mes de pompe et de ventilateur \u00e0 d\u00e9bit variable &#8212; Efficiency Manitoba","description":"Remises pour l'installation de syst\u00e8mes de pompes et de ventilateurs \u00e0 d\u00e9bit variable admissibles et efficaces sur le plan \u00e9nerg\u00e9tique.","robots":{"index":"index","follow":"follow","max-snippet":"max-snippet:-1","max-image-preview":"max-image-preview:large","max-video-preview":"max-video-preview:-1"},"canonical":"https:\/\/efficiencymb.ca\/fr\/business\/variable-flow-systems\/","og_locale":"fr_FR","og_type":"article","og_title":"Syst\u00e8mes de pompe et de ventilateur \u00e0 d\u00e9bit variable &#8212; Efficiency Manitoba","og_description":"Remises pour l'installation de syst\u00e8mes de pompes et de ventilateurs \u00e0 d\u00e9bit variable admissibles et efficaces sur le plan \u00e9nerg\u00e9tique.","og_url":"https:\/\/efficiencymb.ca\/fr\/business\/variable-flow-systems\/","og_site_name":"Efficiency Manitoba","article_modified_time":"2024-10-07T21:22:56+00:00","og_image":[{"width":1200,"height":675,"url":"https:\/\/efficiencymb.ca\/wp-content\/uploads\/HVAC-VFD-banner-2.jpg","type":"image\/jpeg"}],"twitter_card":"summary_large_image","twitter_misc":{"Dur\u00e9e de lecture estim\u00e9e":"3 minutes"},"schema":{"@context":"https:\/\/schema.org","@graph":[{"@type":"WebPage","@id":"https:\/\/efficiencymb.ca\/fr\/business\/variable-flow-systems\/","url":"https:\/\/efficiencymb.ca\/fr\/business\/variable-flow-systems\/","name":"Syst\u00e8mes de pompe et de ventilateur \u00e0 d\u00e9bit variable &#8212; Efficiency Manitoba","isPartOf":{"@id":"https:\/\/efficiencymb.ca\/#website"},"primaryImageOfPage":{"@id":"https:\/\/efficiencymb.ca\/fr\/business\/variable-flow-systems\/#primaryimage"},"image":{"@id":"https:\/\/efficiencymb.ca\/fr\/business\/variable-flow-systems\/#primaryimage"},"thumbnailUrl":"https:\/\/efficiencymb.ca\/wp-content\/uploads\/HVAC-VFD-banner-2.jpg","datePublished":"2020-03-20T13:31:39+00:00","dateModified":"2024-10-07T21:22:56+00:00","description":"Remises pour l'installation de syst\u00e8mes de pompes et de ventilateurs \u00e0 d\u00e9bit variable admissibles et efficaces sur le plan \u00e9nerg\u00e9tique.","breadcrumb":{"@id":"https:\/\/efficiencymb.ca\/fr\/business\/variable-flow-systems\/#breadcrumb"},"inLanguage":"fr-FR","potentialAction":[{"@type":"ReadAction","target":["https:\/\/efficiencymb.ca\/fr\/business\/variable-flow-systems\/"]}]},{"@type":"ImageObject","inLanguage":"fr-FR","@id":"https:\/\/efficiencymb.ca\/fr\/business\/variable-flow-systems\/#primaryimage","url":"https:\/\/efficiencymb.ca\/wp-content\/uploads\/HVAC-VFD-banner-2.jpg","contentUrl":"https:\/\/efficiencymb.ca\/wp-content\/uploads\/HVAC-VFD-banner-2.jpg","width":1200,"height":675,"caption":"CVC et dispositifs de commande"},{"@type":"BreadcrumbList","@id":"https:\/\/efficiencymb.ca\/fr\/business\/variable-flow-systems\/#breadcrumb","itemListElement":[{"@type":"ListItem","position":1,"name":"Home","item":"https:\/\/efficiencymb.ca\/fr\/"},{"@type":"ListItem","position":2,"name":"MON ENTREPRISE","item":"https:\/\/efficiencymb.ca\/fr\/business\/"},{"@type":"ListItem","position":3,"name":"Syst\u00e8mes de pompe et de ventilateur \u00e0 d\u00e9bit variable"}]},{"@type":"WebSite","@id":"https:\/\/efficiencymb.ca\/#website","url":"https:\/\/efficiencymb.ca\/","name":"Efficiency Manitoba","description":"","publisher":{"@id":"https:\/\/efficiencymb.ca\/#organization"},"potentialAction":[{"@type":"SearchAction","target":{"@type":"EntryPoint","urlTemplate":"https:\/\/efficiencymb.ca\/?s={search_term_string}"},"query-input":{"@type":"PropertyValueSpecification","valueRequired":true,"valueName":"search_term_string"}}],"inLanguage":"fr-FR"},{"@type":"Organization","@id":"https:\/\/efficiencymb.ca\/#organization","name":"Efficiency Manitoba","url":"https:\/\/efficiencymb.ca\/","logo":{"@type":"ImageObject","inLanguage":"fr-FR","@id":"https:\/\/efficiencymb.ca\/#\/schema\/logo\/image\/","url":"https:\/\/efficiencymb.ca\/wp-content\/uploads\/em-logo-white-en.png","contentUrl":"https:\/\/efficiencymb.ca\/wp-content\/uploads\/em-logo-white-en.png","width":388,"height":91,"caption":"Efficiency Manitoba"},"image":{"@id":"https:\/\/efficiencymb.ca\/#\/schema\/logo\/image\/"}}]}},"_links":{"self":[{"href":"https:\/\/efficiencymb.ca\/fr\/wp-json\/wp\/v2\/pages\/13246","targetHints":{"allow":["GET"]}}],"collection":[{"href":"https:\/\/efficiencymb.ca\/fr\/wp-json\/wp\/v2\/pages"}],"about":[{"href":"https:\/\/efficiencymb.ca\/fr\/wp-json\/wp\/v2\/types\/page"}],"author":[{"embeddable":true,"href":"https:\/\/efficiencymb.ca\/fr\/wp-json\/wp\/v2\/users\/10"}],"replies":[{"embeddable":true,"href":"https:\/\/efficiencymb.ca\/fr\/wp-json\/wp\/v2\/comments?post=13246"}],"version-history":[{"count":25,"href":"https:\/\/efficiencymb.ca\/fr\/wp-json\/wp\/v2\/pages\/13246\/revisions"}],"predecessor-version":[{"id":55431,"href":"https:\/\/efficiencymb.ca\/fr\/wp-json\/wp\/v2\/pages\/13246\/revisions\/55431"}],"up":[{"embeddable":true,"href":"https:\/\/efficiencymb.ca\/fr\/wp-json\/wp\/v2\/pages\/13103"}],"wp:featuredmedia":[{"embeddable":true,"href":"https:\/\/efficiencymb.ca\/fr\/wp-json\/wp\/v2\/media\/3769"}],"wp:attachment":[{"href":"https:\/\/efficiencymb.ca\/fr\/wp-json\/wp\/v2\/media?parent=13246"}],"curies":[{"name":"wp","href":"https:\/\/api.w.org\/{rel}","templated":true}]}}