{"id":13221,"date":"2021-05-18T22:19:53","date_gmt":"2021-05-19T03:19:53","guid":{"rendered":"https:\/\/efficiencymb.ca\/supplier-network\/"},"modified":"2026-03-24T12:08:46","modified_gmt":"2026-03-24T17:08:46","slug":"reseau-de-fournisseurs","status":"publish","type":"page","link":"https:\/\/efficiencymb.ca\/fr\/reseau-de-fournisseurs\/","title":{"rendered":"R\u00e9seau de fournisseurs"},"content":{"rendered":"\n<div class=\"wp-block-group is-style-content-wide\"><div class=\"wp-block-group__inner-container is-layout-flow wp-block-group-is-layout-flow\">\n<p class=\"has-text-align-center\">Efficacit\u00e9 Manitoba soutient l\u2019\u00e9conomie du Manitoba. Les programmes et les offres d\u2019efficacit\u00e9 \u00e9nerg\u00e9tique cr\u00e9ent des possibilit\u00e9s pour les m\u00e9tiers sp\u00e9cialis\u00e9s, les conseillers et conseill\u00e8res en \u00e9nergie et les collectivit\u00e9s. En fait, 87&nbsp;% de notre budget annuel sera remis \u00e0 la population manitobaine sous forme de mesures incitatives pour les clients et clientes et de collaboration avec des partenaires de prestation de services d\u2019efficacit\u00e9 \u00e9nerg\u00e9tique. La croissance \u00e9conomique est ainsi plus propre et plus productive.<\/p>\n\n\n\n<p class=\"has-text-align-center\">Que vous soyez entrepreneur, d\u00e9taillant ou consultant, nous pouvons collaborer avec vous pour offrir des programmes d\u2019efficacit\u00e9 \u00e9nerg\u00e9tique \u00e0 votre client\u00e8le. Vous pouvez proposer nos programmes d\u2019efficacit\u00e9 \u00e9nerg\u00e9tique \u00e0 votre client\u00e8le en adh\u00e9rant \u00e0 notre r\u00e9seau de fournisseurs.<\/p>\n\n\n\n<h2 class=\"wp-block-heading has-text-align-center is-style-hero-heading-grey\" id=\"l-adhesion-a-notre-reseau-de-fournisseurs-presente-plusieurs-avantages\">L\u2019ADH\u00c9SION \u00c0 NOTRE R\u00c9SEAU DE FOURNISSEURS COMPORTE PLUSIEURS AVANTAGES :<\/h2>\n\n\n\n<ul class=\"wp-block-list is-style-small\">\n<li>L\u2019inscription et la participation sont gratuites!<\/li>\n\n\n\n<li>Vous serez agr\u00e9\u00e9 pour offrir nos programmes d\u2019efficacit\u00e9 \u00e9nerg\u00e9tique, ce qui aidera votre client\u00e8le \u00e0 \u00e9conomiser de l\u2019\u00e9nergie et de l\u2019argent.<\/li>\n\n\n\n<li>Vous figurerez dans notre r\u00e9pertoire de fournisseurs en ligne, ce qui donnera plus de visibilit\u00e9 \u00e0 votre entreprise aupr\u00e8s de la population manitobaine.<\/li>\n\n\n\n<li>Vous pouvez promouvoir nos programmes d\u2019efficacit\u00e9 \u00e9nerg\u00e9tique dans votre publicit\u00e9.<\/li>\n\n\n\n<li>Vous aurez acc\u00e8s aux possibilit\u00e9s de formation et au mat\u00e9riel offert par notre \u00e9quipe d\u2019experts.<\/li>\n<\/ul>\n\n\n<div class=\"theme-button wp-block-button aligncenter\">\r\n\t<a  class=\"wp-block-button__link has-background no-border-radius button cta button-large\" href=\"https:\/\/emsupplier.visiondsm.com\/programapplication\/?ft=84E936ACCB494288BBCFEEF70261391C\"><strong>ADH\u00c9REZ \u00c0 NOTRE<\/strong><br>R\u00c9SEAU DE FOURNISSEURS<\/a>\r\n<\/div>\n\n\n<p class=\"has-text-align-center\"><em>(en anglais)<\/em><\/p>\n\n\n\n<p class=\"has-text-align-center\">Le&nbsp;<a href=\"https:\/\/efficiencymb.ca\/fr\/ma-maison\/programme-d-aide-a-lefficacite-energetique\/\">Programme d\u2019aide \u00e0 l\u2019efficacit\u00e9 \u00e9nerg\u00e9tique<\/a>&nbsp;et les&nbsp;<a href=\"https:\/\/efficiencymb.ca\/fr\/ma-maison\/offres-defficacite-energetique-pour-les-metis\/\">offres d\u2019efficacit\u00e9 \u00e9nerg\u00e9tique pour les M\u00e9tis<\/a>&nbsp;comportent un processus unique de pr\u00e9qualification des fournisseurs. Si vous souhaitez en savoir plus sur ce processus, <a href=\"mailto:eeap@efficiencyMB.ca\">envoyez-nous un courriel<\/a>.<\/p>\n\n\n\n<div style=\"height:100px\" aria-hidden=\"true\" class=\"wp-block-spacer\"><\/div>\n\n\n\n<h2 class=\"wp-block-heading has-text-align-center is-style-hero-heading-grey\" id=\"documentation-pour-les-programmes\"><strong>INSCRIVEZ-VOUS AU D\u00c9P\u00d4T DIRECT<\/strong><\/h2>\n\n\n\n<p class=\"has-text-align-center\">Comme vous \u00eates un fournisseur agr\u00e9\u00e9 aupr\u00e8s d\u2019Efficacit\u00e9 Manitoba, nous savons que la protection de l\u2019environnement est aussi importante pour vous que pour nous. <strong>C\u2019est pourquoi nous encourageons les fournisseurs et les entrepreneurs qui re\u00e7oivent des paiements de notre part \u00e0 s\u2019inscrire au d\u00e9p\u00f4t direct.<\/strong><\/p>\n\n\n\n<p class=\"has-text-align-center\">Le d\u00e9p\u00f4t direct est un moyen rapide, s\u00e9curitaire et pratique de transf\u00e9rer des fonds par voie \u00e9lectronique et de r\u00e9duire notre empreinte carbone collective.<\/p>\n\n\n<div class=\"theme-button wp-block-button aligncenter\">\r\n\t<a  class=\"wp-block-button__link has-background no-border-radius button cta button-large\" href=\"https:\/\/efficiencymb.ca\/wp-content\/uploads\/Efficiency-Manitoba-Direct-Deposit-Form.pdf\"><strong>COMMUNIQUEZ AVEC NOUS POUR <\/strong><br>VOUS INSCRIRE AU D\u00c9P\u00d4T DIRECT<\/a>\r\n<\/div>\n\n\n<p class=\"has-text-align-center\"><em>(en anglais)<\/em><\/p>\n\n\n\n<h2 class=\"wp-block-heading has-text-align-center is-style-hero-heading-grey\" id=\"lignes-directrices-sur-la-publicite\"><strong>MAT\u00c9RIEL SUR LES PROGRAMMES<\/strong><\/h2>\n\n\n\n<p class=\"has-text-align-center\">Nous fournissons \u00e0 nos fournisseurs agr\u00e9\u00e9s du mat\u00e9riel sur les programmes d\u2019efficacit\u00e9 \u00e9nerg\u00e9tique, y compris des articles promotionnels et des formulaires de demande. Vous pouvez commander du mat\u00e9riel en utilisant notre formulaire de demande en ligne.<\/p>\n\n\n<div class=\"theme-button wp-block-button aligncenter\">\r\n\t<a  class=\"wp-block-button__link has-background no-border-radius button cta button-large\" href=\"https:\/\/efficiencymb.ca\/supplier-toolkit\/\"><strong>DEMANDEZ DU MAT\u00c9RIEL<\/strong><\/a>\r\n<\/div>\n\n\n<p class=\"has-text-align-center\"><em>(en anglais)<\/em><\/p>\n\n\n\n<h2 class=\"wp-block-heading has-text-align-center is-style-hero-heading-grey\" id=\"tutoriels-video\"><strong>LIGNES DIRECTRICES EN MATI\u00c8RE DE PUBLICIT\u00c9<\/strong><\/h2>\n\n\n\n<p class=\"has-text-align-center\">L\u2019un des avantages d\u2019adh\u00e9rer \u00e0 notre r\u00e9seau de fournisseurs est que vous pouvez promouvoir les programmes d\u2019Efficacit\u00e9 Manitoba dans votre publicit\u00e9. Nous avons des lignes directrices en mati\u00e8re de publicit\u00e9 que les fournisseurs agr\u00e9\u00e9s peuvent utiliser comme r\u00e9f\u00e9rence lorsqu\u2019ils cr\u00e9ent des annonces et du mat\u00e9riel promotionnel.<\/p>\n\n\n<div class=\"theme-button wp-block-button aligncenter\">\r\n\t<a  class=\"wp-block-button__link has-background no-border-radius button cta button-large\" href=\"https:\/\/efficiencymb.ca\/wp-content\/uploads\/Efficiency-Manitoba-Supplier-Advertising-Guidelines.pdf\"><strong>LISEZ NOS LIGNES<\/strong><br>DIRECTRICES SUR LA PUBLICIT\u00c9<\/a>\r\n<\/div>\n\n\n<p class=\"has-text-align-center\"><em>(en anglais)<\/em><\/p>\n\n\n\n<h2 class=\"wp-block-heading has-text-align-center\">VID\u00c9OS EXPLICATIVES<\/h2>\n\n\n\n<p class=\"has-text-align-center\">Apprenez comment vous inscrire \u00e0 myEM, r\u00e9initialiser votre mot de passe et faire une demande en ligne pour des programmes d\u2019efficacit\u00e9 \u00e9nerg\u00e9tique.<\/p>\n\n\n\n<div style=\"height:100px\" aria-hidden=\"true\" class=\"wp-block-spacer\"><\/div>\n<\/div><\/div>\n","protected":false},"excerpt":{"rendered":"<p>Efficacit\u00e9 Manitoba soutient l\u2019\u00e9conomie du Manitoba. Les programmes et les offres d\u2019efficacit\u00e9 \u00e9nerg\u00e9tique cr\u00e9ent des possibilit\u00e9s pour les m\u00e9tiers sp\u00e9cialis\u00e9s, les conseillers et conseill\u00e8res en \u00e9nergie et les collectivit\u00e9s. En fait, 87&nbsp;% de notre budget annuel sera remis \u00e0 la population manitobaine sous forme de mesures incitatives pour les clients et clientes et de collaborationcontinue-reading<\/p>\n","protected":false},"author":6,"featured_media":3383,"parent":0,"menu_order":0,"comment_status":"closed","ping_status":"closed","template":"","meta":{"_acf_changed":false,"footnotes":""},"class_list":["post-13221","page","type-page","status-publish","has-post-thumbnail","hentry"],"acf":[],"yoast_head":"<!-- This site is optimized with the Yoast SEO plugin v27.3 - https:\/\/yoast.com\/product\/yoast-seo-wordpress\/ -->\n<title>R\u00e9seau de fournisseurs &#8212; Efficiency Manitoba<\/title>\n<meta name=\"robots\" content=\"index, follow, max-snippet:-1, max-image-preview:large, max-video-preview:-1\" \/>\n<link rel=\"canonical\" href=\"https:\/\/efficiencymb.ca\/fr\/reseau-de-fournisseurs\/\" \/>\n<meta property=\"og:locale\" content=\"fr_FR\" \/>\n<meta property=\"og:type\" content=\"article\" \/>\n<meta property=\"og:title\" content=\"R\u00e9seau de fournisseurs &#8212; Efficiency Manitoba\" \/>\n<meta property=\"og:description\" content=\"Efficacit\u00e9 Manitoba soutient l\u2019\u00e9conomie du Manitoba. Les programmes et les offres d\u2019efficacit\u00e9 \u00e9nerg\u00e9tique cr\u00e9ent des possibilit\u00e9s pour les m\u00e9tiers sp\u00e9cialis\u00e9s, les conseillers et conseill\u00e8res en \u00e9nergie et les collectivit\u00e9s. En fait, 87&nbsp;% de notre budget annuel sera remis \u00e0 la population manitobaine sous forme de mesures incitatives pour les clients et clientes et de collaborationcontinue-reading\" \/>\n<meta property=\"og:url\" content=\"https:\/\/efficiencymb.ca\/fr\/reseau-de-fournisseurs\/\" \/>\n<meta property=\"og:site_name\" content=\"Efficiency Manitoba\" \/>\n<meta property=\"article:modified_time\" content=\"2026-03-24T17:08:46+00:00\" \/>\n<meta property=\"og:image\" content=\"https:\/\/efficiencymb.ca\/wp-content\/uploads\/supplier-network-banner.jpg\" \/>\n\t<meta property=\"og:image:width\" content=\"2400\" \/>\n\t<meta property=\"og:image:height\" content=\"1350\" \/>\n\t<meta property=\"og:image:type\" content=\"image\/jpeg\" \/>\n<meta name=\"twitter:card\" content=\"summary_large_image\" \/>\n<meta name=\"twitter:label1\" content=\"Dur\u00e9e de lecture estim\u00e9e\" \/>\n\t<meta name=\"twitter:data1\" content=\"3 minutes\" \/>\n<script type=\"application\/ld+json\" class=\"yoast-schema-graph\">{\"@context\":\"https:\\\/\\\/schema.org\",\"@graph\":[{\"@type\":\"WebPage\",\"@id\":\"https:\\\/\\\/efficiencymb.ca\\\/fr\\\/reseau-de-fournisseurs\\\/\",\"url\":\"https:\\\/\\\/efficiencymb.ca\\\/fr\\\/reseau-de-fournisseurs\\\/\",\"name\":\"R\u00e9seau de fournisseurs &#8212; Efficiency Manitoba\",\"isPartOf\":{\"@id\":\"https:\\\/\\\/efficiencymb.ca\\\/#website\"},\"primaryImageOfPage\":{\"@id\":\"https:\\\/\\\/efficiencymb.ca\\\/fr\\\/reseau-de-fournisseurs\\\/#primaryimage\"},\"image\":{\"@id\":\"https:\\\/\\\/efficiencymb.ca\\\/fr\\\/reseau-de-fournisseurs\\\/#primaryimage\"},\"thumbnailUrl\":\"https:\\\/\\\/efficiencymb.ca\\\/wp-content\\\/uploads\\\/supplier-network-banner.jpg\",\"datePublished\":\"2021-05-19T03:19:53+00:00\",\"dateModified\":\"2026-03-24T17:08:46+00:00\",\"breadcrumb\":{\"@id\":\"https:\\\/\\\/efficiencymb.ca\\\/fr\\\/reseau-de-fournisseurs\\\/#breadcrumb\"},\"inLanguage\":\"fr-FR\",\"potentialAction\":[{\"@type\":\"ReadAction\",\"target\":[\"https:\\\/\\\/efficiencymb.ca\\\/fr\\\/reseau-de-fournisseurs\\\/\"]}]},{\"@type\":\"ImageObject\",\"inLanguage\":\"fr-FR\",\"@id\":\"https:\\\/\\\/efficiencymb.ca\\\/fr\\\/reseau-de-fournisseurs\\\/#primaryimage\",\"url\":\"https:\\\/\\\/efficiencymb.ca\\\/wp-content\\\/uploads\\\/supplier-network-banner.jpg\",\"contentUrl\":\"https:\\\/\\\/efficiencymb.ca\\\/wp-content\\\/uploads\\\/supplier-network-banner.jpg\",\"width\":2400,\"height\":1350,\"caption\":\"Poign\u00e9e de main au-dessus d'un plan\"},{\"@type\":\"BreadcrumbList\",\"@id\":\"https:\\\/\\\/efficiencymb.ca\\\/fr\\\/reseau-de-fournisseurs\\\/#breadcrumb\",\"itemListElement\":[{\"@type\":\"ListItem\",\"position\":1,\"name\":\"Home\",\"item\":\"https:\\\/\\\/efficiencymb.ca\\\/fr\\\/\"},{\"@type\":\"ListItem\",\"position\":2,\"name\":\"R\u00e9seau de fournisseurs\"}]},{\"@type\":\"WebSite\",\"@id\":\"https:\\\/\\\/efficiencymb.ca\\\/#website\",\"url\":\"https:\\\/\\\/efficiencymb.ca\\\/\",\"name\":\"Efficiency Manitoba\",\"description\":\"\",\"publisher\":{\"@id\":\"https:\\\/\\\/efficiencymb.ca\\\/#organization\"},\"potentialAction\":[{\"@type\":\"SearchAction\",\"target\":{\"@type\":\"EntryPoint\",\"urlTemplate\":\"https:\\\/\\\/efficiencymb.ca\\\/?s={search_term_string}\"},\"query-input\":{\"@type\":\"PropertyValueSpecification\",\"valueRequired\":true,\"valueName\":\"search_term_string\"}}],\"inLanguage\":\"fr-FR\"},{\"@type\":\"Organization\",\"@id\":\"https:\\\/\\\/efficiencymb.ca\\\/#organization\",\"name\":\"Efficiency Manitoba\",\"url\":\"https:\\\/\\\/efficiencymb.ca\\\/\",\"logo\":{\"@type\":\"ImageObject\",\"inLanguage\":\"fr-FR\",\"@id\":\"https:\\\/\\\/efficiencymb.ca\\\/#\\\/schema\\\/logo\\\/image\\\/\",\"url\":\"https:\\\/\\\/efficiencymb.ca\\\/wp-content\\\/uploads\\\/em-logo-white-en.png\",\"contentUrl\":\"https:\\\/\\\/efficiencymb.ca\\\/wp-content\\\/uploads\\\/em-logo-white-en.png\",\"width\":388,\"height\":91,\"caption\":\"Efficiency Manitoba\"},\"image\":{\"@id\":\"https:\\\/\\\/efficiencymb.ca\\\/#\\\/schema\\\/logo\\\/image\\\/\"}}]}<\/script>\n<!-- \/ Yoast SEO plugin. -->","yoast_head_json":{"title":"R\u00e9seau de fournisseurs &#8212; Efficiency Manitoba","robots":{"index":"index","follow":"follow","max-snippet":"max-snippet:-1","max-image-preview":"max-image-preview:large","max-video-preview":"max-video-preview:-1"},"canonical":"https:\/\/efficiencymb.ca\/fr\/reseau-de-fournisseurs\/","og_locale":"fr_FR","og_type":"article","og_title":"R\u00e9seau de fournisseurs &#8212; Efficiency Manitoba","og_description":"Efficacit\u00e9 Manitoba soutient l\u2019\u00e9conomie du Manitoba. Les programmes et les offres d\u2019efficacit\u00e9 \u00e9nerg\u00e9tique cr\u00e9ent des possibilit\u00e9s pour les m\u00e9tiers sp\u00e9cialis\u00e9s, les conseillers et conseill\u00e8res en \u00e9nergie et les collectivit\u00e9s. En fait, 87&nbsp;% de notre budget annuel sera remis \u00e0 la population manitobaine sous forme de mesures incitatives pour les clients et clientes et de collaborationcontinue-reading","og_url":"https:\/\/efficiencymb.ca\/fr\/reseau-de-fournisseurs\/","og_site_name":"Efficiency Manitoba","article_modified_time":"2026-03-24T17:08:46+00:00","og_image":[{"width":2400,"height":1350,"url":"https:\/\/efficiencymb.ca\/wp-content\/uploads\/supplier-network-banner.jpg","type":"image\/jpeg"}],"twitter_card":"summary_large_image","twitter_misc":{"Dur\u00e9e de lecture estim\u00e9e":"3 minutes"},"schema":{"@context":"https:\/\/schema.org","@graph":[{"@type":"WebPage","@id":"https:\/\/efficiencymb.ca\/fr\/reseau-de-fournisseurs\/","url":"https:\/\/efficiencymb.ca\/fr\/reseau-de-fournisseurs\/","name":"R\u00e9seau de fournisseurs &#8212; Efficiency Manitoba","isPartOf":{"@id":"https:\/\/efficiencymb.ca\/#website"},"primaryImageOfPage":{"@id":"https:\/\/efficiencymb.ca\/fr\/reseau-de-fournisseurs\/#primaryimage"},"image":{"@id":"https:\/\/efficiencymb.ca\/fr\/reseau-de-fournisseurs\/#primaryimage"},"thumbnailUrl":"https:\/\/efficiencymb.ca\/wp-content\/uploads\/supplier-network-banner.jpg","datePublished":"2021-05-19T03:19:53+00:00","dateModified":"2026-03-24T17:08:46+00:00","breadcrumb":{"@id":"https:\/\/efficiencymb.ca\/fr\/reseau-de-fournisseurs\/#breadcrumb"},"inLanguage":"fr-FR","potentialAction":[{"@type":"ReadAction","target":["https:\/\/efficiencymb.ca\/fr\/reseau-de-fournisseurs\/"]}]},{"@type":"ImageObject","inLanguage":"fr-FR","@id":"https:\/\/efficiencymb.ca\/fr\/reseau-de-fournisseurs\/#primaryimage","url":"https:\/\/efficiencymb.ca\/wp-content\/uploads\/supplier-network-banner.jpg","contentUrl":"https:\/\/efficiencymb.ca\/wp-content\/uploads\/supplier-network-banner.jpg","width":2400,"height":1350,"caption":"Poign\u00e9e de main au-dessus d'un plan"},{"@type":"BreadcrumbList","@id":"https:\/\/efficiencymb.ca\/fr\/reseau-de-fournisseurs\/#breadcrumb","itemListElement":[{"@type":"ListItem","position":1,"name":"Home","item":"https:\/\/efficiencymb.ca\/fr\/"},{"@type":"ListItem","position":2,"name":"R\u00e9seau de fournisseurs"}]},{"@type":"WebSite","@id":"https:\/\/efficiencymb.ca\/#website","url":"https:\/\/efficiencymb.ca\/","name":"Efficiency Manitoba","description":"","publisher":{"@id":"https:\/\/efficiencymb.ca\/#organization"},"potentialAction":[{"@type":"SearchAction","target":{"@type":"EntryPoint","urlTemplate":"https:\/\/efficiencymb.ca\/?s={search_term_string}"},"query-input":{"@type":"PropertyValueSpecification","valueRequired":true,"valueName":"search_term_string"}}],"inLanguage":"fr-FR"},{"@type":"Organization","@id":"https:\/\/efficiencymb.ca\/#organization","name":"Efficiency Manitoba","url":"https:\/\/efficiencymb.ca\/","logo":{"@type":"ImageObject","inLanguage":"fr-FR","@id":"https:\/\/efficiencymb.ca\/#\/schema\/logo\/image\/","url":"https:\/\/efficiencymb.ca\/wp-content\/uploads\/em-logo-white-en.png","contentUrl":"https:\/\/efficiencymb.ca\/wp-content\/uploads\/em-logo-white-en.png","width":388,"height":91,"caption":"Efficiency Manitoba"},"image":{"@id":"https:\/\/efficiencymb.ca\/#\/schema\/logo\/image\/"}}]}},"_links":{"self":[{"href":"https:\/\/efficiencymb.ca\/fr\/wp-json\/wp\/v2\/pages\/13221","targetHints":{"allow":["GET"]}}],"collection":[{"href":"https:\/\/efficiencymb.ca\/fr\/wp-json\/wp\/v2\/pages"}],"about":[{"href":"https:\/\/efficiencymb.ca\/fr\/wp-json\/wp\/v2\/types\/page"}],"author":[{"embeddable":true,"href":"https:\/\/efficiencymb.ca\/fr\/wp-json\/wp\/v2\/users\/6"}],"replies":[{"embeddable":true,"href":"https:\/\/efficiencymb.ca\/fr\/wp-json\/wp\/v2\/comments?post=13221"}],"version-history":[{"count":46,"href":"https:\/\/efficiencymb.ca\/fr\/wp-json\/wp\/v2\/pages\/13221\/revisions"}],"predecessor-version":[{"id":86929,"href":"https:\/\/efficiencymb.ca\/fr\/wp-json\/wp\/v2\/pages\/13221\/revisions\/86929"}],"wp:featuredmedia":[{"embeddable":true,"href":"https:\/\/efficiencymb.ca\/fr\/wp-json\/wp\/v2\/media\/3383"}],"wp:attachment":[{"href":"https:\/\/efficiencymb.ca\/fr\/wp-json\/wp\/v2\/media?parent=13221"}],"curies":[{"name":"wp","href":"https:\/\/api.w.org\/{rel}","templated":true}]}}