{"id":13216,"date":"2020-04-24T04:34:56","date_gmt":"2020-04-24T09:34:56","guid":{"rendered":"https:\/\/efficiencymb.ca\/my-home\/new-homes-program\/apply\/"},"modified":"2023-06-19T10:27:53","modified_gmt":"2023-06-19T15:27:53","slug":"remplissez-votre-demande","status":"publish","type":"page","link":"https:\/\/efficiencymb.ca\/fr\/ma-maison\/programme-de-maisons-neuves-pour-les-proprietaires\/remplissez-votre-demande\/","title":{"rendered":"Remplissez Votre Demande D\u00e8s Maintenant \u2014 Programme De Maisons Neuves"},"content":{"rendered":"\n<div class=\"wp-block-group is-style-content\"><div class=\"wp-block-group__inner-container is-layout-flow wp-block-group-is-layout-flow\">\n<h1 class=\"wp-block-heading has-text-align-center is-style-hero-heading\">REMPLISSEZ VOTRE DEMANDE D\u00c8S MAINTENANT<\/h1>\n\n\n\n<h2 class=\"wp-block-heading has-text-align-center is-style-hero-heading-grey\"><strong><strong>Programme de maisons neuves<\/strong><\/strong><\/h2>\n\n\n\n<h3 class=\"wp-block-heading has-text-align-center is-style-hero-heading-grey has-text-color\" style=\"color:#59595b\">Obtenez de l\u2019aide \u00e0 la conception et remplissez facilement votre demande<\/h3>\n\n\n\n<p class=\"has-text-align-center has-medium-font-size\">Construisez intelligemment d\u00e8s le d\u00e9part gr\u00e2ce \u00e0 des remises qui couvrent les co\u00fbts de conception, de consultation et de mod\u00e9lisation \u00e9nerg\u00e9tiques!<\/p>\n<\/div><\/div>\n\n\n\n<div style=\"height:50px\" aria-hidden=\"true\" class=\"wp-block-spacer\"><\/div>\n\n\n\n<figure class=\"wp-block-image size-full slant\"><img loading=\"lazy\" decoding=\"async\" width=\"2000\" height=\"400\" src=\"https:\/\/efficiencymb.ca\/wp-content\/uploads\/bg-two-tone-green@2x.png\" alt=\"\" class=\"wp-image-592\" srcset=\"https:\/\/efficiencymb.ca\/wp-content\/uploads\/bg-two-tone-green@2x.png 2000w, https:\/\/efficiencymb.ca\/wp-content\/uploads\/bg-two-tone-green@2x-479x96.png 479w, https:\/\/efficiencymb.ca\/wp-content\/uploads\/bg-two-tone-green@2x-1024x205.png 1024w, https:\/\/efficiencymb.ca\/wp-content\/uploads\/bg-two-tone-green@2x-768x154.png 768w, https:\/\/efficiencymb.ca\/wp-content\/uploads\/bg-two-tone-green@2x-1536x307.png 1536w\" sizes=\"auto, (max-width: 2000px) 100vw, 2000px\" \/><\/figure>\n\n\n\n<div class=\"wp-block-group has-background\" style=\"background-color:#f4f3f3\"><div class=\"wp-block-group__inner-container is-layout-flow wp-block-group-is-layout-flow\">\n<h2 class=\"wp-block-heading has-text-align-center is-style-hero-heading\">Comment participer<\/h2>\n\n\n\n<ol class=\"iconic-list large wp-block-list\">\n<li><h3><strong>CHOISISSEZ <\/strong>VOTRE M\u00c9THODE<\/h3>Vous pouvez choisir les <a href=\"https:\/\/efficiencymb.ca\/fr\/ma-maison\/programme-de-maisons-neuves-pour-les-constructeurs\/methode-prescriptive\/\">dix mises \u00e0 niveau obligatoires<\/a> dans la m\u00e9thode prescriptive ou travailler avec un mod\u00e9lisateur \u00e9nerg\u00e9tique pour une approche plus personnalis\u00e9e dans la m\u00e9thode de performance.<\/li>\n\n\n\n<li><h3><strong>CONCEVEZ <\/strong>VOTRE PROJET ET FAITES UNE DEMANDE<\/h3>Avec l\u2019aide d\u2019un mod\u00e9lisateur \u00e9nerg\u00e9tique (M\u00e9thode de performance) ou de votre entrepreneur (M\u00e9thode prescriptive), concevez votre nouvelle maison \u00e9co\u00e9nerg\u00e9tique! Faites votre demande en ligne et assurez-vous d\u2019inclure les dessins de conception avant le d\u00e9but des travaux importants de votre projet.<br><br><a href=\"https:\/\/efficiencymb.ca\/fr\/nhp-prescriptive-path-application-and-agreement-2\/\" target=\"_blank\" rel=\"noreferrer noopener\">Formulaire de demande pour la m\u00e9thode de performance<\/a> (en anglais)<br><a href=\"https:\/\/efficiencymb.ca\/fr\/nhp_performance-path-application-and-agreement_fnl_r2-2\/\" target=\"_blank\" rel=\"noreferrer noopener\">Formulaire de demande pour la m\u00e9thode prescriptive<\/a> (en anglais)<\/li>\n\n\n\n<li><h3><strong>R\u00c9SERVEZ <\/strong>UNE \u00c9VALUATION FINALE ET OBTENEZ VOTRE REMISE<\/h3>Lorsque la maison est termin\u00e9e, envoyez-nous votre d\u00e9claration d\u2019ach\u00e8vement et les factures correspondantes. Nous communiquerons avec vous pour planifier gratuitement votre \u00e9valuation \u00e0 domicile et votre test d\u2019\u00e9tanch\u00e9it\u00e9 \u00e0 l\u2019air par un tiers. Vous recevrez votre remise et votre certification officielle peu apr\u00e8s notre visite.<br><br><a href=\"https:\/\/efficiencymb.ca\/fr\/efm59-031120_nhp_prescriptive_path_completion_declaration_fnl-2\/\" target=\"_blank\" rel=\"noreferrer noopener\">D\u00e9claration d\u2019ach\u00e8vement de la m\u00e9thode de performance<\/a> (en anglais)<br><a href=\"https:\/\/efficiencymb.ca\/fr\/efm59-031120_nhp_performance_path_completion_declaration_fnl-2\/\" target=\"_blank\" rel=\"noreferrer noopener\">D\u00e9claration d\u2019ach\u00e8vement de la m\u00e9thode prescriptive<\/a> (en anglais)<\/li>\n<\/ol>\n\n\n\n<div style=\"height:50px\" aria-hidden=\"true\" class=\"wp-block-spacer\"><\/div>\n<\/div><\/div>\n\n\n\n<figure class=\"wp-block-image size-full slant\"><img loading=\"lazy\" decoding=\"async\" width=\"2000\" height=\"400\" src=\"https:\/\/efficiencymb.ca\/wp-content\/uploads\/bg-two-tone-green-bottom@2x.png\" alt=\"\" class=\"wp-image-609\" srcset=\"https:\/\/efficiencymb.ca\/wp-content\/uploads\/bg-two-tone-green-bottom@2x.png 2000w, https:\/\/efficiencymb.ca\/wp-content\/uploads\/bg-two-tone-green-bottom@2x-479x96.png 479w, https:\/\/efficiencymb.ca\/wp-content\/uploads\/bg-two-tone-green-bottom@2x-1024x205.png 1024w, https:\/\/efficiencymb.ca\/wp-content\/uploads\/bg-two-tone-green-bottom@2x-768x154.png 768w, https:\/\/efficiencymb.ca\/wp-content\/uploads\/bg-two-tone-green-bottom@2x-1536x307.png 1536w\" sizes=\"auto, (max-width: 2000px) 100vw, 2000px\" \/><\/figure>\n\n\n\n<div class=\"wp-block-group is-style-content\"><div class=\"wp-block-group__inner-container is-layout-flow wp-block-group-is-layout-flow\">\n<h2 class=\"wp-block-heading has-text-align-center is-style-hero-heading\">M\u00c9THODE DE PERFORMANCE<\/h2>\n\n\n\n<h3 class=\"wp-block-heading has-text-align-center is-style-hero-heading-grey\"><strong>Recevez JUSQU\u2019\u00c0 12\u2009000&nbsp;$ EN REMISES fond\u00e9eS sur la performance!<\/strong><\/h3>\n\n\n\n<p>Avant de soumettre votre <a href=\"https:\/\/nhpperf.visiondsm.com\/programapplication\/?ft=E366BEAA2AD14D6EA75832AC841ECF74\">formulaire de demande<\/a>, vous devrez faire mod\u00e9liser votre projet par un conseiller en efficacit\u00e9 \u00e9nerg\u00e9tique agr\u00e9\u00e9 \u00e0 l\u2019aide du logiciel HOT2000, conform\u00e9ment au Syst\u00e8me de cote \u00c9nerGuide de Ressources naturelles Canada.<\/p>\n\n\n<div class=\"theme-button wp-block-button aligncenter\">\r\n\t<a  class=\"wp-block-button__link has-background no-border-radius button cta button-large\" href=\"https:\/\/nhpperf.visiondsm.com\/programapplication\/?ft=E366BEAA2AD14D6EA75832AC841ECF74\"><strong>REMPLISSEZ VOTRE DEMANDE D\u00c8S MAINTENANT<\/strong><br>M\u00c9THODE DE PERFORMANCE<\/a>\r\n<\/div>\n\n\n<div style=\"height:20px\" aria-hidden=\"true\" class=\"wp-block-spacer\"><\/div>\n\n\n\n<h2 class=\"wp-block-heading has-text-align-center is-style-hero-heading\">M\u00c9THODE PRESCRIPTIVE<\/h2>\n\n\n\n<h3 class=\"wp-block-heading has-text-align-center is-style-hero-heading-grey\">RECEVEZ UNE REMISE DE 1\u2009200 $!<\/h3>\n\n\n\n<p>Au moment de faire votre demande, vous devrez soumettre un fichier PDF de vos dessins de conception avec votre <a href=\"https:\/\/nhppres.visiondsm.com\/programapplication\/?ft=F0B1CA07486E4203B0971BC64EA2FEDD\">formulaire de demande<\/a>. Les dessins doivent clairement montrer la conformit\u00e9 \u00e0 toutes les exigences de la <a href=\"\/fr\/ma-maison\/programme-de-maisons-neuves-pour-les-proprietaires\/methode-prescriptive\">norme technique de la m\u00e9thode prescriptive<\/a>.<\/p>\n\n\n<div class=\"theme-button wp-block-button aligncenter\">\r\n\t<a  class=\"wp-block-button__link has-background no-border-radius button cta button-large\" href=\"https:\/\/nhppres.visiondsm.com\/programapplication\/?ft=F0B1CA07486E4203B0971BC64EA2FEDD\"><strong>REMPLISSEZ VOTRE DEMANDE D\u00c8S MAINTENANT<\/strong><br>M\u00c9THODE PRESCRIPTIVE<\/a>\r\n<\/div>\n\n\n<div style=\"height:20px\" aria-hidden=\"true\" class=\"wp-block-spacer\"><\/div>\n\n\n\n<h4 class=\"wp-block-heading has-text-align-center is-style-hero-heading\">Remises disponibles<\/h4>\n\n\n\n<p class=\"has-text-align-center\"><a aria-label=\" (opens in a new tab)\" href=\"https:\/\/efficiencymb.ca\/wp-content\/uploads\/new-homes-program_rebates.pdf\" target=\"_blank\" rel=\"noreferrer noopener\">Remises du Programme de maisons neuves<\/a> (en anglais)<\/p>\n<\/div><\/div>\n\n\n\n<div style=\"height:50px\" aria-hidden=\"true\" class=\"wp-block-spacer\"><\/div>\n\n\n\n<figure class=\"wp-block-image size-full slant\"><img loading=\"lazy\" decoding=\"async\" width=\"2000\" height=\"400\" src=\"https:\/\/efficiencymb.ca\/wp-content\/uploads\/bg-two-tone-green@2x.png\" alt=\"\" class=\"wp-image-592\" srcset=\"https:\/\/efficiencymb.ca\/wp-content\/uploads\/bg-two-tone-green@2x.png 2000w, https:\/\/efficiencymb.ca\/wp-content\/uploads\/bg-two-tone-green@2x-479x96.png 479w, https:\/\/efficiencymb.ca\/wp-content\/uploads\/bg-two-tone-green@2x-1024x205.png 1024w, https:\/\/efficiencymb.ca\/wp-content\/uploads\/bg-two-tone-green@2x-768x154.png 768w, https:\/\/efficiencymb.ca\/wp-content\/uploads\/bg-two-tone-green@2x-1536x307.png 1536w\" sizes=\"auto, (max-width: 2000px) 100vw, 2000px\" \/><\/figure>\n","protected":false},"excerpt":{"rendered":"<p>REMPLISSEZ VOTRE DEMANDE D\u00c8S MAINTENANT Programme de maisons neuves Obtenez de l\u2019aide \u00e0 la conception et remplissez facilement votre demande Construisez intelligemment d\u00e8s le d\u00e9part gr\u00e2ce \u00e0 des remises qui couvrent les co\u00fbts de conception, de consultation et de mod\u00e9lisation \u00e9nerg\u00e9tiques! Comment participer M\u00c9THODE DE PERFORMANCE Recevez JUSQU\u2019\u00c0 12\u2009000&nbsp;$ EN REMISES fond\u00e9eS sur la performance!continue-reading<\/p>\n","protected":false},"author":10,"featured_media":1304,"parent":13212,"menu_order":0,"comment_status":"closed","ping_status":"closed","template":"","meta":{"_acf_changed":false,"footnotes":""},"class_list":["post-13216","page","type-page","status-publish","has-post-thumbnail","hentry"],"acf":[],"yoast_head":"<!-- This site is optimized with the Yoast SEO plugin v27.3 - https:\/\/yoast.com\/product\/yoast-seo-wordpress\/ -->\n<title>Remplissez Votre Demande D\u00e8s Maintenant \u2014 Programme De Maisons Neuves &#8212; Efficiency Manitoba<\/title>\n<meta name=\"robots\" content=\"index, follow, max-snippet:-1, max-image-preview:large, max-video-preview:-1\" \/>\n<link rel=\"canonical\" href=\"https:\/\/efficiencymb.ca\/fr\/ma-maison\/programme-de-maisons-neuves-pour-les-proprietaires\/remplissez-votre-demande\/\" \/>\n<meta property=\"og:locale\" content=\"fr_FR\" \/>\n<meta property=\"og:type\" content=\"article\" \/>\n<meta property=\"og:title\" content=\"Remplissez Votre Demande D\u00e8s Maintenant \u2014 Programme De Maisons Neuves &#8212; Efficiency Manitoba\" \/>\n<meta property=\"og:description\" content=\"REMPLISSEZ VOTRE DEMANDE D\u00c8S MAINTENANT Programme de maisons neuves Obtenez de l\u2019aide \u00e0 la conception et remplissez facilement votre demande Construisez intelligemment d\u00e8s le d\u00e9part gr\u00e2ce \u00e0 des remises qui couvrent les co\u00fbts de conception, de consultation et de mod\u00e9lisation \u00e9nerg\u00e9tiques! Comment participer M\u00c9THODE DE PERFORMANCE Recevez JUSQU\u2019\u00c0 12\u2009000&nbsp;$ EN REMISES fond\u00e9eS sur la performance!continue-reading\" \/>\n<meta property=\"og:url\" content=\"https:\/\/efficiencymb.ca\/fr\/ma-maison\/programme-de-maisons-neuves-pour-les-proprietaires\/remplissez-votre-demande\/\" \/>\n<meta property=\"og:site_name\" content=\"Efficiency Manitoba\" \/>\n<meta property=\"article:modified_time\" content=\"2023-06-19T15:27:53+00:00\" \/>\n<meta property=\"og:image\" content=\"https:\/\/efficiencymb.ca\/wp-content\/uploads\/new_homes_program-banner.jpg\" \/>\n\t<meta property=\"og:image:width\" content=\"2400\" \/>\n\t<meta property=\"og:image:height\" content=\"1350\" \/>\n\t<meta property=\"og:image:type\" content=\"image\/jpeg\" \/>\n<meta name=\"twitter:card\" content=\"summary_large_image\" \/>\n<meta name=\"twitter:label1\" content=\"Dur\u00e9e de lecture estim\u00e9e\" \/>\n\t<meta name=\"twitter:data1\" content=\"3 minutes\" \/>\n<script type=\"application\/ld+json\" class=\"yoast-schema-graph\">{\"@context\":\"https:\\\/\\\/schema.org\",\"@graph\":[{\"@type\":\"WebPage\",\"@id\":\"https:\\\/\\\/efficiencymb.ca\\\/fr\\\/ma-maison\\\/programme-de-maisons-neuves-pour-les-proprietaires\\\/remplissez-votre-demande\\\/\",\"url\":\"https:\\\/\\\/efficiencymb.ca\\\/fr\\\/ma-maison\\\/programme-de-maisons-neuves-pour-les-proprietaires\\\/remplissez-votre-demande\\\/\",\"name\":\"Remplissez Votre Demande D\u00e8s Maintenant \u2014 Programme De Maisons Neuves &#8212; Efficiency Manitoba\",\"isPartOf\":{\"@id\":\"https:\\\/\\\/efficiencymb.ca\\\/#website\"},\"primaryImageOfPage\":{\"@id\":\"https:\\\/\\\/efficiencymb.ca\\\/fr\\\/ma-maison\\\/programme-de-maisons-neuves-pour-les-proprietaires\\\/remplissez-votre-demande\\\/#primaryimage\"},\"image\":{\"@id\":\"https:\\\/\\\/efficiencymb.ca\\\/fr\\\/ma-maison\\\/programme-de-maisons-neuves-pour-les-proprietaires\\\/remplissez-votre-demande\\\/#primaryimage\"},\"thumbnailUrl\":\"https:\\\/\\\/efficiencymb.ca\\\/wp-content\\\/uploads\\\/new_homes_program-banner.jpg\",\"datePublished\":\"2020-04-24T09:34:56+00:00\",\"dateModified\":\"2023-06-19T15:27:53+00:00\",\"breadcrumb\":{\"@id\":\"https:\\\/\\\/efficiencymb.ca\\\/fr\\\/ma-maison\\\/programme-de-maisons-neuves-pour-les-proprietaires\\\/remplissez-votre-demande\\\/#breadcrumb\"},\"inLanguage\":\"fr-FR\",\"potentialAction\":[{\"@type\":\"ReadAction\",\"target\":[\"https:\\\/\\\/efficiencymb.ca\\\/fr\\\/ma-maison\\\/programme-de-maisons-neuves-pour-les-proprietaires\\\/remplissez-votre-demande\\\/\"]}]},{\"@type\":\"ImageObject\",\"inLanguage\":\"fr-FR\",\"@id\":\"https:\\\/\\\/efficiencymb.ca\\\/fr\\\/ma-maison\\\/programme-de-maisons-neuves-pour-les-proprietaires\\\/remplissez-votre-demande\\\/#primaryimage\",\"url\":\"https:\\\/\\\/efficiencymb.ca\\\/wp-content\\\/uploads\\\/new_homes_program-banner.jpg\",\"contentUrl\":\"https:\\\/\\\/efficiencymb.ca\\\/wp-content\\\/uploads\\\/new_homes_program-banner.jpg\",\"width\":2400,\"height\":1350,\"caption\":\"Couple discutant avec un expert\"},{\"@type\":\"BreadcrumbList\",\"@id\":\"https:\\\/\\\/efficiencymb.ca\\\/fr\\\/ma-maison\\\/programme-de-maisons-neuves-pour-les-proprietaires\\\/remplissez-votre-demande\\\/#breadcrumb\",\"itemListElement\":[{\"@type\":\"ListItem\",\"position\":1,\"name\":\"Home\",\"item\":\"https:\\\/\\\/efficiencymb.ca\\\/fr\\\/\"},{\"@type\":\"ListItem\",\"position\":2,\"name\":\"Ma Maison\",\"item\":\"https:\\\/\\\/efficiencymb.ca\\\/fr\\\/ma-maison\\\/\"},{\"@type\":\"ListItem\",\"position\":3,\"name\":\"Programme De Maisons Neuves\",\"item\":\"https:\\\/\\\/efficiencymb.ca\\\/fr\\\/ma-maison\\\/programme-de-maisons-neuves-pour-les-proprietaires\\\/\"},{\"@type\":\"ListItem\",\"position\":4,\"name\":\"Remplissez Votre Demande D\u00e8s Maintenant \u2014 Programme De Maisons Neuves\"}]},{\"@type\":\"WebSite\",\"@id\":\"https:\\\/\\\/efficiencymb.ca\\\/#website\",\"url\":\"https:\\\/\\\/efficiencymb.ca\\\/\",\"name\":\"Efficiency Manitoba\",\"description\":\"\",\"publisher\":{\"@id\":\"https:\\\/\\\/efficiencymb.ca\\\/#organization\"},\"potentialAction\":[{\"@type\":\"SearchAction\",\"target\":{\"@type\":\"EntryPoint\",\"urlTemplate\":\"https:\\\/\\\/efficiencymb.ca\\\/?s={search_term_string}\"},\"query-input\":{\"@type\":\"PropertyValueSpecification\",\"valueRequired\":true,\"valueName\":\"search_term_string\"}}],\"inLanguage\":\"fr-FR\"},{\"@type\":\"Organization\",\"@id\":\"https:\\\/\\\/efficiencymb.ca\\\/#organization\",\"name\":\"Efficiency Manitoba\",\"url\":\"https:\\\/\\\/efficiencymb.ca\\\/\",\"logo\":{\"@type\":\"ImageObject\",\"inLanguage\":\"fr-FR\",\"@id\":\"https:\\\/\\\/efficiencymb.ca\\\/#\\\/schema\\\/logo\\\/image\\\/\",\"url\":\"https:\\\/\\\/efficiencymb.ca\\\/wp-content\\\/uploads\\\/em-logo-white-en.png\",\"contentUrl\":\"https:\\\/\\\/efficiencymb.ca\\\/wp-content\\\/uploads\\\/em-logo-white-en.png\",\"width\":388,\"height\":91,\"caption\":\"Efficiency Manitoba\"},\"image\":{\"@id\":\"https:\\\/\\\/efficiencymb.ca\\\/#\\\/schema\\\/logo\\\/image\\\/\"}}]}<\/script>\n<!-- \/ Yoast SEO plugin. -->","yoast_head_json":{"title":"Remplissez Votre Demande D\u00e8s Maintenant \u2014 Programme De Maisons Neuves &#8212; Efficiency Manitoba","robots":{"index":"index","follow":"follow","max-snippet":"max-snippet:-1","max-image-preview":"max-image-preview:large","max-video-preview":"max-video-preview:-1"},"canonical":"https:\/\/efficiencymb.ca\/fr\/ma-maison\/programme-de-maisons-neuves-pour-les-proprietaires\/remplissez-votre-demande\/","og_locale":"fr_FR","og_type":"article","og_title":"Remplissez Votre Demande D\u00e8s Maintenant \u2014 Programme De Maisons Neuves &#8212; Efficiency Manitoba","og_description":"REMPLISSEZ VOTRE DEMANDE D\u00c8S MAINTENANT Programme de maisons neuves Obtenez de l\u2019aide \u00e0 la conception et remplissez facilement votre demande Construisez intelligemment d\u00e8s le d\u00e9part gr\u00e2ce \u00e0 des remises qui couvrent les co\u00fbts de conception, de consultation et de mod\u00e9lisation \u00e9nerg\u00e9tiques! Comment participer M\u00c9THODE DE PERFORMANCE Recevez JUSQU\u2019\u00c0 12\u2009000&nbsp;$ EN REMISES fond\u00e9eS sur la performance!continue-reading","og_url":"https:\/\/efficiencymb.ca\/fr\/ma-maison\/programme-de-maisons-neuves-pour-les-proprietaires\/remplissez-votre-demande\/","og_site_name":"Efficiency Manitoba","article_modified_time":"2023-06-19T15:27:53+00:00","og_image":[{"width":2400,"height":1350,"url":"https:\/\/efficiencymb.ca\/wp-content\/uploads\/new_homes_program-banner.jpg","type":"image\/jpeg"}],"twitter_card":"summary_large_image","twitter_misc":{"Dur\u00e9e de lecture estim\u00e9e":"3 minutes"},"schema":{"@context":"https:\/\/schema.org","@graph":[{"@type":"WebPage","@id":"https:\/\/efficiencymb.ca\/fr\/ma-maison\/programme-de-maisons-neuves-pour-les-proprietaires\/remplissez-votre-demande\/","url":"https:\/\/efficiencymb.ca\/fr\/ma-maison\/programme-de-maisons-neuves-pour-les-proprietaires\/remplissez-votre-demande\/","name":"Remplissez Votre Demande D\u00e8s Maintenant \u2014 Programme De Maisons Neuves &#8212; Efficiency Manitoba","isPartOf":{"@id":"https:\/\/efficiencymb.ca\/#website"},"primaryImageOfPage":{"@id":"https:\/\/efficiencymb.ca\/fr\/ma-maison\/programme-de-maisons-neuves-pour-les-proprietaires\/remplissez-votre-demande\/#primaryimage"},"image":{"@id":"https:\/\/efficiencymb.ca\/fr\/ma-maison\/programme-de-maisons-neuves-pour-les-proprietaires\/remplissez-votre-demande\/#primaryimage"},"thumbnailUrl":"https:\/\/efficiencymb.ca\/wp-content\/uploads\/new_homes_program-banner.jpg","datePublished":"2020-04-24T09:34:56+00:00","dateModified":"2023-06-19T15:27:53+00:00","breadcrumb":{"@id":"https:\/\/efficiencymb.ca\/fr\/ma-maison\/programme-de-maisons-neuves-pour-les-proprietaires\/remplissez-votre-demande\/#breadcrumb"},"inLanguage":"fr-FR","potentialAction":[{"@type":"ReadAction","target":["https:\/\/efficiencymb.ca\/fr\/ma-maison\/programme-de-maisons-neuves-pour-les-proprietaires\/remplissez-votre-demande\/"]}]},{"@type":"ImageObject","inLanguage":"fr-FR","@id":"https:\/\/efficiencymb.ca\/fr\/ma-maison\/programme-de-maisons-neuves-pour-les-proprietaires\/remplissez-votre-demande\/#primaryimage","url":"https:\/\/efficiencymb.ca\/wp-content\/uploads\/new_homes_program-banner.jpg","contentUrl":"https:\/\/efficiencymb.ca\/wp-content\/uploads\/new_homes_program-banner.jpg","width":2400,"height":1350,"caption":"Couple discutant avec un expert"},{"@type":"BreadcrumbList","@id":"https:\/\/efficiencymb.ca\/fr\/ma-maison\/programme-de-maisons-neuves-pour-les-proprietaires\/remplissez-votre-demande\/#breadcrumb","itemListElement":[{"@type":"ListItem","position":1,"name":"Home","item":"https:\/\/efficiencymb.ca\/fr\/"},{"@type":"ListItem","position":2,"name":"Ma Maison","item":"https:\/\/efficiencymb.ca\/fr\/ma-maison\/"},{"@type":"ListItem","position":3,"name":"Programme De Maisons Neuves","item":"https:\/\/efficiencymb.ca\/fr\/ma-maison\/programme-de-maisons-neuves-pour-les-proprietaires\/"},{"@type":"ListItem","position":4,"name":"Remplissez Votre Demande D\u00e8s Maintenant \u2014 Programme De Maisons Neuves"}]},{"@type":"WebSite","@id":"https:\/\/efficiencymb.ca\/#website","url":"https:\/\/efficiencymb.ca\/","name":"Efficiency Manitoba","description":"","publisher":{"@id":"https:\/\/efficiencymb.ca\/#organization"},"potentialAction":[{"@type":"SearchAction","target":{"@type":"EntryPoint","urlTemplate":"https:\/\/efficiencymb.ca\/?s={search_term_string}"},"query-input":{"@type":"PropertyValueSpecification","valueRequired":true,"valueName":"search_term_string"}}],"inLanguage":"fr-FR"},{"@type":"Organization","@id":"https:\/\/efficiencymb.ca\/#organization","name":"Efficiency Manitoba","url":"https:\/\/efficiencymb.ca\/","logo":{"@type":"ImageObject","inLanguage":"fr-FR","@id":"https:\/\/efficiencymb.ca\/#\/schema\/logo\/image\/","url":"https:\/\/efficiencymb.ca\/wp-content\/uploads\/em-logo-white-en.png","contentUrl":"https:\/\/efficiencymb.ca\/wp-content\/uploads\/em-logo-white-en.png","width":388,"height":91,"caption":"Efficiency Manitoba"},"image":{"@id":"https:\/\/efficiencymb.ca\/#\/schema\/logo\/image\/"}}]}},"_links":{"self":[{"href":"https:\/\/efficiencymb.ca\/fr\/wp-json\/wp\/v2\/pages\/13216","targetHints":{"allow":["GET"]}}],"collection":[{"href":"https:\/\/efficiencymb.ca\/fr\/wp-json\/wp\/v2\/pages"}],"about":[{"href":"https:\/\/efficiencymb.ca\/fr\/wp-json\/wp\/v2\/types\/page"}],"author":[{"embeddable":true,"href":"https:\/\/efficiencymb.ca\/fr\/wp-json\/wp\/v2\/users\/10"}],"replies":[{"embeddable":true,"href":"https:\/\/efficiencymb.ca\/fr\/wp-json\/wp\/v2\/comments?post=13216"}],"version-history":[{"count":19,"href":"https:\/\/efficiencymb.ca\/fr\/wp-json\/wp\/v2\/pages\/13216\/revisions"}],"predecessor-version":[{"id":27493,"href":"https:\/\/efficiencymb.ca\/fr\/wp-json\/wp\/v2\/pages\/13216\/revisions\/27493"}],"up":[{"embeddable":true,"href":"https:\/\/efficiencymb.ca\/fr\/wp-json\/wp\/v2\/pages\/13212"}],"wp:featuredmedia":[{"embeddable":true,"href":"https:\/\/efficiencymb.ca\/fr\/wp-json\/wp\/v2\/media\/1304"}],"wp:attachment":[{"href":"https:\/\/efficiencymb.ca\/fr\/wp-json\/wp\/v2\/media?parent=13216"}],"curies":[{"name":"wp","href":"https:\/\/api.w.org\/{rel}","templated":true}]}}