{"id":13207,"date":"2020-03-18T21:11:30","date_gmt":"2020-03-18T21:11:30","guid":{"rendered":"https:\/\/efficiencymb.ca\/business\/heat-pump-program\/"},"modified":"2025-04-11T10:58:42","modified_gmt":"2025-04-11T15:58:42","slug":"programme-thermopompes","status":"publish","type":"page","link":"https:\/\/efficiencymb.ca\/fr\/programme-thermopompes\/","title":{"rendered":"Programme Thermopompes"},"content":{"rendered":"\n<h1 class=\"wp-block-heading has-text-align-center is-style-hero-heading\">THERMOPOMPES<\/h1>\n\n\n\n<h2 class=\"wp-block-heading has-text-align-center is-style-hero-heading-grey\">PASSEZ \u00c0 UN SYST\u00c8ME DE CHAUFFAGE \u00c9CO\u00c9NERG\u00c9TIQUE<\/h2>\n\n\n\n<div class=\"wp-block-group is-style-content-wide\"><div class=\"wp-block-group__inner-container is-layout-flow wp-block-group-is-layout-flow\">\n<p class=\"has-text-align-center has-medium-font-size\">Le syst\u00e8me de chauffage de votre maison est le plus gros consommateur d\u2019\u00e9nergie et peut repr\u00e9senter pr\u00e8s de 60\u00a0% de votre facture \u00e9nerg\u00e9tique. Les syst\u00e8mes de chauffage efficaces comme les thermopompes peuvent vous faire \u00e9conomiser de l\u2019argent en consommant moins d\u2019\u00e9nergie. En apportant des am\u00e9liorations, vous pouvez obtenir une remise, faire des \u00e9conomies d\u2019\u00e9nergie et optimiser votre confort.<\/p>\n\n\n\n<p class=\"has-text-align-center has-medium-font-size\">D\u00e9couvrez quel syst\u00e8me de chauffage \u00e9co\u00e9nerg\u00e9tique convient le mieux \u00e0 votre domicile ou \u00e0 votre entreprise.<\/p>\n<\/div><\/div>\n\n\n\n<div style=\"height:130px\" aria-hidden=\"true\" class=\"wp-block-spacer\"><\/div>\n\n\n\n<div class=\"wp-block-group is-style-content-wide\"><div class=\"wp-block-group__inner-container is-layout-flow wp-block-group-is-layout-flow\">\n<div class=\"wp-block-columns is-layout-flex wp-container-core-columns-is-layout-9d6595d7 wp-block-columns-is-layout-flex\">\n<div class=\"wp-block-column is-layout-flow wp-block-column-is-layout-flow\">\n<figure class=\"wp-block-image size-full\"><img loading=\"lazy\" decoding=\"async\" width=\"768\" height=\"432\" src=\"https:\/\/efficiencymb.ca\/wp-content\/uploads\/ASHP-column-image-white-background.jpg\" alt=\"\" class=\"wp-image-20496\" srcset=\"https:\/\/efficiencymb.ca\/wp-content\/uploads\/ASHP-column-image-white-background.jpg 768w, https:\/\/efficiencymb.ca\/wp-content\/uploads\/ASHP-column-image-white-background-479x269.jpg 479w\" sizes=\"auto, (max-width: 768px) 100vw, 768px\" \/><\/figure>\n\n\n\n<h2 class=\"wp-block-heading has-text-align-center is-style-hero-heading\">THERMOPOMPE \u00c0 AIR<\/h2>\n\n\n\n<ul class=\"wp-block-list has-medium-font-size\">\n<li>R\u00e9duit vos co\u00fbts de chauffage \u00e9lectrique jusqu\u2019\u00e0 30&nbsp;%.<\/li>\n\n\n\n<li>Assure le chauffage et la climatisation<\/li>\n\n\n\n<li>Facile \u00e0 installer<\/li>\n\n\n\n<li>Introduit le chauffage et la climatisation dans les zones probl\u00e9matiques<\/li>\n<\/ul>\n\n\n<div class=\"theme-button wp-block-button aligncenter\">\r\n\t<a  class=\"wp-block-button__link has-background no-border-radius button cta button-large\" href=\"https:\/\/efficiencymb.ca\/fr\/programme-thermopompes\/thermopompes-a-air\/\"><strong>EN SAVOIR PLUS <\/strong><\/a>\r\n<\/div><\/div>\n\n\n\n<div class=\"wp-block-column is-layout-flow wp-block-column-is-layout-flow\">\n<figure class=\"wp-block-image size-full\"><a href=\"\/fr\/?page_id=18555\"><img loading=\"lazy\" decoding=\"async\" width=\"768\" height=\"432\" src=\"https:\/\/efficiencymb.ca\/wp-content\/uploads\/GSHP-column-image-edit.jpg\" alt=\"PROGRAMME DE POMPES G\u00c9OTHERMIQUES\" class=\"wp-image-19207\" srcset=\"https:\/\/efficiencymb.ca\/wp-content\/uploads\/GSHP-column-image-edit.jpg 768w, https:\/\/efficiencymb.ca\/wp-content\/uploads\/GSHP-column-image-edit-479x269.jpg 479w\" sizes=\"auto, (max-width: 768px) 100vw, 768px\" \/><\/a><\/figure>\n\n\n\n<h2 class=\"wp-block-heading has-text-align-center is-style-hero-heading\">THERMOPOMPE G\u00c9OTHERMIQUE<\/h2>\n\n\n\n<ul class=\"wp-block-list has-medium-font-size\">\n<li>R\u00e9duit vos co\u00fbts de chauffage \u00e9lectrique jusqu\u2019\u00e0 60&nbsp;%.<\/li>\n\n\n\n<li>Assure le chauffage et la climatisation<\/li>\n\n\n\n<li>Solution de chauffage \u00e0 faible teneur en carbone<\/li>\n\n\n\n<li>Id\u00e9al pour les grands terrains et les espaces ouverts<\/li>\n\n\n\n<li>Syst\u00e8me de chauffage le plus efficace<\/li>\n<\/ul>\n\n\n<div class=\"theme-button wp-block-button aligncenter\">\r\n\t<a  class=\"wp-block-button__link has-background no-border-radius button cta button-large\" href=\"https:\/\/efficiencymb.ca\/fr\/programme-thermopompes\/programme-de-pompes-geothermiques\/\"><strong>EN SAVOIR PLUS<\/strong><\/a>\r\n<\/div><\/div>\n<\/div>\n<\/div><\/div>\n\n\n\n<div style=\"height:100px\" aria-hidden=\"true\" class=\"wp-block-spacer\"><\/div>\n\n\n\n<figure class=\"wp-block-image size-full\"><img loading=\"lazy\" decoding=\"async\" width=\"2000\" height=\"400\" src=\"https:\/\/efficiencymb.ca\/wp-content\/uploads\/bg-bottom-only-blue-green@2x.png\" alt=\"\" class=\"wp-image-612\" srcset=\"https:\/\/efficiencymb.ca\/wp-content\/uploads\/bg-bottom-only-blue-green@2x.png 2000w, https:\/\/efficiencymb.ca\/wp-content\/uploads\/bg-bottom-only-blue-green@2x-479x96.png 479w, https:\/\/efficiencymb.ca\/wp-content\/uploads\/bg-bottom-only-blue-green@2x-1024x205.png 1024w, https:\/\/efficiencymb.ca\/wp-content\/uploads\/bg-bottom-only-blue-green@2x-768x154.png 768w, https:\/\/efficiencymb.ca\/wp-content\/uploads\/bg-bottom-only-blue-green@2x-1536x307.png 1536w\" sizes=\"auto, (max-width: 2000px) 100vw, 2000px\" \/><\/figure>\n","protected":false},"excerpt":{"rendered":"<p>Les syst\u00e8mes de chauffage efficaces comme les thermopompes peuvent vous faire \u00e9conomiser de l\u2019argent en consommant moins d\u2019\u00e9nergie. En apportant des am\u00e9liorations, vous pouvez obtenir une remise, faire des \u00e9conomies d\u2019\u00e9nergie et optimiser votre confort.<\/p>\n","protected":false},"author":10,"featured_media":19169,"parent":0,"menu_order":0,"comment_status":"closed","ping_status":"closed","template":"","meta":{"_acf_changed":false,"footnotes":""},"class_list":["post-13207","page","type-page","status-publish","has-post-thumbnail","hentry","page_cat-programs"],"acf":[],"yoast_head":"<!-- This site is optimized with the Yoast SEO plugin v27.3 - https:\/\/yoast.com\/product\/yoast-seo-wordpress\/ -->\n<title>Programme Thermopompes &#8212; Efficiency Manitoba<\/title>\n<meta name=\"description\" content=\"Les syst\u00e8mes de chauffage efficaces comme les thermopompes peuvent vous faire \u00e9conomiser de l\u2019argent en consommant moins d\u2019\u00e9nergie. En apportant des am\u00e9liorations, vous pouvez obtenir une remise, faire des \u00e9conomies d\u2019\u00e9nergie et optimiser votre confort.\" \/>\n<meta name=\"robots\" content=\"index, follow, max-snippet:-1, max-image-preview:large, max-video-preview:-1\" \/>\n<link rel=\"canonical\" href=\"https:\/\/efficiencymb.ca\/fr\/programme-thermopompes\/\" \/>\n<meta property=\"og:locale\" content=\"fr_FR\" \/>\n<meta property=\"og:type\" content=\"article\" \/>\n<meta property=\"og:title\" content=\"Programme Thermopompes &#8212; Efficiency Manitoba\" \/>\n<meta property=\"og:description\" content=\"Les syst\u00e8mes de chauffage efficaces comme les thermopompes peuvent vous faire \u00e9conomiser de l\u2019argent en consommant moins d\u2019\u00e9nergie. En apportant des am\u00e9liorations, vous pouvez obtenir une remise, faire des \u00e9conomies d\u2019\u00e9nergie et optimiser votre confort.\" \/>\n<meta property=\"og:url\" content=\"https:\/\/efficiencymb.ca\/fr\/programme-thermopompes\/\" \/>\n<meta property=\"og:site_name\" content=\"Efficiency Manitoba\" \/>\n<meta property=\"article:modified_time\" content=\"2025-04-11T15:58:42+00:00\" \/>\n<meta property=\"og:image\" content=\"https:\/\/efficiencymb.ca\/wp-content\/uploads\/Heat-pump-banner-image-2400x1350-1.jpg\" \/>\n\t<meta property=\"og:image:width\" content=\"2400\" \/>\n\t<meta property=\"og:image:height\" content=\"1350\" \/>\n\t<meta property=\"og:image:type\" content=\"image\/jpeg\" \/>\n<meta name=\"twitter:card\" content=\"summary_large_image\" \/>\n<meta name=\"twitter:label1\" content=\"Dur\u00e9e de lecture estim\u00e9e\" \/>\n\t<meta name=\"twitter:data1\" content=\"2 minutes\" \/>\n<script type=\"application\/ld+json\" class=\"yoast-schema-graph\">{\"@context\":\"https:\\\/\\\/schema.org\",\"@graph\":[{\"@type\":\"WebPage\",\"@id\":\"https:\\\/\\\/efficiencymb.ca\\\/fr\\\/programme-thermopompes\\\/\",\"url\":\"https:\\\/\\\/efficiencymb.ca\\\/fr\\\/programme-thermopompes\\\/\",\"name\":\"Programme Thermopompes &#8212; Efficiency Manitoba\",\"isPartOf\":{\"@id\":\"https:\\\/\\\/efficiencymb.ca\\\/#website\"},\"primaryImageOfPage\":{\"@id\":\"https:\\\/\\\/efficiencymb.ca\\\/fr\\\/programme-thermopompes\\\/#primaryimage\"},\"image\":{\"@id\":\"https:\\\/\\\/efficiencymb.ca\\\/fr\\\/programme-thermopompes\\\/#primaryimage\"},\"thumbnailUrl\":\"https:\\\/\\\/efficiencymb.ca\\\/wp-content\\\/uploads\\\/Heat-pump-banner-image-2400x1350-1.jpg\",\"datePublished\":\"2020-03-18T21:11:30+00:00\",\"dateModified\":\"2025-04-11T15:58:42+00:00\",\"description\":\"Les syst\u00e8mes de chauffage efficaces comme les thermopompes peuvent vous faire \u00e9conomiser de l\u2019argent en consommant moins d\u2019\u00e9nergie. En apportant des am\u00e9liorations, vous pouvez obtenir une remise, faire des \u00e9conomies d\u2019\u00e9nergie et optimiser votre confort.\",\"breadcrumb\":{\"@id\":\"https:\\\/\\\/efficiencymb.ca\\\/fr\\\/programme-thermopompes\\\/#breadcrumb\"},\"inLanguage\":\"fr-FR\",\"potentialAction\":[{\"@type\":\"ReadAction\",\"target\":[\"https:\\\/\\\/efficiencymb.ca\\\/fr\\\/programme-thermopompes\\\/\"]}]},{\"@type\":\"ImageObject\",\"inLanguage\":\"fr-FR\",\"@id\":\"https:\\\/\\\/efficiencymb.ca\\\/fr\\\/programme-thermopompes\\\/#primaryimage\",\"url\":\"https:\\\/\\\/efficiencymb.ca\\\/wp-content\\\/uploads\\\/Heat-pump-banner-image-2400x1350-1.jpg\",\"contentUrl\":\"https:\\\/\\\/efficiencymb.ca\\\/wp-content\\\/uploads\\\/Heat-pump-banner-image-2400x1350-1.jpg\",\"width\":2400,\"height\":1350,\"caption\":\"Couple se pr\u00e9lassant sur le divan\"},{\"@type\":\"BreadcrumbList\",\"@id\":\"https:\\\/\\\/efficiencymb.ca\\\/fr\\\/programme-thermopompes\\\/#breadcrumb\",\"itemListElement\":[{\"@type\":\"ListItem\",\"position\":1,\"name\":\"Home\",\"item\":\"https:\\\/\\\/efficiencymb.ca\\\/fr\\\/\"},{\"@type\":\"ListItem\",\"position\":2,\"name\":\"Programme Thermopompes\"}]},{\"@type\":\"WebSite\",\"@id\":\"https:\\\/\\\/efficiencymb.ca\\\/#website\",\"url\":\"https:\\\/\\\/efficiencymb.ca\\\/\",\"name\":\"Efficiency Manitoba\",\"description\":\"\",\"publisher\":{\"@id\":\"https:\\\/\\\/efficiencymb.ca\\\/#organization\"},\"potentialAction\":[{\"@type\":\"SearchAction\",\"target\":{\"@type\":\"EntryPoint\",\"urlTemplate\":\"https:\\\/\\\/efficiencymb.ca\\\/?s={search_term_string}\"},\"query-input\":{\"@type\":\"PropertyValueSpecification\",\"valueRequired\":true,\"valueName\":\"search_term_string\"}}],\"inLanguage\":\"fr-FR\"},{\"@type\":\"Organization\",\"@id\":\"https:\\\/\\\/efficiencymb.ca\\\/#organization\",\"name\":\"Efficiency Manitoba\",\"url\":\"https:\\\/\\\/efficiencymb.ca\\\/\",\"logo\":{\"@type\":\"ImageObject\",\"inLanguage\":\"fr-FR\",\"@id\":\"https:\\\/\\\/efficiencymb.ca\\\/#\\\/schema\\\/logo\\\/image\\\/\",\"url\":\"https:\\\/\\\/efficiencymb.ca\\\/wp-content\\\/uploads\\\/em-logo-white-en.png\",\"contentUrl\":\"https:\\\/\\\/efficiencymb.ca\\\/wp-content\\\/uploads\\\/em-logo-white-en.png\",\"width\":388,\"height\":91,\"caption\":\"Efficiency Manitoba\"},\"image\":{\"@id\":\"https:\\\/\\\/efficiencymb.ca\\\/#\\\/schema\\\/logo\\\/image\\\/\"}}]}<\/script>\n<!-- \/ Yoast SEO plugin. -->","yoast_head_json":{"title":"Programme Thermopompes &#8212; Efficiency Manitoba","description":"Les syst\u00e8mes de chauffage efficaces comme les thermopompes peuvent vous faire \u00e9conomiser de l\u2019argent en consommant moins d\u2019\u00e9nergie. En apportant des am\u00e9liorations, vous pouvez obtenir une remise, faire des \u00e9conomies d\u2019\u00e9nergie et optimiser votre confort.","robots":{"index":"index","follow":"follow","max-snippet":"max-snippet:-1","max-image-preview":"max-image-preview:large","max-video-preview":"max-video-preview:-1"},"canonical":"https:\/\/efficiencymb.ca\/fr\/programme-thermopompes\/","og_locale":"fr_FR","og_type":"article","og_title":"Programme Thermopompes &#8212; Efficiency Manitoba","og_description":"Les syst\u00e8mes de chauffage efficaces comme les thermopompes peuvent vous faire \u00e9conomiser de l\u2019argent en consommant moins d\u2019\u00e9nergie. En apportant des am\u00e9liorations, vous pouvez obtenir une remise, faire des \u00e9conomies d\u2019\u00e9nergie et optimiser votre confort.","og_url":"https:\/\/efficiencymb.ca\/fr\/programme-thermopompes\/","og_site_name":"Efficiency Manitoba","article_modified_time":"2025-04-11T15:58:42+00:00","og_image":[{"width":2400,"height":1350,"url":"https:\/\/efficiencymb.ca\/wp-content\/uploads\/Heat-pump-banner-image-2400x1350-1.jpg","type":"image\/jpeg"}],"twitter_card":"summary_large_image","twitter_misc":{"Dur\u00e9e de lecture estim\u00e9e":"2 minutes"},"schema":{"@context":"https:\/\/schema.org","@graph":[{"@type":"WebPage","@id":"https:\/\/efficiencymb.ca\/fr\/programme-thermopompes\/","url":"https:\/\/efficiencymb.ca\/fr\/programme-thermopompes\/","name":"Programme Thermopompes &#8212; Efficiency Manitoba","isPartOf":{"@id":"https:\/\/efficiencymb.ca\/#website"},"primaryImageOfPage":{"@id":"https:\/\/efficiencymb.ca\/fr\/programme-thermopompes\/#primaryimage"},"image":{"@id":"https:\/\/efficiencymb.ca\/fr\/programme-thermopompes\/#primaryimage"},"thumbnailUrl":"https:\/\/efficiencymb.ca\/wp-content\/uploads\/Heat-pump-banner-image-2400x1350-1.jpg","datePublished":"2020-03-18T21:11:30+00:00","dateModified":"2025-04-11T15:58:42+00:00","description":"Les syst\u00e8mes de chauffage efficaces comme les thermopompes peuvent vous faire \u00e9conomiser de l\u2019argent en consommant moins d\u2019\u00e9nergie. En apportant des am\u00e9liorations, vous pouvez obtenir une remise, faire des \u00e9conomies d\u2019\u00e9nergie et optimiser votre confort.","breadcrumb":{"@id":"https:\/\/efficiencymb.ca\/fr\/programme-thermopompes\/#breadcrumb"},"inLanguage":"fr-FR","potentialAction":[{"@type":"ReadAction","target":["https:\/\/efficiencymb.ca\/fr\/programme-thermopompes\/"]}]},{"@type":"ImageObject","inLanguage":"fr-FR","@id":"https:\/\/efficiencymb.ca\/fr\/programme-thermopompes\/#primaryimage","url":"https:\/\/efficiencymb.ca\/wp-content\/uploads\/Heat-pump-banner-image-2400x1350-1.jpg","contentUrl":"https:\/\/efficiencymb.ca\/wp-content\/uploads\/Heat-pump-banner-image-2400x1350-1.jpg","width":2400,"height":1350,"caption":"Couple se pr\u00e9lassant sur le divan"},{"@type":"BreadcrumbList","@id":"https:\/\/efficiencymb.ca\/fr\/programme-thermopompes\/#breadcrumb","itemListElement":[{"@type":"ListItem","position":1,"name":"Home","item":"https:\/\/efficiencymb.ca\/fr\/"},{"@type":"ListItem","position":2,"name":"Programme Thermopompes"}]},{"@type":"WebSite","@id":"https:\/\/efficiencymb.ca\/#website","url":"https:\/\/efficiencymb.ca\/","name":"Efficiency Manitoba","description":"","publisher":{"@id":"https:\/\/efficiencymb.ca\/#organization"},"potentialAction":[{"@type":"SearchAction","target":{"@type":"EntryPoint","urlTemplate":"https:\/\/efficiencymb.ca\/?s={search_term_string}"},"query-input":{"@type":"PropertyValueSpecification","valueRequired":true,"valueName":"search_term_string"}}],"inLanguage":"fr-FR"},{"@type":"Organization","@id":"https:\/\/efficiencymb.ca\/#organization","name":"Efficiency Manitoba","url":"https:\/\/efficiencymb.ca\/","logo":{"@type":"ImageObject","inLanguage":"fr-FR","@id":"https:\/\/efficiencymb.ca\/#\/schema\/logo\/image\/","url":"https:\/\/efficiencymb.ca\/wp-content\/uploads\/em-logo-white-en.png","contentUrl":"https:\/\/efficiencymb.ca\/wp-content\/uploads\/em-logo-white-en.png","width":388,"height":91,"caption":"Efficiency Manitoba"},"image":{"@id":"https:\/\/efficiencymb.ca\/#\/schema\/logo\/image\/"}}]}},"_links":{"self":[{"href":"https:\/\/efficiencymb.ca\/fr\/wp-json\/wp\/v2\/pages\/13207","targetHints":{"allow":["GET"]}}],"collection":[{"href":"https:\/\/efficiencymb.ca\/fr\/wp-json\/wp\/v2\/pages"}],"about":[{"href":"https:\/\/efficiencymb.ca\/fr\/wp-json\/wp\/v2\/types\/page"}],"author":[{"embeddable":true,"href":"https:\/\/efficiencymb.ca\/fr\/wp-json\/wp\/v2\/users\/10"}],"replies":[{"embeddable":true,"href":"https:\/\/efficiencymb.ca\/fr\/wp-json\/wp\/v2\/comments?post=13207"}],"version-history":[{"count":29,"href":"https:\/\/efficiencymb.ca\/fr\/wp-json\/wp\/v2\/pages\/13207\/revisions"}],"predecessor-version":[{"id":75118,"href":"https:\/\/efficiencymb.ca\/fr\/wp-json\/wp\/v2\/pages\/13207\/revisions\/75118"}],"wp:featuredmedia":[{"embeddable":true,"href":"https:\/\/efficiencymb.ca\/fr\/wp-json\/wp\/v2\/media\/19169"}],"wp:attachment":[{"href":"https:\/\/efficiencymb.ca\/fr\/wp-json\/wp\/v2\/media?parent=13207"}],"curies":[{"name":"wp","href":"https:\/\/api.w.org\/{rel}","templated":true}]}}