{"id":13205,"date":"2020-03-04T21:58:57","date_gmt":"2020-03-04T21:58:57","guid":{"rendered":"https:\/\/efficiencymb.ca\/my-home\/heating-upgrades\/"},"modified":"2025-04-11T14:58:47","modified_gmt":"2025-04-11T19:58:47","slug":"chauffage-et-dispositifs-de-commande","status":"publish","type":"page","link":"https:\/\/efficiencymb.ca\/fr\/ma-maison\/chauffage-et-dispositifs-de-commande\/","title":{"rendered":"Chauffage"},"content":{"rendered":"\r\n\t<div class=\"category-block wp-block-columns wp-block-columns-2 container\">\r\n\t\t\t\t\t<div class=\"wp-block-column\">\r\n\t\t\t<div>\r\n\t\t\t\t<h2 class=\"has-text-align-left\"><a href=\"https:\/\/efficiencymb.ca\/fr\/thermopompes\/\">Thermopompes<\/a><\/h2>\r\n\t\t\t\t<p>Nous offrons des remises et des primes incitatives bonifi\u00e9es pour r\u00e9duire le co\u00fbt de l\u2019installation d\u2019une pompe g\u00e9othermique et d\u2019une&#8230;<\/p>\r\n\t\t\t<\/div>\r\n\t\t\t                <figure class=\"\">\r\n                    <img decoding=\"async\" class=\"acf-figure-image\" \r\n            src=\"https:\/\/efficiencymb.ca\/wp-content\/uploads\/Heat-pump-banner-image-2400x1350-1.jpg\"\r\n            srcset=\"https:\/\/efficiencymb.ca\/wp-content\/uploads\/Heat-pump-banner-image-2400x1350-1.jpg 2400w, https:\/\/efficiencymb.ca\/wp-content\/uploads\/Heat-pump-banner-image-2400x1350-1-479x269.jpg 479w, https:\/\/efficiencymb.ca\/wp-content\/uploads\/Heat-pump-banner-image-2400x1350-1-1024x576.jpg 1024w, https:\/\/efficiencymb.ca\/wp-content\/uploads\/Heat-pump-banner-image-2400x1350-1-768x432.jpg 768w, https:\/\/efficiencymb.ca\/wp-content\/uploads\/Heat-pump-banner-image-2400x1350-1-1536x864.jpg 1536w, https:\/\/efficiencymb.ca\/wp-content\/uploads\/Heat-pump-banner-image-2400x1350-1-2048x1152.jpg 2048w, https:\/\/efficiencymb.ca\/wp-content\/uploads\/Heat-pump-banner-image-2400x1350-1-1920x1080.jpg 1920w\"\r\n            sizes=\"(max-width: 2400px) 100vw, 2400px\" \r\n            alt=\"Couple se pr\u00e9lassant sur le divan\"\r\n        \/>\r\n                        <\/figure>\r\n            \t\t<\/div>\r\n\t\t\t\t\t<div class=\"wp-block-column\">\r\n\t\t\t<div>\r\n\t\t\t\t<h2 class=\"has-text-align-left\"><a href=\"https:\/\/efficiencymb.ca\/fr\/ma-maison\/offres-pour-demandeurs-a-revenu-admissible\/\">Offres bas\u00e9es sur le revenu<\/a><\/h2>\r\n\t\t\t\t<p>Si vous touchez un revenu modeste, nous pouvons vous aider \u00e0 r\u00e9duire vos factures \u00e9nerg\u00e9tiques mensuelles et \u00e0 accro\u00eetre le&#8230;<\/p>\r\n\t\t\t<\/div>\r\n\t\t\t                <figure class=\"\">\r\n                    <img decoding=\"async\" class=\"acf-figure-image\" \r\n            src=\"https:\/\/efficiencymb.ca\/wp-content\/uploads\/income-qualified-banner-alt.jpg\"\r\n            srcset=\"https:\/\/efficiencymb.ca\/wp-content\/uploads\/income-qualified-banner-alt.jpg 2400w, https:\/\/efficiencymb.ca\/wp-content\/uploads\/income-qualified-banner-alt-479x269.jpg 479w, https:\/\/efficiencymb.ca\/wp-content\/uploads\/income-qualified-banner-alt-1024x576.jpg 1024w, https:\/\/efficiencymb.ca\/wp-content\/uploads\/income-qualified-banner-alt-768x432.jpg 768w, https:\/\/efficiencymb.ca\/wp-content\/uploads\/income-qualified-banner-alt-1536x864.jpg 1536w, https:\/\/efficiencymb.ca\/wp-content\/uploads\/income-qualified-banner-alt-2048x1152.jpg 2048w, https:\/\/efficiencymb.ca\/wp-content\/uploads\/income-qualified-banner-alt-1920x1080.jpg 1920w\"\r\n            sizes=\"(max-width: 2400px) 100vw, 2400px\" \r\n            alt=\"Couple discutant avec un expert dans la cuisine\"\r\n        \/>\r\n                        <\/figure>\r\n            \t\t<\/div>\r\n\t\t\t\t\t<div class=\"wp-block-column\">\r\n\t\t\t<div>\r\n\t\t\t\t<h2 class=\"has-text-align-left\"><a href=\"https:\/\/efficiencymb.ca\/fr\/ma-maison\/offres-defficacite-energetique-pour-les-metis\/\">Offres d\u2019efficacit\u00e9 \u00e9nerg\u00e9tique pour les M\u00e9tis<\/a><\/h2>\r\n\t\t\t\t<p>R\u00e9duisez vos factures d\u2019\u00e9nergie et rehaussez le confort de votre maison en obtenant gratuitement des am\u00e9liorations \u00e9co\u00e9nerg\u00e9tiques ou des subventions&#8230;<\/p>\r\n\t\t\t<\/div>\r\n\t\t\t                <figure class=\"\">\r\n                    <img decoding=\"async\" class=\"acf-figure-image\" \r\n            src=\"https:\/\/efficiencymb.ca\/wp-content\/uploads\/metis-offers-banner.jpg\"\r\n            srcset=\"https:\/\/efficiencymb.ca\/wp-content\/uploads\/metis-offers-banner.jpg 2400w, https:\/\/efficiencymb.ca\/wp-content\/uploads\/metis-offers-banner-479x269.jpg 479w, https:\/\/efficiencymb.ca\/wp-content\/uploads\/metis-offers-banner-1024x576.jpg 1024w, https:\/\/efficiencymb.ca\/wp-content\/uploads\/metis-offers-banner-768x432.jpg 768w, https:\/\/efficiencymb.ca\/wp-content\/uploads\/metis-offers-banner-1536x864.jpg 1536w, https:\/\/efficiencymb.ca\/wp-content\/uploads\/metis-offers-banner-2048x1152.jpg 2048w, https:\/\/efficiencymb.ca\/wp-content\/uploads\/metis-offers-banner-1920x1080.jpg 1920w\"\r\n            sizes=\"(max-width: 2400px) 100vw, 2400px\" \r\n            alt=\"Femme installant une ampoule\"\r\n        \/>\r\n                        <\/figure>\r\n            \t\t<\/div>\r\n\t\t<\/div>\r\n\n\n\n<div class=\"wp-block-group is-style-content-columns\"><div class=\"wp-block-group__inner-container is-layout-flow wp-block-group-is-layout-flow\">\n<div style=\"height:100px\" aria-hidden=\"true\" class=\"wp-block-spacer\"><\/div>\n\n\n\n<h2 class=\"wp-block-heading has-text-align-center is-style-hero-heading-grey\" id=\"financez-vos-ameliorations\"><strong><strong><strong>FINANCEZ VOS AM\u00c9LIORATIONS<\/strong><\/strong><\/strong><\/h2>\n\n\n\n<p class=\"has-text-align-center\">Vous pouvez financer des am\u00e9liorations admissibles gr\u00e2ce au <a href=\"https:\/\/www.hydro.mb.ca\/fr\/your_home\/residential_loan\/\">Pr\u00eat r\u00e9sidentiel pour l\u2019efficacit\u00e9 \u00e9nerg\u00e9tique de Manitoba Hydro<\/a>. Non seulement vous pouvez choisir la dur\u00e9e de votre pr\u00eat, mais vos paiements mensuels sont facilement ajout\u00e9s \u00e0 votre facture d\u2019\u00e9nergie.&nbsp;<\/p>\n\n\n\n<div style=\"height:100px\" aria-hidden=\"true\" class=\"wp-block-spacer\"><\/div>\n<\/div><\/div>\n\n\n\n<figure class=\"wp-block-image size-full\"><img loading=\"lazy\" decoding=\"async\" width=\"2000\" height=\"400\" src=\"https:\/\/efficiencymb.ca\/wp-content\/uploads\/bg-two-tone-green@2x.png\" alt=\"\" class=\"wp-image-592\" srcset=\"https:\/\/efficiencymb.ca\/wp-content\/uploads\/bg-two-tone-green@2x.png 2000w, https:\/\/efficiencymb.ca\/wp-content\/uploads\/bg-two-tone-green@2x-479x96.png 479w, https:\/\/efficiencymb.ca\/wp-content\/uploads\/bg-two-tone-green@2x-1024x205.png 1024w, https:\/\/efficiencymb.ca\/wp-content\/uploads\/bg-two-tone-green@2x-768x154.png 768w, https:\/\/efficiencymb.ca\/wp-content\/uploads\/bg-two-tone-green@2x-1536x307.png 1536w\" sizes=\"auto, (max-width: 2000px) 100vw, 2000px\" \/><\/figure>\n\n\n\n<div class=\"wp-block-group padding-fix has-background\" style=\"background-color:#f4f3f3\"><div class=\"wp-block-group__inner-container is-layout-flow wp-block-group-is-layout-flow\">\n<div style=\"height:100px\" aria-hidden=\"true\" class=\"wp-block-spacer\"><\/div>\n\n\n\n<h2 class=\"wp-block-heading has-text-align-center is-style-hero-heading\" id=\"trucs-astuces-et-conseils\"><strong>TRUCS, ASTUCES ET CONSEILS<\/strong><\/h2>\n\n\n\n<div class=\"featured-post-block\">\n\t<div class=\"featured-post-block-items\" data-slidesToShow=\"2\" data-auto=\"\" data-autoplayspeed=\"\">\n\t\t\t<\/div>\n<\/div>\n\n\n\n<div style=\"height:100px\" aria-hidden=\"true\" class=\"wp-block-spacer\"><\/div>\n<\/div><\/div>\n","protected":false},"excerpt":{"rendered":"<p>Chauffage<\/p>\n","protected":false},"author":10,"featured_media":2747,"parent":13101,"menu_order":0,"comment_status":"closed","ping_status":"closed","template":"","meta":{"_acf_changed":false,"footnotes":""},"class_list":["post-13205","page","type-page","status-publish","has-post-thumbnail","hentry","page_cat-programs"],"acf":[],"yoast_head":"<!-- This site is optimized with the Yoast SEO plugin v27.3 - https:\/\/yoast.com\/product\/yoast-seo-wordpress\/ -->\n<title>Chauffage &#8212; Efficiency Manitoba<\/title>\n<meta name=\"description\" content=\"Chauffage\" \/>\n<meta name=\"robots\" content=\"index, follow, max-snippet:-1, max-image-preview:large, max-video-preview:-1\" \/>\n<link rel=\"canonical\" href=\"https:\/\/efficiencymb.ca\/fr\/ma-maison\/chauffage-et-dispositifs-de-commande\/\" \/>\n<meta property=\"og:locale\" content=\"fr_FR\" \/>\n<meta property=\"og:type\" content=\"article\" \/>\n<meta property=\"og:title\" content=\"Chauffage &#8212; Efficiency Manitoba\" \/>\n<meta property=\"og:description\" content=\"Chauffage\" \/>\n<meta property=\"og:url\" content=\"https:\/\/efficiencymb.ca\/fr\/ma-maison\/chauffage-et-dispositifs-de-commande\/\" \/>\n<meta property=\"og:site_name\" content=\"Efficiency Manitoba\" \/>\n<meta property=\"article:modified_time\" content=\"2025-04-11T19:58:47+00:00\" \/>\n<meta property=\"og:image\" content=\"https:\/\/efficiencymb.ca\/wp-content\/uploads\/hrv-controls-banner_v2.jpg\" \/>\n\t<meta property=\"og:image:width\" content=\"1200\" \/>\n\t<meta property=\"og:image:height\" content=\"675\" \/>\n\t<meta property=\"og:image:type\" content=\"image\/jpeg\" \/>\n<meta name=\"twitter:card\" content=\"summary_large_image\" \/>\n<meta name=\"twitter:label1\" content=\"Dur\u00e9e de lecture estim\u00e9e\" \/>\n\t<meta name=\"twitter:data1\" content=\"1 minute\" \/>\n<script type=\"application\/ld+json\" class=\"yoast-schema-graph\">{\"@context\":\"https:\\\/\\\/schema.org\",\"@graph\":[{\"@type\":\"WebPage\",\"@id\":\"https:\\\/\\\/efficiencymb.ca\\\/fr\\\/ma-maison\\\/chauffage-et-dispositifs-de-commande\\\/\",\"url\":\"https:\\\/\\\/efficiencymb.ca\\\/fr\\\/ma-maison\\\/chauffage-et-dispositifs-de-commande\\\/\",\"name\":\"Chauffage &#8212; Efficiency Manitoba\",\"isPartOf\":{\"@id\":\"https:\\\/\\\/efficiencymb.ca\\\/#website\"},\"primaryImageOfPage\":{\"@id\":\"https:\\\/\\\/efficiencymb.ca\\\/fr\\\/ma-maison\\\/chauffage-et-dispositifs-de-commande\\\/#primaryimage\"},\"image\":{\"@id\":\"https:\\\/\\\/efficiencymb.ca\\\/fr\\\/ma-maison\\\/chauffage-et-dispositifs-de-commande\\\/#primaryimage\"},\"thumbnailUrl\":\"https:\\\/\\\/efficiencymb.ca\\\/wp-content\\\/uploads\\\/hrv-controls-banner_v2.jpg\",\"datePublished\":\"2020-03-04T21:58:57+00:00\",\"dateModified\":\"2025-04-11T19:58:47+00:00\",\"description\":\"Chauffage\",\"breadcrumb\":{\"@id\":\"https:\\\/\\\/efficiencymb.ca\\\/fr\\\/ma-maison\\\/chauffage-et-dispositifs-de-commande\\\/#breadcrumb\"},\"inLanguage\":\"fr-FR\",\"potentialAction\":[{\"@type\":\"ReadAction\",\"target\":[\"https:\\\/\\\/efficiencymb.ca\\\/fr\\\/ma-maison\\\/chauffage-et-dispositifs-de-commande\\\/\"]}]},{\"@type\":\"ImageObject\",\"inLanguage\":\"fr-FR\",\"@id\":\"https:\\\/\\\/efficiencymb.ca\\\/fr\\\/ma-maison\\\/chauffage-et-dispositifs-de-commande\\\/#primaryimage\",\"url\":\"https:\\\/\\\/efficiencymb.ca\\\/wp-content\\\/uploads\\\/hrv-controls-banner_v2.jpg\",\"contentUrl\":\"https:\\\/\\\/efficiencymb.ca\\\/wp-content\\\/uploads\\\/hrv-controls-banner_v2.jpg\",\"width\":1200,\"height\":675,\"caption\":\"Homme r\u00e9glant le thermostat\"},{\"@type\":\"BreadcrumbList\",\"@id\":\"https:\\\/\\\/efficiencymb.ca\\\/fr\\\/ma-maison\\\/chauffage-et-dispositifs-de-commande\\\/#breadcrumb\",\"itemListElement\":[{\"@type\":\"ListItem\",\"position\":1,\"name\":\"Home\",\"item\":\"https:\\\/\\\/efficiencymb.ca\\\/fr\\\/\"},{\"@type\":\"ListItem\",\"position\":2,\"name\":\"Ma Maison\",\"item\":\"https:\\\/\\\/efficiencymb.ca\\\/fr\\\/ma-maison\\\/\"},{\"@type\":\"ListItem\",\"position\":3,\"name\":\"Chauffage\"}]},{\"@type\":\"WebSite\",\"@id\":\"https:\\\/\\\/efficiencymb.ca\\\/#website\",\"url\":\"https:\\\/\\\/efficiencymb.ca\\\/\",\"name\":\"Efficiency Manitoba\",\"description\":\"\",\"publisher\":{\"@id\":\"https:\\\/\\\/efficiencymb.ca\\\/#organization\"},\"potentialAction\":[{\"@type\":\"SearchAction\",\"target\":{\"@type\":\"EntryPoint\",\"urlTemplate\":\"https:\\\/\\\/efficiencymb.ca\\\/?s={search_term_string}\"},\"query-input\":{\"@type\":\"PropertyValueSpecification\",\"valueRequired\":true,\"valueName\":\"search_term_string\"}}],\"inLanguage\":\"fr-FR\"},{\"@type\":\"Organization\",\"@id\":\"https:\\\/\\\/efficiencymb.ca\\\/#organization\",\"name\":\"Efficiency Manitoba\",\"url\":\"https:\\\/\\\/efficiencymb.ca\\\/\",\"logo\":{\"@type\":\"ImageObject\",\"inLanguage\":\"fr-FR\",\"@id\":\"https:\\\/\\\/efficiencymb.ca\\\/#\\\/schema\\\/logo\\\/image\\\/\",\"url\":\"https:\\\/\\\/efficiencymb.ca\\\/wp-content\\\/uploads\\\/em-logo-white-en.png\",\"contentUrl\":\"https:\\\/\\\/efficiencymb.ca\\\/wp-content\\\/uploads\\\/em-logo-white-en.png\",\"width\":388,\"height\":91,\"caption\":\"Efficiency Manitoba\"},\"image\":{\"@id\":\"https:\\\/\\\/efficiencymb.ca\\\/#\\\/schema\\\/logo\\\/image\\\/\"}}]}<\/script>\n<!-- \/ Yoast SEO plugin. -->","yoast_head_json":{"title":"Chauffage &#8212; Efficiency Manitoba","description":"Chauffage","robots":{"index":"index","follow":"follow","max-snippet":"max-snippet:-1","max-image-preview":"max-image-preview:large","max-video-preview":"max-video-preview:-1"},"canonical":"https:\/\/efficiencymb.ca\/fr\/ma-maison\/chauffage-et-dispositifs-de-commande\/","og_locale":"fr_FR","og_type":"article","og_title":"Chauffage &#8212; Efficiency Manitoba","og_description":"Chauffage","og_url":"https:\/\/efficiencymb.ca\/fr\/ma-maison\/chauffage-et-dispositifs-de-commande\/","og_site_name":"Efficiency Manitoba","article_modified_time":"2025-04-11T19:58:47+00:00","og_image":[{"width":1200,"height":675,"url":"https:\/\/efficiencymb.ca\/wp-content\/uploads\/hrv-controls-banner_v2.jpg","type":"image\/jpeg"}],"twitter_card":"summary_large_image","twitter_misc":{"Dur\u00e9e de lecture estim\u00e9e":"1 minute"},"schema":{"@context":"https:\/\/schema.org","@graph":[{"@type":"WebPage","@id":"https:\/\/efficiencymb.ca\/fr\/ma-maison\/chauffage-et-dispositifs-de-commande\/","url":"https:\/\/efficiencymb.ca\/fr\/ma-maison\/chauffage-et-dispositifs-de-commande\/","name":"Chauffage &#8212; Efficiency Manitoba","isPartOf":{"@id":"https:\/\/efficiencymb.ca\/#website"},"primaryImageOfPage":{"@id":"https:\/\/efficiencymb.ca\/fr\/ma-maison\/chauffage-et-dispositifs-de-commande\/#primaryimage"},"image":{"@id":"https:\/\/efficiencymb.ca\/fr\/ma-maison\/chauffage-et-dispositifs-de-commande\/#primaryimage"},"thumbnailUrl":"https:\/\/efficiencymb.ca\/wp-content\/uploads\/hrv-controls-banner_v2.jpg","datePublished":"2020-03-04T21:58:57+00:00","dateModified":"2025-04-11T19:58:47+00:00","description":"Chauffage","breadcrumb":{"@id":"https:\/\/efficiencymb.ca\/fr\/ma-maison\/chauffage-et-dispositifs-de-commande\/#breadcrumb"},"inLanguage":"fr-FR","potentialAction":[{"@type":"ReadAction","target":["https:\/\/efficiencymb.ca\/fr\/ma-maison\/chauffage-et-dispositifs-de-commande\/"]}]},{"@type":"ImageObject","inLanguage":"fr-FR","@id":"https:\/\/efficiencymb.ca\/fr\/ma-maison\/chauffage-et-dispositifs-de-commande\/#primaryimage","url":"https:\/\/efficiencymb.ca\/wp-content\/uploads\/hrv-controls-banner_v2.jpg","contentUrl":"https:\/\/efficiencymb.ca\/wp-content\/uploads\/hrv-controls-banner_v2.jpg","width":1200,"height":675,"caption":"Homme r\u00e9glant le thermostat"},{"@type":"BreadcrumbList","@id":"https:\/\/efficiencymb.ca\/fr\/ma-maison\/chauffage-et-dispositifs-de-commande\/#breadcrumb","itemListElement":[{"@type":"ListItem","position":1,"name":"Home","item":"https:\/\/efficiencymb.ca\/fr\/"},{"@type":"ListItem","position":2,"name":"Ma Maison","item":"https:\/\/efficiencymb.ca\/fr\/ma-maison\/"},{"@type":"ListItem","position":3,"name":"Chauffage"}]},{"@type":"WebSite","@id":"https:\/\/efficiencymb.ca\/#website","url":"https:\/\/efficiencymb.ca\/","name":"Efficiency Manitoba","description":"","publisher":{"@id":"https:\/\/efficiencymb.ca\/#organization"},"potentialAction":[{"@type":"SearchAction","target":{"@type":"EntryPoint","urlTemplate":"https:\/\/efficiencymb.ca\/?s={search_term_string}"},"query-input":{"@type":"PropertyValueSpecification","valueRequired":true,"valueName":"search_term_string"}}],"inLanguage":"fr-FR"},{"@type":"Organization","@id":"https:\/\/efficiencymb.ca\/#organization","name":"Efficiency Manitoba","url":"https:\/\/efficiencymb.ca\/","logo":{"@type":"ImageObject","inLanguage":"fr-FR","@id":"https:\/\/efficiencymb.ca\/#\/schema\/logo\/image\/","url":"https:\/\/efficiencymb.ca\/wp-content\/uploads\/em-logo-white-en.png","contentUrl":"https:\/\/efficiencymb.ca\/wp-content\/uploads\/em-logo-white-en.png","width":388,"height":91,"caption":"Efficiency Manitoba"},"image":{"@id":"https:\/\/efficiencymb.ca\/#\/schema\/logo\/image\/"}}]}},"_links":{"self":[{"href":"https:\/\/efficiencymb.ca\/fr\/wp-json\/wp\/v2\/pages\/13205","targetHints":{"allow":["GET"]}}],"collection":[{"href":"https:\/\/efficiencymb.ca\/fr\/wp-json\/wp\/v2\/pages"}],"about":[{"href":"https:\/\/efficiencymb.ca\/fr\/wp-json\/wp\/v2\/types\/page"}],"author":[{"embeddable":true,"href":"https:\/\/efficiencymb.ca\/fr\/wp-json\/wp\/v2\/users\/10"}],"replies":[{"embeddable":true,"href":"https:\/\/efficiencymb.ca\/fr\/wp-json\/wp\/v2\/comments?post=13205"}],"version-history":[{"count":27,"href":"https:\/\/efficiencymb.ca\/fr\/wp-json\/wp\/v2\/pages\/13205\/revisions"}],"predecessor-version":[{"id":75157,"href":"https:\/\/efficiencymb.ca\/fr\/wp-json\/wp\/v2\/pages\/13205\/revisions\/75157"}],"up":[{"embeddable":true,"href":"https:\/\/efficiencymb.ca\/fr\/wp-json\/wp\/v2\/pages\/13101"}],"wp:featuredmedia":[{"embeddable":true,"href":"https:\/\/efficiencymb.ca\/fr\/wp-json\/wp\/v2\/media\/2747"}],"wp:attachment":[{"href":"https:\/\/efficiencymb.ca\/fr\/wp-json\/wp\/v2\/media?parent=13205"}],"curies":[{"name":"wp","href":"https:\/\/api.w.org\/{rel}","templated":true}]}}