{"id":13147,"date":"2020-04-30T17:11:41","date_gmt":"2020-04-30T22:11:41","guid":{"rendered":"https:\/\/efficiencymb.ca\/coming-soon\/"},"modified":"2023-06-04T16:31:04","modified_gmt":"2023-06-04T21:31:04","slug":"coming-soon","status":"publish","type":"page","link":"https:\/\/efficiencymb.ca\/fr\/coming-soon\/","title":{"rendered":"\u00c0 Venir Bient\u00f4t"},"content":{"rendered":"\n<div class=\"wp-block-group is-style-content\"><div class=\"wp-block-group__inner-container is-layout-flow wp-block-group-is-layout-flow\">\n<h2 class=\"wp-block-heading has-text-align-center is-style-hero-heading-grey has-text-color\" style=\"color:#59595b\"><strong><strong>MERCI DE VOTRE INT\u00c9R\u00caT!<\/strong><\/strong><\/h2>\n\n\n\n<p class=\"has-text-align-center intro-copy\">Nous travaillons fort pour vous pr\u00e9senter ce programme dans les mois \u00e0 venir.<\/p>\n\n\n\n<p class=\"has-text-align-center intro-copy\">Pour toutes les derni\u00e8res nouvelles sur nos programmes et offres, suivez-nous sur les m\u00e9dias sociaux ou inscrivez-vous pour recevoir notre bulletin.<\/p>\n<\/div><\/div>\n\n\n\n<div style=\"height:100px\" aria-hidden=\"true\" class=\"wp-block-spacer\"><\/div>\n\n\n\n\n\n<div style=\"height:150px\" aria-hidden=\"true\" class=\"wp-block-spacer\"><\/div>\n\n\n\n<div class=\"wp-block-group has-background\" style=\"background-color:#f4f3f3\"><div class=\"wp-block-group__inner-container is-layout-flow wp-block-group-is-layout-flow\">\n<div style=\"height:100px\" aria-hidden=\"true\" class=\"wp-block-spacer\"><\/div>\n\n\n\n<div class=\"wp-block-group is-style-content-wide\"><div class=\"wp-block-group__inner-container is-layout-flow wp-block-group-is-layout-flow\">\n<h2 class=\"wp-block-heading has-text-align-center is-style-hero-heading\">COMMUNIQUEZ AVEC NOUS<\/h2>\n\n\n\n<div class=\"wp-block-columns connect-container is-layout-flex wp-container-core-columns-is-layout-9d6595d7 wp-block-columns-is-layout-flex\">\n<div class=\"wp-block-column connect-column is-layout-flow wp-block-column-is-layout-flow\"><div class=\"wp-block-image\">\n<figure class=\"aligncenter size-thumbnail\"><img decoding=\"async\" src=\"https:\/\/efficiencymb.ca\/wp-content\/uploads\/ic-circle-xl-speech-bubble-duo@2x-150x150.png\" alt=\"\" class=\"wp-image-574\"\/><\/figure>\n<\/div>\n\n\n<h3 class=\"wp-block-heading has-text-align-center feature-title\">SUIVEZ-NOUS<\/h3>\n\n\n\n<p class=\"has-text-align-center\">Suivez-nous et joignez-vous \u00e0 la conversation.<br><a href=\"https:\/\/www.instagram.com\/efficiencymb\/\" target=\"_blank\" rel=\"noreferrer noopener\">#efficiencyMB<\/a><\/p>\n\n\n\n<p class=\"has-text-align-center has-small-font-size\"><em>(en anglais)<\/em><\/p>\n\n\n\n<ul class=\"social-list wp-block-list\">\n<li>                         <a class=\"social-icon icon-facebook-green square\" href=\"https:\/\/www.facebook.com\/efficiencyMB\"><\/a>                         <a href=\"https:\/\/www.facebook.com\/efficiencyMB\" target=\"_blank\" rel=\"noreferrer noopener\">Facebook<\/a>                     <\/li>\n\n\n\n<li>                         <a class=\"social-icon icon-instagram-green square\" href=\"https:\/\/www.instagram.com\/efficiencymb\/\"><\/a>                         <a href=\"https:\/\/www.instagram.com\/efficiencymb\/\" target=\"_blank\" rel=\"noreferrer noopener\">Instagram<\/a>                               <\/li>\n\n\n\n<li>                         <a class=\"social-icon icon-linkedin-green square\" href=\"https:\/\/ca.linkedin.com\/company\/efficiencymb\"><\/a>                         <a href=\"https:\/\/ca.linkedin.com\/company\/efficiencymb\" target=\"_blank\" rel=\"noreferrer noopener\">LinkedIn<\/a>                     <\/li>\n\n\n\n<li><a href=\"https:\/\/ca.linkedin.com\/company\/efficiencymb\"><\/a><a href=\"https:\/\/ca.linkedin.com\/company\/efficiencymb\"><\/a><a href=\"https:\/\/ca.linkedin.com\/company\/efficiencymb\"><\/a>                         <a class=\"social-icon icon-youtube-green square\" href=\"https:\/\/ca.linkedin.com\/company\/efficiencymb\"><\/a>                         <a href=\"https:\/\/www.youtube.com\/@efficiencyMB\" target=\"_blank\" rel=\"noreferrer noopener\">YouTube<\/a>                     <\/li>\n<\/ul>\n<\/div>\n\n\n\n<div class=\"wp-block-column is-layout-flow wp-block-column-is-layout-flow\"><div class=\"wp-block-image\">\n<figure class=\"aligncenter size-thumbnail\"><img decoding=\"async\" src=\"https:\/\/efficiencymb.ca\/wp-content\/uploads\/ic-circle-xl-laptop@2x-150x150.png\" alt=\"\" class=\"wp-image-3027\"\/><\/figure>\n<\/div>\n\n\n<h3 class=\"wp-block-heading has-text-align-center feature-title\">ENVOYEZ-NOUS UN COURRIEL<\/h3>\n\n\n\n<p class=\"has-text-align-center\"><a href=\"mailto:EnergyTeam@efficiencymb.ca\">Envoyez un courriel<\/a>&nbsp;\u00e0 notre \u00e9quipe si vous avez des questions sur l\u2019efficacit\u00e9 \u00e9nerg\u00e9tique.<\/p>\n<\/div>\n\n\n\n<div class=\"wp-block-column is-layout-flow wp-block-column-is-layout-flow\"><div class=\"wp-block-image\">\n<figure class=\"aligncenter size-thumbnail\"><img decoding=\"async\" src=\"https:\/\/efficiencymb.ca\/wp-content\/uploads\/ic-circle-xl-smartphone@2x-150x150.png\" alt=\"\" class=\"wp-image-573\"\/><\/figure>\n<\/div>\n\n\n<h3 class=\"wp-block-heading has-text-align-center feature-title\">APPELEZ-NOUS<\/h3>\n\n\n\n<p><strong>Vous voulez nous parler directement?<\/strong><\/p>\n\n\n\n<p>Appelez-nous. Nos heures d\u2019ouverture sont du lundi au vendredi, de 9&nbsp;h \u00e0 17&nbsp;h, sauf les jours f\u00e9ri\u00e9s.<\/p>\n\n\n\n<p>T\u00e9l\u00e9phone&nbsp;: <a href=\"tel:+12049448181\">204 944-8181<\/a><br>Num\u00e9ro sans frais : <br><a href=\"tel:+18449448181\">1 844 944-8181<\/a><\/p>\n<\/div>\n<\/div>\n<\/div><\/div>\n<\/div><\/div>\n","protected":false},"excerpt":{"rendered":"<p>MERCI DE VOTRE INT\u00c9R\u00caT! Nous travaillons fort pour vous pr\u00e9senter ce programme dans les mois \u00e0 venir. Pour toutes les derni\u00e8res nouvelles sur nos programmes et offres, suivez-nous sur les m\u00e9dias sociaux ou inscrivez-vous pour recevoir notre bulletin.<\/p>\n","protected":false},"author":10,"featured_media":3021,"parent":0,"menu_order":0,"comment_status":"closed","ping_status":"closed","template":"","meta":{"_acf_changed":false,"footnotes":""},"class_list":["post-13147","page","type-page","status-publish","has-post-thumbnail","hentry","page_cat-programs"],"acf":[],"yoast_head":"<!-- This site is optimized with the Yoast SEO plugin v27.3 - https:\/\/yoast.com\/product\/yoast-seo-wordpress\/ -->\n<title>\u00c0 Venir Bient\u00f4t &#8212; Efficiency Manitoba<\/title>\n<meta name=\"robots\" content=\"index, follow, max-snippet:-1, max-image-preview:large, max-video-preview:-1\" \/>\n<link rel=\"canonical\" href=\"https:\/\/efficiencymb.ca\/fr\/coming-soon\/\" \/>\n<meta property=\"og:locale\" content=\"fr_FR\" \/>\n<meta property=\"og:type\" content=\"article\" \/>\n<meta property=\"og:title\" content=\"\u00c0 Venir Bient\u00f4t &#8212; Efficiency Manitoba\" \/>\n<meta property=\"og:description\" content=\"MERCI DE VOTRE INT\u00c9R\u00caT! Nous travaillons fort pour vous pr\u00e9senter ce programme dans les mois \u00e0 venir. Pour toutes les derni\u00e8res nouvelles sur nos programmes et offres, suivez-nous sur les m\u00e9dias sociaux ou inscrivez-vous pour recevoir notre bulletin.\" \/>\n<meta property=\"og:url\" content=\"https:\/\/efficiencymb.ca\/fr\/coming-soon\/\" \/>\n<meta property=\"og:site_name\" content=\"Efficiency Manitoba\" \/>\n<meta property=\"article:modified_time\" content=\"2023-06-04T21:31:04+00:00\" \/>\n<meta property=\"og:image\" content=\"https:\/\/efficiencymb.ca\/wp-content\/uploads\/coming-soon.jpg\" \/>\n\t<meta property=\"og:image:width\" content=\"2400\" \/>\n\t<meta property=\"og:image:height\" content=\"1350\" \/>\n\t<meta property=\"og:image:type\" content=\"image\/jpeg\" \/>\n<meta name=\"twitter:card\" content=\"summary_large_image\" \/>\n<meta name=\"twitter:label1\" content=\"Dur\u00e9e de lecture estim\u00e9e\" \/>\n\t<meta name=\"twitter:data1\" content=\"1 minute\" \/>\n<script type=\"application\/ld+json\" class=\"yoast-schema-graph\">{\"@context\":\"https:\\\/\\\/schema.org\",\"@graph\":[{\"@type\":\"WebPage\",\"@id\":\"https:\\\/\\\/efficiencymb.ca\\\/fr\\\/coming-soon\\\/\",\"url\":\"https:\\\/\\\/efficiencymb.ca\\\/fr\\\/coming-soon\\\/\",\"name\":\"\u00c0 Venir Bient\u00f4t &#8212; Efficiency Manitoba\",\"isPartOf\":{\"@id\":\"https:\\\/\\\/efficiencymb.ca\\\/#website\"},\"primaryImageOfPage\":{\"@id\":\"https:\\\/\\\/efficiencymb.ca\\\/fr\\\/coming-soon\\\/#primaryimage\"},\"image\":{\"@id\":\"https:\\\/\\\/efficiencymb.ca\\\/fr\\\/coming-soon\\\/#primaryimage\"},\"thumbnailUrl\":\"https:\\\/\\\/efficiencymb.ca\\\/wp-content\\\/uploads\\\/coming-soon.jpg\",\"datePublished\":\"2020-04-30T22:11:41+00:00\",\"dateModified\":\"2023-06-04T21:31:04+00:00\",\"breadcrumb\":{\"@id\":\"https:\\\/\\\/efficiencymb.ca\\\/fr\\\/coming-soon\\\/#breadcrumb\"},\"inLanguage\":\"fr-FR\",\"potentialAction\":[{\"@type\":\"ReadAction\",\"target\":[\"https:\\\/\\\/efficiencymb.ca\\\/fr\\\/coming-soon\\\/\"]}]},{\"@type\":\"ImageObject\",\"inLanguage\":\"fr-FR\",\"@id\":\"https:\\\/\\\/efficiencymb.ca\\\/fr\\\/coming-soon\\\/#primaryimage\",\"url\":\"https:\\\/\\\/efficiencymb.ca\\\/wp-content\\\/uploads\\\/coming-soon.jpg\",\"contentUrl\":\"https:\\\/\\\/efficiencymb.ca\\\/wp-content\\\/uploads\\\/coming-soon.jpg\",\"width\":2400,\"height\":1350,\"caption\":\"Texte \u00e0 lire \u00ab\u00c0 venir bient\u00f4t\u00bb\"},{\"@type\":\"BreadcrumbList\",\"@id\":\"https:\\\/\\\/efficiencymb.ca\\\/fr\\\/coming-soon\\\/#breadcrumb\",\"itemListElement\":[{\"@type\":\"ListItem\",\"position\":1,\"name\":\"Home\",\"item\":\"https:\\\/\\\/efficiencymb.ca\\\/fr\\\/\"},{\"@type\":\"ListItem\",\"position\":2,\"name\":\"\u00c0 Venir Bient\u00f4t\"}]},{\"@type\":\"WebSite\",\"@id\":\"https:\\\/\\\/efficiencymb.ca\\\/#website\",\"url\":\"https:\\\/\\\/efficiencymb.ca\\\/\",\"name\":\"Efficiency Manitoba\",\"description\":\"\",\"publisher\":{\"@id\":\"https:\\\/\\\/efficiencymb.ca\\\/#organization\"},\"potentialAction\":[{\"@type\":\"SearchAction\",\"target\":{\"@type\":\"EntryPoint\",\"urlTemplate\":\"https:\\\/\\\/efficiencymb.ca\\\/?s={search_term_string}\"},\"query-input\":{\"@type\":\"PropertyValueSpecification\",\"valueRequired\":true,\"valueName\":\"search_term_string\"}}],\"inLanguage\":\"fr-FR\"},{\"@type\":\"Organization\",\"@id\":\"https:\\\/\\\/efficiencymb.ca\\\/#organization\",\"name\":\"Efficiency Manitoba\",\"url\":\"https:\\\/\\\/efficiencymb.ca\\\/\",\"logo\":{\"@type\":\"ImageObject\",\"inLanguage\":\"fr-FR\",\"@id\":\"https:\\\/\\\/efficiencymb.ca\\\/#\\\/schema\\\/logo\\\/image\\\/\",\"url\":\"https:\\\/\\\/efficiencymb.ca\\\/wp-content\\\/uploads\\\/em-logo-white-en.png\",\"contentUrl\":\"https:\\\/\\\/efficiencymb.ca\\\/wp-content\\\/uploads\\\/em-logo-white-en.png\",\"width\":388,\"height\":91,\"caption\":\"Efficiency Manitoba\"},\"image\":{\"@id\":\"https:\\\/\\\/efficiencymb.ca\\\/#\\\/schema\\\/logo\\\/image\\\/\"}}]}<\/script>\n<!-- \/ Yoast SEO plugin. -->","yoast_head_json":{"title":"\u00c0 Venir Bient\u00f4t &#8212; Efficiency Manitoba","robots":{"index":"index","follow":"follow","max-snippet":"max-snippet:-1","max-image-preview":"max-image-preview:large","max-video-preview":"max-video-preview:-1"},"canonical":"https:\/\/efficiencymb.ca\/fr\/coming-soon\/","og_locale":"fr_FR","og_type":"article","og_title":"\u00c0 Venir Bient\u00f4t &#8212; Efficiency Manitoba","og_description":"MERCI DE VOTRE INT\u00c9R\u00caT! Nous travaillons fort pour vous pr\u00e9senter ce programme dans les mois \u00e0 venir. Pour toutes les derni\u00e8res nouvelles sur nos programmes et offres, suivez-nous sur les m\u00e9dias sociaux ou inscrivez-vous pour recevoir notre bulletin.","og_url":"https:\/\/efficiencymb.ca\/fr\/coming-soon\/","og_site_name":"Efficiency Manitoba","article_modified_time":"2023-06-04T21:31:04+00:00","og_image":[{"width":2400,"height":1350,"url":"https:\/\/efficiencymb.ca\/wp-content\/uploads\/coming-soon.jpg","type":"image\/jpeg"}],"twitter_card":"summary_large_image","twitter_misc":{"Dur\u00e9e de lecture estim\u00e9e":"1 minute"},"schema":{"@context":"https:\/\/schema.org","@graph":[{"@type":"WebPage","@id":"https:\/\/efficiencymb.ca\/fr\/coming-soon\/","url":"https:\/\/efficiencymb.ca\/fr\/coming-soon\/","name":"\u00c0 Venir Bient\u00f4t &#8212; Efficiency Manitoba","isPartOf":{"@id":"https:\/\/efficiencymb.ca\/#website"},"primaryImageOfPage":{"@id":"https:\/\/efficiencymb.ca\/fr\/coming-soon\/#primaryimage"},"image":{"@id":"https:\/\/efficiencymb.ca\/fr\/coming-soon\/#primaryimage"},"thumbnailUrl":"https:\/\/efficiencymb.ca\/wp-content\/uploads\/coming-soon.jpg","datePublished":"2020-04-30T22:11:41+00:00","dateModified":"2023-06-04T21:31:04+00:00","breadcrumb":{"@id":"https:\/\/efficiencymb.ca\/fr\/coming-soon\/#breadcrumb"},"inLanguage":"fr-FR","potentialAction":[{"@type":"ReadAction","target":["https:\/\/efficiencymb.ca\/fr\/coming-soon\/"]}]},{"@type":"ImageObject","inLanguage":"fr-FR","@id":"https:\/\/efficiencymb.ca\/fr\/coming-soon\/#primaryimage","url":"https:\/\/efficiencymb.ca\/wp-content\/uploads\/coming-soon.jpg","contentUrl":"https:\/\/efficiencymb.ca\/wp-content\/uploads\/coming-soon.jpg","width":2400,"height":1350,"caption":"Texte \u00e0 lire \u00ab\u00c0 venir bient\u00f4t\u00bb"},{"@type":"BreadcrumbList","@id":"https:\/\/efficiencymb.ca\/fr\/coming-soon\/#breadcrumb","itemListElement":[{"@type":"ListItem","position":1,"name":"Home","item":"https:\/\/efficiencymb.ca\/fr\/"},{"@type":"ListItem","position":2,"name":"\u00c0 Venir Bient\u00f4t"}]},{"@type":"WebSite","@id":"https:\/\/efficiencymb.ca\/#website","url":"https:\/\/efficiencymb.ca\/","name":"Efficiency Manitoba","description":"","publisher":{"@id":"https:\/\/efficiencymb.ca\/#organization"},"potentialAction":[{"@type":"SearchAction","target":{"@type":"EntryPoint","urlTemplate":"https:\/\/efficiencymb.ca\/?s={search_term_string}"},"query-input":{"@type":"PropertyValueSpecification","valueRequired":true,"valueName":"search_term_string"}}],"inLanguage":"fr-FR"},{"@type":"Organization","@id":"https:\/\/efficiencymb.ca\/#organization","name":"Efficiency Manitoba","url":"https:\/\/efficiencymb.ca\/","logo":{"@type":"ImageObject","inLanguage":"fr-FR","@id":"https:\/\/efficiencymb.ca\/#\/schema\/logo\/image\/","url":"https:\/\/efficiencymb.ca\/wp-content\/uploads\/em-logo-white-en.png","contentUrl":"https:\/\/efficiencymb.ca\/wp-content\/uploads\/em-logo-white-en.png","width":388,"height":91,"caption":"Efficiency Manitoba"},"image":{"@id":"https:\/\/efficiencymb.ca\/#\/schema\/logo\/image\/"}}]}},"_links":{"self":[{"href":"https:\/\/efficiencymb.ca\/fr\/wp-json\/wp\/v2\/pages\/13147","targetHints":{"allow":["GET"]}}],"collection":[{"href":"https:\/\/efficiencymb.ca\/fr\/wp-json\/wp\/v2\/pages"}],"about":[{"href":"https:\/\/efficiencymb.ca\/fr\/wp-json\/wp\/v2\/types\/page"}],"author":[{"embeddable":true,"href":"https:\/\/efficiencymb.ca\/fr\/wp-json\/wp\/v2\/users\/10"}],"replies":[{"embeddable":true,"href":"https:\/\/efficiencymb.ca\/fr\/wp-json\/wp\/v2\/comments?post=13147"}],"version-history":[{"count":5,"href":"https:\/\/efficiencymb.ca\/fr\/wp-json\/wp\/v2\/pages\/13147\/revisions"}],"predecessor-version":[{"id":26497,"href":"https:\/\/efficiencymb.ca\/fr\/wp-json\/wp\/v2\/pages\/13147\/revisions\/26497"}],"wp:featuredmedia":[{"embeddable":true,"href":"https:\/\/efficiencymb.ca\/fr\/wp-json\/wp\/v2\/media\/3021"}],"wp:attachment":[{"href":"https:\/\/efficiencymb.ca\/fr\/wp-json\/wp\/v2\/media?parent=13147"}],"curies":[{"name":"wp","href":"https:\/\/api.w.org\/{rel}","templated":true}]}}