{"id":13145,"date":"2020-03-17T18:35:09","date_gmt":"2020-03-17T23:35:09","guid":{"rendered":"https:\/\/efficiencymb.ca\/my-home\/appliance-recycling\/"},"modified":"2025-06-16T14:16:57","modified_gmt":"2025-06-16T19:16:57","slug":"programme-de-recyclage-des-appareils-electromenagers","status":"publish","type":"page","link":"https:\/\/efficiencymb.ca\/fr\/ma-maison\/programme-de-recyclage-des-appareils-electromenagers\/","title":{"rendered":"Programme de recyclage des appareils \u00e9lectrom\u00e9nagers"},"content":{"rendered":"\n<div class=\"wp-block-group is-style-content\"><div class=\"wp-block-group__inner-container is-layout-flow wp-block-group-is-layout-flow\">\n<h2 class=\"wp-block-heading has-text-align-center is-style-hero-heading-grey\">RECYCLEZ. OBTENEZ UNE REMISE. SENTEZ-VOUS BIEN.<\/h2>\n\n\n\n<p class=\"has-text-align-center has-medium-font-size\">Le Programme de recyclage des appareils \u00e9lectrom\u00e9nagers offre un ramassage \u00e0 domicile de votre vieux r\u00e9frig\u00e9rateur ou cong\u00e9lateur en \u00e9tat de marche, et nous vous accorderons une remise de 30&nbsp;$ pour chaque appareil recycl\u00e9. Non seulement vous \u00e9conomiserez de l\u2019argent sur vos factures d\u2019\u00e9nergie, mais vous vous sentirez bien en sachant que votre appareil est recycl\u00e9 de fa\u00e7on responsable.<\/p>\n<\/div><\/div>\n\n\n\n<figure class=\"wp-block-image size-full slant\"><img loading=\"lazy\" decoding=\"async\" width=\"2000\" height=\"400\" src=\"https:\/\/efficiencymb.ca\/wp-content\/uploads\/bg-two-tone-green@2x.png\" alt=\"\" class=\"wp-image-592\" srcset=\"https:\/\/efficiencymb.ca\/wp-content\/uploads\/bg-two-tone-green@2x.png 2000w, https:\/\/efficiencymb.ca\/wp-content\/uploads\/bg-two-tone-green@2x-479x96.png 479w, https:\/\/efficiencymb.ca\/wp-content\/uploads\/bg-two-tone-green@2x-1024x205.png 1024w, https:\/\/efficiencymb.ca\/wp-content\/uploads\/bg-two-tone-green@2x-768x154.png 768w, https:\/\/efficiencymb.ca\/wp-content\/uploads\/bg-two-tone-green@2x-1536x307.png 1536w\" sizes=\"auto, (max-width: 2000px) 100vw, 2000px\" \/><\/figure>\n\n\n\n<div class=\"wp-block-group has-background\" style=\"background-color:#f4f3f3\"><div class=\"wp-block-group__inner-container is-layout-flow wp-block-group-is-layout-flow\">\n<h2 class=\"wp-block-heading has-text-align-center is-style-hero-heading\">APPAREILS QUE NOUS ACCEPTONS<\/h2>\n\n\n\n<div class=\"wp-block-group is-style-content\"><div class=\"wp-block-group__inner-container is-layout-flow wp-block-group-is-layout-flow\">\n<p>Nous acceptons jusqu&rsquo;\u00e0<strong> trois r\u00e9frig\u00e9rateurs et\/ou cong\u00e9lateurs<\/strong> <strong>par m\u00e9nage<\/strong>, et nous vous donnerons 30&nbsp;$ pour chaque r\u00e9frig\u00e9rateur et\/ou cong\u00e9lateur admissible que nous ramassons.<\/p>\n\n\n\n<p>Lorsque vous recyclez un r\u00e9frig\u00e9rateur ou un cong\u00e9lateur pleine grandeur admissible, nous pouvons <strong>\u00e9galement prendre votre d\u00e9shumidificateur fonctionnel, votre climatiseur de fen\u00eatre, votre r\u00e9frig\u00e9rateur de petite taille (format bar) ou votre cong\u00e9lateur de petite taille<\/strong>. Ces appareils ne sont pas admissibles \u00e0 une remise, mais nous les prendrons et les recyclerons pou vous gratuitement!<\/p>\n\n\n\n<p>Notre fournisseur de services de confiance, PureSphera Recovery and Recycling, ira chercher votre appareil et s&rsquo;assurera qu&rsquo;il est recycl\u00e9 dans le respect de l&rsquo;environnement.<\/p>\n\n\n\n<p class=\"has-text-align-center is-style-hero-heading-grey\"><strong>D\u00c9COUVREZ CI-DESSOUS SI VOTRE APPAREIL EST ADMISSIBLE<\/strong><\/p>\n\n\n\n<div style=\"height:20px\" aria-hidden=\"true\" class=\"wp-block-spacer\"><\/div>\n<\/div><\/div>\n<\/div><\/div>\n\n\n\n<figure class=\"wp-block-image size-full slant\"><img loading=\"lazy\" decoding=\"async\" width=\"2000\" height=\"400\" src=\"https:\/\/efficiencymb.ca\/wp-content\/uploads\/bg-two-tone-green-bottom@2x.png\" alt=\"\" class=\"wp-image-609\" srcset=\"https:\/\/efficiencymb.ca\/wp-content\/uploads\/bg-two-tone-green-bottom@2x.png 2000w, https:\/\/efficiencymb.ca\/wp-content\/uploads\/bg-two-tone-green-bottom@2x-479x96.png 479w, https:\/\/efficiencymb.ca\/wp-content\/uploads\/bg-two-tone-green-bottom@2x-1024x205.png 1024w, https:\/\/efficiencymb.ca\/wp-content\/uploads\/bg-two-tone-green-bottom@2x-768x154.png 768w, https:\/\/efficiencymb.ca\/wp-content\/uploads\/bg-two-tone-green-bottom@2x-1536x307.png 1536w\" sizes=\"auto, (max-width: 2000px) 100vw, 2000px\" \/><\/figure>\n\n\n\n<div class=\"wp-block-group is-style-content\"><div class=\"wp-block-group__inner-container is-layout-flow wp-block-group-is-layout-flow\">\n<h2 class=\"wp-block-heading has-text-align-center is-style-hero-heading\">VOUS ET VOTRE APPAREIL, \u00caTES-VOUS ADMISSIBLES?<\/h2>\n\n\n\n<ul class=\"wp-block-list is-style-small\">\n<li>Vous \u00eates propri\u00e9taire ou gestionnaire immobilier au Manitoba.<\/li>\n\n\n\n<li>Vous \u00eates \u00e2g\u00e9 de plus de 18 ans et \u00eates propri\u00e9taire des appareils \u00e0 recycler.<\/li>\n\n\n\n<li>Votre appareil \u00e9lectrom\u00e9nager se trouve dans une maison unifamiliale, un condo ou un appartement. Si vous habitez un appartement ou un condo avec une entr\u00e9e commune, vous devrez fournir une preuve vid\u00e9o que l\u2019appareil fonctionne et vous assurer que l\u2019appareil est \u00e0 l\u2019ext\u00e9rieur au moment du ramassage (les r\u00e9sidences saisonni\u00e8res et les entreprises ne sont pas admissibles).<\/li>\n\n\n\n<li>Votre r\u00e9frig\u00e9rateur\/cong\u00e9lateur a au moins 20 ans et a un volume de 10 pieds cubes ou plus.<\/li>\n\n\n\n<li>Votre ou vos appareils sont en \u00e9tat de marche et capables de refroidir.<\/li>\n\n\n\n<li>Votre appareil \u00e9lectrom\u00e9nager est \u00e0 son emplacement d\u2019origine et branch\u00e9 au moment du ramassage (uniquement pour les maisons unifamiliales et les condos avec entr\u00e9e priv\u00e9e).<\/li>\n<\/ul>\n\n\n<div class=\"theme-button wp-block-button aligncenter\">\r\n\t<a target=\"_blank\" class=\"wp-block-button__link has-background no-border-radius button cta button-large\" href=\"https:\/\/recycle-manitoba.ar-usa.com\/weborder\/rebatex.aspx?Programid=121\"><strong>R\u00c9SERVEZ VOTRE RAMASSAGE<\/strong><br>AUJOURD\u2019HUI<\/a>\r\n<\/div>\n\n\n<p class=\"has-text-align-center\"><em>(en anglais)<\/em><\/p>\n<\/div><\/div>\n\n\n\n<figure class=\"wp-block-image size-full\"><img loading=\"lazy\" decoding=\"async\" width=\"2000\" height=\"400\" src=\"https:\/\/efficiencymb.ca\/wp-content\/uploads\/bg-bottom-only-blue-green@2x.png\" alt=\"\" class=\"wp-image-612\" srcset=\"https:\/\/efficiencymb.ca\/wp-content\/uploads\/bg-bottom-only-blue-green@2x.png 2000w, https:\/\/efficiencymb.ca\/wp-content\/uploads\/bg-bottom-only-blue-green@2x-479x96.png 479w, https:\/\/efficiencymb.ca\/wp-content\/uploads\/bg-bottom-only-blue-green@2x-1024x205.png 1024w, https:\/\/efficiencymb.ca\/wp-content\/uploads\/bg-bottom-only-blue-green@2x-768x154.png 768w, https:\/\/efficiencymb.ca\/wp-content\/uploads\/bg-bottom-only-blue-green@2x-1536x307.png 1536w\" sizes=\"auto, (max-width: 2000px) 100vw, 2000px\" \/><\/figure>\n","protected":false},"excerpt":{"rendered":"<p>RECYCLEZ. OBTENEZ UNE REMISE. SENTEZ-VOUS BIEN. Le Programme de recyclage des appareils \u00e9lectrom\u00e9nagers offre un ramassage \u00e0 domicile de votre vieux r\u00e9frig\u00e9rateur ou cong\u00e9lateur en \u00e9tat de marche, et nous vous accorderons une remise de 30&nbsp;$ pour chaque appareil recycl\u00e9. Non seulement vous \u00e9conomiserez de l\u2019argent sur vos factures d\u2019\u00e9nergie, mais vous vous sentirez biencontinue-reading<\/p>\n","protected":false},"author":10,"featured_media":7946,"parent":13101,"menu_order":0,"comment_status":"closed","ping_status":"closed","template":"","meta":{"_acf_changed":false,"footnotes":""},"class_list":["post-13145","page","type-page","status-publish","has-post-thumbnail","hentry","page_cat-programs"],"acf":[],"yoast_head":"<!-- This site is optimized with the Yoast SEO plugin v27.3 - https:\/\/yoast.com\/product\/yoast-seo-wordpress\/ -->\n<title>Programme de recyclage des appareils \u00e9lectrom\u00e9nagers &#8212; Efficiency Manitoba<\/title>\n<meta name=\"description\" content=\"Le Programme de recyclage des appareils \u00e9lectrom\u00e9nagers offre le ramassage \u00e0 domicile de votre vieux r\u00e9frig\u00e9rateur ou cong\u00e9lateur ainsi qu\u2019une remise de 30\u00a0$ pour chaque appareil.\" \/>\n<meta name=\"robots\" content=\"index, follow, max-snippet:-1, max-image-preview:large, max-video-preview:-1\" \/>\n<link rel=\"canonical\" href=\"https:\/\/efficiencymb.ca\/fr\/ma-maison\/programme-de-recyclage-des-appareils-electromenagers\/\" \/>\n<meta property=\"og:locale\" content=\"fr_FR\" \/>\n<meta property=\"og:type\" content=\"article\" \/>\n<meta property=\"og:title\" content=\"Programme de recyclage des appareils \u00e9lectrom\u00e9nagers &#8212; Efficiency Manitoba\" \/>\n<meta property=\"og:description\" content=\"Le Programme de recyclage des appareils \u00e9lectrom\u00e9nagers offre le ramassage \u00e0 domicile de votre vieux r\u00e9frig\u00e9rateur ou cong\u00e9lateur ainsi qu\u2019une remise de 30\u00a0$ pour chaque appareil.\" \/>\n<meta property=\"og:url\" content=\"https:\/\/efficiencymb.ca\/fr\/ma-maison\/programme-de-recyclage-des-appareils-electromenagers\/\" \/>\n<meta property=\"og:site_name\" content=\"Efficiency Manitoba\" \/>\n<meta property=\"article:modified_time\" content=\"2025-06-16T19:16:57+00:00\" \/>\n<meta property=\"og:image\" content=\"https:\/\/efficiencymb.ca\/wp-content\/uploads\/appliance-recycling-program-banner_v3.jpg\" \/>\n\t<meta property=\"og:image:width\" content=\"2400\" \/>\n\t<meta property=\"og:image:height\" content=\"1350\" \/>\n\t<meta property=\"og:image:type\" content=\"image\/jpeg\" \/>\n<meta name=\"twitter:card\" content=\"summary_large_image\" \/>\n<meta name=\"twitter:label1\" content=\"Dur\u00e9e de lecture estim\u00e9e\" \/>\n\t<meta name=\"twitter:data1\" content=\"3 minutes\" \/>\n<script type=\"application\/ld+json\" class=\"yoast-schema-graph\">{\"@context\":\"https:\\\/\\\/schema.org\",\"@graph\":[{\"@type\":\"WebPage\",\"@id\":\"https:\\\/\\\/efficiencymb.ca\\\/fr\\\/ma-maison\\\/programme-de-recyclage-des-appareils-electromenagers\\\/\",\"url\":\"https:\\\/\\\/efficiencymb.ca\\\/fr\\\/ma-maison\\\/programme-de-recyclage-des-appareils-electromenagers\\\/\",\"name\":\"Programme de recyclage des appareils \u00e9lectrom\u00e9nagers &#8212; Efficiency Manitoba\",\"isPartOf\":{\"@id\":\"https:\\\/\\\/efficiencymb.ca\\\/#website\"},\"primaryImageOfPage\":{\"@id\":\"https:\\\/\\\/efficiencymb.ca\\\/fr\\\/ma-maison\\\/programme-de-recyclage-des-appareils-electromenagers\\\/#primaryimage\"},\"image\":{\"@id\":\"https:\\\/\\\/efficiencymb.ca\\\/fr\\\/ma-maison\\\/programme-de-recyclage-des-appareils-electromenagers\\\/#primaryimage\"},\"thumbnailUrl\":\"https:\\\/\\\/efficiencymb.ca\\\/wp-content\\\/uploads\\\/appliance-recycling-program-banner_v3.jpg\",\"datePublished\":\"2020-03-17T23:35:09+00:00\",\"dateModified\":\"2025-06-16T19:16:57+00:00\",\"description\":\"Le Programme de recyclage des appareils \u00e9lectrom\u00e9nagers offre le ramassage \u00e0 domicile de votre vieux r\u00e9frig\u00e9rateur ou cong\u00e9lateur ainsi qu\u2019une remise de 30\u00a0$ pour chaque appareil.\",\"breadcrumb\":{\"@id\":\"https:\\\/\\\/efficiencymb.ca\\\/fr\\\/ma-maison\\\/programme-de-recyclage-des-appareils-electromenagers\\\/#breadcrumb\"},\"inLanguage\":\"fr-FR\",\"potentialAction\":[{\"@type\":\"ReadAction\",\"target\":[\"https:\\\/\\\/efficiencymb.ca\\\/fr\\\/ma-maison\\\/programme-de-recyclage-des-appareils-electromenagers\\\/\"]}]},{\"@type\":\"ImageObject\",\"inLanguage\":\"fr-FR\",\"@id\":\"https:\\\/\\\/efficiencymb.ca\\\/fr\\\/ma-maison\\\/programme-de-recyclage-des-appareils-electromenagers\\\/#primaryimage\",\"url\":\"https:\\\/\\\/efficiencymb.ca\\\/wp-content\\\/uploads\\\/appliance-recycling-program-banner_v3.jpg\",\"contentUrl\":\"https:\\\/\\\/efficiencymb.ca\\\/wp-content\\\/uploads\\\/appliance-recycling-program-banner_v3.jpg\",\"width\":2400,\"height\":1350,\"caption\":\"Homme ouvrant la porte du r\u00e9frig\u00e9rateur\"},{\"@type\":\"BreadcrumbList\",\"@id\":\"https:\\\/\\\/efficiencymb.ca\\\/fr\\\/ma-maison\\\/programme-de-recyclage-des-appareils-electromenagers\\\/#breadcrumb\",\"itemListElement\":[{\"@type\":\"ListItem\",\"position\":1,\"name\":\"Home\",\"item\":\"https:\\\/\\\/efficiencymb.ca\\\/fr\\\/\"},{\"@type\":\"ListItem\",\"position\":2,\"name\":\"Ma Maison\",\"item\":\"https:\\\/\\\/efficiencymb.ca\\\/fr\\\/ma-maison\\\/\"},{\"@type\":\"ListItem\",\"position\":3,\"name\":\"Programme de recyclage des appareils \u00e9lectrom\u00e9nagers\"}]},{\"@type\":\"WebSite\",\"@id\":\"https:\\\/\\\/efficiencymb.ca\\\/#website\",\"url\":\"https:\\\/\\\/efficiencymb.ca\\\/\",\"name\":\"Efficiency Manitoba\",\"description\":\"\",\"publisher\":{\"@id\":\"https:\\\/\\\/efficiencymb.ca\\\/#organization\"},\"potentialAction\":[{\"@type\":\"SearchAction\",\"target\":{\"@type\":\"EntryPoint\",\"urlTemplate\":\"https:\\\/\\\/efficiencymb.ca\\\/?s={search_term_string}\"},\"query-input\":{\"@type\":\"PropertyValueSpecification\",\"valueRequired\":true,\"valueName\":\"search_term_string\"}}],\"inLanguage\":\"fr-FR\"},{\"@type\":\"Organization\",\"@id\":\"https:\\\/\\\/efficiencymb.ca\\\/#organization\",\"name\":\"Efficiency Manitoba\",\"url\":\"https:\\\/\\\/efficiencymb.ca\\\/\",\"logo\":{\"@type\":\"ImageObject\",\"inLanguage\":\"fr-FR\",\"@id\":\"https:\\\/\\\/efficiencymb.ca\\\/#\\\/schema\\\/logo\\\/image\\\/\",\"url\":\"https:\\\/\\\/efficiencymb.ca\\\/wp-content\\\/uploads\\\/em-logo-white-en.png\",\"contentUrl\":\"https:\\\/\\\/efficiencymb.ca\\\/wp-content\\\/uploads\\\/em-logo-white-en.png\",\"width\":388,\"height\":91,\"caption\":\"Efficiency Manitoba\"},\"image\":{\"@id\":\"https:\\\/\\\/efficiencymb.ca\\\/#\\\/schema\\\/logo\\\/image\\\/\"}}]}<\/script>\n<!-- \/ Yoast SEO plugin. -->","yoast_head_json":{"title":"Programme de recyclage des appareils \u00e9lectrom\u00e9nagers &#8212; Efficiency Manitoba","description":"Le Programme de recyclage des appareils \u00e9lectrom\u00e9nagers offre le ramassage \u00e0 domicile de votre vieux r\u00e9frig\u00e9rateur ou cong\u00e9lateur ainsi qu\u2019une remise de 30\u00a0$ pour chaque appareil.","robots":{"index":"index","follow":"follow","max-snippet":"max-snippet:-1","max-image-preview":"max-image-preview:large","max-video-preview":"max-video-preview:-1"},"canonical":"https:\/\/efficiencymb.ca\/fr\/ma-maison\/programme-de-recyclage-des-appareils-electromenagers\/","og_locale":"fr_FR","og_type":"article","og_title":"Programme de recyclage des appareils \u00e9lectrom\u00e9nagers &#8212; Efficiency Manitoba","og_description":"Le Programme de recyclage des appareils \u00e9lectrom\u00e9nagers offre le ramassage \u00e0 domicile de votre vieux r\u00e9frig\u00e9rateur ou cong\u00e9lateur ainsi qu\u2019une remise de 30\u00a0$ pour chaque appareil.","og_url":"https:\/\/efficiencymb.ca\/fr\/ma-maison\/programme-de-recyclage-des-appareils-electromenagers\/","og_site_name":"Efficiency Manitoba","article_modified_time":"2025-06-16T19:16:57+00:00","og_image":[{"width":2400,"height":1350,"url":"https:\/\/efficiencymb.ca\/wp-content\/uploads\/appliance-recycling-program-banner_v3.jpg","type":"image\/jpeg"}],"twitter_card":"summary_large_image","twitter_misc":{"Dur\u00e9e de lecture estim\u00e9e":"3 minutes"},"schema":{"@context":"https:\/\/schema.org","@graph":[{"@type":"WebPage","@id":"https:\/\/efficiencymb.ca\/fr\/ma-maison\/programme-de-recyclage-des-appareils-electromenagers\/","url":"https:\/\/efficiencymb.ca\/fr\/ma-maison\/programme-de-recyclage-des-appareils-electromenagers\/","name":"Programme de recyclage des appareils \u00e9lectrom\u00e9nagers &#8212; Efficiency Manitoba","isPartOf":{"@id":"https:\/\/efficiencymb.ca\/#website"},"primaryImageOfPage":{"@id":"https:\/\/efficiencymb.ca\/fr\/ma-maison\/programme-de-recyclage-des-appareils-electromenagers\/#primaryimage"},"image":{"@id":"https:\/\/efficiencymb.ca\/fr\/ma-maison\/programme-de-recyclage-des-appareils-electromenagers\/#primaryimage"},"thumbnailUrl":"https:\/\/efficiencymb.ca\/wp-content\/uploads\/appliance-recycling-program-banner_v3.jpg","datePublished":"2020-03-17T23:35:09+00:00","dateModified":"2025-06-16T19:16:57+00:00","description":"Le Programme de recyclage des appareils \u00e9lectrom\u00e9nagers offre le ramassage \u00e0 domicile de votre vieux r\u00e9frig\u00e9rateur ou cong\u00e9lateur ainsi qu\u2019une remise de 30\u00a0$ pour chaque appareil.","breadcrumb":{"@id":"https:\/\/efficiencymb.ca\/fr\/ma-maison\/programme-de-recyclage-des-appareils-electromenagers\/#breadcrumb"},"inLanguage":"fr-FR","potentialAction":[{"@type":"ReadAction","target":["https:\/\/efficiencymb.ca\/fr\/ma-maison\/programme-de-recyclage-des-appareils-electromenagers\/"]}]},{"@type":"ImageObject","inLanguage":"fr-FR","@id":"https:\/\/efficiencymb.ca\/fr\/ma-maison\/programme-de-recyclage-des-appareils-electromenagers\/#primaryimage","url":"https:\/\/efficiencymb.ca\/wp-content\/uploads\/appliance-recycling-program-banner_v3.jpg","contentUrl":"https:\/\/efficiencymb.ca\/wp-content\/uploads\/appliance-recycling-program-banner_v3.jpg","width":2400,"height":1350,"caption":"Homme ouvrant la porte du r\u00e9frig\u00e9rateur"},{"@type":"BreadcrumbList","@id":"https:\/\/efficiencymb.ca\/fr\/ma-maison\/programme-de-recyclage-des-appareils-electromenagers\/#breadcrumb","itemListElement":[{"@type":"ListItem","position":1,"name":"Home","item":"https:\/\/efficiencymb.ca\/fr\/"},{"@type":"ListItem","position":2,"name":"Ma Maison","item":"https:\/\/efficiencymb.ca\/fr\/ma-maison\/"},{"@type":"ListItem","position":3,"name":"Programme de recyclage des appareils \u00e9lectrom\u00e9nagers"}]},{"@type":"WebSite","@id":"https:\/\/efficiencymb.ca\/#website","url":"https:\/\/efficiencymb.ca\/","name":"Efficiency Manitoba","description":"","publisher":{"@id":"https:\/\/efficiencymb.ca\/#organization"},"potentialAction":[{"@type":"SearchAction","target":{"@type":"EntryPoint","urlTemplate":"https:\/\/efficiencymb.ca\/?s={search_term_string}"},"query-input":{"@type":"PropertyValueSpecification","valueRequired":true,"valueName":"search_term_string"}}],"inLanguage":"fr-FR"},{"@type":"Organization","@id":"https:\/\/efficiencymb.ca\/#organization","name":"Efficiency Manitoba","url":"https:\/\/efficiencymb.ca\/","logo":{"@type":"ImageObject","inLanguage":"fr-FR","@id":"https:\/\/efficiencymb.ca\/#\/schema\/logo\/image\/","url":"https:\/\/efficiencymb.ca\/wp-content\/uploads\/em-logo-white-en.png","contentUrl":"https:\/\/efficiencymb.ca\/wp-content\/uploads\/em-logo-white-en.png","width":388,"height":91,"caption":"Efficiency Manitoba"},"image":{"@id":"https:\/\/efficiencymb.ca\/#\/schema\/logo\/image\/"}}]}},"_links":{"self":[{"href":"https:\/\/efficiencymb.ca\/fr\/wp-json\/wp\/v2\/pages\/13145","targetHints":{"allow":["GET"]}}],"collection":[{"href":"https:\/\/efficiencymb.ca\/fr\/wp-json\/wp\/v2\/pages"}],"about":[{"href":"https:\/\/efficiencymb.ca\/fr\/wp-json\/wp\/v2\/types\/page"}],"author":[{"embeddable":true,"href":"https:\/\/efficiencymb.ca\/fr\/wp-json\/wp\/v2\/users\/10"}],"replies":[{"embeddable":true,"href":"https:\/\/efficiencymb.ca\/fr\/wp-json\/wp\/v2\/comments?post=13145"}],"version-history":[{"count":43,"href":"https:\/\/efficiencymb.ca\/fr\/wp-json\/wp\/v2\/pages\/13145\/revisions"}],"predecessor-version":[{"id":77347,"href":"https:\/\/efficiencymb.ca\/fr\/wp-json\/wp\/v2\/pages\/13145\/revisions\/77347"}],"up":[{"embeddable":true,"href":"https:\/\/efficiencymb.ca\/fr\/wp-json\/wp\/v2\/pages\/13101"}],"wp:featuredmedia":[{"embeddable":true,"href":"https:\/\/efficiencymb.ca\/fr\/wp-json\/wp\/v2\/media\/7946"}],"wp:attachment":[{"href":"https:\/\/efficiencymb.ca\/fr\/wp-json\/wp\/v2\/media?parent=13145"}],"curies":[{"name":"wp","href":"https:\/\/api.w.org\/{rel}","templated":true}]}}