{"id":13126,"date":"2020-03-04T22:08:52","date_gmt":"2020-03-04T22:08:52","guid":{"rendered":"https:\/\/efficiencymb.ca\/my-home\/income-qualified\/"},"modified":"2026-03-11T13:40:18","modified_gmt":"2026-03-11T18:40:18","slug":"offres-pour-demandeurs-a-revenu-admissible","status":"publish","type":"page","link":"https:\/\/efficiencymb.ca\/fr\/ma-maison\/offres-pour-demandeurs-a-revenu-admissible\/","title":{"rendered":"Offres pour demandeurs \u00e0 revenu admissible"},"content":{"rendered":"\n<div class=\"wp-block-group is-style-content-wide\"><div class=\"wp-block-group__inner-container is-layout-constrained wp-block-group-is-layout-constrained\">\n<p class=\"has-text-align-center has-medium-font-size\">Si vous touchez un revenu modeste, nous pouvons vous aider \u00e0 r\u00e9duire vos factures \u00e9nerg\u00e9tiques mensuelles et \u00e0 accro\u00eetre le confort de votre maison gr\u00e2ce \u00e0 des am\u00e9liorations \u00e9co\u00e9nerg\u00e9tiques gratuites et subventionn\u00e9es.<\/p>\n<\/div><\/div>\n\n\n\r\n\t<div class=\"category-block wp-block-columns wp-block-columns-2 container\">\r\n\t\t\t\t\t<div class=\"wp-block-column\">\r\n\t\t\t<div>\r\n\t\t\t\t<h2 class=\"has-text-align-left\"><a href=\"https:\/\/efficiencymb.ca\/fr\/ma-maison\/programme-d-aide-a-lefficacite-energetique\/\">Programme d\u2019Aide \u00e0 l\u2019Efficacit\u00e9 \u00c9nerg\u00e9tique<\/a><\/h2>\r\n\t\t\t\t<p>Vous pouvez maintenant r\u00e9duire votre facture mensuelle d\u2019\u00e9nergie et rendre votre maison plus confortable gr\u00e2ce \u00e0 nos am\u00e9liorations gratuites ou&#8230;<\/p>\r\n\t\t\t<\/div>\r\n\t\t\t                <figure class=\"\">\r\n                    <img decoding=\"async\" class=\"acf-figure-image\" \r\n            src=\"https:\/\/efficiencymb.ca\/wp-content\/uploads\/income-qualified-offers-banner_v2.jpg\"\r\n            srcset=\"https:\/\/efficiencymb.ca\/wp-content\/uploads\/income-qualified-offers-banner_v2.jpg 2400w, https:\/\/efficiencymb.ca\/wp-content\/uploads\/income-qualified-offers-banner_v2-479x269.jpg 479w, https:\/\/efficiencymb.ca\/wp-content\/uploads\/income-qualified-offers-banner_v2-1024x576.jpg 1024w, https:\/\/efficiencymb.ca\/wp-content\/uploads\/income-qualified-offers-banner_v2-768x432.jpg 768w, https:\/\/efficiencymb.ca\/wp-content\/uploads\/income-qualified-offers-banner_v2-1536x864.jpg 1536w, https:\/\/efficiencymb.ca\/wp-content\/uploads\/income-qualified-offers-banner_v2-2048x1152.jpg 2048w, https:\/\/efficiencymb.ca\/wp-content\/uploads\/income-qualified-offers-banner_v2-1920x1080.jpg 1920w\"\r\n            sizes=\"(max-width: 2400px) 100vw, 2400px\" \r\n            alt=\"Famille \u00e0 l'ext\u00e9rieur de la maison\"\r\n        \/>\r\n                        <\/figure>\r\n            \t\t<\/div>\r\n\t\t\t\t\t<div class=\"wp-block-column\">\r\n\t\t\t<div>\r\n\t\t\t\t<h2 class=\"has-text-align-left\"><a href=\"https:\/\/efficiencymb.ca\/fr\/ma-maison\/offres-defficacite-energetique-pour-les-metis\/\">Offres d\u2019efficacit\u00e9 \u00e9nerg\u00e9tique pour les M\u00e9tis<\/a><\/h2>\r\n\t\t\t\t<p>R\u00e9duisez vos factures d\u2019\u00e9nergie et rehaussez le confort de votre maison en obtenant gratuitement des am\u00e9liorations \u00e9co\u00e9nerg\u00e9tiques ou des subventions&#8230;<\/p>\r\n\t\t\t<\/div>\r\n\t\t\t                <figure class=\"\">\r\n                    <img decoding=\"async\" class=\"acf-figure-image\" \r\n            src=\"https:\/\/efficiencymb.ca\/wp-content\/uploads\/metis-offers-banner.jpg\"\r\n            srcset=\"https:\/\/efficiencymb.ca\/wp-content\/uploads\/metis-offers-banner.jpg 2400w, https:\/\/efficiencymb.ca\/wp-content\/uploads\/metis-offers-banner-479x269.jpg 479w, https:\/\/efficiencymb.ca\/wp-content\/uploads\/metis-offers-banner-1024x576.jpg 1024w, https:\/\/efficiencymb.ca\/wp-content\/uploads\/metis-offers-banner-768x432.jpg 768w, https:\/\/efficiencymb.ca\/wp-content\/uploads\/metis-offers-banner-1536x864.jpg 1536w, https:\/\/efficiencymb.ca\/wp-content\/uploads\/metis-offers-banner-2048x1152.jpg 2048w, https:\/\/efficiencymb.ca\/wp-content\/uploads\/metis-offers-banner-1920x1080.jpg 1920w\"\r\n            sizes=\"(max-width: 2400px) 100vw, 2400px\" \r\n            alt=\"Femme installant une ampoule\"\r\n        \/>\r\n                        <\/figure>\r\n            \t\t<\/div>\r\n\t\t<\/div>\r\n\n\n\n<div style=\"height:100px\" aria-hidden=\"true\" class=\"wp-block-spacer\"><\/div>\n\n\n\n<div class=\"wp-block-group sub-carousel has-background\" style=\"background-color:#f4f3f3\"><div class=\"wp-block-group__inner-container is-layout-flow wp-block-group-is-layout-flow\">\n<div style=\"height:100px\" aria-hidden=\"true\" class=\"wp-block-spacer\"><\/div>\n\n\n\n<h2 class=\"wp-block-heading has-text-align-center is-style-hero-heading\" id=\"trucs-astuces-et-conseils\"><strong>TRUCS, ASTUCES ET CONSEILS<\/strong><\/h2>\n\n\n\n<div class=\"featured-post-block\">\n\t<div class=\"featured-post-block-items\" data-slidesToShow=\"2\" data-auto=\"0\" data-autoplayspeed=\"\">\n\t\t\t\t\t<div class=\"featured-post-block-item\">\n\t\t\t\t<div class=\"featured-post-block-item-img\">\n\t\t\t\t\t<a class=\"featured-post-block-item-more\" href=\"https:\/\/efficiencymb.ca\/fr\/articles\/pourquoi-les-del\/\"><img loading=\"lazy\" decoding=\"async\" width=\"2400\" height=\"1350\" src=\"https:\/\/efficiencymb.ca\/wp-content\/uploads\/2020\/03\/banner-blog-why-led_2x.jpg\" class=\"attachment-post-thumbnail size-post-thumbnail wp-post-image\" alt=\"Pourquoi les DEL?\" srcset=\"https:\/\/efficiencymb.ca\/wp-content\/uploads\/2020\/03\/banner-blog-why-led_2x.jpg 2400w, https:\/\/efficiencymb.ca\/wp-content\/uploads\/2020\/03\/banner-blog-why-led_2x-479x269.jpg 479w, https:\/\/efficiencymb.ca\/wp-content\/uploads\/2020\/03\/banner-blog-why-led_2x-1024x576.jpg 1024w, https:\/\/efficiencymb.ca\/wp-content\/uploads\/2020\/03\/banner-blog-why-led_2x-768x432.jpg 768w, https:\/\/efficiencymb.ca\/wp-content\/uploads\/2020\/03\/banner-blog-why-led_2x-1536x864.jpg 1536w, https:\/\/efficiencymb.ca\/wp-content\/uploads\/2020\/03\/banner-blog-why-led_2x-2048x1152.jpg 2048w, https:\/\/efficiencymb.ca\/wp-content\/uploads\/2020\/03\/banner-blog-why-led_2x-1920x1080.jpg 1920w\" sizes=\"auto, (max-width: 2400px) 100vw, 2400px\" \/><\/a>\n\t\t\t\t<\/div>\n\t\t\t\t<div class=\"featured-post-block-item-content\">\n\t\t\t\t\t<h3 class=\"wp-block-getwid-template-post-title\"><a href=\"https:\/\/efficiencymb.ca\/fr\/articles\/pourquoi-les-del\/\">Pourquoi les DEL?<\/a><\/h3>\n\t\t\t\t\t<div class=\"featured-post-block-item-excerpt\">\n\t\t\t\t\t\tVous avez peut-\u00eatre entendu dire que les DEL sont les produits d\u2019\u00e9clairage les plus r\u00e9cents et les plus performants sur le march\u00e9, mais vous \u00eates peut-\u00eatre encore en train d\u2019\u00e9puiser\u2026\t\t\t\t\t<\/div>\n\t\t\t\t\t<!-- <a class=\"featured-post-block-item-more\" href=\"\"><\/a> -->\n\t\t\t\t\t<a class=\"featured-post-block-item-more\" href=\"https:\/\/efficiencymb.ca\/fr\/articles\/pourquoi-les-del\/\" aria-label=\"Poursuivre la lecture... Pourquoi les DEL?\">Poursuivre la lecture&#8230;<\/a>\n\t\t\t\t<\/div>\n\t\t\t<\/div>\n\t\t\t\t\t<div class=\"featured-post-block-item\">\n\t\t\t\t<div class=\"featured-post-block-item-img\">\n\t\t\t\t\t<a class=\"featured-post-block-item-more\" href=\"https:\/\/efficiencymb.ca\/fr\/articles\/preparez-votre-maison-pour-lete\/\"><img loading=\"lazy\" decoding=\"async\" width=\"2400\" height=\"1350\" src=\"https:\/\/efficiencymb.ca\/wp-content\/uploads\/2020\/03\/banner-blog-ready-for-summer_2x.jpg\" class=\"attachment-post-thumbnail size-post-thumbnail wp-post-image\" alt=\"Pr\u00e9parez votre maison pour l\u2019\u00e9t\u00e9\" srcset=\"https:\/\/efficiencymb.ca\/wp-content\/uploads\/2020\/03\/banner-blog-ready-for-summer_2x.jpg 2400w, https:\/\/efficiencymb.ca\/wp-content\/uploads\/2020\/03\/banner-blog-ready-for-summer_2x-479x269.jpg 479w, https:\/\/efficiencymb.ca\/wp-content\/uploads\/2020\/03\/banner-blog-ready-for-summer_2x-1024x576.jpg 1024w, https:\/\/efficiencymb.ca\/wp-content\/uploads\/2020\/03\/banner-blog-ready-for-summer_2x-768x432.jpg 768w, https:\/\/efficiencymb.ca\/wp-content\/uploads\/2020\/03\/banner-blog-ready-for-summer_2x-1536x864.jpg 1536w, https:\/\/efficiencymb.ca\/wp-content\/uploads\/2020\/03\/banner-blog-ready-for-summer_2x-2048x1152.jpg 2048w, https:\/\/efficiencymb.ca\/wp-content\/uploads\/2020\/03\/banner-blog-ready-for-summer_2x-1920x1080.jpg 1920w\" sizes=\"auto, (max-width: 2400px) 100vw, 2400px\" \/><\/a>\n\t\t\t\t<\/div>\n\t\t\t\t<div class=\"featured-post-block-item-content\">\n\t\t\t\t\t<h3 class=\"wp-block-getwid-template-post-title\"><a href=\"https:\/\/efficiencymb.ca\/fr\/articles\/preparez-votre-maison-pour-lete\/\">Pr\u00e9parez votre maison pour l\u2019\u00e9t\u00e9<\/a><\/h3>\n\t\t\t\t\t<div class=\"featured-post-block-item-excerpt\">\n\t\t\t\t\t\tL\u2019\u00e9t\u00e9 approche \u00e0 grands pas! Vous avez sans doute h\u00e2te de profiter de la chaleur et du soleil, mais votre maison est-elle pr\u00eate? Nous avons compil\u00e9 quelques conseils pour vous\u2026\t\t\t\t\t<\/div>\n\t\t\t\t\t<!-- <a class=\"featured-post-block-item-more\" href=\"\"><\/a> -->\n\t\t\t\t\t<a class=\"featured-post-block-item-more\" href=\"https:\/\/efficiencymb.ca\/fr\/articles\/preparez-votre-maison-pour-lete\/\" aria-label=\"Poursuivre la lecture... Pr\u00e9parez votre maison pour l\u2019\u00e9t\u00e9\">Poursuivre la lecture&#8230;<\/a>\n\t\t\t\t<\/div>\n\t\t\t<\/div>\n\t\t\t<\/div>\n<\/div>\n\n\n\n<div style=\"height:100px\" aria-hidden=\"true\" class=\"wp-block-spacer\"><\/div>\n<\/div><\/div>\n","protected":false},"excerpt":{"rendered":"<p>Si vous touchez un revenu modeste, nous pouvons vous aider \u00e0 r\u00e9duire vos factures \u00e9nerg\u00e9tiques mensuelles et \u00e0 accro\u00eetre le confort de votre maison gr\u00e2ce \u00e0 des am\u00e9liorations \u00e9co\u00e9nerg\u00e9tiques gratuites et subventionn\u00e9es. TRUCS, ASTUCES ET CONSEILS<\/p>\n","protected":false},"author":10,"featured_media":2831,"parent":13101,"menu_order":0,"comment_status":"closed","ping_status":"closed","template":"","meta":{"_acf_changed":false,"footnotes":""},"class_list":["post-13126","page","type-page","status-publish","has-post-thumbnail","hentry","page_cat-programs"],"acf":[],"yoast_head":"<!-- This site is optimized with the Yoast SEO plugin v27.3 - https:\/\/yoast.com\/product\/yoast-seo-wordpress\/ -->\n<title>Offres pour demandeurs \u00e0 revenu admissible &#8212; Efficiency Manitoba<\/title>\n<meta name=\"robots\" content=\"index, follow, max-snippet:-1, max-image-preview:large, max-video-preview:-1\" \/>\n<link rel=\"canonical\" href=\"https:\/\/efficiencymb.ca\/fr\/ma-maison\/offres-pour-demandeurs-a-revenu-admissible\/\" \/>\n<meta property=\"og:locale\" content=\"fr_FR\" \/>\n<meta property=\"og:type\" content=\"article\" \/>\n<meta property=\"og:title\" content=\"Offres pour demandeurs \u00e0 revenu admissible &#8212; Efficiency Manitoba\" \/>\n<meta property=\"og:description\" content=\"Si vous touchez un revenu modeste, nous pouvons vous aider \u00e0 r\u00e9duire vos factures \u00e9nerg\u00e9tiques mensuelles et \u00e0 accro\u00eetre le confort de votre maison gr\u00e2ce \u00e0 des am\u00e9liorations \u00e9co\u00e9nerg\u00e9tiques gratuites et subventionn\u00e9es. TRUCS, ASTUCES ET CONSEILS\" \/>\n<meta property=\"og:url\" content=\"https:\/\/efficiencymb.ca\/fr\/ma-maison\/offres-pour-demandeurs-a-revenu-admissible\/\" \/>\n<meta property=\"og:site_name\" content=\"Efficiency Manitoba\" \/>\n<meta property=\"article:modified_time\" content=\"2026-03-11T18:40:18+00:00\" \/>\n<meta property=\"og:image\" content=\"https:\/\/efficiencymb.ca\/wp-content\/uploads\/income-qualified-banner-alt.jpg\" \/>\n\t<meta property=\"og:image:width\" content=\"2400\" \/>\n\t<meta property=\"og:image:height\" content=\"1350\" \/>\n\t<meta property=\"og:image:type\" content=\"image\/jpeg\" \/>\n<meta name=\"twitter:card\" content=\"summary_large_image\" \/>\n<meta name=\"twitter:label1\" content=\"Dur\u00e9e de lecture estim\u00e9e\" \/>\n\t<meta name=\"twitter:data1\" content=\"1 minute\" \/>\n<script type=\"application\/ld+json\" class=\"yoast-schema-graph\">{\"@context\":\"https:\\\/\\\/schema.org\",\"@graph\":[{\"@type\":\"WebPage\",\"@id\":\"https:\\\/\\\/efficiencymb.ca\\\/fr\\\/ma-maison\\\/offres-pour-demandeurs-a-revenu-admissible\\\/\",\"url\":\"https:\\\/\\\/efficiencymb.ca\\\/fr\\\/ma-maison\\\/offres-pour-demandeurs-a-revenu-admissible\\\/\",\"name\":\"Offres pour demandeurs \u00e0 revenu admissible &#8212; Efficiency Manitoba\",\"isPartOf\":{\"@id\":\"https:\\\/\\\/efficiencymb.ca\\\/#website\"},\"primaryImageOfPage\":{\"@id\":\"https:\\\/\\\/efficiencymb.ca\\\/fr\\\/ma-maison\\\/offres-pour-demandeurs-a-revenu-admissible\\\/#primaryimage\"},\"image\":{\"@id\":\"https:\\\/\\\/efficiencymb.ca\\\/fr\\\/ma-maison\\\/offres-pour-demandeurs-a-revenu-admissible\\\/#primaryimage\"},\"thumbnailUrl\":\"https:\\\/\\\/efficiencymb.ca\\\/wp-content\\\/uploads\\\/income-qualified-banner-alt.jpg\",\"datePublished\":\"2020-03-04T22:08:52+00:00\",\"dateModified\":\"2026-03-11T18:40:18+00:00\",\"breadcrumb\":{\"@id\":\"https:\\\/\\\/efficiencymb.ca\\\/fr\\\/ma-maison\\\/offres-pour-demandeurs-a-revenu-admissible\\\/#breadcrumb\"},\"inLanguage\":\"fr-FR\",\"potentialAction\":[{\"@type\":\"ReadAction\",\"target\":[\"https:\\\/\\\/efficiencymb.ca\\\/fr\\\/ma-maison\\\/offres-pour-demandeurs-a-revenu-admissible\\\/\"]}]},{\"@type\":\"ImageObject\",\"inLanguage\":\"fr-FR\",\"@id\":\"https:\\\/\\\/efficiencymb.ca\\\/fr\\\/ma-maison\\\/offres-pour-demandeurs-a-revenu-admissible\\\/#primaryimage\",\"url\":\"https:\\\/\\\/efficiencymb.ca\\\/wp-content\\\/uploads\\\/income-qualified-banner-alt.jpg\",\"contentUrl\":\"https:\\\/\\\/efficiencymb.ca\\\/wp-content\\\/uploads\\\/income-qualified-banner-alt.jpg\",\"width\":2400,\"height\":1350,\"caption\":\"Couple discutant avec un expert dans la cuisine\"},{\"@type\":\"BreadcrumbList\",\"@id\":\"https:\\\/\\\/efficiencymb.ca\\\/fr\\\/ma-maison\\\/offres-pour-demandeurs-a-revenu-admissible\\\/#breadcrumb\",\"itemListElement\":[{\"@type\":\"ListItem\",\"position\":1,\"name\":\"Home\",\"item\":\"https:\\\/\\\/efficiencymb.ca\\\/fr\\\/\"},{\"@type\":\"ListItem\",\"position\":2,\"name\":\"Ma Maison\",\"item\":\"https:\\\/\\\/efficiencymb.ca\\\/fr\\\/ma-maison\\\/\"},{\"@type\":\"ListItem\",\"position\":3,\"name\":\"Offres pour demandeurs \u00e0 revenu admissible\"}]},{\"@type\":\"WebSite\",\"@id\":\"https:\\\/\\\/efficiencymb.ca\\\/#website\",\"url\":\"https:\\\/\\\/efficiencymb.ca\\\/\",\"name\":\"Efficiency Manitoba\",\"description\":\"\",\"publisher\":{\"@id\":\"https:\\\/\\\/efficiencymb.ca\\\/#organization\"},\"potentialAction\":[{\"@type\":\"SearchAction\",\"target\":{\"@type\":\"EntryPoint\",\"urlTemplate\":\"https:\\\/\\\/efficiencymb.ca\\\/?s={search_term_string}\"},\"query-input\":{\"@type\":\"PropertyValueSpecification\",\"valueRequired\":true,\"valueName\":\"search_term_string\"}}],\"inLanguage\":\"fr-FR\"},{\"@type\":\"Organization\",\"@id\":\"https:\\\/\\\/efficiencymb.ca\\\/#organization\",\"name\":\"Efficiency Manitoba\",\"url\":\"https:\\\/\\\/efficiencymb.ca\\\/\",\"logo\":{\"@type\":\"ImageObject\",\"inLanguage\":\"fr-FR\",\"@id\":\"https:\\\/\\\/efficiencymb.ca\\\/#\\\/schema\\\/logo\\\/image\\\/\",\"url\":\"https:\\\/\\\/efficiencymb.ca\\\/wp-content\\\/uploads\\\/em-logo-white-en.png\",\"contentUrl\":\"https:\\\/\\\/efficiencymb.ca\\\/wp-content\\\/uploads\\\/em-logo-white-en.png\",\"width\":388,\"height\":91,\"caption\":\"Efficiency Manitoba\"},\"image\":{\"@id\":\"https:\\\/\\\/efficiencymb.ca\\\/#\\\/schema\\\/logo\\\/image\\\/\"}}]}<\/script>\n<!-- \/ Yoast SEO plugin. -->","yoast_head_json":{"title":"Offres pour demandeurs \u00e0 revenu admissible &#8212; Efficiency Manitoba","robots":{"index":"index","follow":"follow","max-snippet":"max-snippet:-1","max-image-preview":"max-image-preview:large","max-video-preview":"max-video-preview:-1"},"canonical":"https:\/\/efficiencymb.ca\/fr\/ma-maison\/offres-pour-demandeurs-a-revenu-admissible\/","og_locale":"fr_FR","og_type":"article","og_title":"Offres pour demandeurs \u00e0 revenu admissible &#8212; Efficiency Manitoba","og_description":"Si vous touchez un revenu modeste, nous pouvons vous aider \u00e0 r\u00e9duire vos factures \u00e9nerg\u00e9tiques mensuelles et \u00e0 accro\u00eetre le confort de votre maison gr\u00e2ce \u00e0 des am\u00e9liorations \u00e9co\u00e9nerg\u00e9tiques gratuites et subventionn\u00e9es. TRUCS, ASTUCES ET CONSEILS","og_url":"https:\/\/efficiencymb.ca\/fr\/ma-maison\/offres-pour-demandeurs-a-revenu-admissible\/","og_site_name":"Efficiency Manitoba","article_modified_time":"2026-03-11T18:40:18+00:00","og_image":[{"width":2400,"height":1350,"url":"https:\/\/efficiencymb.ca\/wp-content\/uploads\/income-qualified-banner-alt.jpg","type":"image\/jpeg"}],"twitter_card":"summary_large_image","twitter_misc":{"Dur\u00e9e de lecture estim\u00e9e":"1 minute"},"schema":{"@context":"https:\/\/schema.org","@graph":[{"@type":"WebPage","@id":"https:\/\/efficiencymb.ca\/fr\/ma-maison\/offres-pour-demandeurs-a-revenu-admissible\/","url":"https:\/\/efficiencymb.ca\/fr\/ma-maison\/offres-pour-demandeurs-a-revenu-admissible\/","name":"Offres pour demandeurs \u00e0 revenu admissible &#8212; Efficiency Manitoba","isPartOf":{"@id":"https:\/\/efficiencymb.ca\/#website"},"primaryImageOfPage":{"@id":"https:\/\/efficiencymb.ca\/fr\/ma-maison\/offres-pour-demandeurs-a-revenu-admissible\/#primaryimage"},"image":{"@id":"https:\/\/efficiencymb.ca\/fr\/ma-maison\/offres-pour-demandeurs-a-revenu-admissible\/#primaryimage"},"thumbnailUrl":"https:\/\/efficiencymb.ca\/wp-content\/uploads\/income-qualified-banner-alt.jpg","datePublished":"2020-03-04T22:08:52+00:00","dateModified":"2026-03-11T18:40:18+00:00","breadcrumb":{"@id":"https:\/\/efficiencymb.ca\/fr\/ma-maison\/offres-pour-demandeurs-a-revenu-admissible\/#breadcrumb"},"inLanguage":"fr-FR","potentialAction":[{"@type":"ReadAction","target":["https:\/\/efficiencymb.ca\/fr\/ma-maison\/offres-pour-demandeurs-a-revenu-admissible\/"]}]},{"@type":"ImageObject","inLanguage":"fr-FR","@id":"https:\/\/efficiencymb.ca\/fr\/ma-maison\/offres-pour-demandeurs-a-revenu-admissible\/#primaryimage","url":"https:\/\/efficiencymb.ca\/wp-content\/uploads\/income-qualified-banner-alt.jpg","contentUrl":"https:\/\/efficiencymb.ca\/wp-content\/uploads\/income-qualified-banner-alt.jpg","width":2400,"height":1350,"caption":"Couple discutant avec un expert dans la cuisine"},{"@type":"BreadcrumbList","@id":"https:\/\/efficiencymb.ca\/fr\/ma-maison\/offres-pour-demandeurs-a-revenu-admissible\/#breadcrumb","itemListElement":[{"@type":"ListItem","position":1,"name":"Home","item":"https:\/\/efficiencymb.ca\/fr\/"},{"@type":"ListItem","position":2,"name":"Ma Maison","item":"https:\/\/efficiencymb.ca\/fr\/ma-maison\/"},{"@type":"ListItem","position":3,"name":"Offres pour demandeurs \u00e0 revenu admissible"}]},{"@type":"WebSite","@id":"https:\/\/efficiencymb.ca\/#website","url":"https:\/\/efficiencymb.ca\/","name":"Efficiency Manitoba","description":"","publisher":{"@id":"https:\/\/efficiencymb.ca\/#organization"},"potentialAction":[{"@type":"SearchAction","target":{"@type":"EntryPoint","urlTemplate":"https:\/\/efficiencymb.ca\/?s={search_term_string}"},"query-input":{"@type":"PropertyValueSpecification","valueRequired":true,"valueName":"search_term_string"}}],"inLanguage":"fr-FR"},{"@type":"Organization","@id":"https:\/\/efficiencymb.ca\/#organization","name":"Efficiency Manitoba","url":"https:\/\/efficiencymb.ca\/","logo":{"@type":"ImageObject","inLanguage":"fr-FR","@id":"https:\/\/efficiencymb.ca\/#\/schema\/logo\/image\/","url":"https:\/\/efficiencymb.ca\/wp-content\/uploads\/em-logo-white-en.png","contentUrl":"https:\/\/efficiencymb.ca\/wp-content\/uploads\/em-logo-white-en.png","width":388,"height":91,"caption":"Efficiency Manitoba"},"image":{"@id":"https:\/\/efficiencymb.ca\/#\/schema\/logo\/image\/"}}]}},"_links":{"self":[{"href":"https:\/\/efficiencymb.ca\/fr\/wp-json\/wp\/v2\/pages\/13126","targetHints":{"allow":["GET"]}}],"collection":[{"href":"https:\/\/efficiencymb.ca\/fr\/wp-json\/wp\/v2\/pages"}],"about":[{"href":"https:\/\/efficiencymb.ca\/fr\/wp-json\/wp\/v2\/types\/page"}],"author":[{"embeddable":true,"href":"https:\/\/efficiencymb.ca\/fr\/wp-json\/wp\/v2\/users\/10"}],"replies":[{"embeddable":true,"href":"https:\/\/efficiencymb.ca\/fr\/wp-json\/wp\/v2\/comments?post=13126"}],"version-history":[{"count":18,"href":"https:\/\/efficiencymb.ca\/fr\/wp-json\/wp\/v2\/pages\/13126\/revisions"}],"predecessor-version":[{"id":86420,"href":"https:\/\/efficiencymb.ca\/fr\/wp-json\/wp\/v2\/pages\/13126\/revisions\/86420"}],"up":[{"embeddable":true,"href":"https:\/\/efficiencymb.ca\/fr\/wp-json\/wp\/v2\/pages\/13101"}],"wp:featuredmedia":[{"embeddable":true,"href":"https:\/\/efficiencymb.ca\/fr\/wp-json\/wp\/v2\/media\/2831"}],"wp:attachment":[{"href":"https:\/\/efficiencymb.ca\/fr\/wp-json\/wp\/v2\/media?parent=13126"}],"curies":[{"name":"wp","href":"https:\/\/api.w.org\/{rel}","templated":true}]}}