{"id":13118,"date":"2021-09-01T16:34:36","date_gmt":"2021-09-01T21:34:36","guid":{"rendered":"https:\/\/efficiencymb.ca\/community\/indigenous-community-energy-efficiency-program\/"},"modified":"2023-06-22T11:24:20","modified_gmt":"2023-06-22T16:24:20","slug":"programme-ecoenergetique-pour-les-collectivites-autochtones","status":"publish","type":"page","link":"https:\/\/efficiencymb.ca\/fr\/communaute\/programme-ecoenergetique-pour-les-collectivites-autochtones\/","title":{"rendered":"Programme \u00c9co\u00e9nerg\u00e9tique Pour Les Collectivit\u00e9s Autochtones"},"content":{"rendered":"\n<div class=\"wp-block-group is-style-content\"><div class=\"wp-block-group__inner-container is-layout-flow wp-block-group-is-layout-flow\">\n<p class=\"has-text-align-center has-medium-font-size\">Nous offrons aux collectivit\u00e9s la possibilit\u00e9, le soutien et les ressources n\u00e9cessaires pour embaucher un conseiller ou une conseill\u00e8re en efficacit\u00e9 \u00e9nerg\u00e9tique afin de cr\u00e9er et de mettre en \u0153uvre des plans d\u2019efficacit\u00e9 \u00e9nerg\u00e9tique communautaires avec l\u2019aide de nos experts en \u00e9nergie.<\/p>\n\n\n\n<p class=\"has-text-align-center\">Ces plans aident les collectivit\u00e9s \u00e0 r\u00e9duire leur consommation globale d\u2019\u00e9nergie en participant \u00e0 nos programmes d\u2019efficacit\u00e9 \u00e9nerg\u00e9tique. \u00c0 l\u2019emploi de la collectivit\u00e9, le conseiller ou la conseill\u00e8re en efficacit\u00e9 \u00e9nerg\u00e9tique contribue \u00e0 promouvoir une culture de conservation dans la collectivit\u00e9, en donnant \u00e0 ses membres les moyens de participer \u00e0 des initiatives d\u2019\u00e9conomie d\u2019\u00e9nergie.<\/p>\n\n\n\n<p class=\"has-text-align-center\">Consultez notre <a href=\"https:\/\/efficiencymb.ca\/fr\/efficiency_manitoba_iceep_program_guide-2\/\">guide du programme (en anglais)<\/a>&nbsp;pour plus de renseignements.<\/p>\n<\/div><\/div>\n\n\n\n<div style=\"height:50px\" aria-hidden=\"true\" class=\"wp-block-spacer\"><\/div>\n\n\n\r\n\t<div class=\"product-blocks\">\r\n\t\t\t\t\t<div class=\"wp-block-columns gridbox product-block image-left blue\">\r\n\t\t\t<div class=\"wp-block-column grid-image\">\r\n\t\t\t\t                <figure class=\"wp-block-image size-large\">\r\n                    <img decoding=\"async\" class=\"acf-figure-image\" \r\n            src=\"https:\/\/efficiencymb.ca\/wp-content\/uploads\/funding-scaled-e1630532733876.jpg\"\r\n            srcset=\"\"\r\n            sizes=\"(max-width: 2560px) 100vw, 2560px\" \r\n            alt=\"\"\r\n        \/>\r\n                        <\/figure>\r\n            \t\t\t<\/div>\r\n\t\t\t<div class=\"wp-block-column grid-content\">\r\n\t\t\t\t<h3>FINANCEMENT<\/h3>\r\n\t\t\t\t<p><span style=\"font-size: 20px;\">Nous fournissons 40 000 $ pour le salaire annuel d\u2019un conseiller ou d\u2019une conseill\u00e8re en efficacit\u00e9 \u00e9nerg\u00e9tique pendant deux ans.<\/span><\/p>\n\t\t\t<\/div>\r\n\t\t<\/div>\r\n\t\t\t\t\t<div class=\"wp-block-columns gridbox product-block image-right green\">\r\n\t\t\t<div class=\"wp-block-column grid-image\">\r\n\t\t\t\t                <figure class=\"wp-block-image size-large\">\r\n                    <img decoding=\"async\" class=\"acf-figure-image\" \r\n            src=\"https:\/\/efficiencymb.ca\/wp-content\/uploads\/technical-suport-scaled-e1630532647820.jpg\"\r\n            srcset=\"\"\r\n            sizes=\"(max-width: 2560px) 100vw, 2560px\" \r\n            alt=\"\"\r\n        \/>\r\n                        <\/figure>\r\n            \t\t\t<\/div>\r\n\t\t\t<div class=\"wp-block-column grid-content\">\r\n\t\t\t\t<h3>SOUTIEN TECHNIQUE<\/h3>\r\n\t\t\t\t<p><span style=\"font-size: 20px;\">Nous offrons aux collectivit\u00e9s un acc\u00e8s direct et fr\u00e9quent \u00e0 notre personnel et \u00e0 nos sp\u00e9cialistes techniques, qui aideront \u00e0 former le conseiller ou la conseill\u00e8re en efficacit\u00e9 \u00e9nerg\u00e9tique.<\/span><\/p>\n\t\t\t<\/div>\r\n\t\t<\/div>\r\n\t\t\t\t\t<div class=\"wp-block-columns gridbox product-block image-left blue\">\r\n\t\t\t<div class=\"wp-block-column grid-image\">\r\n\t\t\t\t                <figure class=\"wp-block-image size-large\">\r\n                    <img decoding=\"async\" class=\"acf-figure-image\" \r\n            src=\"https:\/\/efficiencymb.ca\/wp-content\/uploads\/updating-lighting-scaled-e1630533182548.jpg\"\r\n            srcset=\"\"\r\n            sizes=\"(max-width: 2560px) 100vw, 2560px\" \r\n            alt=\"\"\r\n        \/>\r\n                        <\/figure>\r\n            \t\t\t<\/div>\r\n\t\t\t<div class=\"wp-block-column grid-content\">\r\n\t\t\t\t<h3>\u00c9CONOMIE D\u2019\u00c9NERGIE ET DE CO\u00dbTS<\/h3>\r\n\t\t\t\t<p><span style=\"font-size: 20px;\">La participation accrue de la collectivit\u00e9 aux programmes d\u2019efficacit\u00e9 \u00e9nerg\u00e9tique entra\u00eenera des \u00e9conomies d\u2019\u00e9nergie et de co\u00fbts.<\/span><\/p>\n\t\t\t<\/div>\r\n\t\t<\/div>\r\n\t\t<\/div>\r\n\t\r\n\n\n<div class=\"theme-button wp-block-button aligncenter\">\r\n\t<a  class=\"wp-block-button__link has-background no-border-radius button cta button-large\" href=\"https:\/\/efficiencymb.ca\/fr\/communaute\/community-efficiency\/contactez-nous-efficacite-energetique-dans-les-collectivites-autochtones\/\"><strong>CONTACTEZ-NOUS POUR<\/strong><br>COMMENCER \u00c0 \u00c9CONOMISER<\/a>\r\n<\/div>\n\n\n<figure class=\"wp-block-image size-full slant\"><img loading=\"lazy\" decoding=\"async\" width=\"2000\" height=\"400\" src=\"https:\/\/efficiencymb.ca\/wp-content\/uploads\/bg-two-tone-green@2x.png\" alt=\"\" class=\"wp-image-592\" srcset=\"https:\/\/efficiencymb.ca\/wp-content\/uploads\/bg-two-tone-green@2x.png 2000w, https:\/\/efficiencymb.ca\/wp-content\/uploads\/bg-two-tone-green@2x-479x96.png 479w, https:\/\/efficiencymb.ca\/wp-content\/uploads\/bg-two-tone-green@2x-1024x205.png 1024w, https:\/\/efficiencymb.ca\/wp-content\/uploads\/bg-two-tone-green@2x-768x154.png 768w, https:\/\/efficiencymb.ca\/wp-content\/uploads\/bg-two-tone-green@2x-1536x307.png 1536w\" sizes=\"auto, (max-width: 2000px) 100vw, 2000px\" \/><\/figure>\n\n\n\n<div class=\"wp-block-group has-background\" style=\"background-color:#f4f3f3\"><div class=\"wp-block-group__inner-container is-layout-flow wp-block-group-is-layout-flow\">\n<h2 class=\"wp-block-heading has-text-align-center is-style-hero-heading\" id=\"comment-participer\">\u00c9TAPES POUR PARTICIPER<\/h2>\n\n\n\n<ol class=\"iconic-list large\">\n<li>\n<h3><strong>DEMANDEZ<\/strong> DU FINANCEMENT<\/h3>\n<p>Remplissez notre <a href=\"https:\/\/efficiencymb.ca\/fr\/efficiency_manitoba_iceep_funding_application-2\/\">demande de financement (en anglais)<\/a>&nbsp;et <a href=\"mailto:indigenousprograms@efficiencyMB.ca\">envoyez-la-nous par courriel<\/a>. Nous acceptons les demandes entre le 1<sup>er<\/sup>&nbsp;septembre&nbsp;2022 et le 15&nbsp;d\u00e9cembre&nbsp;2022.<\/p>\n<\/li>\n<li>\n<h3><strong>RECEVEZ<\/strong> UNE APPROBATION<\/h3>\n<p>Nous annoncerons les b\u00e9n\u00e9ficiaires du financement en janvier&nbsp;2023. Les ententes de financement seront sign\u00e9es apr\u00e8s cette date.<\/p>\n<\/li>\n<li>\n<h3><strong>EMBAUCHEZ<\/strong> UN CONSEILLER OU UNE CONSEILL\u00c8RE EN EFFICACIT\u00c9 \u00c9NERG\u00c9TIQUE<\/h3>\n<p>Certaines collectivit\u00e9s seront responsables de l\u2019embauche d\u2019un conseiller ou d\u2019une conseill\u00e8re en efficacit\u00e9 \u00e9nerg\u00e9tique. La date de d\u00e9but du financement et d\u2019entr\u00e9e en service des conseillers ou conseill\u00e8res en efficacit\u00e9 \u00e9nerg\u00e9tique sera le 1<sup>er<\/sup>&nbsp;avril&nbsp;2023.<\/p>\n<\/li>\n<li>\n<h3><strong>CR\u00c9EZ<\/strong> ET EX\u00c9CUTEZ VOTRE PLAN D\u2019EFFICACIT\u00c9 \u00c9NERG\u00c9TIQUE<\/h3>\n<p>Le conseiller ou la conseill\u00e8re en efficacit\u00e9 \u00e9nerg\u00e9tique collaborera avec nous et avec la collectivit\u00e9 pour concevoir un plan communautaire d\u2019efficacit\u00e9 \u00e9nerg\u00e9tique complet, d\u2019une dur\u00e9e de deux ans, visant \u00e0 r\u00e9duire la consommation d\u2019\u00e9nergie.<\/p>\n<\/li>\n<li>\n<h3><strong>COMMENCEZ<\/strong> \u00c0 \u00c9CONOMISER<\/h3>\n<p>La collectivit\u00e9 participera \u00e0 des programmes qui aideront les r\u00e9sidents et r\u00e9sidentes \u00e0 profiter de factures d\u2019\u00e9nergie moins \u00e9lev\u00e9es.<\/p>\n<\/li>\n<\/ol>\n\n\n<div class=\"theme-button wp-block-button aligncenter\">\r\n\t<a  class=\"wp-block-button__link has-background no-border-radius button cta button-large\" href=\"https:\/\/efficiencymb.ca\/fr\/communaute\/community-efficiency\/contactez-nous-efficacite-energetique-dans-les-collectivites-autochtones\/\"><strong>CONTACTEZ-NOUS POUR<\/strong><br>COMMENCER \u00c0 \u00c9CONOMISER<\/a>\r\n<\/div><\/div><\/div>\n\n\n\n<figure class=\"wp-block-image size-full slant\"><img loading=\"lazy\" decoding=\"async\" width=\"2000\" height=\"400\" src=\"https:\/\/efficiencymb.ca\/wp-content\/uploads\/bg-two-tone-green-bottom@2x.png\" alt=\"\" class=\"wp-image-609\" srcset=\"https:\/\/efficiencymb.ca\/wp-content\/uploads\/bg-two-tone-green-bottom@2x.png 2000w, https:\/\/efficiencymb.ca\/wp-content\/uploads\/bg-two-tone-green-bottom@2x-479x96.png 479w, https:\/\/efficiencymb.ca\/wp-content\/uploads\/bg-two-tone-green-bottom@2x-1024x205.png 1024w, https:\/\/efficiencymb.ca\/wp-content\/uploads\/bg-two-tone-green-bottom@2x-768x154.png 768w, https:\/\/efficiencymb.ca\/wp-content\/uploads\/bg-two-tone-green-bottom@2x-1536x307.png 1536w\" sizes=\"auto, (max-width: 2000px) 100vw, 2000px\" \/><\/figure>\n\n\n\n<div class=\"wp-block-group is-style-content\"><div class=\"wp-block-group__inner-container is-layout-flow wp-block-group-is-layout-flow\">\n<h2 class=\"wp-block-heading has-text-align-center is-style-hero-heading\" id=\"votre-collectivite-est-elle-admissible\">VOTRE COLLECTIVIT\u00c9 EST-ELLE ADMISSIBLE?<\/h2>\n\n\n\n<ul class=\"is-style-large wp-block-list\">\n<li>Votre collectivit\u00e9 est une Premi\u00e8re Nation reconnue au Manitoba.<\/li>\n\n\n\n<li>Votre collectivit\u00e9 a d\u00e9montr\u00e9 son engagement \u00e0 l\u2019\u00e9gard d\u2019initiatives d\u2019efficacit\u00e9 \u00e9nerg\u00e9tique ou de durabilit\u00e9.<\/li>\n<\/ul>\n<\/div><\/div>\n\n\n\n<figure class=\"wp-block-image size-full\"><img loading=\"lazy\" decoding=\"async\" width=\"2000\" height=\"400\" src=\"https:\/\/efficiencymb.ca\/wp-content\/uploads\/bg-bottom-only-blue-green@2x.png\" alt=\"\" class=\"wp-image-612\" srcset=\"https:\/\/efficiencymb.ca\/wp-content\/uploads\/bg-bottom-only-blue-green@2x.png 2000w, https:\/\/efficiencymb.ca\/wp-content\/uploads\/bg-bottom-only-blue-green@2x-479x96.png 479w, https:\/\/efficiencymb.ca\/wp-content\/uploads\/bg-bottom-only-blue-green@2x-1024x205.png 1024w, https:\/\/efficiencymb.ca\/wp-content\/uploads\/bg-bottom-only-blue-green@2x-768x154.png 768w, https:\/\/efficiencymb.ca\/wp-content\/uploads\/bg-bottom-only-blue-green@2x-1536x307.png 1536w\" sizes=\"auto, (max-width: 2000px) 100vw, 2000px\" \/><\/figure>\n","protected":false},"excerpt":{"rendered":"<p>Nous offrons aux collectivit\u00e9s la possibilit\u00e9, le soutien et les ressources n\u00e9cessaires pour embaucher un conseiller ou une conseill\u00e8re en efficacit\u00e9 \u00e9nerg\u00e9tique afin de cr\u00e9er et de mettre en \u0153uvre des plans d\u2019efficacit\u00e9 \u00e9nerg\u00e9tique communautaires avec l\u2019aide de nos experts en \u00e9nergie. Ces plans aident les collectivit\u00e9s \u00e0 r\u00e9duire leur consommation globale d\u2019\u00e9nergie en participantcontinue-reading<\/p>\n","protected":false},"author":6,"featured_media":2251,"parent":13105,"menu_order":0,"comment_status":"closed","ping_status":"closed","template":"","meta":{"_acf_changed":false,"footnotes":""},"class_list":["post-13118","page","type-page","status-publish","has-post-thumbnail","hentry","page_cat-programs"],"acf":[],"yoast_head":"<!-- This site is optimized with the Yoast SEO plugin v27.3 - https:\/\/yoast.com\/product\/yoast-seo-wordpress\/ -->\n<title>Programme \u00c9co\u00e9nerg\u00e9tique Pour Les Collectivit\u00e9s Autochtones &#8212; Efficiency Manitoba<\/title>\n<meta name=\"description\" content=\"Nous offrons aux collectivit\u00e9s la possibilit\u00e9 d\u2019embaucher un d\u00e9fenseur de l\u2019efficacit\u00e9 \u00e9nerg\u00e9tique qui cr\u00e9era et mettra en \u0153uvre des plans communautaires d\u2019efficacit\u00e9 \u00e9nerg\u00e9tique avec l\u2019aide de nos experts en \u00e9nergie, et nous leur fournissons le soutien et les ressources dont elles auront besoin pour proc\u00e9der \u00e0 cette embauche.\" \/>\n<meta name=\"robots\" content=\"index, follow, max-snippet:-1, max-image-preview:large, max-video-preview:-1\" \/>\n<link rel=\"canonical\" href=\"https:\/\/efficiencymb.ca\/fr\/communaute\/programme-ecoenergetique-pour-les-collectivites-autochtones\/\" \/>\n<meta property=\"og:locale\" content=\"fr_FR\" \/>\n<meta property=\"og:type\" content=\"article\" \/>\n<meta property=\"og:title\" content=\"Programme \u00c9co\u00e9nerg\u00e9tique Pour Les Collectivit\u00e9s Autochtones &#8212; Efficiency Manitoba\" \/>\n<meta property=\"og:description\" content=\"Nous offrons aux collectivit\u00e9s la possibilit\u00e9 d\u2019embaucher un d\u00e9fenseur de l\u2019efficacit\u00e9 \u00e9nerg\u00e9tique qui cr\u00e9era et mettra en \u0153uvre des plans communautaires d\u2019efficacit\u00e9 \u00e9nerg\u00e9tique avec l\u2019aide de nos experts en \u00e9nergie, et nous leur fournissons le soutien et les ressources dont elles auront besoin pour proc\u00e9der \u00e0 cette embauche.\" \/>\n<meta property=\"og:url\" content=\"https:\/\/efficiencymb.ca\/fr\/communaute\/programme-ecoenergetique-pour-les-collectivites-autochtones\/\" \/>\n<meta property=\"og:site_name\" content=\"Efficiency Manitoba\" \/>\n<meta property=\"article:modified_time\" content=\"2023-06-22T16:24:20+00:00\" \/>\n<meta property=\"og:image\" content=\"https:\/\/efficiencymb.ca\/wp-content\/uploads\/community-efficiency-banner.jpg\" \/>\n\t<meta property=\"og:image:width\" content=\"2400\" \/>\n\t<meta property=\"og:image:height\" content=\"1350\" \/>\n\t<meta property=\"og:image:type\" content=\"image\/jpeg\" \/>\n<meta name=\"twitter:card\" content=\"summary_large_image\" \/>\n<meta name=\"twitter:label1\" content=\"Dur\u00e9e de lecture estim\u00e9e\" \/>\n\t<meta name=\"twitter:data1\" content=\"2 minutes\" \/>\n<script type=\"application\/ld+json\" class=\"yoast-schema-graph\">{\"@context\":\"https:\\\/\\\/schema.org\",\"@graph\":[{\"@type\":\"WebPage\",\"@id\":\"https:\\\/\\\/efficiencymb.ca\\\/fr\\\/communaute\\\/programme-ecoenergetique-pour-les-collectivites-autochtones\\\/\",\"url\":\"https:\\\/\\\/efficiencymb.ca\\\/fr\\\/communaute\\\/programme-ecoenergetique-pour-les-collectivites-autochtones\\\/\",\"name\":\"Programme \u00c9co\u00e9nerg\u00e9tique Pour Les Collectivit\u00e9s Autochtones &#8212; Efficiency Manitoba\",\"isPartOf\":{\"@id\":\"https:\\\/\\\/efficiencymb.ca\\\/#website\"},\"primaryImageOfPage\":{\"@id\":\"https:\\\/\\\/efficiencymb.ca\\\/fr\\\/communaute\\\/programme-ecoenergetique-pour-les-collectivites-autochtones\\\/#primaryimage\"},\"image\":{\"@id\":\"https:\\\/\\\/efficiencymb.ca\\\/fr\\\/communaute\\\/programme-ecoenergetique-pour-les-collectivites-autochtones\\\/#primaryimage\"},\"thumbnailUrl\":\"https:\\\/\\\/efficiencymb.ca\\\/wp-content\\\/uploads\\\/community-efficiency-banner.jpg\",\"datePublished\":\"2021-09-01T21:34:36+00:00\",\"dateModified\":\"2023-06-22T16:24:20+00:00\",\"description\":\"Nous offrons aux collectivit\u00e9s la possibilit\u00e9 d\u2019embaucher un d\u00e9fenseur de l\u2019efficacit\u00e9 \u00e9nerg\u00e9tique qui cr\u00e9era et mettra en \u0153uvre des plans communautaires d\u2019efficacit\u00e9 \u00e9nerg\u00e9tique avec l\u2019aide de nos experts en \u00e9nergie, et nous leur fournissons le soutien et les ressources dont elles auront besoin pour proc\u00e9der \u00e0 cette embauche.\",\"breadcrumb\":{\"@id\":\"https:\\\/\\\/efficiencymb.ca\\\/fr\\\/communaute\\\/programme-ecoenergetique-pour-les-collectivites-autochtones\\\/#breadcrumb\"},\"inLanguage\":\"fr-FR\",\"potentialAction\":[{\"@type\":\"ReadAction\",\"target\":[\"https:\\\/\\\/efficiencymb.ca\\\/fr\\\/communaute\\\/programme-ecoenergetique-pour-les-collectivites-autochtones\\\/\"]}]},{\"@type\":\"ImageObject\",\"inLanguage\":\"fr-FR\",\"@id\":\"https:\\\/\\\/efficiencymb.ca\\\/fr\\\/communaute\\\/programme-ecoenergetique-pour-les-collectivites-autochtones\\\/#primaryimage\",\"url\":\"https:\\\/\\\/efficiencymb.ca\\\/wp-content\\\/uploads\\\/community-efficiency-banner.jpg\",\"contentUrl\":\"https:\\\/\\\/efficiencymb.ca\\\/wp-content\\\/uploads\\\/community-efficiency-banner.jpg\",\"width\":2400,\"height\":1350,\"caption\":\"Mains avec signes de $ et d'ampoule \u00e9lectrique\"},{\"@type\":\"BreadcrumbList\",\"@id\":\"https:\\\/\\\/efficiencymb.ca\\\/fr\\\/communaute\\\/programme-ecoenergetique-pour-les-collectivites-autochtones\\\/#breadcrumb\",\"itemListElement\":[{\"@type\":\"ListItem\",\"position\":1,\"name\":\"Home\",\"item\":\"https:\\\/\\\/efficiencymb.ca\\\/fr\\\/\"},{\"@type\":\"ListItem\",\"position\":2,\"name\":\"Ma Communaut\u00e9\",\"item\":\"https:\\\/\\\/efficiencymb.ca\\\/fr\\\/communaute\\\/\"},{\"@type\":\"ListItem\",\"position\":3,\"name\":\"Programme \u00c9co\u00e9nerg\u00e9tique Pour Les Collectivit\u00e9s Autochtones\"}]},{\"@type\":\"WebSite\",\"@id\":\"https:\\\/\\\/efficiencymb.ca\\\/#website\",\"url\":\"https:\\\/\\\/efficiencymb.ca\\\/\",\"name\":\"Efficiency Manitoba\",\"description\":\"\",\"publisher\":{\"@id\":\"https:\\\/\\\/efficiencymb.ca\\\/#organization\"},\"potentialAction\":[{\"@type\":\"SearchAction\",\"target\":{\"@type\":\"EntryPoint\",\"urlTemplate\":\"https:\\\/\\\/efficiencymb.ca\\\/?s={search_term_string}\"},\"query-input\":{\"@type\":\"PropertyValueSpecification\",\"valueRequired\":true,\"valueName\":\"search_term_string\"}}],\"inLanguage\":\"fr-FR\"},{\"@type\":\"Organization\",\"@id\":\"https:\\\/\\\/efficiencymb.ca\\\/#organization\",\"name\":\"Efficiency Manitoba\",\"url\":\"https:\\\/\\\/efficiencymb.ca\\\/\",\"logo\":{\"@type\":\"ImageObject\",\"inLanguage\":\"fr-FR\",\"@id\":\"https:\\\/\\\/efficiencymb.ca\\\/#\\\/schema\\\/logo\\\/image\\\/\",\"url\":\"https:\\\/\\\/efficiencymb.ca\\\/wp-content\\\/uploads\\\/em-logo-white-en.png\",\"contentUrl\":\"https:\\\/\\\/efficiencymb.ca\\\/wp-content\\\/uploads\\\/em-logo-white-en.png\",\"width\":388,\"height\":91,\"caption\":\"Efficiency Manitoba\"},\"image\":{\"@id\":\"https:\\\/\\\/efficiencymb.ca\\\/#\\\/schema\\\/logo\\\/image\\\/\"}}]}<\/script>\n<!-- \/ Yoast SEO plugin. -->","yoast_head_json":{"title":"Programme \u00c9co\u00e9nerg\u00e9tique Pour Les Collectivit\u00e9s Autochtones &#8212; Efficiency Manitoba","description":"Nous offrons aux collectivit\u00e9s la possibilit\u00e9 d\u2019embaucher un d\u00e9fenseur de l\u2019efficacit\u00e9 \u00e9nerg\u00e9tique qui cr\u00e9era et mettra en \u0153uvre des plans communautaires d\u2019efficacit\u00e9 \u00e9nerg\u00e9tique avec l\u2019aide de nos experts en \u00e9nergie, et nous leur fournissons le soutien et les ressources dont elles auront besoin pour proc\u00e9der \u00e0 cette embauche.","robots":{"index":"index","follow":"follow","max-snippet":"max-snippet:-1","max-image-preview":"max-image-preview:large","max-video-preview":"max-video-preview:-1"},"canonical":"https:\/\/efficiencymb.ca\/fr\/communaute\/programme-ecoenergetique-pour-les-collectivites-autochtones\/","og_locale":"fr_FR","og_type":"article","og_title":"Programme \u00c9co\u00e9nerg\u00e9tique Pour Les Collectivit\u00e9s Autochtones &#8212; Efficiency Manitoba","og_description":"Nous offrons aux collectivit\u00e9s la possibilit\u00e9 d\u2019embaucher un d\u00e9fenseur de l\u2019efficacit\u00e9 \u00e9nerg\u00e9tique qui cr\u00e9era et mettra en \u0153uvre des plans communautaires d\u2019efficacit\u00e9 \u00e9nerg\u00e9tique avec l\u2019aide de nos experts en \u00e9nergie, et nous leur fournissons le soutien et les ressources dont elles auront besoin pour proc\u00e9der \u00e0 cette embauche.","og_url":"https:\/\/efficiencymb.ca\/fr\/communaute\/programme-ecoenergetique-pour-les-collectivites-autochtones\/","og_site_name":"Efficiency Manitoba","article_modified_time":"2023-06-22T16:24:20+00:00","og_image":[{"width":2400,"height":1350,"url":"https:\/\/efficiencymb.ca\/wp-content\/uploads\/community-efficiency-banner.jpg","type":"image\/jpeg"}],"twitter_card":"summary_large_image","twitter_misc":{"Dur\u00e9e de lecture estim\u00e9e":"2 minutes"},"schema":{"@context":"https:\/\/schema.org","@graph":[{"@type":"WebPage","@id":"https:\/\/efficiencymb.ca\/fr\/communaute\/programme-ecoenergetique-pour-les-collectivites-autochtones\/","url":"https:\/\/efficiencymb.ca\/fr\/communaute\/programme-ecoenergetique-pour-les-collectivites-autochtones\/","name":"Programme \u00c9co\u00e9nerg\u00e9tique Pour Les Collectivit\u00e9s Autochtones &#8212; Efficiency Manitoba","isPartOf":{"@id":"https:\/\/efficiencymb.ca\/#website"},"primaryImageOfPage":{"@id":"https:\/\/efficiencymb.ca\/fr\/communaute\/programme-ecoenergetique-pour-les-collectivites-autochtones\/#primaryimage"},"image":{"@id":"https:\/\/efficiencymb.ca\/fr\/communaute\/programme-ecoenergetique-pour-les-collectivites-autochtones\/#primaryimage"},"thumbnailUrl":"https:\/\/efficiencymb.ca\/wp-content\/uploads\/community-efficiency-banner.jpg","datePublished":"2021-09-01T21:34:36+00:00","dateModified":"2023-06-22T16:24:20+00:00","description":"Nous offrons aux collectivit\u00e9s la possibilit\u00e9 d\u2019embaucher un d\u00e9fenseur de l\u2019efficacit\u00e9 \u00e9nerg\u00e9tique qui cr\u00e9era et mettra en \u0153uvre des plans communautaires d\u2019efficacit\u00e9 \u00e9nerg\u00e9tique avec l\u2019aide de nos experts en \u00e9nergie, et nous leur fournissons le soutien et les ressources dont elles auront besoin pour proc\u00e9der \u00e0 cette embauche.","breadcrumb":{"@id":"https:\/\/efficiencymb.ca\/fr\/communaute\/programme-ecoenergetique-pour-les-collectivites-autochtones\/#breadcrumb"},"inLanguage":"fr-FR","potentialAction":[{"@type":"ReadAction","target":["https:\/\/efficiencymb.ca\/fr\/communaute\/programme-ecoenergetique-pour-les-collectivites-autochtones\/"]}]},{"@type":"ImageObject","inLanguage":"fr-FR","@id":"https:\/\/efficiencymb.ca\/fr\/communaute\/programme-ecoenergetique-pour-les-collectivites-autochtones\/#primaryimage","url":"https:\/\/efficiencymb.ca\/wp-content\/uploads\/community-efficiency-banner.jpg","contentUrl":"https:\/\/efficiencymb.ca\/wp-content\/uploads\/community-efficiency-banner.jpg","width":2400,"height":1350,"caption":"Mains avec signes de $ et d'ampoule \u00e9lectrique"},{"@type":"BreadcrumbList","@id":"https:\/\/efficiencymb.ca\/fr\/communaute\/programme-ecoenergetique-pour-les-collectivites-autochtones\/#breadcrumb","itemListElement":[{"@type":"ListItem","position":1,"name":"Home","item":"https:\/\/efficiencymb.ca\/fr\/"},{"@type":"ListItem","position":2,"name":"Ma Communaut\u00e9","item":"https:\/\/efficiencymb.ca\/fr\/communaute\/"},{"@type":"ListItem","position":3,"name":"Programme \u00c9co\u00e9nerg\u00e9tique Pour Les Collectivit\u00e9s Autochtones"}]},{"@type":"WebSite","@id":"https:\/\/efficiencymb.ca\/#website","url":"https:\/\/efficiencymb.ca\/","name":"Efficiency Manitoba","description":"","publisher":{"@id":"https:\/\/efficiencymb.ca\/#organization"},"potentialAction":[{"@type":"SearchAction","target":{"@type":"EntryPoint","urlTemplate":"https:\/\/efficiencymb.ca\/?s={search_term_string}"},"query-input":{"@type":"PropertyValueSpecification","valueRequired":true,"valueName":"search_term_string"}}],"inLanguage":"fr-FR"},{"@type":"Organization","@id":"https:\/\/efficiencymb.ca\/#organization","name":"Efficiency Manitoba","url":"https:\/\/efficiencymb.ca\/","logo":{"@type":"ImageObject","inLanguage":"fr-FR","@id":"https:\/\/efficiencymb.ca\/#\/schema\/logo\/image\/","url":"https:\/\/efficiencymb.ca\/wp-content\/uploads\/em-logo-white-en.png","contentUrl":"https:\/\/efficiencymb.ca\/wp-content\/uploads\/em-logo-white-en.png","width":388,"height":91,"caption":"Efficiency Manitoba"},"image":{"@id":"https:\/\/efficiencymb.ca\/#\/schema\/logo\/image\/"}}]}},"_links":{"self":[{"href":"https:\/\/efficiencymb.ca\/fr\/wp-json\/wp\/v2\/pages\/13118","targetHints":{"allow":["GET"]}}],"collection":[{"href":"https:\/\/efficiencymb.ca\/fr\/wp-json\/wp\/v2\/pages"}],"about":[{"href":"https:\/\/efficiencymb.ca\/fr\/wp-json\/wp\/v2\/types\/page"}],"author":[{"embeddable":true,"href":"https:\/\/efficiencymb.ca\/fr\/wp-json\/wp\/v2\/users\/6"}],"replies":[{"embeddable":true,"href":"https:\/\/efficiencymb.ca\/fr\/wp-json\/wp\/v2\/comments?post=13118"}],"version-history":[{"count":32,"href":"https:\/\/efficiencymb.ca\/fr\/wp-json\/wp\/v2\/pages\/13118\/revisions"}],"predecessor-version":[{"id":27927,"href":"https:\/\/efficiencymb.ca\/fr\/wp-json\/wp\/v2\/pages\/13118\/revisions\/27927"}],"up":[{"embeddable":true,"href":"https:\/\/efficiencymb.ca\/fr\/wp-json\/wp\/v2\/pages\/13105"}],"wp:featuredmedia":[{"embeddable":true,"href":"https:\/\/efficiencymb.ca\/fr\/wp-json\/wp\/v2\/media\/2251"}],"wp:attachment":[{"href":"https:\/\/efficiencymb.ca\/fr\/wp-json\/wp\/v2\/media?parent=13118"}],"curies":[{"name":"wp","href":"https:\/\/api.w.org\/{rel}","templated":true}]}}