{"id":13114,"date":"2020-04-28T15:30:04","date_gmt":"2020-04-28T20:30:04","guid":{"rendered":"https:\/\/efficiencymb.ca\/community\/community-efficiency\/"},"modified":"2024-01-19T08:38:32","modified_gmt":"2024-01-19T14:38:32","slug":"community-efficiency","status":"publish","type":"page","link":"https:\/\/efficiencymb.ca\/fr\/communaute\/community-efficiency\/","title":{"rendered":"Programme communautaire d\u2019efficacit\u00e9 \u00e9nerg\u00e9tique"},"content":{"rendered":"\n<div class=\"wp-block-group is-style-content-wide\"><div class=\"wp-block-group__inner-container is-layout-flow wp-block-group-is-layout-flow\">\n<p class=\"has-text-align-center has-medium-font-size\">Nous offrons aux municipalit\u00e9s la possibilit\u00e9, le soutien et les ressources n\u00e9cessaires pour embaucher un d\u00e9fenseur de l\u2019efficacit\u00e9 \u00e9nerg\u00e9tique qui cr\u00e9era et mettra en \u0153uvre des plans communautaires d\u2019efficacit\u00e9 \u00e9nerg\u00e9tique avec l\u2019aide de nos experts en \u00e9nergie.<\/p>\n\n\n\n<div style=\"height:50px\" aria-hidden=\"true\" class=\"wp-block-spacer\"><\/div>\n\n\n\n<p class=\"has-text-align-center has-medium-font-size\">Ces plans aident les collectivit\u00e9s \u00e0 r\u00e9duire leur consommation \u00e9nerg\u00e9tique globale par la participation aux programmes d\u2019am\u00e9lioration de l\u2019efficacit\u00e9 \u00e9nerg\u00e9tique d\u2019Efficacit\u00e9 Manitoba. Embauch\u00e9 par la municipalit\u00e9, le d\u00e9fenseur de l\u2019efficacit\u00e9 \u00e9nerg\u00e9tique contribue \u00e0 favoriser une culture de conservation dans la communaut\u00e9, ce qui donne aux citoyens les moyens de participer \u00e0 des initiatives d\u2019\u00e9conomie d\u2019\u00e9nergie.<\/p>\n\n\n\n<p class=\"has-text-align-center has-medium-font-size\">Consultez notre&nbsp;<a href=\"https:\/\/efficiencymb.ca\/wp-content\/uploads\/CEEP_ProgramGuide_FNL_R4.pdf\" target=\"_blank\" rel=\"noreferrer noopener\">Guide du programme<\/a> (en anglais)&nbsp;pour en savoir plus.<\/p>\n<\/div><\/div>\n\n\n\n<div style=\"height:50px\" aria-hidden=\"true\" class=\"wp-block-spacer\"><\/div>\n\n\n\r\n\t<div class=\"product-blocks\">\r\n\t\t\t\t\t<div class=\"wp-block-columns gridbox product-block image-left blue\">\r\n\t\t\t<div class=\"wp-block-column grid-image\">\r\n\t\t\t\t                <figure class=\"wp-block-image size-large\">\r\n                    <img decoding=\"async\" class=\"acf-figure-image\" \r\n            src=\"https:\/\/efficiencymb.ca\/wp-content\/uploads\/community-efficiency-funding.jpg\"\r\n            srcset=\"https:\/\/efficiencymb.ca\/wp-content\/uploads\/community-efficiency-funding.jpg 1000w, https:\/\/efficiencymb.ca\/wp-content\/uploads\/community-efficiency-funding-269x269.jpg 269w, https:\/\/efficiencymb.ca\/wp-content\/uploads\/community-efficiency-funding-768x768.jpg 768w\"\r\n            sizes=\"(max-width: 1000px) 100vw, 1000px\" \r\n            alt=\"\"\r\n        \/>\r\n                        <\/figure>\r\n            \t\t\t<\/div>\r\n\t\t\t<div class=\"wp-block-column grid-content\">\r\n\t\t\t\t<h3>FINANCEMENT<\/h3>\r\n\t\t\t\t<p><span style=\"font-size: 20px;\">Nous versons 80 % du salaire des d\u00e9fenseurs jusqu&rsquo;\u00e0 un maximum de 40 000 $ par ann\u00e9e.<\/span><\/p>\n\t\t\t<\/div>\r\n\t\t<\/div>\r\n\t\t\t\t\t<div class=\"wp-block-columns gridbox product-block image-right green\">\r\n\t\t\t<div class=\"wp-block-column grid-image\">\r\n\t\t\t\t                <figure class=\"wp-block-image size-large\">\r\n                    <img decoding=\"async\" class=\"acf-figure-image\" \r\n            src=\"https:\/\/efficiencymb.ca\/wp-content\/uploads\/community-efficiency-support.jpg\"\r\n            srcset=\"https:\/\/efficiencymb.ca\/wp-content\/uploads\/community-efficiency-support.jpg 1000w, https:\/\/efficiencymb.ca\/wp-content\/uploads\/community-efficiency-support-269x269.jpg 269w, https:\/\/efficiencymb.ca\/wp-content\/uploads\/community-efficiency-support-768x768.jpg 768w\"\r\n            sizes=\"(max-width: 1000px) 100vw, 1000px\" \r\n            alt=\"\"\r\n        \/>\r\n                        <\/figure>\r\n            \t\t\t<\/div>\r\n\t\t\t<div class=\"wp-block-column grid-content\">\r\n\t\t\t\t<h3>SOUTIEN TECHNIQUE<\/h3>\r\n\t\t\t\t<p><span style=\"font-size: 20px;\">Nous offrons un acc\u00e8s fr\u00e9quent et direct au personnel du programme d&rsquo;Efficacit\u00e9 Manitoba et aux experts techniques qui participeront \u00e0 la formation sur l&rsquo;efficacit\u00e9 \u00e9nerg\u00e9tique.<\/span><\/p>\n\t\t\t<\/div>\r\n\t\t<\/div>\r\n\t\t\t\t\t<div class=\"wp-block-columns gridbox product-block image-left blue\">\r\n\t\t\t<div class=\"wp-block-column grid-image\">\r\n\t\t\t\t                <figure class=\"wp-block-image size-large\">\r\n                    <img decoding=\"async\" class=\"acf-figure-image\" \r\n            src=\"https:\/\/efficiencymb.ca\/wp-content\/uploads\/community-efficiency-save.jpg\"\r\n            srcset=\"https:\/\/efficiencymb.ca\/wp-content\/uploads\/community-efficiency-save.jpg 1000w, https:\/\/efficiencymb.ca\/wp-content\/uploads\/community-efficiency-save-269x269.jpg 269w, https:\/\/efficiencymb.ca\/wp-content\/uploads\/community-efficiency-save-768x768.jpg 768w\"\r\n            sizes=\"(max-width: 1000px) 100vw, 1000px\" \r\n            alt=\"\"\r\n        \/>\r\n                        <\/figure>\r\n            \t\t\t<\/div>\r\n\t\t\t<div class=\"wp-block-column grid-content\">\r\n\t\t\t\t<h3>\u00c9CONOMIES D\u2019\u00c9NERGIE ET D\u2019ARGENT<\/h3>\r\n\t\t\t\t<p><span style=\"font-size: 20px;\">La participation accrue de la communaut\u00e9 aux programmes d&rsquo;efficacit\u00e9 \u00e9nerg\u00e9tique se traduira par des \u00e9conomies d&rsquo;\u00e9nergie et une r\u00e9duction du montant des factures \u00e9nerg\u00e9tiques.<\/span><\/p>\n\t\t\t<\/div>\r\n\t\t<\/div>\r\n\t\t<\/div>\r\n\t\r\n\n\n<div class=\"theme-button wp-block-button aligncenter\">\r\n\t<a  class=\"wp-block-button__link has-background no-border-radius button cta button-large\" href=\"https:\/\/efficiencymb.ca\/fr\/communaute\/community-efficiency\/apply\/\"><strong>COMMUNIQUEZ AVEC NOUS<\/strong><br>POUR COMMENCER \u00c0 \u00c9CONOMISER<\/a>\r\n<\/div>\n\n\n<div style=\"height:15px\" aria-hidden=\"true\" class=\"wp-block-spacer\"><\/div>\n\n\n\n<div class=\"wp-block-group is-style-content-wide\"><div class=\"wp-block-group__inner-container is-layout-constrained wp-block-group-is-layout-constrained\">\n<h2 class=\"wp-block-heading has-text-align-center is-style-hero-heading\">COMMUNAUT\u00c9S RECEVANT D\u00c9J\u00c0 DU FINANCEMENT<\/h2>\n\n\n\n<p class=\"has-text-align-center has-medium-font-size\">Contactez votre d\u00e9fenseur local de l\u2019efficacit\u00e9 \u00e9nerg\u00e9tique pour commencer.<\/p>\n\n\n\n<div class=\"wp-block-columns is-layout-flex wp-container-core-columns-is-layout-9d6595d7 wp-block-columns-is-layout-flex\">\n<div class=\"wp-block-column is-layout-flow wp-block-column-is-layout-flow\"><div class=\"wp-block-image\">\n<figure class=\"aligncenter size-full is-resized\"><img loading=\"lazy\" decoding=\"async\" width=\"266\" height=\"266\" src=\"https:\/\/efficiencymb.ca\/wp-content\/uploads\/Desalaberry.png\" alt=\"\" class=\"wp-image-59874\" style=\"object-fit:cover;width:200px;height:200px\"\/><\/figure>\n<\/div><\/div>\n\n\n\n<div class=\"wp-block-column is-layout-flow wp-block-column-is-layout-flow\"><div class=\"wp-block-image\">\n<figure class=\"aligncenter size-full is-resized\"><img loading=\"lazy\" decoding=\"async\" width=\"266\" height=\"266\" src=\"https:\/\/efficiencymb.ca\/wp-content\/uploads\/community-logo.png\" alt=\"\" class=\"wp-image-59878\" style=\"width:200px\"\/><\/figure>\n<\/div><\/div>\n<\/div>\n\n\n\n<div class=\"wp-block-columns is-layout-flex wp-container-core-columns-is-layout-9d6595d7 wp-block-columns-is-layout-flex\">\n<div class=\"wp-block-column is-layout-flow wp-block-column-is-layout-flow\">\n<h3 class=\"wp-block-heading has-text-align-center\">De Salaberry<\/h3>\n\n\n\n<p class=\"has-text-align-center\">Eco-Ouest<br><a href=\"mailto:info@eco-ouest.com\">info@eco-ouest.com<\/a><\/p>\n<\/div>\n\n\n\n<div class=\"wp-block-column is-layout-flow wp-block-column-is-layout-flow\">\n<h3 class=\"wp-block-heading has-text-align-center\">Notre Dame<\/h3>\n\n\n\n<p class=\"has-text-align-center\">Eco-Ouest<br><a href=\"mailto:info@eco-ouest.com\">info@eco-ouest.com<\/a><\/p>\n<\/div>\n<\/div>\n\n\n\n<div class=\"wp-block-columns is-layout-flex wp-container-core-columns-is-layout-9d6595d7 wp-block-columns-is-layout-flex\">\n<div class=\"wp-block-column is-layout-flow wp-block-column-is-layout-flow\"><div class=\"wp-block-image\">\n<figure class=\"aligncenter size-full is-resized\"><img loading=\"lazy\" decoding=\"async\" width=\"200\" height=\"200\" src=\"https:\/\/efficiencymb.ca\/wp-content\/uploads\/Hamiota.jpg\" alt=\"\" class=\"wp-image-59892\" style=\"object-fit:cover;width:200px;height:200px\"\/><\/figure>\n<\/div>\n\n\n<h3 class=\"wp-block-heading has-text-align-center\">Hamiota<\/h3>\n\n\n\n<p class=\"has-text-align-center\">Armi Adair<br><a href=\"mailto:hedc@hamiota.com\">hedc@hamiota.com<\/a><br>204-764-3050 ext. 107<\/p>\n<\/div>\n\n\n\n<div class=\"wp-block-column is-layout-flow wp-block-column-is-layout-flow\"><div class=\"wp-block-image\">\n<figure class=\"aligncenter size-full is-resized\"><img loading=\"lazy\" decoding=\"async\" width=\"200\" height=\"200\" src=\"https:\/\/efficiencymb.ca\/wp-content\/uploads\/St-Pierre-Jolys.jpg\" alt=\"\" class=\"wp-image-59894\" style=\"width:200px\"\/><\/figure>\n<\/div>\n\n\n<h3 class=\"wp-block-heading has-text-align-center\">Saint Pierre-Jolys<\/h3>\n\n\n\n<p class=\"has-text-align-center\">Eco-Ouest<br><a href=\"mailto:info@eco-ouest.com\">info@eco-ouest.com<\/a><\/p>\n<\/div>\n<\/div>\n<\/div><\/div>\n\n\n\n<div class=\"wp-block-group is-style-content-wide\"><div class=\"wp-block-group__inner-container is-layout-constrained wp-block-group-is-layout-constrained\">\n<p class=\"has-text-align-center has-medium-font-size\">Nous n\u2019acceptons pas de nouvelles demandes \u00e0 l\u2019heure actuelle. Si vous voulez pr\u00e9senter une demande de financement \u00e0 venir dans le cadre de notre Programme d\u2019efficacit\u00e9 \u00e9nerg\u00e9tique communautaire, veuillez nous envoyer un courriel \u00e0 <a href=\"mailto:energyteam@efficiencyMB.ca\">energyteam@efficiencyMB.ca<\/a>.<\/p>\n<\/div><\/div>\n\n\n\n<div style=\"height:50px\" aria-hidden=\"true\" class=\"wp-block-spacer\"><\/div>\n\n\n\n<div class=\"wp-block-group is-style-content-wide\"><div class=\"wp-block-group__inner-container is-layout-constrained wp-block-group-is-layout-constrained\">\n<p class=\"has-text-align-center has-medium-font-size\">Nous n\u2019acceptons pas de nouvelles demandes \u00e0 l\u2019heure actuelle. Si vous voulez pr\u00e9senter une demande de financement \u00e0 venir dans le cadre de notre Programme d\u2019efficacit\u00e9 \u00e9nerg\u00e9tique communautaire, veuillez nous envoyer un courriel \u00e0 <a href=\"mailto:energyteam@efficiencyMB.ca\">energyteam@efficiencyMB.ca<\/a>.<\/p>\n\n\n\n<p class=\"has-text-align-center has-medium-font-size\"><a href=\"efficiencymb.ca\/fr\/newsletter\/\">Inscrivez-vous \u00e0 notre infolettre<\/a> pour recevoir les derni\u00e8res nouvelles sur nos remises et nos incitatifs.<\/p>\n<\/div><\/div>\n\n\n\n<div style=\"height:15px\" aria-hidden=\"true\" class=\"wp-block-spacer\"><\/div>\n\n\n\n<div class=\"wp-block-group is-style-content\"><div class=\"wp-block-group__inner-container is-layout-flow wp-block-group-is-layout-flow\">\n<h2 class=\"wp-block-heading has-text-align-center is-style-hero-heading\" id=\"votre-collectivite-est-elle-admissible\"><strong>VOTRE COLLECTIVIT\u00c9 EST-ELLE ADMISSIBLE?<\/strong><\/h2>\n\n\n\n<ul class=\"is-style-large wp-block-list\">\n<li>Votre collectivit\u00e9 est une municipalit\u00e9 reconnue en vertu de la Loi sur les municipalit\u00e9s.<\/li>\n\n\n\n<li>Votre collectivit\u00e9 a d\u00e9montr\u00e9 son engagement envers des initiatives d\u2019efficacit\u00e9 \u00e9nerg\u00e9tique ou de durabilit\u00e9.<\/li>\n<\/ul>\n<\/div><\/div>\n\n\n\n<hr class=\"wp-block-separator has-text-color has-css-opacity has-background\" style=\"background-color:#0071a1;color:#0071a1\"\/>\n\n\n\n<p class=\"has-text-align-center\">Consultez le&nbsp;<a href=\"https:\/\/efficiencymb.ca\/wp-content\/uploads\/CEEP_ProgramGuide_FNL_R4.pdf\" target=\"_blank\" rel=\"noreferrer noopener\">Guide du programme<\/a>&nbsp;(en anglais) pour en savoir plus.<\/p>\n\n\n\n<figure class=\"wp-block-image size-full\"><img loading=\"lazy\" decoding=\"async\" width=\"2000\" height=\"400\" src=\"https:\/\/efficiencymb.ca\/wp-content\/uploads\/bg-bottom-only-blue-green@2x.png\" alt=\"\" class=\"wp-image-612\" srcset=\"https:\/\/efficiencymb.ca\/wp-content\/uploads\/bg-bottom-only-blue-green@2x.png 2000w, https:\/\/efficiencymb.ca\/wp-content\/uploads\/bg-bottom-only-blue-green@2x-479x96.png 479w, https:\/\/efficiencymb.ca\/wp-content\/uploads\/bg-bottom-only-blue-green@2x-1024x205.png 1024w, https:\/\/efficiencymb.ca\/wp-content\/uploads\/bg-bottom-only-blue-green@2x-768x154.png 768w, https:\/\/efficiencymb.ca\/wp-content\/uploads\/bg-bottom-only-blue-green@2x-1536x307.png 1536w\" sizes=\"auto, (max-width: 2000px) 100vw, 2000px\" \/><\/figure>\n","protected":false},"excerpt":{"rendered":"<p>Nous offrons aux municipalit\u00e9s la possibilit\u00e9, le soutien et les ressources n\u00e9cessaires pour embaucher un d\u00e9fenseur de l\u2019efficacit\u00e9 \u00e9nerg\u00e9tique qui cr\u00e9era et mettra en \u0153uvre des plans communautaires d\u2019efficacit\u00e9 \u00e9nerg\u00e9tique avec l\u2019aide de nos experts en \u00e9nergie. Ces plans aident les collectivit\u00e9s \u00e0 r\u00e9duire leur consommation \u00e9nerg\u00e9tique globale par la participation aux programmes d\u2019am\u00e9lioration decontinue-reading<\/p>\n","protected":false},"author":10,"featured_media":2251,"parent":13105,"menu_order":0,"comment_status":"closed","ping_status":"closed","template":"","meta":{"_acf_changed":false,"footnotes":""},"class_list":["post-13114","page","type-page","status-publish","has-post-thumbnail","hentry","page_cat-programs"],"acf":[],"yoast_head":"<!-- This site is optimized with the Yoast SEO plugin v27.3 - https:\/\/yoast.com\/product\/yoast-seo-wordpress\/ -->\n<title>Programme communautaire d\u2019efficacit\u00e9 \u00e9nerg\u00e9tique &#8212; Efficiency Manitoba<\/title>\n<meta name=\"robots\" content=\"index, follow, max-snippet:-1, max-image-preview:large, max-video-preview:-1\" \/>\n<link rel=\"canonical\" href=\"https:\/\/efficiencymb.ca\/fr\/communaute\/community-efficiency\/\" \/>\n<meta property=\"og:locale\" content=\"fr_FR\" \/>\n<meta property=\"og:type\" content=\"article\" \/>\n<meta property=\"og:title\" content=\"Programme communautaire d\u2019efficacit\u00e9 \u00e9nerg\u00e9tique &#8212; Efficiency Manitoba\" \/>\n<meta property=\"og:description\" content=\"Nous offrons aux municipalit\u00e9s la possibilit\u00e9, le soutien et les ressources n\u00e9cessaires pour embaucher un d\u00e9fenseur de l\u2019efficacit\u00e9 \u00e9nerg\u00e9tique qui cr\u00e9era et mettra en \u0153uvre des plans communautaires d\u2019efficacit\u00e9 \u00e9nerg\u00e9tique avec l\u2019aide de nos experts en \u00e9nergie. Ces plans aident les collectivit\u00e9s \u00e0 r\u00e9duire leur consommation \u00e9nerg\u00e9tique globale par la participation aux programmes d\u2019am\u00e9lioration decontinue-reading\" \/>\n<meta property=\"og:url\" content=\"https:\/\/efficiencymb.ca\/fr\/communaute\/community-efficiency\/\" \/>\n<meta property=\"og:site_name\" content=\"Efficiency Manitoba\" \/>\n<meta property=\"article:modified_time\" content=\"2024-01-19T14:38:32+00:00\" \/>\n<meta property=\"og:image\" content=\"https:\/\/efficiencymb.ca\/wp-content\/uploads\/community-efficiency-banner.jpg\" \/>\n\t<meta property=\"og:image:width\" content=\"2400\" \/>\n\t<meta property=\"og:image:height\" content=\"1350\" \/>\n\t<meta property=\"og:image:type\" content=\"image\/jpeg\" \/>\n<meta name=\"twitter:card\" content=\"summary_large_image\" \/>\n<meta name=\"twitter:label1\" content=\"Dur\u00e9e de lecture estim\u00e9e\" \/>\n\t<meta name=\"twitter:data1\" content=\"3 minutes\" \/>\n<script type=\"application\/ld+json\" class=\"yoast-schema-graph\">{\"@context\":\"https:\\\/\\\/schema.org\",\"@graph\":[{\"@type\":\"WebPage\",\"@id\":\"https:\\\/\\\/efficiencymb.ca\\\/fr\\\/communaute\\\/community-efficiency\\\/\",\"url\":\"https:\\\/\\\/efficiencymb.ca\\\/fr\\\/communaute\\\/community-efficiency\\\/\",\"name\":\"Programme communautaire d\u2019efficacit\u00e9 \u00e9nerg\u00e9tique &#8212; Efficiency Manitoba\",\"isPartOf\":{\"@id\":\"https:\\\/\\\/efficiencymb.ca\\\/#website\"},\"primaryImageOfPage\":{\"@id\":\"https:\\\/\\\/efficiencymb.ca\\\/fr\\\/communaute\\\/community-efficiency\\\/#primaryimage\"},\"image\":{\"@id\":\"https:\\\/\\\/efficiencymb.ca\\\/fr\\\/communaute\\\/community-efficiency\\\/#primaryimage\"},\"thumbnailUrl\":\"https:\\\/\\\/efficiencymb.ca\\\/wp-content\\\/uploads\\\/community-efficiency-banner.jpg\",\"datePublished\":\"2020-04-28T20:30:04+00:00\",\"dateModified\":\"2024-01-19T14:38:32+00:00\",\"breadcrumb\":{\"@id\":\"https:\\\/\\\/efficiencymb.ca\\\/fr\\\/communaute\\\/community-efficiency\\\/#breadcrumb\"},\"inLanguage\":\"fr-FR\",\"potentialAction\":[{\"@type\":\"ReadAction\",\"target\":[\"https:\\\/\\\/efficiencymb.ca\\\/fr\\\/communaute\\\/community-efficiency\\\/\"]}]},{\"@type\":\"ImageObject\",\"inLanguage\":\"fr-FR\",\"@id\":\"https:\\\/\\\/efficiencymb.ca\\\/fr\\\/communaute\\\/community-efficiency\\\/#primaryimage\",\"url\":\"https:\\\/\\\/efficiencymb.ca\\\/wp-content\\\/uploads\\\/community-efficiency-banner.jpg\",\"contentUrl\":\"https:\\\/\\\/efficiencymb.ca\\\/wp-content\\\/uploads\\\/community-efficiency-banner.jpg\",\"width\":2400,\"height\":1350,\"caption\":\"Mains avec signes de $ et d'ampoule \u00e9lectrique\"},{\"@type\":\"BreadcrumbList\",\"@id\":\"https:\\\/\\\/efficiencymb.ca\\\/fr\\\/communaute\\\/community-efficiency\\\/#breadcrumb\",\"itemListElement\":[{\"@type\":\"ListItem\",\"position\":1,\"name\":\"Home\",\"item\":\"https:\\\/\\\/efficiencymb.ca\\\/fr\\\/\"},{\"@type\":\"ListItem\",\"position\":2,\"name\":\"Ma Communaut\u00e9\",\"item\":\"https:\\\/\\\/efficiencymb.ca\\\/fr\\\/communaute\\\/\"},{\"@type\":\"ListItem\",\"position\":3,\"name\":\"Programme communautaire d\u2019efficacit\u00e9 \u00e9nerg\u00e9tique\"}]},{\"@type\":\"WebSite\",\"@id\":\"https:\\\/\\\/efficiencymb.ca\\\/#website\",\"url\":\"https:\\\/\\\/efficiencymb.ca\\\/\",\"name\":\"Efficiency Manitoba\",\"description\":\"\",\"publisher\":{\"@id\":\"https:\\\/\\\/efficiencymb.ca\\\/#organization\"},\"potentialAction\":[{\"@type\":\"SearchAction\",\"target\":{\"@type\":\"EntryPoint\",\"urlTemplate\":\"https:\\\/\\\/efficiencymb.ca\\\/?s={search_term_string}\"},\"query-input\":{\"@type\":\"PropertyValueSpecification\",\"valueRequired\":true,\"valueName\":\"search_term_string\"}}],\"inLanguage\":\"fr-FR\"},{\"@type\":\"Organization\",\"@id\":\"https:\\\/\\\/efficiencymb.ca\\\/#organization\",\"name\":\"Efficiency Manitoba\",\"url\":\"https:\\\/\\\/efficiencymb.ca\\\/\",\"logo\":{\"@type\":\"ImageObject\",\"inLanguage\":\"fr-FR\",\"@id\":\"https:\\\/\\\/efficiencymb.ca\\\/#\\\/schema\\\/logo\\\/image\\\/\",\"url\":\"https:\\\/\\\/efficiencymb.ca\\\/wp-content\\\/uploads\\\/em-logo-white-en.png\",\"contentUrl\":\"https:\\\/\\\/efficiencymb.ca\\\/wp-content\\\/uploads\\\/em-logo-white-en.png\",\"width\":388,\"height\":91,\"caption\":\"Efficiency Manitoba\"},\"image\":{\"@id\":\"https:\\\/\\\/efficiencymb.ca\\\/#\\\/schema\\\/logo\\\/image\\\/\"}}]}<\/script>\n<!-- \/ Yoast SEO plugin. -->","yoast_head_json":{"title":"Programme communautaire d\u2019efficacit\u00e9 \u00e9nerg\u00e9tique &#8212; Efficiency Manitoba","robots":{"index":"index","follow":"follow","max-snippet":"max-snippet:-1","max-image-preview":"max-image-preview:large","max-video-preview":"max-video-preview:-1"},"canonical":"https:\/\/efficiencymb.ca\/fr\/communaute\/community-efficiency\/","og_locale":"fr_FR","og_type":"article","og_title":"Programme communautaire d\u2019efficacit\u00e9 \u00e9nerg\u00e9tique &#8212; Efficiency Manitoba","og_description":"Nous offrons aux municipalit\u00e9s la possibilit\u00e9, le soutien et les ressources n\u00e9cessaires pour embaucher un d\u00e9fenseur de l\u2019efficacit\u00e9 \u00e9nerg\u00e9tique qui cr\u00e9era et mettra en \u0153uvre des plans communautaires d\u2019efficacit\u00e9 \u00e9nerg\u00e9tique avec l\u2019aide de nos experts en \u00e9nergie. Ces plans aident les collectivit\u00e9s \u00e0 r\u00e9duire leur consommation \u00e9nerg\u00e9tique globale par la participation aux programmes d\u2019am\u00e9lioration decontinue-reading","og_url":"https:\/\/efficiencymb.ca\/fr\/communaute\/community-efficiency\/","og_site_name":"Efficiency Manitoba","article_modified_time":"2024-01-19T14:38:32+00:00","og_image":[{"width":2400,"height":1350,"url":"https:\/\/efficiencymb.ca\/wp-content\/uploads\/community-efficiency-banner.jpg","type":"image\/jpeg"}],"twitter_card":"summary_large_image","twitter_misc":{"Dur\u00e9e de lecture estim\u00e9e":"3 minutes"},"schema":{"@context":"https:\/\/schema.org","@graph":[{"@type":"WebPage","@id":"https:\/\/efficiencymb.ca\/fr\/communaute\/community-efficiency\/","url":"https:\/\/efficiencymb.ca\/fr\/communaute\/community-efficiency\/","name":"Programme communautaire d\u2019efficacit\u00e9 \u00e9nerg\u00e9tique &#8212; Efficiency Manitoba","isPartOf":{"@id":"https:\/\/efficiencymb.ca\/#website"},"primaryImageOfPage":{"@id":"https:\/\/efficiencymb.ca\/fr\/communaute\/community-efficiency\/#primaryimage"},"image":{"@id":"https:\/\/efficiencymb.ca\/fr\/communaute\/community-efficiency\/#primaryimage"},"thumbnailUrl":"https:\/\/efficiencymb.ca\/wp-content\/uploads\/community-efficiency-banner.jpg","datePublished":"2020-04-28T20:30:04+00:00","dateModified":"2024-01-19T14:38:32+00:00","breadcrumb":{"@id":"https:\/\/efficiencymb.ca\/fr\/communaute\/community-efficiency\/#breadcrumb"},"inLanguage":"fr-FR","potentialAction":[{"@type":"ReadAction","target":["https:\/\/efficiencymb.ca\/fr\/communaute\/community-efficiency\/"]}]},{"@type":"ImageObject","inLanguage":"fr-FR","@id":"https:\/\/efficiencymb.ca\/fr\/communaute\/community-efficiency\/#primaryimage","url":"https:\/\/efficiencymb.ca\/wp-content\/uploads\/community-efficiency-banner.jpg","contentUrl":"https:\/\/efficiencymb.ca\/wp-content\/uploads\/community-efficiency-banner.jpg","width":2400,"height":1350,"caption":"Mains avec signes de $ et d'ampoule \u00e9lectrique"},{"@type":"BreadcrumbList","@id":"https:\/\/efficiencymb.ca\/fr\/communaute\/community-efficiency\/#breadcrumb","itemListElement":[{"@type":"ListItem","position":1,"name":"Home","item":"https:\/\/efficiencymb.ca\/fr\/"},{"@type":"ListItem","position":2,"name":"Ma Communaut\u00e9","item":"https:\/\/efficiencymb.ca\/fr\/communaute\/"},{"@type":"ListItem","position":3,"name":"Programme communautaire d\u2019efficacit\u00e9 \u00e9nerg\u00e9tique"}]},{"@type":"WebSite","@id":"https:\/\/efficiencymb.ca\/#website","url":"https:\/\/efficiencymb.ca\/","name":"Efficiency Manitoba","description":"","publisher":{"@id":"https:\/\/efficiencymb.ca\/#organization"},"potentialAction":[{"@type":"SearchAction","target":{"@type":"EntryPoint","urlTemplate":"https:\/\/efficiencymb.ca\/?s={search_term_string}"},"query-input":{"@type":"PropertyValueSpecification","valueRequired":true,"valueName":"search_term_string"}}],"inLanguage":"fr-FR"},{"@type":"Organization","@id":"https:\/\/efficiencymb.ca\/#organization","name":"Efficiency Manitoba","url":"https:\/\/efficiencymb.ca\/","logo":{"@type":"ImageObject","inLanguage":"fr-FR","@id":"https:\/\/efficiencymb.ca\/#\/schema\/logo\/image\/","url":"https:\/\/efficiencymb.ca\/wp-content\/uploads\/em-logo-white-en.png","contentUrl":"https:\/\/efficiencymb.ca\/wp-content\/uploads\/em-logo-white-en.png","width":388,"height":91,"caption":"Efficiency Manitoba"},"image":{"@id":"https:\/\/efficiencymb.ca\/#\/schema\/logo\/image\/"}}]}},"_links":{"self":[{"href":"https:\/\/efficiencymb.ca\/fr\/wp-json\/wp\/v2\/pages\/13114","targetHints":{"allow":["GET"]}}],"collection":[{"href":"https:\/\/efficiencymb.ca\/fr\/wp-json\/wp\/v2\/pages"}],"about":[{"href":"https:\/\/efficiencymb.ca\/fr\/wp-json\/wp\/v2\/types\/page"}],"author":[{"embeddable":true,"href":"https:\/\/efficiencymb.ca\/fr\/wp-json\/wp\/v2\/users\/10"}],"replies":[{"embeddable":true,"href":"https:\/\/efficiencymb.ca\/fr\/wp-json\/wp\/v2\/comments?post=13114"}],"version-history":[{"count":28,"href":"https:\/\/efficiencymb.ca\/fr\/wp-json\/wp\/v2\/pages\/13114\/revisions"}],"predecessor-version":[{"id":60295,"href":"https:\/\/efficiencymb.ca\/fr\/wp-json\/wp\/v2\/pages\/13114\/revisions\/60295"}],"up":[{"embeddable":true,"href":"https:\/\/efficiencymb.ca\/fr\/wp-json\/wp\/v2\/pages\/13105"}],"wp:featuredmedia":[{"embeddable":true,"href":"https:\/\/efficiencymb.ca\/fr\/wp-json\/wp\/v2\/media\/2251"}],"wp:attachment":[{"href":"https:\/\/efficiencymb.ca\/fr\/wp-json\/wp\/v2\/media?parent=13114"}],"curies":[{"name":"wp","href":"https:\/\/api.w.org\/{rel}","templated":true}]}}