{"id":13105,"date":"2020-03-04T21:29:56","date_gmt":"2020-03-05T03:29:56","guid":{"rendered":"https:\/\/efficiencymb.ca\/community\/"},"modified":"2026-03-30T15:41:13","modified_gmt":"2026-03-30T20:41:13","slug":"communaute","status":"publish","type":"page","link":"https:\/\/efficiencymb.ca\/fr\/communaute\/","title":{"rendered":"Ma Communaut\u00e9"},"content":{"rendered":"\n<div class=\"wp-block-group is-style-content-wide\"><div class=\"wp-block-group__inner-container is-layout-constrained wp-block-group-is-layout-constrained\">\n<p class=\"has-text-align-center has-medium-font-size\">Les communaut\u00e9s sont le c\u0153ur battant du Manitoba, et nous sommes l\u00e0 pour aider la v\u00f4tre \u00e0 \u00e9conomiser de l\u2019\u00e9nergie et de l\u2019argent et \u00e0 prot\u00e9ger l\u2019environnement. L\u2019une des meilleures fa\u00e7ons de s\u2019assurer que les Manitobaines et les Manitobains savent que nous sommes l\u00e0 pour les aider est de les rencontrer l\u00e0 o\u00f9 ils se trouvent, c\u2019est-\u00e0-dire au sein m\u00eame de leur communaut\u00e9. Gr\u00e2ce \u00e0 notre approche communautaire, tout le monde sortira gagnant. D\u00e9couvrez nos programmes et voyez comment vous pouvez \u00e9conomiser avec nous.<\/p>\n<\/div><\/div>\n\n\n\r\n\t<div class=\"category-block wp-block-columns wp-block-columns-3 container\">\r\n\t\t\t\t\t<div class=\"wp-block-column\">\r\n\t\t\t<div>\r\n\t\t\t\t<h2 class=\"has-text-align-left\"><a href=\"https:\/\/efficiencymb.ca\/fr\/communaute\/defficacite-energetique-communautaire\/\">Programme d\u2019Efficacit\u00e9 \u00c9nerg\u00e9tique Communautaire<\/a><\/h2>\r\n\t\t\t\t<p>Nous offrons aux communaut\u00e9s la possibilit\u00e9 de profiter du soutien d\u2019un d\u00e9fenseur de l\u2019efficacit\u00e9 \u00e9nerg\u00e9tique pour devenir plus \u00e9co\u00e9nerg\u00e9tiques en&#8230;<\/p>\r\n\t\t\t<\/div>\r\n\t\t\t                <figure class=\"\">\r\n                    <img decoding=\"async\" class=\"acf-figure-image\" \r\n            src=\"https:\/\/efficiencymb.ca\/wp-content\/uploads\/old-prairie-grain-elevators-community-energy-efficiency-banner-2400x1350-1.jpg\"\r\n            srcset=\"https:\/\/efficiencymb.ca\/wp-content\/uploads\/old-prairie-grain-elevators-community-energy-efficiency-banner-2400x1350-1.jpg 2400w, https:\/\/efficiencymb.ca\/wp-content\/uploads\/old-prairie-grain-elevators-community-energy-efficiency-banner-2400x1350-1-479x269.jpg 479w, https:\/\/efficiencymb.ca\/wp-content\/uploads\/old-prairie-grain-elevators-community-energy-efficiency-banner-2400x1350-1-1024x576.jpg 1024w, https:\/\/efficiencymb.ca\/wp-content\/uploads\/old-prairie-grain-elevators-community-energy-efficiency-banner-2400x1350-1-768x432.jpg 768w, https:\/\/efficiencymb.ca\/wp-content\/uploads\/old-prairie-grain-elevators-community-energy-efficiency-banner-2400x1350-1-1536x864.jpg 1536w, https:\/\/efficiencymb.ca\/wp-content\/uploads\/old-prairie-grain-elevators-community-energy-efficiency-banner-2400x1350-1-2048x1152.jpg 2048w, https:\/\/efficiencymb.ca\/wp-content\/uploads\/old-prairie-grain-elevators-community-energy-efficiency-banner-2400x1350-1-1920x1080.jpg 1920w\"\r\n            sizes=\"(max-width: 2400px) 100vw, 2400px\" \r\n            alt=\"\"\r\n        \/>\r\n                        <\/figure>\r\n            \t\t<\/div>\r\n\t\t\t\t\t<div class=\"wp-block-column\">\r\n\t\t\t<div>\r\n\t\t\t\t<h2 class=\"has-text-align-left\"><a href=\"https:\/\/efficiencymb.ca\/fr\/communaute\/programme-de-thermopompes-pour-les-communautes\/\">Programme de thermopompes pour les communaut\u00e9s<\/a><\/h2>\r\n\t\t\t\t<p>L\u2019utilisation de syst\u00e8mes de chauffage efficients, comme les thermopompes, peut r\u00e9duire la consommation d\u2019\u00e9nergie de votre communaut\u00e9 et permettre \u00e0&#8230;<\/p>\r\n\t\t\t<\/div>\r\n\t\t\t                <figure class=\"\">\r\n                    <img decoding=\"async\" class=\"acf-figure-image\" \r\n            src=\"https:\/\/efficiencymb.ca\/wp-content\/uploads\/landscape-at-sunset-pinetrees-community-ground-source-heat-pump-GettyImages-1953455342-scaled-e1745252918614.jpg\"\r\n            srcset=\"https:\/\/efficiencymb.ca\/wp-content\/uploads\/landscape-at-sunset-pinetrees-community-ground-source-heat-pump-GettyImages-1953455342-scaled-e1745252918614.jpg 2400w, https:\/\/efficiencymb.ca\/wp-content\/uploads\/landscape-at-sunset-pinetrees-community-ground-source-heat-pump-GettyImages-1953455342-scaled-e1745252918614-479x269.jpg 479w, https:\/\/efficiencymb.ca\/wp-content\/uploads\/landscape-at-sunset-pinetrees-community-ground-source-heat-pump-GettyImages-1953455342-scaled-e1745252918614-1024x576.jpg 1024w, https:\/\/efficiencymb.ca\/wp-content\/uploads\/landscape-at-sunset-pinetrees-community-ground-source-heat-pump-GettyImages-1953455342-scaled-e1745252918614-768x432.jpg 768w, https:\/\/efficiencymb.ca\/wp-content\/uploads\/landscape-at-sunset-pinetrees-community-ground-source-heat-pump-GettyImages-1953455342-scaled-e1745252918614-1536x864.jpg 1536w, https:\/\/efficiencymb.ca\/wp-content\/uploads\/landscape-at-sunset-pinetrees-community-ground-source-heat-pump-GettyImages-1953455342-scaled-e1745252918614-2048x1152.jpg 2048w, https:\/\/efficiencymb.ca\/wp-content\/uploads\/landscape-at-sunset-pinetrees-community-ground-source-heat-pump-GettyImages-1953455342-scaled-e1745252918614-1920x1080.jpg 1920w\"\r\n            sizes=\"(max-width: 2400px) 100vw, 2400px\" \r\n            alt=\"\"\r\n        \/>\r\n                        <\/figure>\r\n            \t\t<\/div>\r\n\t\t\t\t\t<div class=\"wp-block-column\">\r\n\t\t\t<div>\r\n\t\t\t\t<h2 class=\"has-text-align-left\"><a href=\"https:\/\/efficiencymb.ca\/fr\/ma-maison\/indigenous-offers\/\">Offres pour les Autochtones<\/a><\/h2>\r\n\t\t\t\t<p>Nos offres aux Autochtones aident les communaut\u00e9s des Premi\u00e8res Nations et les citoyens m\u00e9tis de la rivi\u00e8re Rouge \u00e0 r\u00e9duire&#8230;<\/p>\r\n\t\t\t<\/div>\r\n\t\t\t                <figure class=\"\">\r\n                    <img decoding=\"async\" class=\"acf-figure-image\" \r\n            src=\"https:\/\/efficiencymb.ca\/wp-content\/uploads\/fn-insulation-and-direct-install-banner.jpg\"\r\n            srcset=\"https:\/\/efficiencymb.ca\/wp-content\/uploads\/fn-insulation-and-direct-install-banner.jpg 2400w, https:\/\/efficiencymb.ca\/wp-content\/uploads\/fn-insulation-and-direct-install-banner-479x269.jpg 479w, https:\/\/efficiencymb.ca\/wp-content\/uploads\/fn-insulation-and-direct-install-banner-1024x576.jpg 1024w, https:\/\/efficiencymb.ca\/wp-content\/uploads\/fn-insulation-and-direct-install-banner-768x432.jpg 768w, https:\/\/efficiencymb.ca\/wp-content\/uploads\/fn-insulation-and-direct-install-banner-1536x864.jpg 1536w, https:\/\/efficiencymb.ca\/wp-content\/uploads\/fn-insulation-and-direct-install-banner-2048x1152.jpg 2048w, https:\/\/efficiencymb.ca\/wp-content\/uploads\/fn-insulation-and-direct-install-banner-1920x1080.jpg 1920w\"\r\n            sizes=\"(max-width: 2400px) 100vw, 2400px\" \r\n            alt=\"M\u00e8re qui lit \u00e0 son enfant sous des couvertures\"\r\n        \/>\r\n                        <\/figure>\r\n            \t\t<\/div>\r\n\t\t\t\t\t<div class=\"wp-block-column\">\r\n\t\t\t<div>\r\n\t\t\t\t<h2 class=\"has-text-align-left\"><a href=\"http:\/\/efficiencymb.ca\/recguide\/\">Installations R\u00e9cr\u00e9atives Municipales (en anglais)<\/a><\/h2>\r\n\t\t\t\t<p><\/p>\r\n\t\t\t<\/div>\r\n\t\t\t                <figure class=\"\">\r\n                    <img decoding=\"async\" class=\"acf-figure-image\" \r\n            src=\"https:\/\/efficiencymb.ca\/wp-content\/uploads\/Municipal-rec-guide-cover-e1622122088996.jpg\"\r\n            srcset=\"https:\/\/efficiencymb.ca\/wp-content\/uploads\/Municipal-rec-guide-cover-e1622122088996.jpg 2216w, https:\/\/efficiencymb.ca\/wp-content\/uploads\/Municipal-rec-guide-cover-e1622122088996-479x269.jpg 479w, https:\/\/efficiencymb.ca\/wp-content\/uploads\/Municipal-rec-guide-cover-e1622122088996-1024x576.jpg 1024w, https:\/\/efficiencymb.ca\/wp-content\/uploads\/Municipal-rec-guide-cover-e1622122088996-768x432.jpg 768w, https:\/\/efficiencymb.ca\/wp-content\/uploads\/Municipal-rec-guide-cover-e1622122088996-1536x864.jpg 1536w, https:\/\/efficiencymb.ca\/wp-content\/uploads\/Municipal-rec-guide-cover-e1622122088996-2048x1152.jpg 2048w, https:\/\/efficiencymb.ca\/wp-content\/uploads\/Municipal-rec-guide-cover-e1622122088996-1920x1080.jpg 1920w\"\r\n            sizes=\"(max-width: 2216px) 100vw, 2216px\" \r\n            alt=\"\"\r\n        \/>\r\n                        <\/figure>\r\n            \t\t<\/div>\r\n\t\t\t\t\t<div class=\"wp-block-column\">\r\n\t\t\t<div>\r\n\t\t\t\t<h2 class=\"has-text-align-left\"><a href=\"http:\/\/efficiencymb.ca\/municipalbrochure\/\">Immeubles Municipaux<\/a><\/h2>\r\n\t\t\t\t<p><\/p>\r\n\t\t\t<\/div>\r\n\t\t\t                <figure class=\"\">\r\n                    <img decoding=\"async\" class=\"acf-figure-image\" \r\n            src=\"https:\/\/efficiencymb.ca\/wp-content\/uploads\/Municipal-Buildings-scaled-e1622122130849.jpeg\"\r\n            srcset=\"https:\/\/efficiencymb.ca\/wp-content\/uploads\/Municipal-Buildings-scaled-e1622122130849.jpeg 2560w, https:\/\/efficiencymb.ca\/wp-content\/uploads\/Municipal-Buildings-scaled-e1622122130849-479x269.jpeg 479w, https:\/\/efficiencymb.ca\/wp-content\/uploads\/Municipal-Buildings-scaled-e1622122130849-1024x576.jpeg 1024w, https:\/\/efficiencymb.ca\/wp-content\/uploads\/Municipal-Buildings-scaled-e1622122130849-768x432.jpeg 768w, https:\/\/efficiencymb.ca\/wp-content\/uploads\/Municipal-Buildings-scaled-e1622122130849-1536x864.jpeg 1536w, https:\/\/efficiencymb.ca\/wp-content\/uploads\/Municipal-Buildings-scaled-e1622122130849-2048x1152.jpeg 2048w, https:\/\/efficiencymb.ca\/wp-content\/uploads\/Municipal-Buildings-scaled-e1622122130849-1920x1080.jpeg 1920w\"\r\n            sizes=\"(max-width: 2560px) 100vw, 2560px\" \r\n            alt=\"Ext\u00e9rieur du b\u00e2timent \u00abMunicipal Building\u00bb\"\r\n        \/>\r\n                        <\/figure>\r\n            \t\t<\/div>\r\n\t\t\t\t\t<div class=\"wp-block-column\">\r\n\t\t\t<div>\r\n\t\t\t\t<h2 class=\"has-text-align-left\"><a href=\"https:\/\/efficiencymb.ca\/fr\/programme-de-sensibilisation-a-lefficacite-energetique\/\">Programme d\u2019\u00e9ducation sur l\u2019efficacit\u00e9 \u00e9nerg\u00e9tique<\/a><\/h2>\r\n\t\t\t\t<p>Free Energy Efficiency Upgrades For Income Qualifying Households. Now you can lower your monthly energy bill and make your home&#8230;<\/p>\r\n\t\t\t<\/div>\r\n\t\t\t                <figure class=\"\">\r\n                    <img decoding=\"async\" class=\"acf-figure-image\" \r\n            src=\"https:\/\/efficiencymb.ca\/wp-content\/uploads\/young-girl-in-classroom-education-program-GettyImages-658984299.jpg\"\r\n            srcset=\"https:\/\/efficiencymb.ca\/wp-content\/uploads\/young-girl-in-classroom-education-program-GettyImages-658984299.jpg 2400w, https:\/\/efficiencymb.ca\/wp-content\/uploads\/young-girl-in-classroom-education-program-GettyImages-658984299-479x269.jpg 479w, https:\/\/efficiencymb.ca\/wp-content\/uploads\/young-girl-in-classroom-education-program-GettyImages-658984299-1024x576.jpg 1024w, https:\/\/efficiencymb.ca\/wp-content\/uploads\/young-girl-in-classroom-education-program-GettyImages-658984299-768x432.jpg 768w, https:\/\/efficiencymb.ca\/wp-content\/uploads\/young-girl-in-classroom-education-program-GettyImages-658984299-1536x864.jpg 1536w, https:\/\/efficiencymb.ca\/wp-content\/uploads\/young-girl-in-classroom-education-program-GettyImages-658984299-2048x1152.jpg 2048w, https:\/\/efficiencymb.ca\/wp-content\/uploads\/young-girl-in-classroom-education-program-GettyImages-658984299-1920x1080.jpg 1920w\"\r\n            sizes=\"(max-width: 2400px) 100vw, 2400px\" \r\n            alt=\"\u00c9tudiante souriant \u00e0 la cam\u00e9ra\"\r\n        \/>\r\n                        <\/figure>\r\n            \t\t<\/div>\r\n\t\t\t\t\t<div class=\"wp-block-column\">\r\n\t\t\t<div>\r\n\t\t\t\t<h2 class=\"has-text-align-left\"><a href=\"https:\/\/efficiencymb.ca\/fr\/commandite-investissement-communautaire\/\">COMMANDITE ET INVESTISSEMENT COMMUNAUTAIRE<\/a><\/h2>\r\n\t\t\t\t<p>Nous sommes fiers de soutenir des \u00e9v\u00e9nements et des initiatives communautaires qui cadrent avec notre mandat de vous aider \u00e0&#8230;<\/p>\r\n\t\t\t<\/div>\r\n\t\t\t                <figure class=\"\">\r\n                    <img decoding=\"async\" class=\"acf-figure-image\" \r\n            src=\"https:\/\/efficiencymb.ca\/wp-content\/uploads\/sponsorship-and-community-investment-web-banner-2400x1350-1.jpg\"\r\n            srcset=\"https:\/\/efficiencymb.ca\/wp-content\/uploads\/sponsorship-and-community-investment-web-banner-2400x1350-1.jpg 2400w, https:\/\/efficiencymb.ca\/wp-content\/uploads\/sponsorship-and-community-investment-web-banner-2400x1350-1-479x269.jpg 479w, https:\/\/efficiencymb.ca\/wp-content\/uploads\/sponsorship-and-community-investment-web-banner-2400x1350-1-1024x576.jpg 1024w, https:\/\/efficiencymb.ca\/wp-content\/uploads\/sponsorship-and-community-investment-web-banner-2400x1350-1-768x432.jpg 768w, https:\/\/efficiencymb.ca\/wp-content\/uploads\/sponsorship-and-community-investment-web-banner-2400x1350-1-1536x864.jpg 1536w, https:\/\/efficiencymb.ca\/wp-content\/uploads\/sponsorship-and-community-investment-web-banner-2400x1350-1-2048x1152.jpg 2048w, https:\/\/efficiencymb.ca\/wp-content\/uploads\/sponsorship-and-community-investment-web-banner-2400x1350-1-1920x1080.jpg 1920w\"\r\n            sizes=\"(max-width: 2400px) 100vw, 2400px\" \r\n            alt=\"\"\r\n        \/>\r\n                        <\/figure>\r\n            \t\t<\/div>\r\n\t\t\t\t\t<div class=\"wp-block-column\">\r\n\t\t\t<div>\r\n\t\t\t\t<h2 class=\"has-text-align-left\"><a href=\"https:\/\/efficiencymb.ca\/fr\/reseau-de-fournisseurs\/\">Je suis un Fournisseur<\/a><\/h2>\r\n\t\t\t\t<p>Efficacit\u00e9 Manitoba soutient l\u2019\u00e9conomie du Manitoba. Les programmes et les offres d\u2019efficacit\u00e9 \u00e9nerg\u00e9tique cr\u00e9ent des possibilit\u00e9s pour les m\u00e9tiers sp\u00e9cialis\u00e9s,&#8230;<\/p>\r\n\t\t\t<\/div>\r\n\t\t\t                <figure class=\"\">\r\n                    <img decoding=\"async\" class=\"acf-figure-image\" \r\n            src=\"https:\/\/efficiencymb.ca\/wp-content\/uploads\/suppliers-banner.jpg\"\r\n            srcset=\"https:\/\/efficiencymb.ca\/wp-content\/uploads\/suppliers-banner.jpg 2400w, https:\/\/efficiencymb.ca\/wp-content\/uploads\/suppliers-banner-479x269.jpg 479w, https:\/\/efficiencymb.ca\/wp-content\/uploads\/suppliers-banner-1024x576.jpg 1024w, https:\/\/efficiencymb.ca\/wp-content\/uploads\/suppliers-banner-768x432.jpg 768w, https:\/\/efficiencymb.ca\/wp-content\/uploads\/suppliers-banner-1536x864.jpg 1536w, https:\/\/efficiencymb.ca\/wp-content\/uploads\/suppliers-banner-2048x1152.jpg 2048w, https:\/\/efficiencymb.ca\/wp-content\/uploads\/suppliers-banner-1920x1080.jpg 1920w\"\r\n            sizes=\"(max-width: 2400px) 100vw, 2400px\" \r\n            alt=\"Ouvrier devant une bo\u00eete de raccordement\"\r\n        \/>\r\n                        <\/figure>\r\n            \t\t<\/div>\r\n\t\t<\/div>\r\n\n\n\n<div style=\"height:100px\" aria-hidden=\"true\" class=\"wp-block-spacer\"><\/div>\n","protected":false},"excerpt":{"rendered":"<p>Nous sommes l\u00e0 pour aider votre communaut\u00e9 \u00e0 \u00e9conomiser de l\u2019\u00e9nergie et de l\u2019argent et \u00e0 prot\u00e9ger l\u2019environnement. Tout le monde y gagnera si vous \u00e9conomisez avec nous.<\/p>\n","protected":false},"author":10,"featured_media":688,"parent":0,"menu_order":0,"comment_status":"closed","ping_status":"closed","template":"","meta":{"_acf_changed":false,"footnotes":""},"class_list":["post-13105","page","type-page","status-publish","has-post-thumbnail","hentry","page_cat-programs"],"acf":[],"yoast_head":"<!-- This site is optimized with the Yoast SEO plugin v27.3 - https:\/\/yoast.com\/product\/yoast-seo-wordpress\/ -->\n<title>Ma Communaut\u00e9 &#8212; Efficiency Manitoba<\/title>\n<meta name=\"description\" content=\"Nous sommes l\u00e0 pour aider votre communaut\u00e9 \u00e0 \u00e9conomiser de l\u2019\u00e9nergie et de l\u2019argent et \u00e0 prot\u00e9ger l\u2019environnement. Tout le monde y gagnera si vous \u00e9conomisez avec nous.\" \/>\n<meta name=\"robots\" content=\"index, follow, max-snippet:-1, max-image-preview:large, max-video-preview:-1\" \/>\n<link rel=\"canonical\" href=\"https:\/\/efficiencymb.ca\/fr\/communaute\/\" \/>\n<meta property=\"og:locale\" content=\"fr_FR\" \/>\n<meta property=\"og:type\" content=\"article\" \/>\n<meta property=\"og:title\" content=\"Ma Communaut\u00e9 &#8212; Efficiency Manitoba\" \/>\n<meta property=\"og:description\" content=\"Nous sommes l\u00e0 pour aider votre communaut\u00e9 \u00e0 \u00e9conomiser de l\u2019\u00e9nergie et de l\u2019argent et \u00e0 prot\u00e9ger l\u2019environnement. Tout le monde y gagnera si vous \u00e9conomisez avec nous.\" \/>\n<meta property=\"og:url\" content=\"https:\/\/efficiencymb.ca\/fr\/communaute\/\" \/>\n<meta property=\"og:site_name\" content=\"Efficiency Manitoba\" \/>\n<meta property=\"article:modified_time\" content=\"2026-03-30T20:41:13+00:00\" \/>\n<meta property=\"og:image\" content=\"https:\/\/efficiencymb.ca\/wp-content\/uploads\/2020\/02\/banner-contact_2x.jpg\" \/>\n\t<meta property=\"og:image:width\" content=\"2400\" \/>\n\t<meta property=\"og:image:height\" content=\"1350\" \/>\n\t<meta property=\"og:image:type\" content=\"image\/jpeg\" \/>\n<meta name=\"twitter:card\" content=\"summary_large_image\" \/>\n<meta name=\"twitter:label1\" content=\"Dur\u00e9e de lecture estim\u00e9e\" \/>\n\t<meta name=\"twitter:data1\" content=\"1 minute\" \/>\n<script type=\"application\/ld+json\" class=\"yoast-schema-graph\">{\"@context\":\"https:\\\/\\\/schema.org\",\"@graph\":[{\"@type\":\"WebPage\",\"@id\":\"https:\\\/\\\/efficiencymb.ca\\\/fr\\\/communaute\\\/\",\"url\":\"https:\\\/\\\/efficiencymb.ca\\\/fr\\\/communaute\\\/\",\"name\":\"Ma Communaut\u00e9 &#8212; Efficiency Manitoba\",\"isPartOf\":{\"@id\":\"https:\\\/\\\/efficiencymb.ca\\\/#website\"},\"primaryImageOfPage\":{\"@id\":\"https:\\\/\\\/efficiencymb.ca\\\/fr\\\/communaute\\\/#primaryimage\"},\"image\":{\"@id\":\"https:\\\/\\\/efficiencymb.ca\\\/fr\\\/communaute\\\/#primaryimage\"},\"thumbnailUrl\":\"https:\\\/\\\/efficiencymb.ca\\\/wp-content\\\/uploads\\\/2020\\\/02\\\/banner-contact_2x.jpg\",\"datePublished\":\"2020-03-05T03:29:56+00:00\",\"dateModified\":\"2026-03-30T20:41:13+00:00\",\"description\":\"Nous sommes l\u00e0 pour aider votre communaut\u00e9 \u00e0 \u00e9conomiser de l\u2019\u00e9nergie et de l\u2019argent et \u00e0 prot\u00e9ger l\u2019environnement. Tout le monde y gagnera si vous \u00e9conomisez avec nous.\",\"breadcrumb\":{\"@id\":\"https:\\\/\\\/efficiencymb.ca\\\/fr\\\/communaute\\\/#breadcrumb\"},\"inLanguage\":\"fr-FR\",\"potentialAction\":[{\"@type\":\"ReadAction\",\"target\":[\"https:\\\/\\\/efficiencymb.ca\\\/fr\\\/communaute\\\/\"]}]},{\"@type\":\"ImageObject\",\"inLanguage\":\"fr-FR\",\"@id\":\"https:\\\/\\\/efficiencymb.ca\\\/fr\\\/communaute\\\/#primaryimage\",\"url\":\"https:\\\/\\\/efficiencymb.ca\\\/wp-content\\\/uploads\\\/2020\\\/02\\\/banner-contact_2x.jpg\",\"contentUrl\":\"https:\\\/\\\/efficiencymb.ca\\\/wp-content\\\/uploads\\\/2020\\\/02\\\/banner-contact_2x.jpg\",\"width\":2400,\"height\":1350,\"caption\":\"Femme avec un caf\u00e9 debout dans un bureau\"},{\"@type\":\"BreadcrumbList\",\"@id\":\"https:\\\/\\\/efficiencymb.ca\\\/fr\\\/communaute\\\/#breadcrumb\",\"itemListElement\":[{\"@type\":\"ListItem\",\"position\":1,\"name\":\"Home\",\"item\":\"https:\\\/\\\/efficiencymb.ca\\\/fr\\\/\"},{\"@type\":\"ListItem\",\"position\":2,\"name\":\"Ma Communaut\u00e9\"}]},{\"@type\":\"WebSite\",\"@id\":\"https:\\\/\\\/efficiencymb.ca\\\/#website\",\"url\":\"https:\\\/\\\/efficiencymb.ca\\\/\",\"name\":\"Efficiency Manitoba\",\"description\":\"\",\"publisher\":{\"@id\":\"https:\\\/\\\/efficiencymb.ca\\\/#organization\"},\"potentialAction\":[{\"@type\":\"SearchAction\",\"target\":{\"@type\":\"EntryPoint\",\"urlTemplate\":\"https:\\\/\\\/efficiencymb.ca\\\/?s={search_term_string}\"},\"query-input\":{\"@type\":\"PropertyValueSpecification\",\"valueRequired\":true,\"valueName\":\"search_term_string\"}}],\"inLanguage\":\"fr-FR\"},{\"@type\":\"Organization\",\"@id\":\"https:\\\/\\\/efficiencymb.ca\\\/#organization\",\"name\":\"Efficiency Manitoba\",\"url\":\"https:\\\/\\\/efficiencymb.ca\\\/\",\"logo\":{\"@type\":\"ImageObject\",\"inLanguage\":\"fr-FR\",\"@id\":\"https:\\\/\\\/efficiencymb.ca\\\/#\\\/schema\\\/logo\\\/image\\\/\",\"url\":\"https:\\\/\\\/efficiencymb.ca\\\/wp-content\\\/uploads\\\/em-logo-white-en.png\",\"contentUrl\":\"https:\\\/\\\/efficiencymb.ca\\\/wp-content\\\/uploads\\\/em-logo-white-en.png\",\"width\":388,\"height\":91,\"caption\":\"Efficiency Manitoba\"},\"image\":{\"@id\":\"https:\\\/\\\/efficiencymb.ca\\\/#\\\/schema\\\/logo\\\/image\\\/\"}}]}<\/script>\n<!-- \/ Yoast SEO plugin. -->","yoast_head_json":{"title":"Ma Communaut\u00e9 &#8212; Efficiency Manitoba","description":"Nous sommes l\u00e0 pour aider votre communaut\u00e9 \u00e0 \u00e9conomiser de l\u2019\u00e9nergie et de l\u2019argent et \u00e0 prot\u00e9ger l\u2019environnement. Tout le monde y gagnera si vous \u00e9conomisez avec nous.","robots":{"index":"index","follow":"follow","max-snippet":"max-snippet:-1","max-image-preview":"max-image-preview:large","max-video-preview":"max-video-preview:-1"},"canonical":"https:\/\/efficiencymb.ca\/fr\/communaute\/","og_locale":"fr_FR","og_type":"article","og_title":"Ma Communaut\u00e9 &#8212; Efficiency Manitoba","og_description":"Nous sommes l\u00e0 pour aider votre communaut\u00e9 \u00e0 \u00e9conomiser de l\u2019\u00e9nergie et de l\u2019argent et \u00e0 prot\u00e9ger l\u2019environnement. Tout le monde y gagnera si vous \u00e9conomisez avec nous.","og_url":"https:\/\/efficiencymb.ca\/fr\/communaute\/","og_site_name":"Efficiency Manitoba","article_modified_time":"2026-03-30T20:41:13+00:00","og_image":[{"width":2400,"height":1350,"url":"https:\/\/efficiencymb.ca\/wp-content\/uploads\/2020\/02\/banner-contact_2x.jpg","type":"image\/jpeg"}],"twitter_card":"summary_large_image","twitter_misc":{"Dur\u00e9e de lecture estim\u00e9e":"1 minute"},"schema":{"@context":"https:\/\/schema.org","@graph":[{"@type":"WebPage","@id":"https:\/\/efficiencymb.ca\/fr\/communaute\/","url":"https:\/\/efficiencymb.ca\/fr\/communaute\/","name":"Ma Communaut\u00e9 &#8212; Efficiency Manitoba","isPartOf":{"@id":"https:\/\/efficiencymb.ca\/#website"},"primaryImageOfPage":{"@id":"https:\/\/efficiencymb.ca\/fr\/communaute\/#primaryimage"},"image":{"@id":"https:\/\/efficiencymb.ca\/fr\/communaute\/#primaryimage"},"thumbnailUrl":"https:\/\/efficiencymb.ca\/wp-content\/uploads\/2020\/02\/banner-contact_2x.jpg","datePublished":"2020-03-05T03:29:56+00:00","dateModified":"2026-03-30T20:41:13+00:00","description":"Nous sommes l\u00e0 pour aider votre communaut\u00e9 \u00e0 \u00e9conomiser de l\u2019\u00e9nergie et de l\u2019argent et \u00e0 prot\u00e9ger l\u2019environnement. Tout le monde y gagnera si vous \u00e9conomisez avec nous.","breadcrumb":{"@id":"https:\/\/efficiencymb.ca\/fr\/communaute\/#breadcrumb"},"inLanguage":"fr-FR","potentialAction":[{"@type":"ReadAction","target":["https:\/\/efficiencymb.ca\/fr\/communaute\/"]}]},{"@type":"ImageObject","inLanguage":"fr-FR","@id":"https:\/\/efficiencymb.ca\/fr\/communaute\/#primaryimage","url":"https:\/\/efficiencymb.ca\/wp-content\/uploads\/2020\/02\/banner-contact_2x.jpg","contentUrl":"https:\/\/efficiencymb.ca\/wp-content\/uploads\/2020\/02\/banner-contact_2x.jpg","width":2400,"height":1350,"caption":"Femme avec un caf\u00e9 debout dans un bureau"},{"@type":"BreadcrumbList","@id":"https:\/\/efficiencymb.ca\/fr\/communaute\/#breadcrumb","itemListElement":[{"@type":"ListItem","position":1,"name":"Home","item":"https:\/\/efficiencymb.ca\/fr\/"},{"@type":"ListItem","position":2,"name":"Ma Communaut\u00e9"}]},{"@type":"WebSite","@id":"https:\/\/efficiencymb.ca\/#website","url":"https:\/\/efficiencymb.ca\/","name":"Efficiency Manitoba","description":"","publisher":{"@id":"https:\/\/efficiencymb.ca\/#organization"},"potentialAction":[{"@type":"SearchAction","target":{"@type":"EntryPoint","urlTemplate":"https:\/\/efficiencymb.ca\/?s={search_term_string}"},"query-input":{"@type":"PropertyValueSpecification","valueRequired":true,"valueName":"search_term_string"}}],"inLanguage":"fr-FR"},{"@type":"Organization","@id":"https:\/\/efficiencymb.ca\/#organization","name":"Efficiency Manitoba","url":"https:\/\/efficiencymb.ca\/","logo":{"@type":"ImageObject","inLanguage":"fr-FR","@id":"https:\/\/efficiencymb.ca\/#\/schema\/logo\/image\/","url":"https:\/\/efficiencymb.ca\/wp-content\/uploads\/em-logo-white-en.png","contentUrl":"https:\/\/efficiencymb.ca\/wp-content\/uploads\/em-logo-white-en.png","width":388,"height":91,"caption":"Efficiency Manitoba"},"image":{"@id":"https:\/\/efficiencymb.ca\/#\/schema\/logo\/image\/"}}]}},"_links":{"self":[{"href":"https:\/\/efficiencymb.ca\/fr\/wp-json\/wp\/v2\/pages\/13105","targetHints":{"allow":["GET"]}}],"collection":[{"href":"https:\/\/efficiencymb.ca\/fr\/wp-json\/wp\/v2\/pages"}],"about":[{"href":"https:\/\/efficiencymb.ca\/fr\/wp-json\/wp\/v2\/types\/page"}],"author":[{"embeddable":true,"href":"https:\/\/efficiencymb.ca\/fr\/wp-json\/wp\/v2\/users\/10"}],"replies":[{"embeddable":true,"href":"https:\/\/efficiencymb.ca\/fr\/wp-json\/wp\/v2\/comments?post=13105"}],"version-history":[{"count":20,"href":"https:\/\/efficiencymb.ca\/fr\/wp-json\/wp\/v2\/pages\/13105\/revisions"}],"predecessor-version":[{"id":87220,"href":"https:\/\/efficiencymb.ca\/fr\/wp-json\/wp\/v2\/pages\/13105\/revisions\/87220"}],"wp:featuredmedia":[{"embeddable":true,"href":"https:\/\/efficiencymb.ca\/fr\/wp-json\/wp\/v2\/media\/688"}],"wp:attachment":[{"href":"https:\/\/efficiencymb.ca\/fr\/wp-json\/wp\/v2\/media?parent=13105"}],"curies":[{"name":"wp","href":"https:\/\/api.w.org\/{rel}","templated":true}]}}