{"id":13098,"date":"2021-06-07T14:41:02","date_gmt":"2021-06-07T19:41:02","guid":{"rendered":"https:\/\/efficiencymb.ca\/virtual-energy-review\/"},"modified":"2025-12-19T08:25:20","modified_gmt":"2025-12-19T14:25:20","slug":"examen-virtuel-de-la-consommation-denergie","status":"publish","type":"page","link":"https:\/\/efficiencymb.ca\/fr\/examen-virtuel-de-la-consommation-denergie\/","title":{"rendered":"Examen Virtuel De La Consommation D\u2019\u00e9nergie"},"content":{"rendered":"\n<div class=\"wp-block-group is-style-content-wide\"><div class=\"wp-block-group__inner-container is-layout-flow wp-block-group-is-layout-flow\">\n<h2 class=\"wp-block-heading has-text-align-center is-style-hero-heading-grey\"><strong>NOTRE EXAMEN VIRTUEL DE LA CONSOMMATION D\u2019\u00c9NERGIE NE SERA PLUS OFFERT<\/strong><\/h2>\n\n\n\n<p class=\"has-text-align-center has-medium-font-size\">Le programme Examen virtuel de la consommation d\u2019\u00e9nergie est termin\u00e9 et n&rsquo;est plus offert.<\/p>\n\n\n\n<p class=\"has-text-align-center has-medium-font-size\">Nous vous remercions de votre int\u00e9r\u00eat pour l&rsquo;am\u00e9lioration de l&rsquo;efficacit\u00e9 \u00e9nerg\u00e9tique de votre maison. Bien que ce programme ait pris fin, nous vous encourageons \u00e0 explorer d&rsquo;autres possibilit\u00e9s d&rsquo;\u00e9conomies d&rsquo;\u00e9nergie gr\u00e2ce \u00e0 Efficacit\u00e9 Manitoba. <\/p>\n\n\n\n<p class=\"has-text-align-center has-medium-font-size\">Si vous ne savez pas par o\u00f9 commencer, <a href=\"https:\/\/efficiencymb.ca\/fr\/ma-maison\/passons-a-laction\/\" target=\"_blank\" rel=\"noreferrer noopener\">nous pouvons vous aider<\/a>!<\/p>\n<\/div><\/div>\n\n\n\n<div style=\"height:100px\" aria-hidden=\"true\" class=\"wp-block-spacer\"><\/div>\n\n\n\n<h2 class=\"wp-block-heading has-text-align-center is-style-hero-heading-grey\">APPRENDRE ENCORE PLUS<\/h2>\n\n\n\r\n\r\n\t<div class=\"post-display-block category-block wp-block-columns wp-block-columns-3 container\">\r\n\t\t\t\r\n\t\t<div class=\"wp-block-column\">\r\n\t\t\t<div>\r\n\t\t\t\t<h2 class=\"has-text-align-left\"><a href=\"https:\/\/efficiencymb.ca\/fr\/ma-maison\/passons-a-laction\/\">PASSONS \u00c0 L&rsquo;ACTION<\/a><\/h2>\r\n\t\t\t\t<p>Si vous souhaitez am\u00e9liorer l\u2019efficacit\u00e9 \u00e9nerg\u00e9tique de votre maison, mais vous ne savez pas par o\u00f9 commencer, nous pouvons vous aider!<\/p>\r\n\t\t\t<\/div>\r\n\t\t\t<figure class=\"\">\r\n          <img decoding=\"async\" class=\"acf-figure-image\" \r\n              src=\"esc_url( https:\/\/efficiencymb.ca\/wp-content\/uploads\/couple-looking-at-laptop-in-kitchen-at-home-GettyImages-504274084-scaled-e1673029079668-1920x1080-fr.jpg );\"\r\n              srcset=\"esc_attr( https:\/\/efficiencymb.ca\/wp-content\/uploads\/couple-looking-at-laptop-in-kitchen-at-home-GettyImages-504274084-scaled-e1673029079668-1920x1080-fr.jpg 1920w, https:\/\/efficiencymb.ca\/wp-content\/uploads\/couple-looking-at-laptop-in-kitchen-at-home-GettyImages-504274084-scaled-e1673029079668-1920x1080-fr-479x269.jpg 479w, https:\/\/efficiencymb.ca\/wp-content\/uploads\/couple-looking-at-laptop-in-kitchen-at-home-GettyImages-504274084-scaled-e1673029079668-1920x1080-fr-1024x576.jpg 1024w, https:\/\/efficiencymb.ca\/wp-content\/uploads\/couple-looking-at-laptop-in-kitchen-at-home-GettyImages-504274084-scaled-e1673029079668-1920x1080-fr-768x432.jpg 768w, https:\/\/efficiencymb.ca\/wp-content\/uploads\/couple-looking-at-laptop-in-kitchen-at-home-GettyImages-504274084-scaled-e1673029079668-1920x1080-fr-1536x864.jpg 1536w );\"\r\n              sizes=\"esc_attr( (max-width: 1920px) 100vw, 1920px );\" \r\n              alt=\" \r\n                  \/\/ if ( https:\/\/efficiencymb.ca\/fr\/ma-maison\/passons-a-laction\/ ) {\r\n                  \/\/     get_post_title_from_url(https:\/\/efficiencymb.ca\/fr\/ma-maison\/passons-a-laction\/);\r\n                  \/\/ } else {\r\n                      ;\r\n                  \/\/ }\r\n              \"\r\n          \/><\/figure>\t\t<\/div>\r\n\t\t\t\r\n\t\t<div class=\"wp-block-column\">\r\n\t\t\t<div>\r\n\t\t\t\t<h2 class=\"has-text-align-left\"><a href=\"https:\/\/efficiencymb.ca\/fr\/articles\/quelle-est-la-facon-de-consommer-lenergie-dune-maison-moyenne-au-manitoba\/\">QUELLE EST LA FA\u00e7ON DE CONSOMMER L&rsquo;ENERGIE D&rsquo;UNE MAISON MOYENNE AU MANITOBA?<\/a><\/h2>\r\n\t\t\t\t<p>Savoir comment et o\u00f9 votre maison consomme de l\u2019\u00e9nergie est un excellent premier pas pour \u00e9conomiser de l\u2019argent et prot\u00e9ger l\u2019environnement. Nous sommes l\u00e0 pour vous donner les outils n\u00e9cessaires afin que vous puissiez apporter des changements positifs et r\u00e9duire vos factures d\u2019\u00e9nergie.<\/p>\r\n\t\t\t<\/div>\r\n\t\t\t<figure class=\"\">\r\n          <img decoding=\"async\" class=\"acf-figure-image\" \r\n              src=\"esc_url( https:\/\/efficiencymb.ca\/wp-content\/uploads\/home-energy-use-in-Manitoba.jpg );\"\r\n              srcset=\"esc_attr( https:\/\/efficiencymb.ca\/wp-content\/uploads\/home-energy-use-in-Manitoba.jpg 2048w, https:\/\/efficiencymb.ca\/wp-content\/uploads\/home-energy-use-in-Manitoba-479x269.jpg 479w, https:\/\/efficiencymb.ca\/wp-content\/uploads\/home-energy-use-in-Manitoba-1024x576.jpg 1024w, https:\/\/efficiencymb.ca\/wp-content\/uploads\/home-energy-use-in-Manitoba-768x432.jpg 768w, https:\/\/efficiencymb.ca\/wp-content\/uploads\/home-energy-use-in-Manitoba-1536x864.jpg 1536w, https:\/\/efficiencymb.ca\/wp-content\/uploads\/home-energy-use-in-Manitoba-1920x1080.jpg 1920w );\"\r\n              sizes=\"esc_attr( (max-width: 2048px) 100vw, 2048px );\" \r\n              alt=\" \r\n                  \/\/ if ( https:\/\/efficiencymb.ca\/fr\/articles\/quelle-est-la-facon-de-consommer-lenergie-dune-maison-moyenne-au-manitoba\/ ) {\r\n                  \/\/     get_post_title_from_url(https:\/\/efficiencymb.ca\/fr\/articles\/quelle-est-la-facon-de-consommer-lenergie-dune-maison-moyenne-au-manitoba\/);\r\n                  \/\/ } else {\r\n                      Femme avec ordinateur portable et t\u00e9l\u00e9phone;\r\n                  \/\/ }\r\n              \"\r\n          \/><\/figure>\t\t<\/div>\r\n\t\t\t\r\n\t\t<div class=\"wp-block-column\">\r\n\t\t\t<div>\r\n\t\t\t\t<h2 class=\"has-text-align-left\"><a href=\"https:\/\/efficiencymb.ca\/fr\/articles\/un-permier-pas-vers-une-maison-plus-ecoenergetique\/\">UN PREMIER PAS VERS UNE MAISON PLUS \u00c9CO\u00c9NERG\u00c9TIQUE<\/a><\/h2>\r\n\t\t\t\t<p>Une \u00e9valuation \u00c9nerGuide avant r\u00e9novations est un moyen facile de comprendre la consommation d\u2019\u00e9nergie de votre maison et les am\u00e9liorations qui peuvent vous aider \u00e0 r\u00e9duire vos factures \u00e9nerg\u00e9tiques.<\/p>\r\n\t\t\t<\/div>\r\n\t\t\t<figure class=\"\">\r\n          <img decoding=\"async\" class=\"acf-figure-image\" \r\n              src=\"esc_url( https:\/\/efficiencymb.ca\/wp-content\/uploads\/EnerGuide-Home-Evaluation-Rebate-banner-image-2400x1350-1.jpg );\"\r\n              srcset=\"esc_attr( https:\/\/efficiencymb.ca\/wp-content\/uploads\/EnerGuide-Home-Evaluation-Rebate-banner-image-2400x1350-1.jpg 2400w, https:\/\/efficiencymb.ca\/wp-content\/uploads\/EnerGuide-Home-Evaluation-Rebate-banner-image-2400x1350-1-479x269.jpg 479w, https:\/\/efficiencymb.ca\/wp-content\/uploads\/EnerGuide-Home-Evaluation-Rebate-banner-image-2400x1350-1-1024x576.jpg 1024w, https:\/\/efficiencymb.ca\/wp-content\/uploads\/EnerGuide-Home-Evaluation-Rebate-banner-image-2400x1350-1-768x432.jpg 768w, https:\/\/efficiencymb.ca\/wp-content\/uploads\/EnerGuide-Home-Evaluation-Rebate-banner-image-2400x1350-1-1536x864.jpg 1536w, https:\/\/efficiencymb.ca\/wp-content\/uploads\/EnerGuide-Home-Evaluation-Rebate-banner-image-2400x1350-1-2048x1152.jpg 2048w, https:\/\/efficiencymb.ca\/wp-content\/uploads\/EnerGuide-Home-Evaluation-Rebate-banner-image-2400x1350-1-1920x1080.jpg 1920w );\"\r\n              sizes=\"esc_attr( (max-width: 2400px) 100vw, 2400px );\" \r\n              alt=\" \r\n                  \/\/ if ( https:\/\/efficiencymb.ca\/fr\/articles\/un-permier-pas-vers-une-maison-plus-ecoenergetique\/ ) {\r\n                  \/\/     get_post_title_from_url(https:\/\/efficiencymb.ca\/fr\/articles\/un-permier-pas-vers-une-maison-plus-ecoenergetique\/);\r\n                  \/\/ } else {\r\n                      ;\r\n                  \/\/ }\r\n              \"\r\n          \/><\/figure>\t\t<\/div>\r\n\t\t\t\r\n\t\t<div class=\"wp-block-column\">\r\n\t\t\t<div>\r\n\t\t\t\t<h2 class=\"has-text-align-left\"><a href=\"https:\/\/efficiencymb.ca\/fr\/examen-virtuel-de-la-consommation-denergie\/\">Qu\u2019est-ce qu\u2019une r\u00e9novation \u00e9co\u00e9nerg\u00e9tique en profondeur?<\/a><\/h2>\r\n\t\t\t\t<p>Que votre objectif soit de r\u00e9duire consid\u00e9rablement votre consommation d\u2019\u00e9nergie, de diminuer vos factures mensuelles, de contribuer \u00e0 la lutte contre les changements climatiques, ou tout cela \u00e0 la fois, une r\u00e9novation \u00e9co\u00e9nerg\u00e9tique en profondeur peut vous aider \u00e0 y parvenir.\u00a0<\/p>\r\n\t\t\t<\/div>\r\n\t\t\t<figure class=\"\">\r\n          <img decoding=\"async\" class=\"acf-figure-image\" \r\n              src=\"esc_url( https:\/\/efficiencymb.ca\/wp-content\/uploads\/bronx-side-elev-cropped.jpg );\"\r\n              srcset=\"esc_attr( https:\/\/efficiencymb.ca\/wp-content\/uploads\/bronx-side-elev-cropped.jpg 2400w, https:\/\/efficiencymb.ca\/wp-content\/uploads\/bronx-side-elev-cropped-479x269.jpg 479w, https:\/\/efficiencymb.ca\/wp-content\/uploads\/bronx-side-elev-cropped-1024x576.jpg 1024w, https:\/\/efficiencymb.ca\/wp-content\/uploads\/bronx-side-elev-cropped-768x432.jpg 768w, https:\/\/efficiencymb.ca\/wp-content\/uploads\/bronx-side-elev-cropped-1536x864.jpg 1536w, https:\/\/efficiencymb.ca\/wp-content\/uploads\/bronx-side-elev-cropped-2048x1152.jpg 2048w, https:\/\/efficiencymb.ca\/wp-content\/uploads\/bronx-side-elev-cropped-1920x1080.jpg 1920w );\"\r\n              sizes=\"esc_attr( (max-width: 2400px) 100vw, 2400px );\" \r\n              alt=\" \r\n                  \/\/ if ( https:\/\/efficiencymb.ca\/fr\/examen-virtuel-de-la-consommation-denergie\/ ) {\r\n                  \/\/     get_post_title_from_url(https:\/\/efficiencymb.ca\/fr\/examen-virtuel-de-la-consommation-denergie\/);\r\n                  \/\/ } else {\r\n                      Ext\u00e9rieur d'une maison en construction;\r\n                  \/\/ }\r\n              \"\r\n          \/><\/figure>\t\t<\/div>\r\n\t\t<\/div>\r\n\r\n\n\n\n<hr class=\"wp-block-separator has-css-opacity\"\/>\n\n\n\n<div class=\"wp-block-group is-style-content-wide\"><div class=\"wp-block-group__inner-container is-layout-flow wp-block-group-is-layout-flow\">\n<p class=\"has-text-align-center has-small-font-size\">*L&rsquo;outil d&rsquo;examen virtuel de la consommation d\u2019\u00e9nergie est d\u00e9velopp\u00e9 et h\u00e9berg\u00e9 par <a href=\"https:\/\/www.energyxsolutions.com\/\">EnergyX<\/a> (en anglais). La m\u00e9thodologie de calcul des \u00e9conomies d&rsquo;\u00e9nergie utilise un logiciel de mod\u00e9lisation des donn\u00e9es et des hypoth\u00e8ses techniques. Au fur et \u00e0 mesure que l&rsquo;utilisateur progresse dans l&rsquo;outil, ses r\u00e9ponses sont int\u00e9gr\u00e9es pour produire une estimation plus pr\u00e9cise et personnalis\u00e9e des \u00e9conomies d&rsquo;\u00e9nergie potentielles. Les r\u00e9sultats de l&rsquo;outil d&rsquo;examen virtuel de la consommation d\u2019\u00e9nergie, y compris les \u00e9conomies d&rsquo;\u00e9nergie, les autres avantages et\/ou les recommandations, ne sont pas garantis.<\/p>\n<\/div><\/div>\n\n\n\n<div style=\"height:100px\" aria-hidden=\"true\" class=\"wp-block-spacer\"><\/div>\n","protected":false},"excerpt":{"rendered":"<p>NOTRE EXAMEN VIRTUEL DE LA CONSOMMATION D\u2019\u00c9NERGIE NE SERA PLUS OFFERT Le programme Examen virtuel de la consommation d\u2019\u00e9nergie est termin\u00e9 et n&rsquo;est plus offert. Nous vous remercions de votre int\u00e9r\u00eat pour l&rsquo;am\u00e9lioration de l&rsquo;efficacit\u00e9 \u00e9nerg\u00e9tique de votre maison. Bien que ce programme ait pris fin, nous vous encourageons \u00e0 explorer d&rsquo;autres possibilit\u00e9s d&rsquo;\u00e9conomies d&rsquo;\u00e9nergiecontinue-reading<\/p>\n","protected":false},"author":6,"featured_media":10679,"parent":0,"menu_order":0,"comment_status":"closed","ping_status":"closed","template":"","meta":{"_acf_changed":false,"footnotes":""},"class_list":["post-13098","page","type-page","status-publish","has-post-thumbnail","hentry"],"acf":[],"yoast_head":"<!-- This site is optimized with the Yoast SEO plugin v27.3 - https:\/\/yoast.com\/product\/yoast-seo-wordpress\/ -->\n<title>Examen Virtuel De La Consommation D\u2019\u00e9nergie &#8212; Efficiency Manitoba<\/title>\n<meta name=\"robots\" content=\"index, follow, max-snippet:-1, max-image-preview:large, max-video-preview:-1\" \/>\n<link rel=\"canonical\" href=\"https:\/\/efficiencymb.ca\/fr\/examen-virtuel-de-la-consommation-denergie\/\" \/>\n<meta property=\"og:locale\" content=\"fr_FR\" \/>\n<meta property=\"og:type\" content=\"article\" \/>\n<meta property=\"og:title\" content=\"Examen Virtuel De La Consommation D\u2019\u00e9nergie &#8212; Efficiency Manitoba\" \/>\n<meta property=\"og:description\" content=\"NOTRE EXAMEN VIRTUEL DE LA CONSOMMATION D\u2019\u00c9NERGIE NE SERA PLUS OFFERT Le programme Examen virtuel de la consommation d\u2019\u00e9nergie est termin\u00e9 et n&rsquo;est plus offert. Nous vous remercions de votre int\u00e9r\u00eat pour l&rsquo;am\u00e9lioration de l&rsquo;efficacit\u00e9 \u00e9nerg\u00e9tique de votre maison. Bien que ce programme ait pris fin, nous vous encourageons \u00e0 explorer d&rsquo;autres possibilit\u00e9s d&rsquo;\u00e9conomies d&rsquo;\u00e9nergiecontinue-reading\" \/>\n<meta property=\"og:url\" content=\"https:\/\/efficiencymb.ca\/fr\/examen-virtuel-de-la-consommation-denergie\/\" \/>\n<meta property=\"og:site_name\" content=\"Efficiency Manitoba\" \/>\n<meta property=\"article:modified_time\" content=\"2025-12-19T14:25:20+00:00\" \/>\n<meta property=\"og:image\" content=\"https:\/\/efficiencymb.ca\/wp-content\/uploads\/Efficiency-Manitoba-Virtual-Energy-Review.jpeg\" \/>\n\t<meta property=\"og:image:width\" content=\"2400\" \/>\n\t<meta property=\"og:image:height\" content=\"1350\" \/>\n\t<meta property=\"og:image:type\" content=\"image\/jpeg\" \/>\n<meta name=\"twitter:card\" content=\"summary_large_image\" \/>\n<meta name=\"twitter:label1\" content=\"Dur\u00e9e de lecture estim\u00e9e\" \/>\n\t<meta name=\"twitter:data1\" content=\"1 minute\" \/>\n<script type=\"application\/ld+json\" class=\"yoast-schema-graph\">{\"@context\":\"https:\\\/\\\/schema.org\",\"@graph\":[{\"@type\":\"WebPage\",\"@id\":\"https:\\\/\\\/efficiencymb.ca\\\/fr\\\/examen-virtuel-de-la-consommation-denergie\\\/\",\"url\":\"https:\\\/\\\/efficiencymb.ca\\\/fr\\\/examen-virtuel-de-la-consommation-denergie\\\/\",\"name\":\"Examen Virtuel De La Consommation D\u2019\u00e9nergie &#8212; Efficiency Manitoba\",\"isPartOf\":{\"@id\":\"https:\\\/\\\/efficiencymb.ca\\\/#website\"},\"primaryImageOfPage\":{\"@id\":\"https:\\\/\\\/efficiencymb.ca\\\/fr\\\/examen-virtuel-de-la-consommation-denergie\\\/#primaryimage\"},\"image\":{\"@id\":\"https:\\\/\\\/efficiencymb.ca\\\/fr\\\/examen-virtuel-de-la-consommation-denergie\\\/#primaryimage\"},\"thumbnailUrl\":\"https:\\\/\\\/efficiencymb.ca\\\/wp-content\\\/uploads\\\/Efficiency-Manitoba-Virtual-Energy-Review.jpeg\",\"datePublished\":\"2021-06-07T19:41:02+00:00\",\"dateModified\":\"2025-12-19T14:25:20+00:00\",\"breadcrumb\":{\"@id\":\"https:\\\/\\\/efficiencymb.ca\\\/fr\\\/examen-virtuel-de-la-consommation-denergie\\\/#breadcrumb\"},\"inLanguage\":\"fr-FR\",\"potentialAction\":[{\"@type\":\"ReadAction\",\"target\":[\"https:\\\/\\\/efficiencymb.ca\\\/fr\\\/examen-virtuel-de-la-consommation-denergie\\\/\"]}]},{\"@type\":\"ImageObject\",\"inLanguage\":\"fr-FR\",\"@id\":\"https:\\\/\\\/efficiencymb.ca\\\/fr\\\/examen-virtuel-de-la-consommation-denergie\\\/#primaryimage\",\"url\":\"https:\\\/\\\/efficiencymb.ca\\\/wp-content\\\/uploads\\\/Efficiency-Manitoba-Virtual-Energy-Review.jpeg\",\"contentUrl\":\"https:\\\/\\\/efficiencymb.ca\\\/wp-content\\\/uploads\\\/Efficiency-Manitoba-Virtual-Energy-Review.jpeg\",\"width\":2400,\"height\":1350,\"caption\":\"Personne utilisant un ordinateur portable\"},{\"@type\":\"BreadcrumbList\",\"@id\":\"https:\\\/\\\/efficiencymb.ca\\\/fr\\\/examen-virtuel-de-la-consommation-denergie\\\/#breadcrumb\",\"itemListElement\":[{\"@type\":\"ListItem\",\"position\":1,\"name\":\"Home\",\"item\":\"https:\\\/\\\/efficiencymb.ca\\\/fr\\\/\"},{\"@type\":\"ListItem\",\"position\":2,\"name\":\"Examen Virtuel De La Consommation D\u2019\u00e9nergie\"}]},{\"@type\":\"WebSite\",\"@id\":\"https:\\\/\\\/efficiencymb.ca\\\/#website\",\"url\":\"https:\\\/\\\/efficiencymb.ca\\\/\",\"name\":\"Efficiency Manitoba\",\"description\":\"\",\"publisher\":{\"@id\":\"https:\\\/\\\/efficiencymb.ca\\\/#organization\"},\"potentialAction\":[{\"@type\":\"SearchAction\",\"target\":{\"@type\":\"EntryPoint\",\"urlTemplate\":\"https:\\\/\\\/efficiencymb.ca\\\/?s={search_term_string}\"},\"query-input\":{\"@type\":\"PropertyValueSpecification\",\"valueRequired\":true,\"valueName\":\"search_term_string\"}}],\"inLanguage\":\"fr-FR\"},{\"@type\":\"Organization\",\"@id\":\"https:\\\/\\\/efficiencymb.ca\\\/#organization\",\"name\":\"Efficiency Manitoba\",\"url\":\"https:\\\/\\\/efficiencymb.ca\\\/\",\"logo\":{\"@type\":\"ImageObject\",\"inLanguage\":\"fr-FR\",\"@id\":\"https:\\\/\\\/efficiencymb.ca\\\/#\\\/schema\\\/logo\\\/image\\\/\",\"url\":\"https:\\\/\\\/efficiencymb.ca\\\/wp-content\\\/uploads\\\/em-logo-white-en.png\",\"contentUrl\":\"https:\\\/\\\/efficiencymb.ca\\\/wp-content\\\/uploads\\\/em-logo-white-en.png\",\"width\":388,\"height\":91,\"caption\":\"Efficiency Manitoba\"},\"image\":{\"@id\":\"https:\\\/\\\/efficiencymb.ca\\\/#\\\/schema\\\/logo\\\/image\\\/\"}}]}<\/script>\n<!-- \/ Yoast SEO plugin. -->","yoast_head_json":{"title":"Examen Virtuel De La Consommation D\u2019\u00e9nergie &#8212; Efficiency Manitoba","robots":{"index":"index","follow":"follow","max-snippet":"max-snippet:-1","max-image-preview":"max-image-preview:large","max-video-preview":"max-video-preview:-1"},"canonical":"https:\/\/efficiencymb.ca\/fr\/examen-virtuel-de-la-consommation-denergie\/","og_locale":"fr_FR","og_type":"article","og_title":"Examen Virtuel De La Consommation D\u2019\u00e9nergie &#8212; Efficiency Manitoba","og_description":"NOTRE EXAMEN VIRTUEL DE LA CONSOMMATION D\u2019\u00c9NERGIE NE SERA PLUS OFFERT Le programme Examen virtuel de la consommation d\u2019\u00e9nergie est termin\u00e9 et n&rsquo;est plus offert. Nous vous remercions de votre int\u00e9r\u00eat pour l&rsquo;am\u00e9lioration de l&rsquo;efficacit\u00e9 \u00e9nerg\u00e9tique de votre maison. Bien que ce programme ait pris fin, nous vous encourageons \u00e0 explorer d&rsquo;autres possibilit\u00e9s d&rsquo;\u00e9conomies d&rsquo;\u00e9nergiecontinue-reading","og_url":"https:\/\/efficiencymb.ca\/fr\/examen-virtuel-de-la-consommation-denergie\/","og_site_name":"Efficiency Manitoba","article_modified_time":"2025-12-19T14:25:20+00:00","og_image":[{"width":2400,"height":1350,"url":"https:\/\/efficiencymb.ca\/wp-content\/uploads\/Efficiency-Manitoba-Virtual-Energy-Review.jpeg","type":"image\/jpeg"}],"twitter_card":"summary_large_image","twitter_misc":{"Dur\u00e9e de lecture estim\u00e9e":"1 minute"},"schema":{"@context":"https:\/\/schema.org","@graph":[{"@type":"WebPage","@id":"https:\/\/efficiencymb.ca\/fr\/examen-virtuel-de-la-consommation-denergie\/","url":"https:\/\/efficiencymb.ca\/fr\/examen-virtuel-de-la-consommation-denergie\/","name":"Examen Virtuel De La Consommation D\u2019\u00e9nergie &#8212; Efficiency Manitoba","isPartOf":{"@id":"https:\/\/efficiencymb.ca\/#website"},"primaryImageOfPage":{"@id":"https:\/\/efficiencymb.ca\/fr\/examen-virtuel-de-la-consommation-denergie\/#primaryimage"},"image":{"@id":"https:\/\/efficiencymb.ca\/fr\/examen-virtuel-de-la-consommation-denergie\/#primaryimage"},"thumbnailUrl":"https:\/\/efficiencymb.ca\/wp-content\/uploads\/Efficiency-Manitoba-Virtual-Energy-Review.jpeg","datePublished":"2021-06-07T19:41:02+00:00","dateModified":"2025-12-19T14:25:20+00:00","breadcrumb":{"@id":"https:\/\/efficiencymb.ca\/fr\/examen-virtuel-de-la-consommation-denergie\/#breadcrumb"},"inLanguage":"fr-FR","potentialAction":[{"@type":"ReadAction","target":["https:\/\/efficiencymb.ca\/fr\/examen-virtuel-de-la-consommation-denergie\/"]}]},{"@type":"ImageObject","inLanguage":"fr-FR","@id":"https:\/\/efficiencymb.ca\/fr\/examen-virtuel-de-la-consommation-denergie\/#primaryimage","url":"https:\/\/efficiencymb.ca\/wp-content\/uploads\/Efficiency-Manitoba-Virtual-Energy-Review.jpeg","contentUrl":"https:\/\/efficiencymb.ca\/wp-content\/uploads\/Efficiency-Manitoba-Virtual-Energy-Review.jpeg","width":2400,"height":1350,"caption":"Personne utilisant un ordinateur portable"},{"@type":"BreadcrumbList","@id":"https:\/\/efficiencymb.ca\/fr\/examen-virtuel-de-la-consommation-denergie\/#breadcrumb","itemListElement":[{"@type":"ListItem","position":1,"name":"Home","item":"https:\/\/efficiencymb.ca\/fr\/"},{"@type":"ListItem","position":2,"name":"Examen Virtuel De La Consommation D\u2019\u00e9nergie"}]},{"@type":"WebSite","@id":"https:\/\/efficiencymb.ca\/#website","url":"https:\/\/efficiencymb.ca\/","name":"Efficiency Manitoba","description":"","publisher":{"@id":"https:\/\/efficiencymb.ca\/#organization"},"potentialAction":[{"@type":"SearchAction","target":{"@type":"EntryPoint","urlTemplate":"https:\/\/efficiencymb.ca\/?s={search_term_string}"},"query-input":{"@type":"PropertyValueSpecification","valueRequired":true,"valueName":"search_term_string"}}],"inLanguage":"fr-FR"},{"@type":"Organization","@id":"https:\/\/efficiencymb.ca\/#organization","name":"Efficiency Manitoba","url":"https:\/\/efficiencymb.ca\/","logo":{"@type":"ImageObject","inLanguage":"fr-FR","@id":"https:\/\/efficiencymb.ca\/#\/schema\/logo\/image\/","url":"https:\/\/efficiencymb.ca\/wp-content\/uploads\/em-logo-white-en.png","contentUrl":"https:\/\/efficiencymb.ca\/wp-content\/uploads\/em-logo-white-en.png","width":388,"height":91,"caption":"Efficiency Manitoba"},"image":{"@id":"https:\/\/efficiencymb.ca\/#\/schema\/logo\/image\/"}}]}},"_links":{"self":[{"href":"https:\/\/efficiencymb.ca\/fr\/wp-json\/wp\/v2\/pages\/13098","targetHints":{"allow":["GET"]}}],"collection":[{"href":"https:\/\/efficiencymb.ca\/fr\/wp-json\/wp\/v2\/pages"}],"about":[{"href":"https:\/\/efficiencymb.ca\/fr\/wp-json\/wp\/v2\/types\/page"}],"author":[{"embeddable":true,"href":"https:\/\/efficiencymb.ca\/fr\/wp-json\/wp\/v2\/users\/6"}],"replies":[{"embeddable":true,"href":"https:\/\/efficiencymb.ca\/fr\/wp-json\/wp\/v2\/comments?post=13098"}],"version-history":[{"count":45,"href":"https:\/\/efficiencymb.ca\/fr\/wp-json\/wp\/v2\/pages\/13098\/revisions"}],"predecessor-version":[{"id":84249,"href":"https:\/\/efficiencymb.ca\/fr\/wp-json\/wp\/v2\/pages\/13098\/revisions\/84249"}],"wp:featuredmedia":[{"embeddable":true,"href":"https:\/\/efficiencymb.ca\/fr\/wp-json\/wp\/v2\/media\/10679"}],"wp:attachment":[{"href":"https:\/\/efficiencymb.ca\/fr\/wp-json\/wp\/v2\/media?parent=13098"}],"curies":[{"name":"wp","href":"https:\/\/api.w.org\/{rel}","templated":true}]}}