{"id":11713,"date":"2023-05-19T17:42:02","date_gmt":"2023-05-19T22:42:02","guid":{"rendered":"https:\/\/efficiencymb.ca\/?page_id=11713"},"modified":"2025-04-23T08:10:47","modified_gmt":"2025-04-23T13:10:47","slug":"fonds-dinnovation","status":"publish","type":"page","link":"https:\/\/efficiencymb.ca\/fr\/business\/fonds-dinnovation\/","title":{"rendered":"Fonds d\u2019innovation"},"content":{"rendered":"\n<div class=\"wp-block-group is-style-content-wide\"><div class=\"wp-block-group__inner-container is-layout-flow wp-block-group-is-layout-flow\">\n<h2 class=\"wp-block-heading has-text-align-center is-style-hero-heading-grey\">SOUTENIR LES APPROCHES NOUVELLES ET NOVATRICES EN MATI\u00c8RE D\u2019EFFICACIT\u00c9 \u00c9NERG\u00c9TIQUE AU MANITOBA<\/h2>\n\n\n\n<p class=\"has-text-align-center has-medium-font-size\">Le Fonds d\u2019innovation soutient les organismes qui cherchent \u00e0 promouvoir des possibilit\u00e9s nouvelles et novatrices d\u2019efficacit\u00e9 \u00e9nerg\u00e9tique sur le march\u00e9 manitobain. Nous finan\u00e7ons des projets pilotes et des partenariats visant \u00e0 limiter les obstacles courants \u00e0 l\u2019adoption de nouvelles technologies et strat\u00e9gies \u00e9co\u00e9nerg\u00e9tiques permettant d\u2019\u00e9conomiser de l\u2019\u00e9lectricit\u00e9, de r\u00e9duire la demande de pointe et de diminuer la consommation de gaz naturel.<\/p>\n\n\n\n<p class=\"has-text-align-center has-medium-font-size\">Les projets admissibles peuvent recevoir un financement pouvant atteindre 75 % du co\u00fbt du projet, jusqu\u2019\u00e0 concurrence de 250\u2009000 $. Nous offrons deux volets de financement :<\/p>\n\n\n\n<div style=\"height:30px\" aria-hidden=\"true\" class=\"wp-block-spacer\"><\/div>\n\n\n\n<div class=\"wp-block-columns is-layout-flex wp-container-core-columns-is-layout-9d6595d7 wp-block-columns-is-layout-flex\">\n<div class=\"wp-block-column is-layout-flow wp-block-column-is-layout-flow\">\n<h3 class=\"wp-block-heading has-text-align-center is-style-hero-heading\">VOLET DE D\u00c9MONSTRATION TECHNOLOGIQUE<\/h3>\n\n\n\n<ul class=\"wp-block-list\">\n<li>Vise \u00e0 \u00e9valuer, dans le contexte manitobain, l\u2019efficacit\u00e9 d\u2019une nouvelle technologie pr\u00eate \u00e0 \u00eatre mise \u00e0 l\u2019essai sur le terrain ou \u00e0 faire l\u2019objet d\u2019une d\u00e9monstration<\/li>\n<\/ul>\n<\/div>\n\n\n\n<div class=\"wp-block-column is-layout-flow wp-block-column-is-layout-flow\">\n<h3 class=\"wp-block-heading has-text-align-center is-style-hero-heading\">VOLET DE CAPACIT\u00c9 DU MARCH\u00c9<\/h3>\n\n\n\n<ul class=\"wp-block-list\">\n<li>Vise \u00e0 r\u00e9duire les obstacles au march\u00e9 et \u00e0 am\u00e9liorer la compr\u00e9hension des technologies \u00e9co\u00e9nerg\u00e9tiques<\/li>\n<\/ul>\n<\/div>\n<\/div>\n\n\n\n<div style=\"height:50px\" aria-hidden=\"true\" class=\"wp-block-spacer\"><\/div>\n\n\n\n<p class=\"has-text-align-center has-medium-font-size\">En tant qu\u2019initiative du <a href=\"https:\/\/efficiencymb.ca\/fr\/energie-domestique-abordable\/\" target=\"_blank\" rel=\"noreferrer noopener\">Programme d\u2019\u00e9nergie domestique abordable<\/a>, le Fonds d\u2019innovation fournit \u00e9galement du soutien financier pour des \u00e9tudes de faisabilit\u00e9 sur la possibilit\u00e9 d\u2019installer des pompes g\u00e9othermiques dans des immeubles \u00e0 logements multiples et les syst\u00e8mes d\u2019\u00e9nergie de district.<a href=\"mailto:innovationfund@efficiencyMB.ca\" target=\"_blank\" rel=\"noreferrer noopener\"> Envoyez-nous un courriel<\/a> pour discuter de votre projet.<\/p>\n<\/div><\/div>\n\n\n\n<div style=\"height:50px\" aria-hidden=\"true\" class=\"wp-block-spacer\"><\/div>\n\n\n\n<div class=\"wp-block-group is-style-content-wide\"><div class=\"wp-block-group__inner-container is-layout-flow wp-block-group-is-layout-flow\">\n<h2 class=\"wp-block-heading has-text-align-center is-style-hero-heading\">\u00caTES-VOUS ADMISSIBLE?<\/h2>\n\n\n\n<ul class=\"wp-block-list is-style-medium\">\n<li>Votre technologie ou strat\u00e9gie doit r\u00e9duire la consommation d\u2019\u00e9lectricit\u00e9 ou de gaz naturel au Manitoba et s\u2019accompagner d\u2019un plan de mesure et de v\u00e9rification des r\u00e9sultats.<\/li>\n\n\n\n<li>Votre technologie ou votre strat\u00e9gie \u00e9co\u00e9nerg\u00e9tique doit pouvoir \u00eatre reproduite aupr\u00e8s de nombreux clients au Manitoba.<\/li>\n\n\n\n<li>Votre organisme doit \u00eatre pr\u00e9sent physiquement au Manitoba ou y \u00eatre enregistr\u00e9 en tant que personne morale, ou encore \u00eatre un partenaire tiers de l\u2019ext\u00e9rieur de la province qui pr\u00e9sente le projet au Manitoba.<\/li>\n\n\n\n<li>Le projet doit int\u00e9grer des aspects d\u2019innovation, notamment l\u2019efficacit\u00e9, la rentabilit\u00e9 et l\u2019acceptabilit\u00e9 commerciale de la nouvelle solution \u00e9co\u00e9nerg\u00e9tique.<\/li>\n\n\n\n<li>Le projet propose une technologie ou une solution pour le march\u00e9 r\u00e9sidentiel, autochtone, commercial, industriel ou agricole.<\/li>\n\n\n\n<li>Les projets de d\u00e9monstration de technologies doivent pr\u00e9voir un lieu de d\u00e9monstration s\u00e9curis\u00e9.<\/li>\n<\/ul>\n\n\n\n<p class=\"has-text-align-center\">Si votre projet n\u2019est pas admissible au Fonds d\u2019innovation, il pourrait possiblement \u00eatre admissible \u00e0 l\u2019un de nos autres programmes. Consultez notre gamme compl\u00e8te&nbsp;<a href=\"https:\/\/efficiencymb.ca\/fr\/business\/\" target=\"_blank\" rel=\"noreferrer noopener\">d\u2019offres commerciales<\/a>&nbsp;pour en savoir plus.<\/p>\n<\/div><\/div>\n\n\n\n<figure class=\"wp-block-image size-full\"><img loading=\"lazy\" decoding=\"async\" width=\"2000\" height=\"400\" src=\"https:\/\/efficiencymb.ca\/wp-content\/uploads\/bg-two-tone-green@2x.png\" alt=\"\" class=\"wp-image-592\" srcset=\"https:\/\/efficiencymb.ca\/wp-content\/uploads\/bg-two-tone-green@2x.png 2000w, https:\/\/efficiencymb.ca\/wp-content\/uploads\/bg-two-tone-green@2x-479x96.png 479w, https:\/\/efficiencymb.ca\/wp-content\/uploads\/bg-two-tone-green@2x-1024x205.png 1024w, https:\/\/efficiencymb.ca\/wp-content\/uploads\/bg-two-tone-green@2x-768x154.png 768w, https:\/\/efficiencymb.ca\/wp-content\/uploads\/bg-two-tone-green@2x-1536x307.png 1536w\" sizes=\"auto, (max-width: 2000px) 100vw, 2000px\" \/><\/figure>\n\n\n\n<div class=\"wp-block-group is-style-default has-background\" style=\"background-color:#f4f3f3\"><div class=\"wp-block-group__inner-container is-layout-flow wp-block-group-is-layout-flow\">\n<h2 class=\"wp-block-heading has-text-align-center is-style-hero-heading\">\u00c9TAPES POUR PARTICIPER<\/h2>\n\n\n\n<ol class=\"large iconic-list\">\n<li>\n<h3><strong>LISEZ<\/strong> LE GUIDE DU PROGRAMME<\/h3>\n<p>Le <a href=\"https:\/\/efficiencymb.ca\/fr\/efficiency_manitoba_innovation_fund_program_guide-2\/\">Guide du programme du Fonds d\u2019innovation<\/a> (en anglais)\u00a0renferme toute l\u2019information dont vous avez besoin pour voir comment votre projet pourrait s\u2019int\u00e9grer \u00e0 l\u2019un des volets de financement. Assurez-vous de le lire attentivement avant de passer \u00e0 l\u2019\u00e9tape suivante.<\/p>\n<\/li>\n<li>\n<h3><strong>SOUMETTEZ<\/strong> UNE D\u00c9CLARATION D\u2019INT\u00c9R\u00caT<\/h3>\n<p>Une fois que vous aurez examin\u00e9 le guide du programme, soumettez une <a href=\"https:\/\/efficiencymb.ca\/fr\/business\/fonds-dinnovation\/declaration-dinteret-pour-le-fonds-dinnovation\/\">d\u00e9claration d\u2019int\u00e9r\u00eat<\/a>, dans laquelle vous donnerez un aper\u00e7u g\u00e9n\u00e9ral de votre projet. Nous \u00e9valuerons votre demande pour d\u00e9terminer si votre projet peut b\u00e9n\u00e9ficier du Fonds d\u2019innovation, et nous vous ferons savoir dans les 10 jours ouvrables si vous remplissez les conditions requises pour soumettre une demande d\u00e9taill\u00e9e. La prochaine date limite pour les soumissions de DI est le 4\u00a0novembre\u00a02022.<\/p>\n<\/li>\n<li>\n<h3><strong>SOUMETTEZ<\/strong> UNE DEMANDE D\u00c9TAILL\u00c9E<\/h3>\n<p>Si votre d\u00e9claration d&rsquo;int\u00e9r\u00eat d\u00e9montre que votre projet convient au Fonds d\u2019innovation, vous recevrez une invitation pour soumettre une demande d\u00e9taill\u00e9e. Notre \u00e9quipe examinera votre demande en fonction de plusieurs crit\u00e8res, notamment l\u2019impact \u00e9nerg\u00e9tique, le potentiel commercial et le degr\u00e9 d\u2019innovation.<\/p>\n<\/li>\n<li>\n<h3><strong>SIGNEZ<\/strong> LE CONTRAT ET LANCEZ LE PROJET<\/h3>\n<p>Si votre demande est accept\u00e9e, nous collaborerons \u00e0 l\u2019\u00e9laboration d\u2019un accord de financement. Vous pourrez commencer \u00e0 travailler sur votre projet d\u00e8s que le contrat sera sign\u00e9.<\/p>\n<\/li>\n<\/ol>\n\n\n<div class=\"theme-button wp-block-button aligncenter\">\r\n\t<a  class=\"wp-block-button__link has-background no-border-radius button cta button-large\" href=\"https:\/\/efficiencymb.ca\/fr\/business\/fonds-dinnovation\/declaration-dinteret-pour-le-fonds-dinnovation\/\"><strong>SOUMETTEZ VOTRE<\/strong><br>D\u00c9CLARATION D\u2019INT\u00c9R\u00caT<\/a>\r\n<\/div>\n\n\n<p class=\"has-text-align-center\">Si vous avez des questions au sujet du Fonds d\u2019innovation, <a href=\"mailto:innovationfund@efficiencyMB.ca\">envoyez-nous un courriel<\/a>.<\/p>\n\n\n\n<div style=\"height:30px\" aria-hidden=\"true\" class=\"wp-block-spacer\"><\/div>\n<\/div><\/div>\n","protected":false},"excerpt":{"rendered":"<p>SOUTENIR LES APPROCHES NOUVELLES ET NOVATRICES EN MATI\u00c8RE D\u2019EFFICACIT\u00c9 \u00c9NERG\u00c9TIQUE AU MANITOBA Le Fonds d\u2019innovation soutient les organismes qui cherchent \u00e0 promouvoir des possibilit\u00e9s nouvelles et novatrices d\u2019efficacit\u00e9 \u00e9nerg\u00e9tique sur le march\u00e9 manitobain. Nous finan\u00e7ons des projets pilotes et des partenariats visant \u00e0 limiter les obstacles courants \u00e0 l\u2019adoption de nouvelles technologies et strat\u00e9gies \u00e9co\u00e9nerg\u00e9tiquescontinue-reading<\/p>\n","protected":false},"author":6,"featured_media":11945,"parent":13103,"menu_order":0,"comment_status":"closed","ping_status":"closed","template":"","meta":{"_acf_changed":false,"footnotes":""},"class_list":["post-11713","page","type-page","status-publish","has-post-thumbnail","hentry","page_cat-programs"],"acf":[],"yoast_head":"<!-- This site is optimized with the Yoast SEO plugin v27.3 - https:\/\/yoast.com\/product\/yoast-seo-wordpress\/ -->\n<title>Fonds d\u2019innovation &#8212; Efficiency Manitoba<\/title>\n<meta name=\"robots\" content=\"index, follow, max-snippet:-1, max-image-preview:large, max-video-preview:-1\" \/>\n<link rel=\"canonical\" href=\"https:\/\/efficiencymb.ca\/fr\/business\/fonds-dinnovation\/\" \/>\n<meta property=\"og:locale\" content=\"fr_FR\" \/>\n<meta property=\"og:type\" content=\"article\" \/>\n<meta property=\"og:title\" content=\"Fonds d\u2019innovation &#8212; Efficiency Manitoba\" \/>\n<meta property=\"og:description\" content=\"SOUTENIR LES APPROCHES NOUVELLES ET NOVATRICES EN MATI\u00c8RE D\u2019EFFICACIT\u00c9 \u00c9NERG\u00c9TIQUE AU MANITOBA Le Fonds d\u2019innovation soutient les organismes qui cherchent \u00e0 promouvoir des possibilit\u00e9s nouvelles et novatrices d\u2019efficacit\u00e9 \u00e9nerg\u00e9tique sur le march\u00e9 manitobain. Nous finan\u00e7ons des projets pilotes et des partenariats visant \u00e0 limiter les obstacles courants \u00e0 l\u2019adoption de nouvelles technologies et strat\u00e9gies \u00e9co\u00e9nerg\u00e9tiquescontinue-reading\" \/>\n<meta property=\"og:url\" content=\"https:\/\/efficiencymb.ca\/fr\/business\/fonds-dinnovation\/\" \/>\n<meta property=\"og:site_name\" content=\"Efficiency Manitoba\" \/>\n<meta property=\"article:modified_time\" content=\"2025-04-23T13:10:47+00:00\" \/>\n<meta property=\"og:image\" content=\"https:\/\/efficiencymb.ca\/wp-content\/uploads\/Innovation-fund-banner-scaled-e1632276424465.jpg\" \/>\n\t<meta property=\"og:image:width\" content=\"2560\" \/>\n\t<meta property=\"og:image:height\" content=\"1707\" \/>\n\t<meta property=\"og:image:type\" content=\"image\/jpeg\" \/>\n<meta name=\"twitter:card\" content=\"summary_large_image\" \/>\n<meta name=\"twitter:label1\" content=\"Dur\u00e9e de lecture estim\u00e9e\" \/>\n\t<meta name=\"twitter:data1\" content=\"3 minutes\" \/>\n<script type=\"application\/ld+json\" class=\"yoast-schema-graph\">{\"@context\":\"https:\\\/\\\/schema.org\",\"@graph\":[{\"@type\":\"WebPage\",\"@id\":\"https:\\\/\\\/efficiencymb.ca\\\/fr\\\/business\\\/fonds-dinnovation\\\/\",\"url\":\"https:\\\/\\\/efficiencymb.ca\\\/fr\\\/business\\\/fonds-dinnovation\\\/\",\"name\":\"Fonds d\u2019innovation &#8212; Efficiency Manitoba\",\"isPartOf\":{\"@id\":\"https:\\\/\\\/efficiencymb.ca\\\/#website\"},\"primaryImageOfPage\":{\"@id\":\"https:\\\/\\\/efficiencymb.ca\\\/fr\\\/business\\\/fonds-dinnovation\\\/#primaryimage\"},\"image\":{\"@id\":\"https:\\\/\\\/efficiencymb.ca\\\/fr\\\/business\\\/fonds-dinnovation\\\/#primaryimage\"},\"thumbnailUrl\":\"https:\\\/\\\/efficiencymb.ca\\\/wp-content\\\/uploads\\\/Innovation-fund-banner-scaled-e1632276424465.jpg\",\"datePublished\":\"2023-05-19T22:42:02+00:00\",\"dateModified\":\"2025-04-23T13:10:47+00:00\",\"breadcrumb\":{\"@id\":\"https:\\\/\\\/efficiencymb.ca\\\/fr\\\/business\\\/fonds-dinnovation\\\/#breadcrumb\"},\"inLanguage\":\"fr-FR\",\"potentialAction\":[{\"@type\":\"ReadAction\",\"target\":[\"https:\\\/\\\/efficiencymb.ca\\\/fr\\\/business\\\/fonds-dinnovation\\\/\"]}]},{\"@type\":\"ImageObject\",\"inLanguage\":\"fr-FR\",\"@id\":\"https:\\\/\\\/efficiencymb.ca\\\/fr\\\/business\\\/fonds-dinnovation\\\/#primaryimage\",\"url\":\"https:\\\/\\\/efficiencymb.ca\\\/wp-content\\\/uploads\\\/Innovation-fund-banner-scaled-e1632276424465.jpg\",\"contentUrl\":\"https:\\\/\\\/efficiencymb.ca\\\/wp-content\\\/uploads\\\/Innovation-fund-banner-scaled-e1632276424465.jpg\",\"width\":2560,\"height\":1707,\"caption\":\"Sustainable energy ideas for the world climate change.\"},{\"@type\":\"BreadcrumbList\",\"@id\":\"https:\\\/\\\/efficiencymb.ca\\\/fr\\\/business\\\/fonds-dinnovation\\\/#breadcrumb\",\"itemListElement\":[{\"@type\":\"ListItem\",\"position\":1,\"name\":\"Home\",\"item\":\"https:\\\/\\\/efficiencymb.ca\\\/fr\\\/\"},{\"@type\":\"ListItem\",\"position\":2,\"name\":\"MON ENTREPRISE\",\"item\":\"https:\\\/\\\/efficiencymb.ca\\\/fr\\\/business\\\/\"},{\"@type\":\"ListItem\",\"position\":3,\"name\":\"Fonds d\u2019innovation\"}]},{\"@type\":\"WebSite\",\"@id\":\"https:\\\/\\\/efficiencymb.ca\\\/#website\",\"url\":\"https:\\\/\\\/efficiencymb.ca\\\/\",\"name\":\"Efficiency Manitoba\",\"description\":\"\",\"publisher\":{\"@id\":\"https:\\\/\\\/efficiencymb.ca\\\/#organization\"},\"potentialAction\":[{\"@type\":\"SearchAction\",\"target\":{\"@type\":\"EntryPoint\",\"urlTemplate\":\"https:\\\/\\\/efficiencymb.ca\\\/?s={search_term_string}\"},\"query-input\":{\"@type\":\"PropertyValueSpecification\",\"valueRequired\":true,\"valueName\":\"search_term_string\"}}],\"inLanguage\":\"fr-FR\"},{\"@type\":\"Organization\",\"@id\":\"https:\\\/\\\/efficiencymb.ca\\\/#organization\",\"name\":\"Efficiency Manitoba\",\"url\":\"https:\\\/\\\/efficiencymb.ca\\\/\",\"logo\":{\"@type\":\"ImageObject\",\"inLanguage\":\"fr-FR\",\"@id\":\"https:\\\/\\\/efficiencymb.ca\\\/#\\\/schema\\\/logo\\\/image\\\/\",\"url\":\"https:\\\/\\\/efficiencymb.ca\\\/wp-content\\\/uploads\\\/em-logo-white-en.png\",\"contentUrl\":\"https:\\\/\\\/efficiencymb.ca\\\/wp-content\\\/uploads\\\/em-logo-white-en.png\",\"width\":388,\"height\":91,\"caption\":\"Efficiency Manitoba\"},\"image\":{\"@id\":\"https:\\\/\\\/efficiencymb.ca\\\/#\\\/schema\\\/logo\\\/image\\\/\"}}]}<\/script>\n<!-- \/ Yoast SEO plugin. -->","yoast_head_json":{"title":"Fonds d\u2019innovation &#8212; Efficiency Manitoba","robots":{"index":"index","follow":"follow","max-snippet":"max-snippet:-1","max-image-preview":"max-image-preview:large","max-video-preview":"max-video-preview:-1"},"canonical":"https:\/\/efficiencymb.ca\/fr\/business\/fonds-dinnovation\/","og_locale":"fr_FR","og_type":"article","og_title":"Fonds d\u2019innovation &#8212; Efficiency Manitoba","og_description":"SOUTENIR LES APPROCHES NOUVELLES ET NOVATRICES EN MATI\u00c8RE D\u2019EFFICACIT\u00c9 \u00c9NERG\u00c9TIQUE AU MANITOBA Le Fonds d\u2019innovation soutient les organismes qui cherchent \u00e0 promouvoir des possibilit\u00e9s nouvelles et novatrices d\u2019efficacit\u00e9 \u00e9nerg\u00e9tique sur le march\u00e9 manitobain. Nous finan\u00e7ons des projets pilotes et des partenariats visant \u00e0 limiter les obstacles courants \u00e0 l\u2019adoption de nouvelles technologies et strat\u00e9gies \u00e9co\u00e9nerg\u00e9tiquescontinue-reading","og_url":"https:\/\/efficiencymb.ca\/fr\/business\/fonds-dinnovation\/","og_site_name":"Efficiency Manitoba","article_modified_time":"2025-04-23T13:10:47+00:00","og_image":[{"width":2560,"height":1707,"url":"https:\/\/efficiencymb.ca\/wp-content\/uploads\/Innovation-fund-banner-scaled-e1632276424465.jpg","type":"image\/jpeg"}],"twitter_card":"summary_large_image","twitter_misc":{"Dur\u00e9e de lecture estim\u00e9e":"3 minutes"},"schema":{"@context":"https:\/\/schema.org","@graph":[{"@type":"WebPage","@id":"https:\/\/efficiencymb.ca\/fr\/business\/fonds-dinnovation\/","url":"https:\/\/efficiencymb.ca\/fr\/business\/fonds-dinnovation\/","name":"Fonds d\u2019innovation &#8212; Efficiency Manitoba","isPartOf":{"@id":"https:\/\/efficiencymb.ca\/#website"},"primaryImageOfPage":{"@id":"https:\/\/efficiencymb.ca\/fr\/business\/fonds-dinnovation\/#primaryimage"},"image":{"@id":"https:\/\/efficiencymb.ca\/fr\/business\/fonds-dinnovation\/#primaryimage"},"thumbnailUrl":"https:\/\/efficiencymb.ca\/wp-content\/uploads\/Innovation-fund-banner-scaled-e1632276424465.jpg","datePublished":"2023-05-19T22:42:02+00:00","dateModified":"2025-04-23T13:10:47+00:00","breadcrumb":{"@id":"https:\/\/efficiencymb.ca\/fr\/business\/fonds-dinnovation\/#breadcrumb"},"inLanguage":"fr-FR","potentialAction":[{"@type":"ReadAction","target":["https:\/\/efficiencymb.ca\/fr\/business\/fonds-dinnovation\/"]}]},{"@type":"ImageObject","inLanguage":"fr-FR","@id":"https:\/\/efficiencymb.ca\/fr\/business\/fonds-dinnovation\/#primaryimage","url":"https:\/\/efficiencymb.ca\/wp-content\/uploads\/Innovation-fund-banner-scaled-e1632276424465.jpg","contentUrl":"https:\/\/efficiencymb.ca\/wp-content\/uploads\/Innovation-fund-banner-scaled-e1632276424465.jpg","width":2560,"height":1707,"caption":"Sustainable energy ideas for the world climate change."},{"@type":"BreadcrumbList","@id":"https:\/\/efficiencymb.ca\/fr\/business\/fonds-dinnovation\/#breadcrumb","itemListElement":[{"@type":"ListItem","position":1,"name":"Home","item":"https:\/\/efficiencymb.ca\/fr\/"},{"@type":"ListItem","position":2,"name":"MON ENTREPRISE","item":"https:\/\/efficiencymb.ca\/fr\/business\/"},{"@type":"ListItem","position":3,"name":"Fonds d\u2019innovation"}]},{"@type":"WebSite","@id":"https:\/\/efficiencymb.ca\/#website","url":"https:\/\/efficiencymb.ca\/","name":"Efficiency Manitoba","description":"","publisher":{"@id":"https:\/\/efficiencymb.ca\/#organization"},"potentialAction":[{"@type":"SearchAction","target":{"@type":"EntryPoint","urlTemplate":"https:\/\/efficiencymb.ca\/?s={search_term_string}"},"query-input":{"@type":"PropertyValueSpecification","valueRequired":true,"valueName":"search_term_string"}}],"inLanguage":"fr-FR"},{"@type":"Organization","@id":"https:\/\/efficiencymb.ca\/#organization","name":"Efficiency Manitoba","url":"https:\/\/efficiencymb.ca\/","logo":{"@type":"ImageObject","inLanguage":"fr-FR","@id":"https:\/\/efficiencymb.ca\/#\/schema\/logo\/image\/","url":"https:\/\/efficiencymb.ca\/wp-content\/uploads\/em-logo-white-en.png","contentUrl":"https:\/\/efficiencymb.ca\/wp-content\/uploads\/em-logo-white-en.png","width":388,"height":91,"caption":"Efficiency Manitoba"},"image":{"@id":"https:\/\/efficiencymb.ca\/#\/schema\/logo\/image\/"}}]}},"_links":{"self":[{"href":"https:\/\/efficiencymb.ca\/fr\/wp-json\/wp\/v2\/pages\/11713","targetHints":{"allow":["GET"]}}],"collection":[{"href":"https:\/\/efficiencymb.ca\/fr\/wp-json\/wp\/v2\/pages"}],"about":[{"href":"https:\/\/efficiencymb.ca\/fr\/wp-json\/wp\/v2\/types\/page"}],"author":[{"embeddable":true,"href":"https:\/\/efficiencymb.ca\/fr\/wp-json\/wp\/v2\/users\/6"}],"replies":[{"embeddable":true,"href":"https:\/\/efficiencymb.ca\/fr\/wp-json\/wp\/v2\/comments?post=11713"}],"version-history":[{"count":30,"href":"https:\/\/efficiencymb.ca\/fr\/wp-json\/wp\/v2\/pages\/11713\/revisions"}],"predecessor-version":[{"id":75752,"href":"https:\/\/efficiencymb.ca\/fr\/wp-json\/wp\/v2\/pages\/11713\/revisions\/75752"}],"up":[{"embeddable":true,"href":"https:\/\/efficiencymb.ca\/fr\/wp-json\/wp\/v2\/pages\/13103"}],"wp:featuredmedia":[{"embeddable":true,"href":"https:\/\/efficiencymb.ca\/fr\/wp-json\/wp\/v2\/media\/11945"}],"wp:attachment":[{"href":"https:\/\/efficiencymb.ca\/fr\/wp-json\/wp\/v2\/media?parent=11713"}],"curies":[{"name":"wp","href":"https:\/\/api.w.org\/{rel}","templated":true}]}}