{"id":10513,"date":"2022-06-24T11:31:01","date_gmt":"2022-06-24T16:31:01","guid":{"rendered":"https:\/\/efficiencymb.ca\/?page_id=10513"},"modified":"2025-06-24T12:00:35","modified_gmt":"2025-06-24T17:00:35","slug":"bulletin","status":"publish","type":"page","link":"https:\/\/efficiencymb.ca\/fr\/bulletin\/","title":{"rendered":"Bulletin"},"content":{"rendered":"\n<div class=\"wp-block-group container\"><div class=\"wp-block-group__inner-container is-layout-flow wp-block-group-is-layout-flow\">\n<div class=\"wp-block-group narrow\"><div class=\"wp-block-group__inner-container is-layout-flow wp-block-group-is-layout-flow\">\n<p class=\"has-text-align-center\"><strong>Inscrivez-vous pour recevoir les tout derniers rabais et r\u00e9compenses, des conseils pour \u00e9conomiser l&rsquo;\u00e9nergie, de l\u2019information sur les concours et des nouvelles d\u2019Efficacit\u00e9 Manitoba (en anglais)<\/strong>.<\/p>\n\n\n\n<form id=\"newsletter-signup\" class=\"newsletter-signup\" action=\"https:\/\/app.cyberimpact.com\/optin\" method=\"post\" accept-charset=\"utf-8\">\n        <div style=\"display:block; visibility:hidden; height:1px;\">\n            <input style=\"display:none;\" type=\"text\" id=\"ci_verification\" name=\"ci_verification\">\n            <input type=\"hidden\" id=\"ci_groups\" name=\"ci_groups\" value=\"\">\n            <input type=\"hidden\" id=\"ci_account\" name=\"ci_account\" value=\"c0ea9be5-39b4-499b-59bc-0a529f33ba20\">\n            \n            <input type=\"hidden\" id=\"ci_language\" name=\"ci_language\" value=\"fr_ca\">\n            <input type=\"hidden\" id=\"ci_sent_url\" name=\"ci_sent_url\" value=\"https:\/\/efficiencymb.ca\/fr\/newsletter\/signup-sent\/\">\n            <input type=\"hidden\" id=\"ci_error_url\" name=\"ci_error_url\" value=\"https:\/\/efficiencymb.ca\/fr\/newsletter\/signup-error\/\">\n            <input type=\"hidden\" id=\"ci_confirm_url\" name=\"ci_confirm_url\" value=\"https:\/\/efficiencymb.ca\/fr\/newsletter\/signup-confirmed\/\">\n            \n        <\/div>\n        <p class=\"text-left\">\n            Vous int\u00e9ressez-vous \u00e0 :\n            <br>\n            <label class=\"control checkbox\">\n                <input type=\"checkbox\" id=\"list-home\" name=\"list-home\" class=\"news-list-option\" value=\"3\">\n                <span class=\"control-indicator\"><\/span>\n                l\u2019efficacit\u00e9 \u00e9nerg\u00e9tique pour votre maison?\n            <\/label>\n            <br>\n            <label class=\"control checkbox\">\n                <input type=\"checkbox\" id=\"list-business\" name=\"list-business\" class=\"news-list-option\" value=\"4\">\n                <span class=\"control-indicator\"><\/span>\n                l\u2019efficacit\u00e9 \u00e9nerg\u00e9tique pour votre entreprise?\n            <\/label>\n            <br>\n            <label class=\"control checkbox\">\n                <input type=\"checkbox\" id=\"list-contractors\" name=\"list-contractors\" class=\"news-list-option\" value=\"2\">\n                <span class=\"control-indicator\"><\/span>\n                l\u2019id\u00e9e d\u2019offrir des programmes d\u2019efficacit\u00e9 \u00e9nerg\u00e9tique \u00e0 votre client\u00e8le?\n            <\/label>\n        <\/p>\n        <p class=\"text-center\"><label for=\"ci_email\" class=\"ci_email_label\">Courriel :<\/label><input type=\"email\" id=\"ci_email\" name=\"ci_email\" maxlength=\"255\" placeholder=\"Courriel :\"><input type=\"submit\" value=\"Abonnez-vous\"><\/p>\n    <\/form>\n<\/div><\/div>\n<\/div><\/div>\n","protected":false},"excerpt":{"rendered":"<p>Inscrivez-vous pour recevoir les tout derniers rabais et r\u00e9compenses, des conseils pour \u00e9conomiser l&rsquo;\u00e9nergie, de l\u2019information sur les concours et des nouvelles d\u2019Efficacit\u00e9 Manitoba (en anglais). Vous int\u00e9ressez-vous \u00e0 : l\u2019efficacit\u00e9 \u00e9nerg\u00e9tique pour votre maison? l\u2019efficacit\u00e9 \u00e9nerg\u00e9tique pour votre entreprise? l\u2019id\u00e9e d\u2019offrir des programmes d\u2019efficacit\u00e9 \u00e9nerg\u00e9tique \u00e0 votre client\u00e8le? Courriel :<\/p>\n","protected":false},"author":6,"featured_media":77607,"parent":0,"menu_order":0,"comment_status":"closed","ping_status":"closed","template":"","meta":{"_acf_changed":false,"footnotes":""},"class_list":["post-10513","page","type-page","status-publish","has-post-thumbnail","hentry","page_cat-exclude-algolia-search"],"acf":[],"yoast_head":"<!-- This site is optimized with the Yoast SEO plugin v27.3 - https:\/\/yoast.com\/product\/yoast-seo-wordpress\/ -->\n<title>Bulletin &#8212; Efficiency Manitoba<\/title>\n<meta name=\"robots\" content=\"index, follow, max-snippet:-1, max-image-preview:large, max-video-preview:-1\" \/>\n<link rel=\"canonical\" href=\"https:\/\/efficiencymb.ca\/fr\/bulletin\/\" \/>\n<meta property=\"og:locale\" content=\"fr_FR\" \/>\n<meta property=\"og:type\" content=\"article\" \/>\n<meta property=\"og:title\" content=\"Bulletin &#8212; Efficiency Manitoba\" \/>\n<meta property=\"og:description\" content=\"Inscrivez-vous pour recevoir les tout derniers rabais et r\u00e9compenses, des conseils pour \u00e9conomiser l&rsquo;\u00e9nergie, de l\u2019information sur les concours et des nouvelles d\u2019Efficacit\u00e9 Manitoba (en anglais). Vous int\u00e9ressez-vous \u00e0 : l\u2019efficacit\u00e9 \u00e9nerg\u00e9tique pour votre maison? l\u2019efficacit\u00e9 \u00e9nerg\u00e9tique pour votre entreprise? l\u2019id\u00e9e d\u2019offrir des programmes d\u2019efficacit\u00e9 \u00e9nerg\u00e9tique \u00e0 votre client\u00e8le? Courriel :\" \/>\n<meta property=\"og:url\" content=\"https:\/\/efficiencymb.ca\/fr\/bulletin\/\" \/>\n<meta property=\"og:site_name\" content=\"Efficiency Manitoba\" \/>\n<meta property=\"article:modified_time\" content=\"2025-06-24T17:00:35+00:00\" \/>\n<meta property=\"og:image\" content=\"https:\/\/efficiencymb.ca\/wp-content\/uploads\/Efficacite-Manitoba-banner-image.jpg\" \/>\n\t<meta property=\"og:image:width\" content=\"1920\" \/>\n\t<meta property=\"og:image:height\" content=\"1080\" \/>\n\t<meta property=\"og:image:type\" content=\"image\/jpeg\" \/>\n<meta name=\"twitter:card\" content=\"summary_large_image\" \/>\n<meta name=\"twitter:label1\" content=\"Dur\u00e9e de lecture estim\u00e9e\" \/>\n\t<meta name=\"twitter:data1\" content=\"1 minute\" \/>\n<script type=\"application\/ld+json\" class=\"yoast-schema-graph\">{\"@context\":\"https:\\\/\\\/schema.org\",\"@graph\":[{\"@type\":\"WebPage\",\"@id\":\"https:\\\/\\\/efficiencymb.ca\\\/fr\\\/bulletin\\\/\",\"url\":\"https:\\\/\\\/efficiencymb.ca\\\/fr\\\/bulletin\\\/\",\"name\":\"Bulletin &#8212; Efficiency Manitoba\",\"isPartOf\":{\"@id\":\"https:\\\/\\\/efficiencymb.ca\\\/#website\"},\"primaryImageOfPage\":{\"@id\":\"https:\\\/\\\/efficiencymb.ca\\\/fr\\\/bulletin\\\/#primaryimage\"},\"image\":{\"@id\":\"https:\\\/\\\/efficiencymb.ca\\\/fr\\\/bulletin\\\/#primaryimage\"},\"thumbnailUrl\":\"https:\\\/\\\/efficiencymb.ca\\\/wp-content\\\/uploads\\\/Efficacite-Manitoba-banner-image.jpg\",\"datePublished\":\"2022-06-24T16:31:01+00:00\",\"dateModified\":\"2025-06-24T17:00:35+00:00\",\"breadcrumb\":{\"@id\":\"https:\\\/\\\/efficiencymb.ca\\\/fr\\\/bulletin\\\/#breadcrumb\"},\"inLanguage\":\"fr-FR\",\"potentialAction\":[{\"@type\":\"ReadAction\",\"target\":[\"https:\\\/\\\/efficiencymb.ca\\\/fr\\\/bulletin\\\/\"]}]},{\"@type\":\"ImageObject\",\"inLanguage\":\"fr-FR\",\"@id\":\"https:\\\/\\\/efficiencymb.ca\\\/fr\\\/bulletin\\\/#primaryimage\",\"url\":\"https:\\\/\\\/efficiencymb.ca\\\/wp-content\\\/uploads\\\/Efficacite-Manitoba-banner-image.jpg\",\"contentUrl\":\"https:\\\/\\\/efficiencymb.ca\\\/wp-content\\\/uploads\\\/Efficacite-Manitoba-banner-image.jpg\",\"width\":1920,\"height\":1080},{\"@type\":\"BreadcrumbList\",\"@id\":\"https:\\\/\\\/efficiencymb.ca\\\/fr\\\/bulletin\\\/#breadcrumb\",\"itemListElement\":[{\"@type\":\"ListItem\",\"position\":1,\"name\":\"Home\",\"item\":\"https:\\\/\\\/efficiencymb.ca\\\/fr\\\/\"},{\"@type\":\"ListItem\",\"position\":2,\"name\":\"Bulletin\"}]},{\"@type\":\"WebSite\",\"@id\":\"https:\\\/\\\/efficiencymb.ca\\\/#website\",\"url\":\"https:\\\/\\\/efficiencymb.ca\\\/\",\"name\":\"Efficiency Manitoba\",\"description\":\"\",\"publisher\":{\"@id\":\"https:\\\/\\\/efficiencymb.ca\\\/#organization\"},\"potentialAction\":[{\"@type\":\"SearchAction\",\"target\":{\"@type\":\"EntryPoint\",\"urlTemplate\":\"https:\\\/\\\/efficiencymb.ca\\\/?s={search_term_string}\"},\"query-input\":{\"@type\":\"PropertyValueSpecification\",\"valueRequired\":true,\"valueName\":\"search_term_string\"}}],\"inLanguage\":\"fr-FR\"},{\"@type\":\"Organization\",\"@id\":\"https:\\\/\\\/efficiencymb.ca\\\/#organization\",\"name\":\"Efficiency Manitoba\",\"url\":\"https:\\\/\\\/efficiencymb.ca\\\/\",\"logo\":{\"@type\":\"ImageObject\",\"inLanguage\":\"fr-FR\",\"@id\":\"https:\\\/\\\/efficiencymb.ca\\\/#\\\/schema\\\/logo\\\/image\\\/\",\"url\":\"https:\\\/\\\/efficiencymb.ca\\\/wp-content\\\/uploads\\\/em-logo-white-en.png\",\"contentUrl\":\"https:\\\/\\\/efficiencymb.ca\\\/wp-content\\\/uploads\\\/em-logo-white-en.png\",\"width\":388,\"height\":91,\"caption\":\"Efficiency Manitoba\"},\"image\":{\"@id\":\"https:\\\/\\\/efficiencymb.ca\\\/#\\\/schema\\\/logo\\\/image\\\/\"}}]}<\/script>\n<!-- \/ Yoast SEO plugin. -->","yoast_head_json":{"title":"Bulletin &#8212; Efficiency Manitoba","robots":{"index":"index","follow":"follow","max-snippet":"max-snippet:-1","max-image-preview":"max-image-preview:large","max-video-preview":"max-video-preview:-1"},"canonical":"https:\/\/efficiencymb.ca\/fr\/bulletin\/","og_locale":"fr_FR","og_type":"article","og_title":"Bulletin &#8212; Efficiency Manitoba","og_description":"Inscrivez-vous pour recevoir les tout derniers rabais et r\u00e9compenses, des conseils pour \u00e9conomiser l&rsquo;\u00e9nergie, de l\u2019information sur les concours et des nouvelles d\u2019Efficacit\u00e9 Manitoba (en anglais). Vous int\u00e9ressez-vous \u00e0 : l\u2019efficacit\u00e9 \u00e9nerg\u00e9tique pour votre maison? l\u2019efficacit\u00e9 \u00e9nerg\u00e9tique pour votre entreprise? l\u2019id\u00e9e d\u2019offrir des programmes d\u2019efficacit\u00e9 \u00e9nerg\u00e9tique \u00e0 votre client\u00e8le? Courriel :","og_url":"https:\/\/efficiencymb.ca\/fr\/bulletin\/","og_site_name":"Efficiency Manitoba","article_modified_time":"2025-06-24T17:00:35+00:00","og_image":[{"width":1920,"height":1080,"url":"https:\/\/efficiencymb.ca\/wp-content\/uploads\/Efficacite-Manitoba-banner-image.jpg","type":"image\/jpeg"}],"twitter_card":"summary_large_image","twitter_misc":{"Dur\u00e9e de lecture estim\u00e9e":"1 minute"},"schema":{"@context":"https:\/\/schema.org","@graph":[{"@type":"WebPage","@id":"https:\/\/efficiencymb.ca\/fr\/bulletin\/","url":"https:\/\/efficiencymb.ca\/fr\/bulletin\/","name":"Bulletin &#8212; Efficiency Manitoba","isPartOf":{"@id":"https:\/\/efficiencymb.ca\/#website"},"primaryImageOfPage":{"@id":"https:\/\/efficiencymb.ca\/fr\/bulletin\/#primaryimage"},"image":{"@id":"https:\/\/efficiencymb.ca\/fr\/bulletin\/#primaryimage"},"thumbnailUrl":"https:\/\/efficiencymb.ca\/wp-content\/uploads\/Efficacite-Manitoba-banner-image.jpg","datePublished":"2022-06-24T16:31:01+00:00","dateModified":"2025-06-24T17:00:35+00:00","breadcrumb":{"@id":"https:\/\/efficiencymb.ca\/fr\/bulletin\/#breadcrumb"},"inLanguage":"fr-FR","potentialAction":[{"@type":"ReadAction","target":["https:\/\/efficiencymb.ca\/fr\/bulletin\/"]}]},{"@type":"ImageObject","inLanguage":"fr-FR","@id":"https:\/\/efficiencymb.ca\/fr\/bulletin\/#primaryimage","url":"https:\/\/efficiencymb.ca\/wp-content\/uploads\/Efficacite-Manitoba-banner-image.jpg","contentUrl":"https:\/\/efficiencymb.ca\/wp-content\/uploads\/Efficacite-Manitoba-banner-image.jpg","width":1920,"height":1080},{"@type":"BreadcrumbList","@id":"https:\/\/efficiencymb.ca\/fr\/bulletin\/#breadcrumb","itemListElement":[{"@type":"ListItem","position":1,"name":"Home","item":"https:\/\/efficiencymb.ca\/fr\/"},{"@type":"ListItem","position":2,"name":"Bulletin"}]},{"@type":"WebSite","@id":"https:\/\/efficiencymb.ca\/#website","url":"https:\/\/efficiencymb.ca\/","name":"Efficiency Manitoba","description":"","publisher":{"@id":"https:\/\/efficiencymb.ca\/#organization"},"potentialAction":[{"@type":"SearchAction","target":{"@type":"EntryPoint","urlTemplate":"https:\/\/efficiencymb.ca\/?s={search_term_string}"},"query-input":{"@type":"PropertyValueSpecification","valueRequired":true,"valueName":"search_term_string"}}],"inLanguage":"fr-FR"},{"@type":"Organization","@id":"https:\/\/efficiencymb.ca\/#organization","name":"Efficiency Manitoba","url":"https:\/\/efficiencymb.ca\/","logo":{"@type":"ImageObject","inLanguage":"fr-FR","@id":"https:\/\/efficiencymb.ca\/#\/schema\/logo\/image\/","url":"https:\/\/efficiencymb.ca\/wp-content\/uploads\/em-logo-white-en.png","contentUrl":"https:\/\/efficiencymb.ca\/wp-content\/uploads\/em-logo-white-en.png","width":388,"height":91,"caption":"Efficiency Manitoba"},"image":{"@id":"https:\/\/efficiencymb.ca\/#\/schema\/logo\/image\/"}}]}},"_links":{"self":[{"href":"https:\/\/efficiencymb.ca\/fr\/wp-json\/wp\/v2\/pages\/10513","targetHints":{"allow":["GET"]}}],"collection":[{"href":"https:\/\/efficiencymb.ca\/fr\/wp-json\/wp\/v2\/pages"}],"about":[{"href":"https:\/\/efficiencymb.ca\/fr\/wp-json\/wp\/v2\/types\/page"}],"author":[{"embeddable":true,"href":"https:\/\/efficiencymb.ca\/fr\/wp-json\/wp\/v2\/users\/6"}],"replies":[{"embeddable":true,"href":"https:\/\/efficiencymb.ca\/fr\/wp-json\/wp\/v2\/comments?post=10513"}],"version-history":[{"count":7,"href":"https:\/\/efficiencymb.ca\/fr\/wp-json\/wp\/v2\/pages\/10513\/revisions"}],"predecessor-version":[{"id":65002,"href":"https:\/\/efficiencymb.ca\/fr\/wp-json\/wp\/v2\/pages\/10513\/revisions\/65002"}],"wp:featuredmedia":[{"embeddable":true,"href":"https:\/\/efficiencymb.ca\/fr\/wp-json\/wp\/v2\/media\/77607"}],"wp:attachment":[{"href":"https:\/\/efficiencymb.ca\/fr\/wp-json\/wp\/v2\/media?parent=10513"}],"curies":[{"name":"wp","href":"https:\/\/api.w.org\/{rel}","templated":true}]}}